{"id":15703,"date":"2020-07-15T11:48:12","date_gmt":"2020-07-15T09:48:12","guid":{"rendered":"http:\/\/www.praxis-siebenhuener.com\/ermed\/alternatieve-kankertherapiean\/"},"modified":"2020-08-17T13:01:31","modified_gmt":"2020-08-17T11:01:31","slug":"alternatieve-kankertherapiean","status":"publish","type":"page","link":"https:\/\/www.erweiterte-medizin.de\/nl\/behandelingen\/alternatieve-kankertherapiean\/","title":{"rendered":"Alternatieve kankertherapie\u00ebn"},"content":{"rendered":"<div id=\"cmsmasters_row_\" class=\"cmsmasters_row cmsmasters_color_scheme_default cmsmasters_row_top_default cmsmasters_row_bot_default cmsmasters_row_boxed\">\n<div class=\"cmsmasters_row_outer_parent\">\n<div class=\"cmsmasters_row_outer\">\n<div class=\"cmsmasters_row_inner\">\n<div class=\"cmsmasters_row_margin\">\n<div id=\"cmsmasters_column_\" class=\"cmsmasters_column one_first\">\n<div class=\"cmsmasters_column_inner\"><div class=\"cmsmasters_text\">\n<h1>Alternatieve kankertherapie\u00ebn &#8211; de focus in het centrum van de uitgebreide geneeskunde<\/h1>\n<h2>Onze individuele en moderne behandelconcepten ondersteunen onze pati\u00ebnten van over de hele wereld.<\/h2>\n<p><img decoding=\"async\" class=\"alignleft size-medium wp-image-14313\" src=\"https:\/\/www.erweiterte-medizin.de\/wp-content\/uploads\/2018\/08\/alternative-krebstherapien-titelbild-300x300.jpg\" alt=\"Alternative Krebstherapien\" width=\"300\" height=\"300\" \/><\/p>\n<p>In de behandeling van kanker worden alternatieve kankertherapie\u00ebn beschreven als complementair aan de standaard chemotherapie- en bestralingsprocedures en dienen ter ondersteuning en aanvulling van de therapie\u00ebn die in de conventionele geneeskunde worden uitgevoerd.<\/p>\n<p>Alternatieve kankertherapie\u00ebn zijn gericht op het activeren van de eigen krachten van het lichaam om een tumor beter aan te vallen en op het verminderen van de soms massale bijwerkingen en nawerkingen van klassieke therapie\u00ebn. In ons complementair oncologisch centrum voor uitgebreide geneeskunde richten we ons al meer dan 40 jaar op de holistische therapie van tumorpati\u00ebnten en streven we vooral de volgende doelen na:<\/p>\n<ul>\n<li>Versterking of herstel van het immuunsysteem van de pati\u00ebnt<\/li>\n<li>Verhoging van de kans op genezing van het additief (begeleidend) aan de orthodoxe geneeskunde (chirurgie, chemotherapie, bestraling)<\/li>\n<li>Voorkoming van terugvallen of uitzaaiingen<\/li>\n<li>Beperking van de bijwerkingen van conventionele therapie\u00ebn<\/li>\n<li>Verbetering van de kwaliteit van het leven<\/li>\n<\/ul>\n<p>Een holistische therapie is in staat om het herstelproces in gang te zetten en om duurzame behandelsuccessen te bereiken door biologische therapiemethoden aan te vullen met conventionele medische behandelmethoden.<\/p>\n<h2>Het pad van holistische therapie: de combinatie van aanvullende geneeskunde met schoolgeneeskunde<\/h2>\n<p>Wij passen zowel alternatieve kankertherapie\u00ebn als klassieke chemotherapie toe en begeleiden de therapieprocedures van de conventionele geneeskunde met biologische kankertherapie\u00ebn. Ons holistische behandelconcept is altijd individueel afgestemd op de pati\u00ebnt en bestaat uit de essenti\u00eble bouwstenen:<\/p>\n<ul>\n<li>Hyperthermie<\/li>\n<li>Insuline versterkte therapie (IPT)<\/li>\n<li>Galvanotherapie<\/li>\n<li>Fotodynamische therapie (PDT)<\/li>\n<\/ul>\n<p>Wij zien biologische kankertherapie niet alleen als een alternatief, maar als een belangrijke pijler in de behandeling van kanker, omdat de weg van de natuur de eerste keuze is, zowel bij de preventie als bij de bestrijding van acuut lijden. Terwijl de conventionele chemotherapie is gericht tegen kankercellen, treft het ook gezonde cellen, omdat cytotoxische middelen geen onderscheid tussen hen kunnen maken. In de biologische kankertherapie daarentegen kunnen de klassieke methoden van de conventionele geneeskunde in een meer gerichte en veel kleinere dosis worden gebruikt. Meestal worden gezonde cellen hierdoor niet beschadigd, zodat de bijwerkingen tot een minimum beperkt kunnen worden en de behandeling veel beter te verdragen is voor de pati\u00ebnt.<\/p>\n<h3>Indicaties voor biologische kankertherapie<\/h3>\n<p>De effectiviteit van natuurlijke therapiemethoden zonder toxische bijwerkingen is al in tal van klinieken en studies wereldwijd bewezen. Daarom combineren we waar nodig biologische kankertherapie met conventionele medische methoden. Het kan gebruikt worden voor de volgende soorten kanker:<\/p>\n<ul>\n<li>Borstkanker (borstcarcinoom)<\/li>\n<li>Longkanker (bronchiaal carcinoom)<\/li>\n<li>Prostaatkanker<\/li>\n<li>Alvleesklierkanker (alvleesklierkanker)<\/li>\n<li>Darmkanker (darmkanker (colorectaal carcinoom)<\/li>\n<li>Rectale kanker (rectale kanker)<\/li>\n<li>Huidkanker<\/li>\n<li>Baarmoederhalskanker (baarmoederhalskanker)<\/li>\n<li>Baarmoederkanker (baarmoedercarcinoom)<\/li>\n<li>Eierstokkanker (ovariumcarcinoom)<\/li>\n<li>Hersentumoren<\/li>\n<li>Leverkanker (hepatocellulair carcinoom)<\/li>\n<li>Splenicumkanker<\/li>\n<li>Blaaskanker<\/li>\n<li>Maagkanker<\/li>\n<li>Hodgkin&#8217;s lymfoom&#8230;<\/li>\n<li>Niet-Hodgkin&#8217;s lymfoom&#8230;<\/li>\n<li>Vaginale kanker (vulvarcarcinoom)<\/li>\n<\/ul>\n<h4>De individuele, biologische kankertherapie, de biologische kankertherapie<\/h4>\n<p>De oorzaken van kanker zijn heel verschillend \u2013 hier hangt het altijd af van een behandeling die precies op de pati\u00ebnt is afgestemd. Wij kunnen u persoonlijk en gericht behandelen met behulp van de laatste onderzoeksanalyses. Op basis van de laboratoriumresultaten ontwerpen we een behandelplan met zo min mogelijk bijwerkingen voor onze pati\u00ebnten.<\/p>\n<p>Daarnaast heeft u de mogelijkheid om een zinvolle chemosensitiviteitstest te laten uitvoeren, die informatie geeft over de medische chemotherapeutische agent of alternatieve biologische kankermedicijn die het beste voor u werkt. In ruil daarvoor worden ondoeltreffende geneesmiddelen op deze manier uitgesloten. Tijdens uw kankerbehandeling controleren wij ook permanent de effectiviteit van de therapie met behulp van goed onderbouwde laboratoriumwaarden en vormen zo de basis voor de best mogelijke behandelingsresultaten. We kunnen ook de zwakke punten van uw organisme identificeren. Tekorten kunnen dan specifiek worden opgevangen door therapeutische infusies, waarvan we sommige zelf en individueel voor elke pati\u00ebnt produceren.<\/p>\n<p>In de afgelopen 40 jaar hebben we vele duizenden pati\u00ebnten van over de hele wereld kunnen ondersteunen met onze holistische methodologie voor de behandeling van kanker en we zijn blij dat we er op elk moment voor u kunnen zijn.<\/p>\n<\/div>\n<\/div><\/div>\n<\/div>\n<\/div>\n<\/div>\n<\/div>\n<\/div>\n\n","protected":false},"excerpt":{"rendered":"","protected":false},"author":1,"featured_media":0,"parent":15702,"menu_order":2,"comment_status":"closed","ping_status":"closed","template":"","meta":{"content-type":"","footnotes":""},"class_list":["post-15703","page","type-page","status-publish","hentry"],"_links":{"self":[{"href":"https:\/\/www.erweiterte-medizin.de\/nl\/wp-json\/wp\/v2\/pages\/15703"}],"collection":[{"href":"https:\/\/www.erweiterte-medizin.de\/nl\/wp-json\/wp\/v2\/pages"}],"about":[{"href":"https:\/\/www.erweiterte-medizin.de\/nl\/wp-json\/wp\/v2\/types\/page"}],"author":[{"embeddable":true,"href":"https:\/\/www.erweiterte-medizin.de\/nl\/wp-json\/wp\/v2\/users\/1"}],"replies":[{"embeddable":true,"href":"https:\/\/www.erweiterte-medizin.de\/nl\/wp-json\/wp\/v2\/comments?post=15703"}],"version-history":[{"count":0,"href":"https:\/\/www.erweiterte-medizin.de\/nl\/wp-json\/wp\/v2\/pages\/15703\/revisions"}],"up":[{"embeddable":true,"href":"https:\/\/www.erweiterte-medizin.de\/nl\/wp-json\/wp\/v2\/pages\/15702"}],"wp:attachment":[{"href":"https:\/\/www.erweiterte-medizin.de\/nl\/wp-json\/wp\/v2\/media?parent=15703"}],"curies":[{"name":"wp","href":"https:\/\/api.w.org\/{rel}","templated":true}]}}