{"id":15729,"date":"2020-07-15T11:48:17","date_gmt":"2020-07-15T09:48:17","guid":{"rendered":"http:\/\/www.praxis-siebenhuener.com\/ermed\/dmso\/"},"modified":"2020-08-17T14:39:37","modified_gmt":"2020-08-17T12:39:37","slug":"dmso","status":"publish","type":"page","link":"https:\/\/www.erweiterte-medizin.de\/nl\/behandelingen\/alternatieve-kankertherapiean\/infusies\/dmso\/","title":{"rendered":"DMSO"},"content":{"rendered":"<div class=\"entry-content\">\n<h1>DMSO in kankerbehandeling<\/h1>\n<p><img decoding=\"async\" class=\"alignleft size-medium wp-image-14354\" src=\"https:\/\/www.erweiterte-medizin.de\/wp-content\/uploads\/2018\/08\/DMSO-Titelbild-300x300.jpg\" alt=\"\" width=\"300\" height=\"300\" srcset=\"https:\/\/www.erweiterte-medizin.de\/wp-content\/uploads\/2018\/08\/DMSO-Titelbild-300x300.jpg 300w, https:\/\/www.erweiterte-medizin.de\/wp-content\/uploads\/2018\/08\/DMSO-Titelbild-150x150.jpg 150w, https:\/\/www.erweiterte-medizin.de\/wp-content\/uploads\/2018\/08\/DMSO-Titelbild-65x65.jpg 65w, https:\/\/www.erweiterte-medizin.de\/wp-content\/uploads\/2018\/08\/DMSO-Titelbild.jpg 400w\" sizes=\"(max-width: 300px) 100vw, 300px\" \/>De belangrijkste eigenschap van DMSO (dimethylsulfonoxide) is het bipolaire gedrag, waardoor de werkzame stof DMSO door barri\u00e8res in het lichaam kan dringen en de celkern kan bereiken. De farmaceutische industrie gebruikt het fysieke voordeel van DMSO om opgeloste stoffen erin te binden en naar de toepassingslocatie te transporteren.<\/p>\n<p>DMSO bindt ook vrije radicalen en neutraliseert ze zodat ze kunnen worden uitgescheiden door de nieren. Op celniveau helpt DMSO de cel te ontgiften, heeft het een ontstekingsremmende werking, versterkt het immuunsysteem en remt het de groei van bacteri\u00ebn. Net als bij DCA heeft DMSO een positieve invloed op de mitochondri\u00ebn, de energiecentrales van onze cellen. DMSO verhoogt ook de doorlaatbaarheid van de celmembranen en maakt het gemakkelijker voor de cel om zich van giftige stoffen te bevrijden. Zelfs allergische reacties kunnen worden verlicht met behulp van DMSO, die op zijn beurt het immuunsysteem ontlast. DMSO is ook effici\u00ebnt in sclerodermie, brandwonden, ontstekings en pijnlijke voorwaarden, artritis en reumato\u00efde artritis, sinusbesmettingen, interstiti\u00eble blaasontsteking, herpes en dakspanen, multiple sclerose, systemische wolfszweer erythematosus, sarco\u00efdose, schildklierontsteking, ulcerative colitis, lepra, kanker en andere voorwaarden.<\/p>\n<p>Over DMSO zijn talloze studies en publicaties (meer dan 11.000) geschreven, die de doeltreffendheid ervan bij de behandeling van kanker bevestigen.<\/p>\n<\/div>\n","protected":false},"excerpt":{"rendered":"<p>DMSO in kankerbehandeling De belangrijkste eigenschap van DMSO (dimethylsulfonoxide) is het bipolaire gedrag, waardoor de werkzame stof DMSO door barri\u00e8res in het lichaam kan dringen en de celkern kan bereiken. De farmaceutische industrie gebruikt het fysieke voordeel van DMSO om opgeloste stoffen erin te binden en naar de toepassingslocatie te transporteren. DMSO bindt ook vrije&#8230;<\/p>\n","protected":false},"author":1,"featured_media":0,"parent":15724,"menu_order":5,"comment_status":"closed","ping_status":"closed","template":"","meta":{"content-type":"","footnotes":""},"class_list":["post-15729","page","type-page","status-publish","hentry"],"_links":{"self":[{"href":"https:\/\/www.erweiterte-medizin.de\/nl\/wp-json\/wp\/v2\/pages\/15729"}],"collection":[{"href":"https:\/\/www.erweiterte-medizin.de\/nl\/wp-json\/wp\/v2\/pages"}],"about":[{"href":"https:\/\/www.erweiterte-medizin.de\/nl\/wp-json\/wp\/v2\/types\/page"}],"author":[{"embeddable":true,"href":"https:\/\/www.erweiterte-medizin.de\/nl\/wp-json\/wp\/v2\/users\/1"}],"replies":[{"embeddable":true,"href":"https:\/\/www.erweiterte-medizin.de\/nl\/wp-json\/wp\/v2\/comments?post=15729"}],"version-history":[{"count":0,"href":"https:\/\/www.erweiterte-medizin.de\/nl\/wp-json\/wp\/v2\/pages\/15729\/revisions"}],"up":[{"embeddable":true,"href":"https:\/\/www.erweiterte-medizin.de\/nl\/wp-json\/wp\/v2\/pages\/15724"}],"wp:attachment":[{"href":"https:\/\/www.erweiterte-medizin.de\/nl\/wp-json\/wp\/v2\/media?parent=15729"}],"curies":[{"name":"wp","href":"https:\/\/api.w.org\/{rel}","templated":true}]}}