{"id":15351,"date":"2020-07-01T16:40:01","date_gmt":"2020-07-01T14:40:01","guid":{"rendered":"http:\/\/www.praxis-siebenhuener.com\/ermed\/?page_id=15351"},"modified":"2021-11-09T09:59:56","modified_gmt":"2021-11-09T08:59:56","slug":"zaawansowana-medycyna","status":"publish","type":"page","link":"https:\/\/www.erweiterte-medizin.de\/pl\/zaawansowana-medycyna\/","title":{"rendered":"Zaawansowana medycyna"},"content":{"rendered":"<h1>Medycyna zaawansowana &#8211; O nas<\/h1>\n<p>Centrum Medycyny Zaawansowanej jest Twoim partnerem w indywidualnych terapiach holistycznych<\/p>\n<p><img decoding=\"async\" class=\"size-cmsmasters-project-full-thumb wp-image-17440 alignleft\" src=\"https:\/\/www.erweiterte-medizin.de\/wp-content\/uploads\/2018\/06\/12525210_884043648379239_7072749241318037075_o-1160x650.jpg\" alt=\"Zentrum der Erweiterten Medizin\" width=\"1160\" height=\"650\" \/>Centrum Medycyny Zaawansowanej we Frankfurcie nad Menem specjalizuje si\u0119 w holistycznej medycynie integracyjnej.<\/p>\n<p>Od ponad 40 lat \u0142\u0105czymy najskuteczniejsze alternatywne terapie biologiczne zaawansowanej medycyny i leczenia naturopatycznego z najnowszymi metodami medycyny konwencjonalnej. Najnowocze\u015bniejsze technologie medyczne w po\u0142\u0105czeniu z naukowo sprawdzonymi koncepcjami medycyny komplementarnej oferuj\u0105 Pa\u0144stwu obiecuj\u0105ce, indywidualne i holistyczne podej\u015bcie do terapii, kt\u00f3re pozwala osi\u0105gn\u0105\u0107 nadzwyczajne rezultaty leczenia.<\/p>\n<p>Naszym g\u0142\u00f3wnym celem jest wzmocnienie uk\u0142adu odporno\u015bciowego, utrzymanie lub poprawa jako\u015bci \u017cycia w kontek\u015bcie choroby, utrzymanie efekt\u00f3w ubocznych i skutk\u00f3w ubocznych terapii toksycznych, takich jak chemioterapia, na jak najni\u017cszym poziomie, zwi\u0119kszenie szans na wyzdrowienie i wyd\u0142u\u017cenie \u015bredniej d\u0142ugo\u015bci \u017cycia dzi\u0119ki skutecznym \u015brodkom terapeutycznym.<\/p>\n<p>Wsp\u00f3lnie z Pa\u0144stwem \u0142\u0105czymy najlepsze cechy r\u00f3\u017cnych terapii holistycznych i tworzymy indywidualn\u0105 koncepcj\u0119 terapii dostosowan\u0105 do Pa\u0144stwa i Pa\u0144stwa potrzeb.<\/p>\n<p>Jako niemieckie centrum alternatywnej i naturalnej terapii onkologicznej, biologiczna terapia onkologiczna jest naszym g\u0142\u00f3wnym celem. Indywidualne po\u0142\u0105czenie u\u017cytecznej, odpowiedniej medycyny konwencjonalnej i alternatywnego leczenia nowotwor\u00f3w jest przez nas konsekwentnie realizowane. \u0141\u0105czymy tu r\u00f3\u017cne formy hipertermii, hipertermii miejscowej i ca\u0142kowitej oraz terapii gor\u0105czkowej, kt\u00f3re w po\u0142\u0105czeniu z innymi \u0142agodnymi terapiami onkologicznymi zapewniaj\u0105 naszym pacjentom dok\u0142adny indywidualny plan terapii.<\/p>\n<p><span style=\"font-weight: bold;\">Dzi\u0119ki tym licznym wariantom hipertermii, Centrum Medycyny Zaawansowanej jest jednym z najwi\u0119kszych i najbardziej do\u015bwiadczonych dostawc\u00f3w w Niemczech.<\/span><\/p>\n<p>W ramach holistycznej koncepcji leczenia, te biologiczne alternatywne terapie onkologiczne z udzia\u0142em cia\u0142a, umys\u0142u i duszy s\u0105 uzupe\u0142niane przez indywidualne od\u017cywianie, stymulacj\u0119 zdolno\u015bci samouzdrawiania, aktywacj\u0119 immunologiczn\u0105 i, w razie potrzeby, trening mentalny.<\/p>\n<p>W naszym oddziale chor\u00f3b przewlek\u0142ych wykorzystujemy samouzdrawiaj\u0105ce si\u0142y natury i organizmu, wspieraj\u0105c je poprzez hipertermi\u0119, a nawet gor\u0105czk\u0119, a tak\u017ce poprzez detoksykacj\u0119 i odkwaszanie. Dok\u0142adna diagnoza jest zawsze stawiana z wyprzedzeniem za pomoc\u0105 naszego wewn\u0119trznego systemu analizy s\u0142abych punkt\u00f3w, kt\u00f3ry okaza\u0142 si\u0119 bardzo skuteczny w kontrolowaniu bardzo indywidualnej terapii.<\/p>\n<p><span style=\"font-weight: bold;\">Nasz cel w centrum zaawansowanej medycyny jest jasno okre\u015blony: Przywr\u00f3cenie twojego zdrowia.<\/span><\/p>\n","protected":false},"excerpt":{"rendered":"<p>Medycyna zaawansowana &#8211; O nas Centrum Medycyny Zaawansowanej jest Twoim partnerem w indywidualnych terapiach holistycznych Centrum Medycyny Zaawansowanej we Frankfurcie nad Menem specjalizuje si\u0119 w holistycznej medycynie integracyjnej. Od ponad 40 lat \u0142\u0105czymy najskuteczniejsze alternatywne terapie biologiczne zaawansowanej medycyny i leczenia naturopatycznego z najnowszymi metodami medycyny konwencjonalnej. Najnowocze\u015bniejsze technologie medyczne w po\u0142\u0105czeniu z naukowo sprawdzonymi&#8230;<\/p>\n","protected":false},"author":1,"featured_media":0,"parent":0,"menu_order":2,"comment_status":"closed","ping_status":"closed","template":"","meta":{"content-type":"","footnotes":""},"class_list":["post-15351","page","type-page","status-publish","hentry"],"_links":{"self":[{"href":"https:\/\/www.erweiterte-medizin.de\/pl\/wp-json\/wp\/v2\/pages\/15351"}],"collection":[{"href":"https:\/\/www.erweiterte-medizin.de\/pl\/wp-json\/wp\/v2\/pages"}],"about":[{"href":"https:\/\/www.erweiterte-medizin.de\/pl\/wp-json\/wp\/v2\/types\/page"}],"author":[{"embeddable":true,"href":"https:\/\/www.erweiterte-medizin.de\/pl\/wp-json\/wp\/v2\/users\/1"}],"replies":[{"embeddable":true,"href":"https:\/\/www.erweiterte-medizin.de\/pl\/wp-json\/wp\/v2\/comments?post=15351"}],"version-history":[{"count":0,"href":"https:\/\/www.erweiterte-medizin.de\/pl\/wp-json\/wp\/v2\/pages\/15351\/revisions"}],"wp:attachment":[{"href":"https:\/\/www.erweiterte-medizin.de\/pl\/wp-json\/wp\/v2\/media?parent=15351"}],"curies":[{"name":"wp","href":"https:\/\/api.w.org\/{rel}","templated":true}]}}