{"id":15354,"date":"2020-07-01T16:47:21","date_gmt":"2020-07-01T14:47:21","guid":{"rendered":"http:\/\/www.praxis-siebenhuener.com\/ermed\/?page_id=15354"},"modified":"2020-07-07T17:06:38","modified_gmt":"2020-07-07T15:06:38","slug":"dr-med-siebenhuener","status":"publish","type":"page","link":"https:\/\/www.erweiterte-medizin.de\/pl\/zaawansowana-medycyna\/dr-med-siebenhuener\/","title":{"rendered":"Dr. med. Siebenh\u00fcner"},"content":{"rendered":"<h1>Dr. med. Gerhard Siebenh\u00fcner<\/h1>\n<h2>Kierownik kliniki praktyk lekarskich dla medycyny zaawansowanej<\/h2>\n<p><img decoding=\"async\" class=\"alignleft size-full wp-image-15253\" src=\"https:\/\/www.erweiterte-medizin.de\/wp-content\/uploads\/2019\/08\/dr-med-siebenhuener.jpg\" alt=\"Dr. med. Siebenh\u00fcner\" width=\"300\" height=\"300\" srcset=\"https:\/\/www.erweiterte-medizin.de\/wp-content\/uploads\/2019\/08\/dr-med-siebenhuener.jpg 300w, https:\/\/www.erweiterte-medizin.de\/wp-content\/uploads\/2019\/08\/dr-med-siebenhuener-150x150.jpg 150w, https:\/\/www.erweiterte-medizin.de\/wp-content\/uploads\/2019\/08\/dr-med-siebenhuener-65x65.jpg 65w\" sizes=\"(max-width: 300px) 100vw, 300px\" \/><\/p>\n<p>Gerhard Siebenh\u00fcner, kt\u00f3ry studiowa\u0142 fizyk\u0119 i matematyk\u0119 przed studiami medycznymi, od 40 lat ma w\u0142asn\u0105 praktyk\u0119. Od samego pocz\u0105tku by\u0142o i jest credo doktora Siebenh\u00fcnera, aby zaoferowa\u0107 swoim pacjentom holistyczny lek, kt\u00f3ry stawia dobro pacjenta na pierwszym miejscu. &#8222;Primum non nocere&#8221;, tzn. &#8222;przede wszystkim nie szkodzi\u0107&#8221;, jak r\u00f3wnie\u017c etyka medyczna przysi\u0119gi Hipokratesa, dr Siebenh\u00fcner jest nie tylko uwa\u017cany za teori\u0119, ale jest codziennie wcielany w \u017cycie w swojej praktyce.<\/p>\n<p>Dr Siebenh\u00fcner postawi\u0142 sobie za zadanie opiekowa\u0107 si\u0119 Pa\u0144stwem jako pacjentami w swojej praktyce specjalistycznej na wysokim poziomie w przyjemnej dla Pa\u0144stwa atmosferze. Kompetentny, wysoce zmotywowany zesp\u00f3\u0142 jest u jego boku, aby osi\u0105gn\u0105\u0107 cele leczenia.<\/p>\n<p>Dzi\u0119ki najbardziej zaawansowanej technologii i sprawdzonym koncepcjom terapii alternatywnej Dr Siebenh\u00fcner d\u0105\u017cy do osi\u0105gni\u0119cia jak najlepszego sukcesu medycznego w interesie swoich pacjent\u00f3w. W tym celu wsp\u00f3\u0142pracuje z wieloma kolegami z r\u00f3\u017cnych dziedzin, a tak\u017ce prowadzi opart\u0105 na zaufaniu wymian\u0119 z uniwersytetami i innymi odpowiednimi klinikami o r\u00f3\u017cnej orientacji. Regularne szkolenia na ca\u0142ym \u015bwiecie, jak r\u00f3wnie\u017c w\u0142asne badania we wsp\u00f3\u0142pracy z lekarzami i naukowcami przynosz\u0105 bezpo\u015brednie korzy\u015bci pacjentom dr Siebenh\u00fcnera w jego Centrum Medycyny Zaawansowanej.<\/p>\n<p>W ten spos\u00f3b dr Siebenh\u00fcner i jego interdyscyplinarny zesp\u00f3\u0142 oferuje pacjentom najwy\u017cszy poziom kompetencji zawodowych w najr\u00f3\u017cniejszych dziedzinach. Korzy\u015b\u0107 dla pacjenta jest oczywista: najlepsza mo\u017cliwa porada i kompleksowe leczenie zgodnie z &#8222;wszystkimi zasadami sztuki medycznej&#8221;.<\/p>\n<h3>Obszary specjalistyczne Dr. med. Gerharda Siebenh\u00fcnera:<\/h3>\n<ul>\n<li>Lekarz \/ leczenie naturopatyczne<\/li>\n<li>komplementarna onkologia<\/li>\n<li>medycyna integracyjna<\/li>\n<li>Immunologia<\/li>\n<li>Psychosomatyka<\/li>\n<li>Prewencja<\/li>\n<li>\u017bywienie \/ Metabolizm<\/li>\n<\/ul>\n<h3>Od 40 lat we w\u0142asnej praktyce z g\u0142\u00f3wnym ukierunkowaniem:<\/h3>\n<ul>\n<li>Onkologia uzupe\u0142niaj\u0105ca i alternatywna<\/li>\n<li>Choroby przewlek\u0142e (leczenie przyczynowe) lub najlepsza mo\u017cliwa regeneracja, w tym analiza s\u0142abych punkt\u00f3w<\/li>\n<li>Detoksykacja, regulacja metaboliczna, regeneracja<\/li>\n<li>Uk\u0142ad odporno\u015bciowy: kontrola i regulacja<\/li>\n<\/ul>\n<h3>Dalsze szkolenie w:<\/h3>\n<ul>\n<li>Medycyna Wewn\u0119trzna \/ Medycyna Og\u00f3lna<\/li>\n<li>Onkologia uzupe\u0142niaj\u0105ca<\/li>\n<li>Medycyna psychosomatyczna (psychoterapia pozytywna)<\/li>\n<li>Medycyna zio\u0142owa (fitoterapia)<\/li>\n<li>Biochemia<\/li>\n<li>Biomedycyna<\/li>\n<li>Medycyna fizyczna \/ Laser<\/li>\n<li>F.X.MAYR Medicine<\/li>\n<li>Medycyna \u017cywieniowa<\/li>\n<li>Hormonalna terapia zast\u0119pcza dla ludzi w podesz\u0142ym wieku i w chorobach nowotworowych<\/li>\n<\/ul>\n<h3>Onkologiczne kursy szkoleniowe:<\/h3>\n<ul>\n<li>DGO Niemieckie Towarzystwo Onkologiczne<\/li>\n<li>Instytut Profesora Gr\u00f6nemeyera w Bochum (Hyperthermia)<\/li>\n<li>Oncotherm (hipertermia)<\/li>\n<\/ul>\n<h3>Specjalne kwalifikacje:<\/h3>\n<ul>\n<li>Naturopatia<\/li>\n<li>Immunologia<\/li>\n<li>Hipertermia we wszystkich wariantach<\/li>\n<li>Terapia z zastosowaniem insuliny (IPT)<\/li>\n<li>Chiroterapia<\/li>\n<li>F.X.MAYR Medicine<\/li>\n<li>Medycyna \u017cywieniowa<\/li>\n<li>Hormonalna terapia zast\u0119pcza dla ludzi w podesz\u0142ym wieku i w chorobach nowotworowych<\/li>\n<\/ul>\n<h3>Cz\u0142onek nast\u0119puj\u0105cych towarzystw medycznych:<\/h3>\n<ul>\n<li>Niemieckie Towarzystwo Onkologiczne<\/li>\n<li>Towarzystwo Obrony Biologicznej przed Rakiem<\/li>\n<li>Niemieckie Towarzystwo Hipertermii (German Society for Hyperthermia)<\/li>\n<li>Europejskie Towarzystwo Immunologii Stosowanej<\/li>\n<li>Spo\u0142ecze\u0144stwo informacyjne i prewencyjne<\/li>\n<li>International Society for Homotoxicology<\/li>\n<li>GOS Towarzystwo Terapii Ozonowej i Tlenowej<\/li>\n<li>Stowarzyszenie Lekarzy MAYR e.V.<\/li>\n<li>Towarzystwo Medyczne Medycyny Do\u015bwiadczonej e. V.<\/li>\n<li>Niemieckie Towarzystwo Terapii Oksywagencyjnej<\/li>\n<li>Niemieckie Towarzystwo Terapii Grasicy<\/li>\n<li>Niemiecka Akademia Chelacji Terapii<\/li>\n<li>Federalne Stowarzyszenie Medycyny Integracyjnej e.V.<\/li>\n<li>Stowarzyszenie Zawodowe Immunologia Guz\u00f3w e.V.<\/li>\n<li>Europejskie Stowarzyszenie Zawodowe IPT e.V.<\/li>\n<\/ul>\n<h3>Dobroczynno\u015b\u0107 i zaanga\u017cowanie spo\u0142eczne:<\/h3>\n<ul>\n<li>Sponsoring dla sierot<\/li>\n<li>Lions Clubs International (&#8222;We Serve&#8221;) &#8211; dwuetapowe przewodnictwo<\/li>\n<li>Dobrowolna praca w r\u00f3\u017cnych stowarzyszeniach spo\u0142ecznych<\/li>\n<\/ul>\n","protected":false},"excerpt":{"rendered":"<p>Dr. med. Gerhard Siebenh\u00fcner Kierownik kliniki praktyk lekarskich dla medycyny zaawansowanej Gerhard Siebenh\u00fcner, kt\u00f3ry studiowa\u0142 fizyk\u0119 i matematyk\u0119 przed studiami medycznymi, od 40 lat ma w\u0142asn\u0105 praktyk\u0119. Od samego pocz\u0105tku by\u0142o i jest credo doktora Siebenh\u00fcnera, aby zaoferowa\u0107 swoim pacjentom holistyczny lek, kt\u00f3ry stawia dobro pacjenta na pierwszym miejscu. &#8222;Primum non nocere&#8221;, tzn. &#8222;przede wszystkim&#8230;<\/p>\n","protected":false},"author":1,"featured_media":15356,"parent":15351,"menu_order":1,"comment_status":"closed","ping_status":"closed","template":"","meta":{"content-type":"","footnotes":""},"class_list":["post-15354","page","type-page","status-publish","has-post-thumbnail","hentry"],"_links":{"self":[{"href":"https:\/\/www.erweiterte-medizin.de\/pl\/wp-json\/wp\/v2\/pages\/15354"}],"collection":[{"href":"https:\/\/www.erweiterte-medizin.de\/pl\/wp-json\/wp\/v2\/pages"}],"about":[{"href":"https:\/\/www.erweiterte-medizin.de\/pl\/wp-json\/wp\/v2\/types\/page"}],"author":[{"embeddable":true,"href":"https:\/\/www.erweiterte-medizin.de\/pl\/wp-json\/wp\/v2\/users\/1"}],"replies":[{"embeddable":true,"href":"https:\/\/www.erweiterte-medizin.de\/pl\/wp-json\/wp\/v2\/comments?post=15354"}],"version-history":[{"count":0,"href":"https:\/\/www.erweiterte-medizin.de\/pl\/wp-json\/wp\/v2\/pages\/15354\/revisions"}],"up":[{"embeddable":true,"href":"https:\/\/www.erweiterte-medizin.de\/pl\/wp-json\/wp\/v2\/pages\/15351"}],"wp:featuredmedia":[{"embeddable":true,"href":"https:\/\/www.erweiterte-medizin.de\/pl\/wp-json\/wp\/v2\/media\/15356"}],"wp:attachment":[{"href":"https:\/\/www.erweiterte-medizin.de\/pl\/wp-json\/wp\/v2\/media?parent=15354"}],"curies":[{"name":"wp","href":"https:\/\/api.w.org\/{rel}","templated":true}]}}