{"id":15359,"date":"2020-07-01T16:52:42","date_gmt":"2020-07-01T14:52:42","guid":{"rendered":"http:\/\/www.praxis-siebenhuener.com\/ermed\/?page_id=15359"},"modified":"2020-07-07T17:07:21","modified_gmt":"2020-07-07T15:07:21","slug":"nasza-filozofia","status":"publish","type":"page","link":"https:\/\/www.erweiterte-medizin.de\/pl\/zaawansowana-medycyna\/nasza-filozofia\/","title":{"rendered":"Nasza filozofia"},"content":{"rendered":"<h1>Nasza filozofia<\/h1>\n<h2>Najnowsze technologie medyczne i holistyczne metody terapii w centrum medycyny zaawansowanej.<\/h2>\n<p><img decoding=\"async\" class=\"alignleft size-medium wp-image-14213\" src=\"https:\/\/www.erweiterte-medizin.de\/wp-content\/uploads\/2018\/08\/Unsere-Philosophie-Titelbild-300x300.jpg\" alt=\"Unsere Philosophie - Titelbild\" width=\"300\" height=\"300\" srcset=\"https:\/\/www.erweiterte-medizin.de\/wp-content\/uploads\/2018\/08\/Unsere-Philosophie-Titelbild-300x300.jpg 300w, https:\/\/www.erweiterte-medizin.de\/wp-content\/uploads\/2018\/08\/Unsere-Philosophie-Titelbild-150x150.jpg 150w, https:\/\/www.erweiterte-medizin.de\/wp-content\/uploads\/2018\/08\/Unsere-Philosophie-Titelbild-65x65.jpg 65w, https:\/\/www.erweiterte-medizin.de\/wp-content\/uploads\/2018\/08\/Unsere-Philosophie-Titelbild.jpg 400w\" sizes=\"(max-width: 300px) 100vw, 300px\" \/><\/p>\n<p>Centrum Medycyny Zaawansowanej i ca\u0142y zesp\u00f3\u0142 wita Pa\u0144stwa i mamy nadziej\u0119, \u017ce mo\u017cemy pom\u00f3c Pa\u0144stwu wr\u00f3ci\u0107 do zdrowia.<\/p>\n<p>Dzi\u0119ki optymalnemu i bogatemu wyposa\u017ceniu technicznemu, do Pa\u0144stwa dyspozycji jest kompetentny zesp\u00f3\u0142 medyczny z r\u00f3\u017cnych dziedzin, w tym medycyny og\u00f3lnej, onkologii, radiologii, ginekologii, urologii, ortopedii, anestezji, nefrologii, chirurgii, intensywnej terapii i kardiotechnologii. Nasze najnowsze technologie w po\u0142\u0105czeniu ze sprawdzonymi metodami terapii holistycznej sk\u0142adaj\u0105 si\u0119 na sukces Centrum Medycyny Zaawansowanej. Ponadto, przyjemna i przyjazna atmosfera z dopracowan\u0105 koncepcj\u0105 kolorystyczn\u0105 zapewnia, \u017ce czujesz si\u0119 u nas jak u siebie w domu.<\/p>\n<p>Zawsze bierzemy pod uwag\u0119 indywidualne potrzeby i wymagania naszych pacjent\u00f3w. Ka\u017cda pojedyncza terapia jest indywidualnie dostosowana do Pa\u0144stwa potrzeb. Dotyczy to zar\u00f3wno podawania lek\u00f3w, jak i przygotowania ca\u0142o\u015bciowego planu terapii, kt\u00f3ry jest sporz\u0105dzany dok\u0142adnie wed\u0142ug Pa\u0144stwa osobistych pomiar\u00f3w, z uwzgl\u0119dnieniem oceny naszej specjalnej i unikalnej analizy s\u0142abych punkt\u00f3w.<\/p>\n<p>Od 1978 roku, a wi\u0119c od 40 lat, stosujemy u naszych pacjent\u00f3w sprawdzone, holistyczne procedury medycyny konwencjonalnej i alternatywnej. W naszym centrum zaawansowanej medycyny aktywacja uk\u0142adu odporno\u015bciowego, detoksykacja, regeneracja i regulacja znajduj\u0105 si\u0119 na pierwszym miejscu w leczeniu chor\u00f3b i zaburze\u0144 zdrowotnych.<\/p>\n<p>Naszym celem jest nie tylko eliminacja symptom\u00f3w, ale rzeczywiste ustalenie indywidualnego stanu zdrowia lub wyd\u0142u\u017cenie \u015bredniej d\u0142ugo\u015bci \u017cycia przy zachowaniu najlepszej jako\u015bci \u017cycia.<\/p>\n","protected":false},"excerpt":{"rendered":"<p>Nasza filozofia Najnowsze technologie medyczne i holistyczne metody terapii w centrum medycyny zaawansowanej. Centrum Medycyny Zaawansowanej i ca\u0142y zesp\u00f3\u0142 wita Pa\u0144stwa i mamy nadziej\u0119, \u017ce mo\u017cemy pom\u00f3c Pa\u0144stwu wr\u00f3ci\u0107 do zdrowia. Dzi\u0119ki optymalnemu i bogatemu wyposa\u017ceniu technicznemu, do Pa\u0144stwa dyspozycji jest kompetentny zesp\u00f3\u0142 medyczny z r\u00f3\u017cnych dziedzin, w tym medycyny og\u00f3lnej, onkologii, radiologii, ginekologii, urologii,&#8230;<\/p>\n","protected":false},"author":1,"featured_media":0,"parent":15351,"menu_order":3,"comment_status":"closed","ping_status":"closed","template":"","meta":{"content-type":"","footnotes":""},"class_list":["post-15359","page","type-page","status-publish","hentry"],"_links":{"self":[{"href":"https:\/\/www.erweiterte-medizin.de\/pl\/wp-json\/wp\/v2\/pages\/15359"}],"collection":[{"href":"https:\/\/www.erweiterte-medizin.de\/pl\/wp-json\/wp\/v2\/pages"}],"about":[{"href":"https:\/\/www.erweiterte-medizin.de\/pl\/wp-json\/wp\/v2\/types\/page"}],"author":[{"embeddable":true,"href":"https:\/\/www.erweiterte-medizin.de\/pl\/wp-json\/wp\/v2\/users\/1"}],"replies":[{"embeddable":true,"href":"https:\/\/www.erweiterte-medizin.de\/pl\/wp-json\/wp\/v2\/comments?post=15359"}],"version-history":[{"count":0,"href":"https:\/\/www.erweiterte-medizin.de\/pl\/wp-json\/wp\/v2\/pages\/15359\/revisions"}],"up":[{"embeddable":true,"href":"https:\/\/www.erweiterte-medizin.de\/pl\/wp-json\/wp\/v2\/pages\/15351"}],"wp:attachment":[{"href":"https:\/\/www.erweiterte-medizin.de\/pl\/wp-json\/wp\/v2\/media?parent=15359"}],"curies":[{"name":"wp","href":"https:\/\/api.w.org\/{rel}","templated":true}]}}