{"id":15362,"date":"2020-07-01T16:57:55","date_gmt":"2020-07-01T14:57:55","guid":{"rendered":"http:\/\/www.praxis-siebenhuener.com\/ermed\/?page_id=15362"},"modified":"2021-11-02T10:28:44","modified_gmt":"2021-11-02T09:28:44","slug":"7-filarow","status":"publish","type":"page","link":"https:\/\/www.erweiterte-medizin.de\/pl\/zaawansowana-medycyna\/7-filarow\/","title":{"rendered":"7 filar\u00f3w"},"content":{"rendered":"<h1>7 filar\u00f3w zaawansowanej medycyny<\/h1>\n<h2>Badania przyczynowe zamiast czysto objawowego leczenia &#8211; skupiamy si\u0119 na podej\u015bciu holistycznym.<\/h2>\n<p><img decoding=\"async\" class=\"alignleft size-medium wp-image-14215\" src=\"https:\/\/www.erweiterte-medizin.de\/wp-content\/uploads\/2018\/08\/7-Saeulen-Titelbild-300x300.jpg\" alt=\"7 S\u00e4ulen - Titelbild\" width=\"300\" height=\"300\" srcset=\"https:\/\/www.erweiterte-medizin.de\/wp-content\/uploads\/2018\/08\/7-Saeulen-Titelbild-300x300.jpg 300w, https:\/\/www.erweiterte-medizin.de\/wp-content\/uploads\/2018\/08\/7-Saeulen-Titelbild-150x150.jpg 150w, https:\/\/www.erweiterte-medizin.de\/wp-content\/uploads\/2018\/08\/7-Saeulen-Titelbild-65x65.jpg 65w, https:\/\/www.erweiterte-medizin.de\/wp-content\/uploads\/2018\/08\/7-Saeulen-Titelbild.jpg 400w\" sizes=\"(max-width: 300px) 100vw, 300px\" \/>Zaawansowana medycyna sk\u0142ada si\u0119 ze specjalnej kombinacji wypr\u00f3bowanych i sprawdzonych metod, kt\u00f3re s\u0105 sprawdzane przez d\u0142ugi czas. Ma ona na celu przede wszystkim odnalezienie s\u0142abych punkt\u00f3w organizmu i w ten spos\u00f3b prowadzi badania przyczynowe, a nie tylko leczenie objawowe. Na pierwszym planie znajduje si\u0119 podej\u015bcie holistyczne. Medycyna rozszerzona \u0142\u0105czy w sobie tradycj\u0119 medycyny z dzisiejsz\u0105 medycyn\u0105 konwencjonaln\u0105. Ten system medyczny zawiera siedem podstawowych zasad leczenia opartych na obserwacji zdrowia i choroby i obejmuje najnowocze\u015bniejsze metody naukowe.<br \/>\n<span style=\"clear:both;\">&nbsp;<\/span><\/p>\n<h2>Filar I &#8211; Najwa\u017cniejsze: Nie szkodzi!<\/h2>\n<p>Choroba mo\u017ce by\u0107 u\u017cytecznym procesem organizmu. Metody medyczne mog\u0105 wspomaga\u0107, ale r\u00f3wnie\u017c przynosi\u0107 odwrotny efekt. Metody t\u0142umi\u0105ce objawy bez usuwania ich przyczyn cz\u0119sto maj\u0105 szkodliwy wp\u0142yw. Dzi\u0119ki zaawansowanej medycynie, lekarz chce i mo\u017ce unika\u0107 szkodliwych metod.<\/p>\n<h2>Filar II &#8211; Znalezienie i leczenie przyczyn.<\/h2>\n<p>Choroba nigdy nie wyst\u0119puje bez przyczyny. Podstawowe przyczyny powinny by\u0107 odkryte i wyeliminowane, aby pacjent m\u00f3g\u0142 w pe\u0142ni wyzdrowie\u0107 z choroby. Objawy te s\u0105 wyrazem d\u0105\u017cenia organizmu do uzdrowienia lub regulacji i regeneracji, ale bardzo cz\u0119sto nie s\u0105 one rzeczywist\u0105 przyczyn\u0105 choroby. Przyczyny mog\u0105 by\u0107 r\u00f3\u017cnego rodzaju. Lekarz, kt\u00f3ry dzia\u0142a zgodnie z zasadami medycyny rozszerzonej, bada przyczyny we wszystkich kierunkach i na wszystkich poziomach. Je\u015bli to mo\u017cliwe, rozpoczyna leczenie u podstaw przyczyn, zamiast ryzykowa\u0107 wyleczenie tylko wyra\u017ce\u0144 objawowych.<\/p>\n<h2>Filar III &#8211; Uzdrowienie cz\u0142owieka jako jednego.<\/h2>\n<p>Zdrowie i choroby to r\u00f3\u017cne stany organizmu, kt\u00f3re s\u0105 w skomplikowanej zale\u017cno\u015bci od wielu czynnik\u00f3w, kt\u00f3re s\u0105 od siebie wzajemnie zale\u017cne. Lekarz medycyny zaawansowanej obejmuje wszystkie czynniki i traktuje pacjenta jak jednostk\u0119. Harmonia we wsp\u00f3\u0142dzia\u0142aniu wszystkich aspekt\u00f3w fizycznych, psychicznych, emocjonalnych i duchowych jest wa\u017cna dla wyzdrowienia i powinna by\u0107 w pe\u0142ni uwzgl\u0119dniona w diagnostyce i leczeniu.<\/p>\n<h2>Filar IV &#8211; Lekarz jako przewodnik.<\/h2>\n<p>Wsp\u00f3\u0142praca pomi\u0119dzy pacjentem a lekarzem ma du\u017c\u0105 warto\u015b\u0107 lecznicz\u0105. Lekarz pokazuje pacjentowi w delikatny i indywidualny spos\u00f3b, jak wr\u00f3ci\u0107 na drog\u0119 powrotu do zdrowia przy pomocy zaawansowanej medycyny i wsparciu lekarza.<\/p>\n<h2>Filar V &#8211; Prewencja to najlepsze zabezpieczenie dla Twojego zdrowia.<\/h2>\n<p>Ostatecznym celem ka\u017cdej opieki zdrowotnej jest zapobieganie chorobom. Nawet lekarz medycyny zaawansowanej osi\u0105ga to, prowadz\u0105c pacjenta do zdrowych nawyk\u00f3w \u017cyciowych. Przeprowadza on analiz\u0119 s\u0142abych punkt\u00f3w i ocenia czynniki ryzyka zwi\u0105zane z konkretn\u0105 sytuacj\u0105 pacjenta. Pokazuje on pacjentowi najlepsz\u0105 drog\u0119 z odpowiednimi aplikacjami. Podstawowa zasada brzmi: budowanie zdrowia jest lepsze i bezpieczniejsze ni\u017c walka z chorobami.<\/p>\n<h2>Filar VI &#8211; Wykorzystanie uzdrawiaj\u0105cych mocy natury.<\/h2>\n<p>Cia\u0142o ma swoj\u0105 pierwotn\u0105 zdolno\u015b\u0107 do tworzenia, utrzymywania i przywracania zdrowia, poniewa\u017c posiada wiele mechanizm\u00f3w regeneracji i naprawy. Natura uzdrawia dzi\u0119ki swojej \u017cyciodajnej mocy. Rol\u0105 lekarza jest zidentyfikowanie tego procesu i usuni\u0119cie ewentualnych barier, kt\u00f3re uniemo\u017cliwiaj\u0105 organizmowi samodzielne przywr\u00f3cenie zdrowia. Oczywi\u015bcie zdarzaj\u0105 si\u0119 te\u017c wyj\u0105tkowe przypadki, w kt\u00f3rych lekarz musi ucieka\u0107 si\u0119 do medycyny konwencjonalnej, na przyk\u0142ad w sytuacjach awaryjnych (konieczne operacje, infekcje bakteryjne lub podobne).<\/p>\n<h2>Filar VII &#8211; Aktywuj si\u0142y samouzdrawiaj\u0105ce.<\/h2>\n<p>Lekarz zach\u0119ca pacjenta do wzi\u0119cia odpowiedzialno\u015bci za w\u0142asne zdrowie. Wspiera go w tym, motywuje i promuje w\u0142asn\u0105 wol\u0119 pacjenta do uzdrowienia. Stosowany proces uzdrawiania obejmuje wi\u0119c czasami r\u00f3wnie\u017c celowe generowanie objaw\u00f3w, kt\u00f3re mog\u0105 by\u0107 rzeczywi\u015bcie wyrazem si\u0142y cia\u0142a do uzdrowienia si\u0119. Nasze metody leczenia uzupe\u0142niaj\u0105 i wspieraj\u0105 t\u0119 samouzdrawiaj\u0105c\u0105 si\u0142\u0119, a tym samym tworz\u0105 synergi\u0119 promuj\u0105c\u0105 zdrowie.<\/p>\n","protected":false},"excerpt":{"rendered":"<p>7 filar\u00f3w zaawansowanej medycyny Badania przyczynowe zamiast czysto objawowego leczenia &#8211; skupiamy si\u0119 na podej\u015bciu holistycznym. Zaawansowana medycyna sk\u0142ada si\u0119 ze specjalnej kombinacji wypr\u00f3bowanych i sprawdzonych metod, kt\u00f3re s\u0105 sprawdzane przez d\u0142ugi czas. Ma ona na celu przede wszystkim odnalezienie s\u0142abych punkt\u00f3w organizmu i w ten spos\u00f3b prowadzi badania przyczynowe, a nie tylko leczenie objawowe&#8230;.<\/p>\n","protected":false},"author":1,"featured_media":0,"parent":15351,"menu_order":4,"comment_status":"closed","ping_status":"closed","template":"","meta":{"content-type":"","footnotes":""},"class_list":["post-15362","page","type-page","status-publish","hentry"],"_links":{"self":[{"href":"https:\/\/www.erweiterte-medizin.de\/pl\/wp-json\/wp\/v2\/pages\/15362"}],"collection":[{"href":"https:\/\/www.erweiterte-medizin.de\/pl\/wp-json\/wp\/v2\/pages"}],"about":[{"href":"https:\/\/www.erweiterte-medizin.de\/pl\/wp-json\/wp\/v2\/types\/page"}],"author":[{"embeddable":true,"href":"https:\/\/www.erweiterte-medizin.de\/pl\/wp-json\/wp\/v2\/users\/1"}],"replies":[{"embeddable":true,"href":"https:\/\/www.erweiterte-medizin.de\/pl\/wp-json\/wp\/v2\/comments?post=15362"}],"version-history":[{"count":0,"href":"https:\/\/www.erweiterte-medizin.de\/pl\/wp-json\/wp\/v2\/pages\/15362\/revisions"}],"up":[{"embeddable":true,"href":"https:\/\/www.erweiterte-medizin.de\/pl\/wp-json\/wp\/v2\/pages\/15351"}],"wp:attachment":[{"href":"https:\/\/www.erweiterte-medizin.de\/pl\/wp-json\/wp\/v2\/media?parent=15362"}],"curies":[{"name":"wp","href":"https:\/\/api.w.org\/{rel}","templated":true}]}}