{"id":15365,"date":"2020-07-01T17:01:30","date_gmt":"2020-07-01T15:01:30","guid":{"rendered":"http:\/\/www.praxis-siebenhuener.com\/ermed\/?page_id=15365"},"modified":"2020-07-07T17:08:35","modified_gmt":"2020-07-07T15:08:35","slug":"mozliwosci-medycyny-alternatywnej","status":"publish","type":"page","link":"https:\/\/www.erweiterte-medizin.de\/pl\/zaawansowana-medycyna\/mozliwosci-medycyny-alternatywnej\/","title":{"rendered":"Mo\u017cliwo\u015bci medycyny alternatywnej"},"content":{"rendered":"<h1>Mo\u017cliwo\u015bci zaawansowanej medycyny<\/h1>\n<h2>Naszych pacjent\u00f3w traktujemy tak delikatnie i jednocze\u015bnie tak skutecznie, jak to tylko mo\u017cliwe.<\/h2>\n<p><img decoding=\"async\" class=\"alignleft size-medium wp-image-14219\" src=\"https:\/\/www.erweiterte-medizin.de\/wp-content\/uploads\/2018\/08\/Moeglichkeiten-Alternative-Medizin-300x300.jpg\" alt=\"M\u00f6glichkeiten der allternativen Medizin - Titelbild\" width=\"300\" height=\"300\" srcset=\"https:\/\/www.erweiterte-medizin.de\/wp-content\/uploads\/2018\/08\/Moeglichkeiten-Alternative-Medizin-300x300.jpg 300w, https:\/\/www.erweiterte-medizin.de\/wp-content\/uploads\/2018\/08\/Moeglichkeiten-Alternative-Medizin-150x150.jpg 150w, https:\/\/www.erweiterte-medizin.de\/wp-content\/uploads\/2018\/08\/Moeglichkeiten-Alternative-Medizin-65x65.jpg 65w, https:\/\/www.erweiterte-medizin.de\/wp-content\/uploads\/2018\/08\/Moeglichkeiten-Alternative-Medizin.jpg 400w\" sizes=\"(max-width: 300px) 100vw, 300px\" \/>Mo\u017cliwo\u015bci medycyny alternatywnej &#8211; obrazek na ok\u0142adce Medycyna zaawansowana \u0142\u0105czy w sobie najlepsze mo\u017cliwe terapie, metody i procedury medycyny tradycyjnej ze znacz\u0105c\u0105 wiedz\u0105 medyczn\u0105 konwencjonaln\u0105 i najnowocze\u015bniejsz\u0105 medycyn\u0105 high-tech. Ostatecznym celem &#8211; jak podsumowano w rozdziale &#8222;7 filar\u00f3w medycyny rozszerzonej&#8221; &#8211; jest jak naj\u0142agodniejsze i jednocze\u015bnie jak najskuteczniejsze traktowanie ca\u0142ej osoby w przypadku choroby. Pierwszym krokiem jest dok\u0142adna i indywidualna analiza organizmu za pomoc\u0105 test\u00f3w laboratoryjnych i innych pomiar\u00f3w, uwzgl\u0119dniaj\u0105ca psychik\u0119 i warunki \u017cycia pacjenta.<\/p>\n<p>W swojej terapii Medycyna Zaawansowana opiera si\u0119 przede wszystkim na naturalnych, biologicznych \u015brodkach leczniczych oraz sprawdzonych, wypr\u00f3bowanych metodach, kt\u00f3re \u0142\u0105czy z najnowszymi technologiami. Tak wi\u0119c, Medycyna Rozszerzona reprezentuje naj\u0142agodniejsz\u0105 koncepcj\u0119, jaka jest obecnie dost\u0119pna w medycynie. W zakresie profilaktyki mo\u017ce ona stanowi\u0107 prawdziwe &#8222;lekarstwo dobrego samopoczucia&#8221;.<\/p>\n<h2>Jakie s\u0105 inne mo\u017cliwo\u015bci medycyny alternatywnej?<\/h2>\n<ul>\n<li>Znalezienie s\u0142abych punkt\u00f3w w organizmie i ukierunkowana terapia<\/li>\n<li>Znalezienie i wyeliminowanie deficyt\u00f3w i usterek<\/li>\n<li>Rejestracja i analiza z\u0142o\u017cono\u015bci poszczeg\u00f3lnych (typowych dla pacjenta) proces\u00f3w metabolicznych<\/li>\n<li>&#8222;Niejasne&#8221; obrazy kliniczne i okre\u015blenie mo\u017cliwo\u015bci terapii<\/li>\n<\/ul>\n<h2>Jakie s\u0105 zalety opieki zapewnianej przez nasz kompetentny zesp\u00f3\u0142 lekarzy?<\/h2>\n<ul>\n<li>Szerokie mo\u017cliwo\u015bci diagnostyczne, kt\u00f3re wykraczaj\u0105 daleko poza zakres medycyny klasycznej<\/li>\n<li>Opieka alternatywna o charakterze holistycznym<\/li>\n<li>Specjalizacje w wielu dziedzinach<\/li>\n<li>Medycyna biologiczna<\/li>\n<li>Diagnoza skarg, kt\u00f3re nie maj\u0105 &#8222;wyra\u017anego oznaczenia choroby<\/li>\n<\/ul>\n<h2>Dlaczego m\u00f3wimy o rozszerzeniu medycyny?<\/h2>\n<p>Mimo niezwyk\u0142ych osi\u0105gni\u0119\u0107 w wielu dziedzinach medycyny (np. chirurgii, medycynie transplantacyjnej itp.), medycyna klasyczna z jej diagnostyk\u0105 i terapi\u0105 cz\u0119sto osi\u0105ga swoje granice. Tzw. diagnostyka obrazowa (RTG, TK, PET, MRT itp.) jest bardzo skuteczna w medycynie klasycznej z r\u00f3\u017cnych powod\u00f3w, ale ich znaczenie jest cz\u0119sto przeceniane przez pacjent\u00f3w. Wszak\u017ce istnieje szereg zaburze\u0144 zdrowotnych, dla kt\u00f3rych, paradoksalnie, medycyna klasyczna bardzo cz\u0119sto &#8222;przesadza z diagnoz\u0105&#8221;. W przypadku wielu chor\u00f3b lub zaburze\u0144 zdrowotnych nie ma jasnych opis\u00f3w tej choroby. Cz\u0119sto wynika to z faktu, \u017ce istnieje nie tylko jedna, ale kilka do wielu przyczyn, kt\u00f3re s\u0105 trudne do znalezienia przy u\u017cyciu klasycznych metod ze wzgl\u0119du na z\u0142o\u017cono\u015b\u0107 proces\u00f3w metabolicznych. Natomiast medycyna zaawansowana posiada liczne procedury diagnostyczne, kt\u00f3re analizuj\u0105 pacjenta na r\u00f3\u017cnych poziomach w celu zastosowania ukierunkowanej i skutecznej koncepcji terapii.<\/p>\n","protected":false},"excerpt":{"rendered":"<p>Mo\u017cliwo\u015bci zaawansowanej medycyny Naszych pacjent\u00f3w traktujemy tak delikatnie i jednocze\u015bnie tak skutecznie, jak to tylko mo\u017cliwe. Mo\u017cliwo\u015bci medycyny alternatywnej &#8211; obrazek na ok\u0142adce Medycyna zaawansowana \u0142\u0105czy w sobie najlepsze mo\u017cliwe terapie, metody i procedury medycyny tradycyjnej ze znacz\u0105c\u0105 wiedz\u0105 medyczn\u0105 konwencjonaln\u0105 i najnowocze\u015bniejsz\u0105 medycyn\u0105 high-tech. Ostatecznym celem &#8211; jak podsumowano w rozdziale &#8222;7 filar\u00f3w medycyny&#8230;<\/p>\n","protected":false},"author":1,"featured_media":0,"parent":15351,"menu_order":5,"comment_status":"closed","ping_status":"closed","template":"","meta":{"content-type":"","footnotes":""},"class_list":["post-15365","page","type-page","status-publish","hentry"],"_links":{"self":[{"href":"https:\/\/www.erweiterte-medizin.de\/pl\/wp-json\/wp\/v2\/pages\/15365"}],"collection":[{"href":"https:\/\/www.erweiterte-medizin.de\/pl\/wp-json\/wp\/v2\/pages"}],"about":[{"href":"https:\/\/www.erweiterte-medizin.de\/pl\/wp-json\/wp\/v2\/types\/page"}],"author":[{"embeddable":true,"href":"https:\/\/www.erweiterte-medizin.de\/pl\/wp-json\/wp\/v2\/users\/1"}],"replies":[{"embeddable":true,"href":"https:\/\/www.erweiterte-medizin.de\/pl\/wp-json\/wp\/v2\/comments?post=15365"}],"version-history":[{"count":0,"href":"https:\/\/www.erweiterte-medizin.de\/pl\/wp-json\/wp\/v2\/pages\/15365\/revisions"}],"up":[{"embeddable":true,"href":"https:\/\/www.erweiterte-medizin.de\/pl\/wp-json\/wp\/v2\/pages\/15351"}],"wp:attachment":[{"href":"https:\/\/www.erweiterte-medizin.de\/pl\/wp-json\/wp\/v2\/media?parent=15365"}],"curies":[{"name":"wp","href":"https:\/\/api.w.org\/{rel}","templated":true}]}}