{"id":15370,"date":"2020-07-01T17:03:40","date_gmt":"2020-07-01T15:03:40","guid":{"rendered":"http:\/\/www.praxis-siebenhuener.com\/ermed\/?page_id=15370"},"modified":"2020-07-07T17:09:24","modified_gmt":"2020-07-07T15:09:24","slug":"porady-zdrowotne","status":"publish","type":"page","link":"https:\/\/www.erweiterte-medizin.de\/pl\/zaawansowana-medycyna\/porady-zdrowotne\/","title":{"rendered":"Porady zdrowotne"},"content":{"rendered":"<h1>Poradnictwo zdrowotne w centrum medycyny zaawansowanej<\/h1>\n<h2>Bezpieczne i indywidualne terapie bez zb\u0119dnego stresu.<\/h2>\n<p><img decoding=\"async\" class=\"size-medium wp-image-14226 alignleft\" src=\"https:\/\/www.erweiterte-medizin.de\/wp-content\/uploads\/2018\/08\/Gesundheitliche-Beratung-Titelbild-300x300.jpg\" alt=\"Gesundheitliche Beratung - Titelbild\" width=\"300\" height=\"300\" srcset=\"https:\/\/www.erweiterte-medizin.de\/wp-content\/uploads\/2018\/08\/Gesundheitliche-Beratung-Titelbild-300x300.jpg 300w, https:\/\/www.erweiterte-medizin.de\/wp-content\/uploads\/2018\/08\/Gesundheitliche-Beratung-Titelbild-150x150.jpg 150w, https:\/\/www.erweiterte-medizin.de\/wp-content\/uploads\/2018\/08\/Gesundheitliche-Beratung-Titelbild-65x65.jpg 65w, https:\/\/www.erweiterte-medizin.de\/wp-content\/uploads\/2018\/08\/Gesundheitliche-Beratung-Titelbild.jpg 400w\" sizes=\"(max-width: 300px) 100vw, 300px\" \/>Opr\u00f3cz kompleksowej diagnozy i oceny aktualnego stanu zdrowia wa\u017cne jest dla nas r\u00f3wnie\u017c kompetentne i przede wszystkim szczeg\u00f3\u0142owe informowanie Pa\u0144stwa o mo\u017cliwo\u015bciach naszych terapii i diagnostyki. W naszych szczeg\u00f3\u0142owych konsultacjach staramy si\u0119 unika\u0107 cz\u0119sto niezrozumia\u0142ego j\u0119zyka zawodu medycznego, kt\u00f3ry przeplata si\u0119 z terminologi\u0105 medyczn\u0105, poniewa\u017c chcemy, aby\u015bcie naprawd\u0119 zrozumieli, co jest dla Was wa\u017cne w przypadku choroby. Je\u015bli jest to choroba nowotworowa, zajmujemy si\u0119 tak\u017ce mo\u017cliwo\u015bciami psychoonkologii, poniewa\u017c rak nie tylko obci\u0105\u017ca cia\u0142o, ale tak\u017ce umys\u0142 i dusz\u0119, a tak\u017ce ca\u0142e \u015brodowisko i sytuacj\u0119 \u017cyciow\u0105. Je\u015bli na poni\u017csze pytania odpowiesz &#8222;Tak&#8221;, to trafi\u0142e\u015b we w\u0142a\u015bciwe miejsce.<\/p>\n<ul>\n<li>Nie chcesz ju\u017c by\u0107 w cieniu swojej choroby?<\/li>\n<li>Chcesz skorzysta\u0107 z konsultacji zdrowotnej z kompetentnym lekarzem?<\/li>\n<li>Nie chcesz niepotrzebnie obci\u0105\u017ca\u0107 swojego cia\u0142a lekarstwami?<\/li>\n<li>Chcesz szybko rozpocz\u0105\u0107 bezpieczn\u0105 i indywidualn\u0105 terapi\u0119?<\/li>\n<li>Chcesz przyjaznego i wykwalifikowanego wsparcia?<\/li>\n<li>Twoim celem jest powr\u00f3t do zdrowia?<\/li>\n<li>Chcesz odzyska\u0107 swoje zdrowie i rado\u015b\u0107 \u017cycia?<\/li>\n<\/ul>\n<p>Um\u00f3w si\u0119 z nami na niewi\u0105\u017c\u0105ce spotkanie konsultacyjne. To ci w ka\u017cdym razie pomo\u017ce.<\/p>\n","protected":false},"excerpt":{"rendered":"<p>Poradnictwo zdrowotne w centrum medycyny zaawansowanej Bezpieczne i indywidualne terapie bez zb\u0119dnego stresu. Opr\u00f3cz kompleksowej diagnozy i oceny aktualnego stanu zdrowia wa\u017cne jest dla nas r\u00f3wnie\u017c kompetentne i przede wszystkim szczeg\u00f3\u0142owe informowanie Pa\u0144stwa o mo\u017cliwo\u015bciach naszych terapii i diagnostyki. W naszych szczeg\u00f3\u0142owych konsultacjach staramy si\u0119 unika\u0107 cz\u0119sto niezrozumia\u0142ego j\u0119zyka zawodu medycznego, kt\u00f3ry przeplata si\u0119 z&#8230;<\/p>\n","protected":false},"author":1,"featured_media":0,"parent":15351,"menu_order":6,"comment_status":"closed","ping_status":"closed","template":"","meta":{"content-type":"","footnotes":""},"class_list":["post-15370","page","type-page","status-publish","hentry"],"_links":{"self":[{"href":"https:\/\/www.erweiterte-medizin.de\/pl\/wp-json\/wp\/v2\/pages\/15370"}],"collection":[{"href":"https:\/\/www.erweiterte-medizin.de\/pl\/wp-json\/wp\/v2\/pages"}],"about":[{"href":"https:\/\/www.erweiterte-medizin.de\/pl\/wp-json\/wp\/v2\/types\/page"}],"author":[{"embeddable":true,"href":"https:\/\/www.erweiterte-medizin.de\/pl\/wp-json\/wp\/v2\/users\/1"}],"replies":[{"embeddable":true,"href":"https:\/\/www.erweiterte-medizin.de\/pl\/wp-json\/wp\/v2\/comments?post=15370"}],"version-history":[{"count":0,"href":"https:\/\/www.erweiterte-medizin.de\/pl\/wp-json\/wp\/v2\/pages\/15370\/revisions"}],"up":[{"embeddable":true,"href":"https:\/\/www.erweiterte-medizin.de\/pl\/wp-json\/wp\/v2\/pages\/15351"}],"wp:attachment":[{"href":"https:\/\/www.erweiterte-medizin.de\/pl\/wp-json\/wp\/v2\/media?parent=15370"}],"curies":[{"name":"wp","href":"https:\/\/api.w.org\/{rel}","templated":true}]}}