{"id":15373,"date":"2020-07-01T17:11:37","date_gmt":"2020-07-01T15:11:37","guid":{"rendered":"http:\/\/www.praxis-siebenhuener.com\/ermed\/?page_id=15373"},"modified":"2020-07-07T17:10:05","modified_gmt":"2020-07-07T15:10:05","slug":"terapie","status":"publish","type":"page","link":"https:\/\/www.erweiterte-medizin.de\/pl\/terapie\/","title":{"rendered":"Terapie"},"content":{"rendered":"<h1>Oferta terapeutyczna w Centrum Medycyny Zaawansowanej<\/h1>\n<h2>Unikalne koncepcje leczenia z zakresu medycyny ortodoksyjnej i medycyny komplementarnej poprzez zastosowanie kompleksowej diagnostyki.<\/h2>\n<p><img decoding=\"async\" class=\"alignleft size-medium wp-image-14493\" src=\"https:\/\/www.erweiterte-medizin.de\/wp-content\/uploads\/2018\/08\/Therapien-Titelbild-300x300.jpg\" alt=\"Therapien - Zentrum der Erweiterten Medizin\" width=\"300\" height=\"300\" srcset=\"https:\/\/www.erweiterte-medizin.de\/wp-content\/uploads\/2018\/08\/Therapien-Titelbild-300x300.jpg 300w, https:\/\/www.erweiterte-medizin.de\/wp-content\/uploads\/2018\/08\/Therapien-Titelbild-150x150.jpg 150w, https:\/\/www.erweiterte-medizin.de\/wp-content\/uploads\/2018\/08\/Therapien-Titelbild-65x65.jpg 65w, https:\/\/www.erweiterte-medizin.de\/wp-content\/uploads\/2018\/08\/Therapien-Titelbild.jpg 400w\" sizes=\"(max-width: 300px) 100vw, 300px\" \/><\/p>\n<p>Choroby nowotworowe i przewlek\u0142e, takie jak borelioza, stwardnienie rozsiane, choroba Parkinsona, choroba Alzheimera, mukowiscydoza, cukrzyca, reumatyzm, astma, choroba Crohna lub alergie s\u0105 zazwyczaj leczone w spos\u00f3b zorientowany na objawy. Oznacza to, \u017ce dzisiejsza medycyna zajmuje si\u0119 przede wszystkim \u0142agodzeniem objaw\u00f3w choroby, takich jak b\u00f3l, ale nie ma na celu badania przyczyn danej choroby, aby traktowa\u0107 j\u0105 jako tak\u0105 i idealnie j\u0105 leczy\u0107.<\/p>\n<p>W przeciwie\u0144stwie do tego, nasza dzia\u0142alno\u015b\u0107 polega na analizowaniu czynnik\u00f3w wywo\u0142uj\u0105cych poszczeg\u00f3lne choroby naszych pacjent\u00f3w za pomoc\u0105 kompleksowej diagnostyki, aby nast\u0119pnie leczy\u0107 ich w spos\u00f3b ukierunkowany na cel, stosuj\u0105c r\u00f3\u017cne sprawdzone formy terapii z zakresu medycyny ortodoksyjnej, medycyny uzupe\u0142niaj\u0105cej i naturopatii oraz cz\u0119\u015bciowo unikalne koncepcje lub kombinacje leczenia, a tak\u017ce oferowa\u0107 organizmowi pomoc w samopomocy.<\/p>\n<p>Nasz organizm ludzki posiada wiele mechanizm\u00f3w regulacyjnych i program\u00f3w (samo)uzdrawiania, kt\u00f3re mog\u0105 by\u0107 wspierane na wiele r\u00f3\u017cnych sposob\u00f3w. Kluczowe znaczenie ma tu &#8222;wiedza jak&#8221;. W Centrum Medycyny Zaawansowanej mo\u017cemy spojrze\u0107 wstecz na 40 lat do\u015bwiadczenia w tej dziedzinie i zaoferowa\u0107 Pa\u0144stwu tylko najlepsze i najbardziej obiecuj\u0105ce terapie i metody, kt\u00f3re daj\u0105 g\u0142\u0119bokie rezultaty.<\/p>\n<p>Pozw\u00f3l, \u017ce ci doradzimy. To tw\u00f3j pierwszy krok do powrotu do zdrowia.<\/p>\n","protected":false},"excerpt":{"rendered":"<p>Oferta terapeutyczna w Centrum Medycyny Zaawansowanej Unikalne koncepcje leczenia z zakresu medycyny ortodoksyjnej i medycyny komplementarnej poprzez zastosowanie kompleksowej diagnostyki. Choroby nowotworowe i przewlek\u0142e, takie jak borelioza, stwardnienie rozsiane, choroba Parkinsona, choroba Alzheimera, mukowiscydoza, cukrzyca, reumatyzm, astma, choroba Crohna lub alergie s\u0105 zazwyczaj leczone w spos\u00f3b zorientowany na objawy. Oznacza to, \u017ce dzisiejsza medycyna zajmuje&#8230;<\/p>\n","protected":false},"author":1,"featured_media":0,"parent":0,"menu_order":3,"comment_status":"closed","ping_status":"closed","template":"","meta":{"content-type":"","footnotes":""},"class_list":["post-15373","page","type-page","status-publish","hentry"],"_links":{"self":[{"href":"https:\/\/www.erweiterte-medizin.de\/pl\/wp-json\/wp\/v2\/pages\/15373"}],"collection":[{"href":"https:\/\/www.erweiterte-medizin.de\/pl\/wp-json\/wp\/v2\/pages"}],"about":[{"href":"https:\/\/www.erweiterte-medizin.de\/pl\/wp-json\/wp\/v2\/types\/page"}],"author":[{"embeddable":true,"href":"https:\/\/www.erweiterte-medizin.de\/pl\/wp-json\/wp\/v2\/users\/1"}],"replies":[{"embeddable":true,"href":"https:\/\/www.erweiterte-medizin.de\/pl\/wp-json\/wp\/v2\/comments?post=15373"}],"version-history":[{"count":0,"href":"https:\/\/www.erweiterte-medizin.de\/pl\/wp-json\/wp\/v2\/pages\/15373\/revisions"}],"wp:attachment":[{"href":"https:\/\/www.erweiterte-medizin.de\/pl\/wp-json\/wp\/v2\/media?parent=15373"}],"curies":[{"name":"wp","href":"https:\/\/api.w.org\/{rel}","templated":true}]}}