{"id":15376,"date":"2020-07-01T17:17:50","date_gmt":"2020-07-01T15:17:50","guid":{"rendered":"http:\/\/www.praxis-siebenhuener.com\/ermed\/?page_id=15376"},"modified":"2021-11-09T10:01:34","modified_gmt":"2021-11-09T09:01:34","slug":"terapia-ehp","status":"publish","type":"page","link":"https:\/\/www.erweiterte-medizin.de\/pl\/terapia-ehp\/","title":{"rendered":"Terapia EHP"},"content":{"rendered":"<h1>Nowo\u015b\u0107: Perfuzja hipertermii pozaustrojowej &#8211; EHP<sup>\u00ae<\/sup><\/h1>\n<h2>EHP\u00ae &#8211; Na ca\u0142ym \u015bwiecie nowa multimodalna procedura hipertermii<\/h2>\n<p><img decoding=\"async\" class=\"alignleft wp-image-15241 size-full\" src=\"https:\/\/www.erweiterte-medizin.de\/wp-content\/uploads\/2019\/08\/EHP-Hyperthermie-Therapie.jpg\" alt=\"Perfuzja hipertermii pozaustrojowej - EHP\" width=\"300\" height=\"300\" srcset=\"https:\/\/www.erweiterte-medizin.de\/wp-content\/uploads\/2019\/08\/EHP-Hyperthermie-Therapie.jpg 300w, https:\/\/www.erweiterte-medizin.de\/wp-content\/uploads\/2019\/08\/EHP-Hyperthermie-Therapie-150x150.jpg 150w, https:\/\/www.erweiterte-medizin.de\/wp-content\/uploads\/2019\/08\/EHP-Hyperthermie-Therapie-65x65.jpg 65w\" sizes=\"(max-width: 300px) 100vw, 300px\" \/>Extracorporeal Hyperthermia Perfusion &#8211; EHP<sup>\u00ae<\/sup> \u0142\u0105czy po raz pierwszy na \u015bwiecie elementy proceduralne hemoperfuzji, hipertermii, natleniania i aferezy w niezale\u017cn\u0105 procedur\u0119 terapeutyczn\u0105, kt\u00f3ra jest stosowana przy chorobach nowotworowych, boreliozie, ich infekcjach CO, licznych chorobach przewlek\u0142ych, chorobach autoimmunologicznych, a tak\u017ce przy masowym zanieczyszczeniu metalami ci\u0119\u017ckimi i chorobach z niego wynikaj\u0105cych. Dzi\u0119ki EHP<sup>\u00ae<\/sup> mo\u017cna skutecznie leczy\u0107 te i inne choroby, a jednocze\u015bnie z niewieloma efektami ubocznymi.<\/p>\n<p><strong>EHP<sup>\u00ae<\/sup> sk\u0142ada si\u0119 z nast\u0119puj\u0105cych element\u00f3w:<\/strong><\/p>\n<h3>1. Hemo-hypertermia<\/h3>\n<p>W przeciwie\u0144stwie do dotychczas stosowanych metod hipertermii, hemo-hypertermia nie ogrzewa cia\u0142a z zewn\u0105trz, lecz sam\u0105 krew do 40\u00b0 C do 42,0\u00b0 C i jest odprowadzana do organizmu.<\/p>\n<p>W terapii onkologicznej oznacza to, \u017ce a) leki cytostatyczne mog\u0105 by\u0107 podawane w znacznie wy\u017cszych st\u0119\u017ceniach ni\u017c w konwencjonalnej chemioterapii, zazwyczaj nawet bezpo\u015brednio do zaatakowanych narz\u0105d\u00f3w docelowych, a jednocze\u015bnie nadmiar lek\u00f3w cytostatycznych mo\u017ce by\u0107 usuni\u0119ty z organizmu po zako\u0144czeniu terapii przy u\u017cyciu specjalnej techniki. W ten spos\u00f3b, przy zwi\u0119kszonej skuteczno\u015bci lek\u00f3w cytostatycznych, pojawia si\u0119 mniej dzia\u0142a\u0144 niepo\u017c\u0105danych.<\/p>\n<h3>2. Hemoperfuzja<\/h3>\n<p>Hemoperfuzja jest zabiegiem, dzi\u0119ki kt\u00f3remu z krwi ludzkiego organizmu eliminowane s\u0105 zapalne i inne szkodliwe moleku\u0142y. W ten spos\u00f3b mo\u017cemy regulowa\u0107 metabolizm, wzmacnia\u0107 uk\u0142ad odporno\u015bciowy, a liczne strategie lekowe mog\u0105 by\u0107 bardziej skuteczne.<\/p>\n<p>Pracujemy tutaj z r\u00f3\u017cnymi technikami, kt\u00f3re mog\u0105, na przyk\u0142ad, usun\u0105\u0107 zanieczyszczenia metalami ci\u0119\u017ckimi w jednym zabiegu. Metale ci\u0119\u017ckie s\u0105 wcze\u015bniej chelatowane z tkanki do krwi za pomoc\u0105 wlew\u00f3w chelatorowych, dzi\u0119ki czemu ciep\u0142o maksymalizuje ten proces. Metale ci\u0119\u017ckie s\u0105 nast\u0119pnie filtrowane z krwi. To maksymalizuje skuteczno\u015b\u0107.<\/p>\n<p>Nasza forma hemoperfuzji jest odpowiednia do eliminacji przypadk\u00f3w sepsy (zatrucia krwi), ci\u0119\u017ckich stan\u00f3w zapalnych, cytokin i r\u00f3\u017cnych toksyn. Ponadto, u\u017cywamy go w leczeniu boreliozy, chor\u00f3b autoimmunologicznych, nowotwor\u00f3w, ryzyka niewydolno\u015bci wielonarz\u0105dowej, chor\u00f3b w\u0105troby, nerek, zespo\u0142u systemowej odpowiedzi zapalnej (SIRS) i chor\u00f3b p\u0142uc takich jak ARDS (zesp\u00f3\u0142 ostrej niewydolno\u015bci oddechowej) i wielu innych.<\/p>\n<h3>3. Hemoperfuzja z nadtlenkiem tlenu<\/h3>\n<p>Przy u\u017cyciu oksygenatora hemoperfuzja jest rozszerzona o jeden sk\u0142adnik. Technologia ta wywodzi\u0142a si\u0119 z chirurgii serca, ale obecnie jest r\u00f3wnie\u017c stosowana w innych dziedzinach terapeutycznych. Dzi\u0119ki dostawie tlenu medycznego mo\u017cliwe jest osi\u0105gni\u0119cie fizycznego nasycenia tlenem ponad 700% nawet w tkankach. Pozwala to na ponowne uruchomienie w\u0142asnych proces\u00f3w naprawy i regeneracji organizmu. Ponadto stymulowane jest tworzenie si\u0119 nowych naczy\u0144 krwiono\u015bnych, a toksyny mog\u0105 by\u0107 lepiej eliminowane z organizmu.<\/p>\n<p>Dzi\u0119ki EHP po raz pierwszy mo\u017cliwe jest utrzymanie temperatury do 42,0\u00b0 C w krwiobiegu stale w organizmie przez ponad 3 godziny. Pozwala to na bardzo skuteczne leczenie powy\u017cszych wskaza\u0144 &#8211; i wielu innych &#8211; przy niewielkim stresie dla pacjenta.<\/p>\n<p><strong>Z powodzeniem stosujemy EHP<sup>\u00ae<\/sup> w nast\u0119puj\u0105cych wskazaniach:<\/strong><\/p>\n<ul>\n<li>Choroby autoimmunologiczne (np. stwardnienie rozsiane, choroba Crohna, wrzodziej\u0105ce zapalenie okr\u0119\u017cnicy, zapalenie tarczycy Hashimoto)<\/li>\n<li>Choroba z Lyme<\/li>\n<li>Rak<\/li>\n<li>Choroby w\u0105troby<\/li>\n<li>Choroby p\u0142uc (ARDS)<\/li>\n<li>Choroby nerek<\/li>\n<li>Sepsa<\/li>\n<li>Podejrzenie niewydolno\u015bci wielonarz\u0105dowej<\/li>\n<li>Zanieczyszczenie metalami ci\u0119\u017ckimi<\/li>\n<li>Choroby reumatyczne (artretyzm, artroza, podagra, itp.)<\/li>\n<\/ul>\n<p><span style=\"color: #0f2e4d; font-weight: bold;\">Masz pytania lub chcia\u0142by\u015b uzyska\u0107 wi\u0119cej informacji na temat nowego EHP<sup>\u00ae<\/sup>? Prosz\u0119 do nas napisa\u0107 lub zadzwoni\u0107.<br \/>\nNasi pracownicy szybko i kompetentnie odpowiedz\u0105 na Pa\u0144stwa pro\u015bb\u0119. Ch\u0119tnie oddzwonimy do Pa\u0144stwa r\u00f3wnie\u017c telefonicznie, aby udzieli\u0107 Pa\u0144stwu indywidualnej porady.<br \/>\n<\/span><\/p>\n<div style=\"background: #C4ECFC; padding: 10px; margin-top: 20px;\">\n<p><span style=\"font-size: 20px; margin-bottom: 10px;\">Zapytaj nas<\/span><\/p>\n\n<div class=\"wpcf7 no-js\" id=\"wpcf7-f16504-o1\" lang=\"de-DE\" dir=\"ltr\" data-wpcf7-id=\"16504\">\n<div class=\"screen-reader-response\"><p role=\"status\" aria-live=\"polite\" aria-atomic=\"true\"><\/p> <ul><\/ul><\/div>\n<form action=\"\/pl\/wp-json\/wp\/v2\/pages\/15376#wpcf7-f16504-o1\" method=\"post\" class=\"wpcf7-form init\" aria-label=\"Kontaktformular\" novalidate=\"novalidate\" data-status=\"init\">\n<div style=\"display: none;\">\n<input type=\"hidden\" name=\"_wpcf7\" value=\"16504\" \/>\n<input type=\"hidden\" name=\"_wpcf7_version\" value=\"6.0.6\" \/>\n<input type=\"hidden\" name=\"_wpcf7_locale\" value=\"de_DE\" \/>\n<input type=\"hidden\" name=\"_wpcf7_unit_tag\" value=\"wpcf7-f16504-o1\" \/>\n<input type=\"hidden\" name=\"_wpcf7_container_post\" value=\"0\" \/>\n<input type=\"hidden\" name=\"_wpcf7_posted_data_hash\" value=\"\" \/>\n<input type=\"hidden\" name=\"_wpcf7_recaptcha_response\" value=\"\" \/>\n<\/div>\n<div style=\"background: #C4ECFC; padding: 10px; margin-top: 20px;\">\n\t<p><span style=\"font-size:13px;\"><b>*Wymagane pola<\/b><\/span>\n\t<\/p>\n\t<p><label> Twoje imi\u0119 (*)<br \/>\n<span class=\"wpcf7-form-control-wrap\" data-name=\"your-name\"><input size=\"40\" maxlength=\"400\" class=\"wpcf7-form-control wpcf7-text wpcf7-validates-as-required\" aria-required=\"true\" aria-invalid=\"false\" value=\"\" type=\"text\" name=\"your-name\" \/><\/span> <\/label>\n\t<\/p>\n\t<p><label> Tw\u00f3j adres email (*)<br \/>\n<span class=\"wpcf7-form-control-wrap\" data-name=\"your-email\"><input size=\"40\" maxlength=\"400\" class=\"wpcf7-form-control wpcf7-email wpcf7-validates-as-required wpcf7-text wpcf7-validates-as-email\" aria-required=\"true\" aria-invalid=\"false\" value=\"\" type=\"email\" name=\"your-email\" \/><\/span> <\/label>\n\t<\/p>\n\t<p><label> Tw\u00f3j numer telefonu (*)<br \/>\n<span class=\"wpcf7-form-control-wrap\" data-name=\"tel-698\"><input size=\"40\" maxlength=\"400\" class=\"wpcf7-form-control wpcf7-tel wpcf7-validates-as-required wpcf7-text wpcf7-validates-as-tel\" aria-required=\"true\" aria-invalid=\"false\" value=\"\" type=\"tel\" name=\"tel-698\" \/><\/span> <\/label>\n\t<\/p>\n\t<p><label> Przedmiot (*)<br \/>\n<span class=\"wpcf7-form-control-wrap\" data-name=\"your-subject\"><input size=\"40\" maxlength=\"400\" class=\"wpcf7-form-control wpcf7-text wpcf7-validates-as-required\" aria-required=\"true\" aria-invalid=\"false\" value=\"\" type=\"text\" name=\"your-subject\" \/><\/span> <\/label>\n\t<\/p>\n\t<p><label> Wiadomo\u015b\u0107 (*)<br \/>\n<span class=\"wpcf7-form-control-wrap\" data-name=\"your-message\"><textarea cols=\"40\" rows=\"10\" maxlength=\"2000\" class=\"wpcf7-form-control wpcf7-textarea wpcf7-validates-as-required\" aria-required=\"true\" aria-invalid=\"false\" name=\"your-message\"><\/textarea><\/span> <\/label>\n\t<\/p>\n\t<p><span id=\"wpcf7-69de5ab2d1683-wrapper\" class=\"wpcf7-form-control-wrap website-675-wrap\" ><input type=\"hidden\" name=\"website-675-time-start\" value=\"1776179890\"><input type=\"hidden\" name=\"website-675-time-check\" value=\"8\"><label for=\"wpcf7-69de5ab2d1683-field\" class=\"hp-message\">Bitte lasse dieses Feld leer.<\/label><input id=\"wpcf7-69de5ab2d1683-field\"  class=\"wpcf7-form-control wpcf7-text\" type=\"text\" name=\"website-675\" value=\"\" size=\"40\" tabindex=\"-1\" autocomplete=\"new-password\" \/><\/span>\n\t<\/p>\n\t<p><span class=\"wpcf7-form-control-wrap\" data-name=\"acceptance-938\"><span class=\"wpcf7-form-control wpcf7-acceptance\"><span class=\"wpcf7-list-item\"><label><input type=\"checkbox\" name=\"acceptance-938\" value=\"1\" aria-invalid=\"false\" \/><span class=\"wpcf7-list-item-label\">(*) Tak, wyra\u017cam zgod\u0119 na przetwarzanie moich danych osobowych - zgodnie z rozporz\u0105dzeniem Generalnego Ochrony Danych (PKBR) - aby proces odpowiedzi na to \u017c\u0105danie. (Twoje dane b\u0119d\u0105 traktowane jako poufne.)<\/span><\/label><\/span><\/span><\/span>\n\t<\/p>\n\t<p><input class=\"wpcf7-form-control wpcf7-submit has-spinner\" type=\"submit\" value=\"Wy\u015blij wiadomo\u015b\u0107\" \/>\n\t<\/p>\n<\/div><div class=\"wpcf7-response-output\" aria-hidden=\"true\"><\/div>\n<\/form>\n<\/div>\n\n<\/div>\n","protected":false},"excerpt":{"rendered":"<p>Nowo\u015b\u0107: Perfuzja hipertermii pozaustrojowej &#8211; EHP\u00ae EHP\u00ae &#8211; Na ca\u0142ym \u015bwiecie nowa multimodalna procedura hipertermii Extracorporeal Hyperthermia Perfusion &#8211; EHP\u00ae \u0142\u0105czy po raz pierwszy na \u015bwiecie elementy proceduralne hemoperfuzji, hipertermii, natleniania i aferezy w niezale\u017cn\u0105 procedur\u0119 terapeutyczn\u0105, kt\u00f3ra jest stosowana przy chorobach nowotworowych, boreliozie, ich infekcjach CO, licznych chorobach przewlek\u0142ych, chorobach autoimmunologicznych, a tak\u017ce przy&#8230;<\/p>\n","protected":false},"author":1,"featured_media":15379,"parent":0,"menu_order":0,"comment_status":"closed","ping_status":"closed","template":"","meta":{"content-type":"","footnotes":""},"class_list":["post-15376","page","type-page","status-publish","has-post-thumbnail","hentry"],"_links":{"self":[{"href":"https:\/\/www.erweiterte-medizin.de\/pl\/wp-json\/wp\/v2\/pages\/15376"}],"collection":[{"href":"https:\/\/www.erweiterte-medizin.de\/pl\/wp-json\/wp\/v2\/pages"}],"about":[{"href":"https:\/\/www.erweiterte-medizin.de\/pl\/wp-json\/wp\/v2\/types\/page"}],"author":[{"embeddable":true,"href":"https:\/\/www.erweiterte-medizin.de\/pl\/wp-json\/wp\/v2\/users\/1"}],"replies":[{"embeddable":true,"href":"https:\/\/www.erweiterte-medizin.de\/pl\/wp-json\/wp\/v2\/comments?post=15376"}],"version-history":[{"count":0,"href":"https:\/\/www.erweiterte-medizin.de\/pl\/wp-json\/wp\/v2\/pages\/15376\/revisions"}],"wp:featuredmedia":[{"embeddable":true,"href":"https:\/\/www.erweiterte-medizin.de\/pl\/wp-json\/wp\/v2\/media\/15379"}],"wp:attachment":[{"href":"https:\/\/www.erweiterte-medizin.de\/pl\/wp-json\/wp\/v2\/media?parent=15376"}],"curies":[{"name":"wp","href":"https:\/\/api.w.org\/{rel}","templated":true}]}}