{"id":15381,"date":"2020-07-01T17:25:01","date_gmt":"2020-07-01T15:25:01","guid":{"rendered":"http:\/\/www.praxis-siebenhuener.com\/ermed\/?page_id=15381"},"modified":"2020-07-07T17:20:30","modified_gmt":"2020-07-07T15:20:30","slug":"alternatywne-terapie-onkologiczne","status":"publish","type":"page","link":"https:\/\/www.erweiterte-medizin.de\/pl\/terapie\/alternatywne-terapie-onkologiczne\/","title":{"rendered":"Alternatywne terapie onkologiczne"},"content":{"rendered":"<h1>Alternatywne Terapie Raka &#8211; Koncentracja w Centrum Medycyny Zaawansowanej<\/h1>\n<h2>Nasze indywidualne i najnowocze\u015bniejsze koncepcje leczenia wspieraj\u0105 naszych pacjent\u00f3w z ca\u0142ego \u015bwiata.<\/h2>\n<p><img decoding=\"async\" class=\"alignleft size-medium wp-image-14313\" src=\"https:\/\/www.erweiterte-medizin.de\/wp-content\/uploads\/2018\/08\/alternative-krebstherapien-titelbild-300x300.jpg\" alt=\"Alternative Krebstherapien\" width=\"300\" height=\"300\" \/><\/p>\n<p>W leczeniu nowotwor\u00f3w, alternatywne terapie onkologiczne s\u0105 opisane jako medycyna komplementarna do powszechnie stosowanych standardowych procedur chemioterapii i radioterapii i s\u0105 stosowane w celu wsparcia i uzupe\u0142nienia terapii prowadzonych w medycynie konwencjonalnej.<\/p>\n<p>Alternatywne terapie onkologiczne koncentruj\u0105 si\u0119 z jednej strony na aktywacji w\u0142asnych si\u0142 organizmu w celu lepszego zaatakowania guza, a z drugiej strony na zmniejszeniu czasami masywnych skutk\u00f3w ubocznych i nast\u0119pczych klasycznych terapii. W naszym uzupe\u0142niaj\u0105cym o\u015brodku onkologicznym medycyny zaawansowanej od ponad 40 lat skupiamy si\u0119 na holistycznej terapii pacjent\u00f3w z nowotworami, realizuj\u0105c przede wszystkim nast\u0119puj\u0105ce cele:<\/p>\n<ul>\n<li>Wzmocnienie lub odbudowa uk\u0142adu odporno\u015bciowego pacjenta<\/li>\n<li>Zwi\u0119kszenie szans na wyzdrowienie dodatkowo do medycyny konwencjonalnej (chirurgia, chemioterapia, promieniowanie)<\/li>\n<li>Zapobieganie nawrotom choroby lub przerzutom<\/li>\n<li>Z\u0142agodzenie skutk\u00f3w ubocznych terapii konwencjonalnych<\/li>\n<li>Poprawa jako\u015bci \u017cycia<\/li>\n<\/ul>\n<p>Terapia holistyczna jest w stanie zainicjowa\u0107 proces regeneracji i osi\u0105gn\u0105\u0107 trwa\u0142y sukces leczniczy poprzez po\u0142\u0105czenie metod terapii biologicznej z konwencjonalnymi metodami leczenia.<\/p>\n<h2>\u015acie\u017cka terapii holistycznej: Po\u0142\u0105czenie medycyny komplementarnej z medycyn\u0105 konwencjonaln\u0105<\/h2>\n<p>Stosujemy zar\u00f3wno alternatywne terapie onkologiczne, jak i klasyczn\u0105 chemioterapi\u0119 oraz towarzyszymy zabiegom leczniczym medycyny konwencjonalnej z biologicznymi terapiami onkologicznymi. Nasza holistyczna koncepcja leczenia jest zawsze indywidualnie dopasowana do pacjenta i sk\u0142ada si\u0119 z istotnych element\u00f3w sk\u0142adowych:<\/p>\n<ul>\n<li>Hyperthermia<\/li>\n<li>Terapia wspomagana insulin\u0105 (IPT)<\/li>\n<li>Galwanoterapia<\/li>\n<li>Terapia fotodynamiczna (PDT)<\/li>\n<\/ul>\n<p>Nie postrzegamy biologicznej terapii nowotworowej jako zwyk\u0142ej alternatywy, ale jako wa\u017cny filar w leczeniu nowotwor\u00f3w, poniewa\u017c droga natury jest pierwszym wyborem zar\u00f3wno w profilaktyce, jak i w zwalczaniu ostrego cierpienia. Chocia\u017c konwencjonalna chemioterapia jest skierowana przeciwko kom\u00f3rkom nowotworowym, wp\u0142ywa r\u00f3wnie\u017c na kom\u00f3rki zdrowe, poniewa\u017c czynniki cytotoksyczne nie s\u0105 w stanie ich rozr\u00f3\u017cni\u0107. Z drugiej strony, w ramach biologicznej terapii nowotwor\u00f3w, klasyczne metody medycyny konwencjonalnej mog\u0105 by\u0107 stosowane w bardziej ukierunkowanych i znacznie mniejszych dawkach. Zazwyczaj zdrowe kom\u00f3rki nie s\u0105 przez to uszkadzane, co oznacza, \u017ce efekty uboczne mog\u0105 by\u0107 zredukowane do minimum, a leczenie jest znacznie bardziej tolerancyjne dla pacjenta.<\/p>\n<h3>Wskazania do biologicznego leczenia nowotwor\u00f3w<\/h3>\n<p>Skuteczno\u015b\u0107 metod terapii naturalnej bez toksycznych skutk\u00f3w ubocznych zosta\u0142a ju\u017c udowodniona w wielu klinikach i badaniach na ca\u0142ym \u015bwiecie. Z tego powodu \u0142\u0105czymy biologiczn\u0105 terapi\u0119 nowotworow\u0105 z konwencjonalnymi metodami medycznymi w zale\u017cno\u015bci od potrzeb. Mo\u017ce by\u0107 stosowany do nast\u0119puj\u0105cych rodzaj\u00f3w nowotwor\u00f3w:<\/p>\n<ul>\n<li>Rak piersi (Mammakarzinom)<\/li>\n<li>Rak p\u0142uc ((Bronchialkarzinom)<\/li>\n<li>Rak gruczo\u0142u krokowego<\/li>\n<li>Rak trzustki (Pankreaskarzinom)<\/li>\n<li>Rak jelita grubego (Kolorektales Karzinom)<\/li>\n<li>Rak odbytnicy (Rektumkarzinom)<\/li>\n<li>Rak sk\u00f3ry<\/li>\n<li>Rak szyjki macicy (Zervicalkarzinom)<\/li>\n<li>Rak macicy (Uteruskarzinom)<\/li>\n<li>Rak jajnika (Ovarialkarzinom)<\/li>\n<li>Guzy m\u00f3zgu<\/li>\n<li>Rak w\u0105troby (Hepatozellul\u00e4res Karzinom)<\/li>\n<li>Rak \u015bledziony<\/li>\n<li>Rak p\u0119cherza moczowego<\/li>\n<li>Rak \u017co\u0142\u0105dka<\/li>\n<li>Ch\u0142oniak Hodgkina<\/li>\n<li>Ch\u0142oniak nieziarniczy (Non-Hodgkin&#8217;s lymphoma)<\/li>\n<li>Rak pochwy (Vulvakarzinom)<\/li>\n<\/ul>\n<h4>Indywidualna, biologiczna terapia raka<\/h4>\n<p>Przyczyny raka s\u0105 bardzo r\u00f3\u017cne &#8211; liczy si\u0119 tu zawsze leczenie dok\u0142adnie dostosowane do potrzeb pacjenta. Z pomoc\u0105 najnowszych analiz badawczych mo\u017cemy potraktowa\u0107 Pa\u0144stwa osobi\u015bcie i konkretnie. Na podstawie wynik\u00f3w bada\u0144 laboratoryjnych opracowujemy schemat leczenia z mo\u017cliwie najmniejszymi skutkami ubocznymi dla naszych pacjent\u00f3w.<\/p>\n<p>Ponadto masz mo\u017cliwo\u015b\u0107 przeprowadzenia sensownego badania chemosensitivity, kt\u00f3re dostarcza informacji o medycznym \u015brodku chemioterapeutycznym lub alternatywnym biologicznym leku na raka, kt\u00f3ry dzia\u0142a najlepiej dla Ciebie. W zamian za to nieskuteczne leki medyczne s\u0105 w ten spos\u00f3b wykluczone. Podczas leczenia nowotwor\u00f3w stale monitorujemy r\u00f3wnie\u017c skuteczno\u015b\u0107 terapii przy pomocy dobrze uzasadnionych warto\u015bci laboratoryjnych, tworz\u0105c w ten spos\u00f3b podstaw\u0119 do uzyskania najlepszych mo\u017cliwych wynik\u00f3w leczenia. W ten spos\u00f3b mo\u017cemy r\u00f3wnie\u017c zidentyfikowa\u0107 s\u0142abe punkty twojego organizmu. Deficyty mog\u0105 by\u0107 wtedy konkretnie pokryte przez wlewy wspomagaj\u0105ce terapi\u0119, z kt\u00f3rych cz\u0119\u015b\u0107 produkujemy r\u00f3wnie\u017c dla siebie i dla poszczeg\u00f3lnych pacjent\u00f3w.<\/p>\n<p>W ci\u0105gu ostatnich 40 lat uda\u0142o nam si\u0119 wesprze\u0107 wiele tysi\u0119cy pacjent\u00f3w z ca\u0142ego \u015bwiata nasz\u0105 holistyczn\u0105 metodologi\u0105 leczenia chor\u00f3b nowotworowych i zawsze jeste\u015bmy szcz\u0119\u015bliwi mog\u0105c Pa\u0144stwu pom\u00f3c.<\/p>\n","protected":false},"excerpt":{"rendered":"<p>Alternatywne Terapie Raka &#8211; Koncentracja w Centrum Medycyny Zaawansowanej Nasze indywidualne i najnowocze\u015bniejsze koncepcje leczenia wspieraj\u0105 naszych pacjent\u00f3w z ca\u0142ego \u015bwiata. W leczeniu nowotwor\u00f3w, alternatywne terapie onkologiczne s\u0105 opisane jako medycyna komplementarna do powszechnie stosowanych standardowych procedur chemioterapii i radioterapii i s\u0105 stosowane w celu wsparcia i uzupe\u0142nienia terapii prowadzonych w medycynie konwencjonalnej. Alternatywne terapie&#8230;<\/p>\n","protected":false},"author":1,"featured_media":0,"parent":15373,"menu_order":0,"comment_status":"closed","ping_status":"closed","template":"","meta":{"content-type":"","footnotes":""},"class_list":["post-15381","page","type-page","status-publish","hentry"],"_links":{"self":[{"href":"https:\/\/www.erweiterte-medizin.de\/pl\/wp-json\/wp\/v2\/pages\/15381"}],"collection":[{"href":"https:\/\/www.erweiterte-medizin.de\/pl\/wp-json\/wp\/v2\/pages"}],"about":[{"href":"https:\/\/www.erweiterte-medizin.de\/pl\/wp-json\/wp\/v2\/types\/page"}],"author":[{"embeddable":true,"href":"https:\/\/www.erweiterte-medizin.de\/pl\/wp-json\/wp\/v2\/users\/1"}],"replies":[{"embeddable":true,"href":"https:\/\/www.erweiterte-medizin.de\/pl\/wp-json\/wp\/v2\/comments?post=15381"}],"version-history":[{"count":0,"href":"https:\/\/www.erweiterte-medizin.de\/pl\/wp-json\/wp\/v2\/pages\/15381\/revisions"}],"up":[{"embeddable":true,"href":"https:\/\/www.erweiterte-medizin.de\/pl\/wp-json\/wp\/v2\/pages\/15373"}],"wp:attachment":[{"href":"https:\/\/www.erweiterte-medizin.de\/pl\/wp-json\/wp\/v2\/media?parent=15381"}],"curies":[{"name":"wp","href":"https:\/\/api.w.org\/{rel}","templated":true}]}}