{"id":15384,"date":"2020-07-01T17:36:07","date_gmt":"2020-07-01T15:36:07","guid":{"rendered":"http:\/\/www.praxis-siebenhuener.com\/ermed\/?page_id=15384"},"modified":"2021-11-02T14:41:03","modified_gmt":"2021-11-02T13:41:03","slug":"terapia-z-wykorzystaniem-potencjalu-insuliny","status":"publish","type":"page","link":"https:\/\/www.erweiterte-medizin.de\/pl\/terapie\/alternatywne-terapie-onkologiczne\/terapia-z-wykorzystaniem-potencjalu-insuliny\/","title":{"rendered":"Terapia z wykorzystaniem potencja\u0142u insuliny"},"content":{"rendered":"<h1>Terapia z wykorzystaniem insuliny (IPT)<\/h1>\n<h2>Dzi\u0119ki IPT leczymy raka i borelioz\u0119 delikatnie i bez typowych dla klasycznej chemioterapii skutk\u00f3w ubocznych<\/h2>\n<p><img decoding=\"async\" class=\"alignleft size-medium wp-image-14318\" src=\"https:\/\/www.erweiterte-medizin.de\/wp-content\/uploads\/2018\/08\/Insulin-Potenzierte-Therapie-Titelbild-300x300.jpg\" alt=\"Terapia z wykorzystaniem insuliny (IPT)\" width=\"300\" height=\"300\" srcset=\"https:\/\/www.erweiterte-medizin.de\/wp-content\/uploads\/2018\/08\/Insulin-Potenzierte-Therapie-Titelbild-300x300.jpg 300w, https:\/\/www.erweiterte-medizin.de\/wp-content\/uploads\/2018\/08\/Insulin-Potenzierte-Therapie-Titelbild-150x150.jpg 150w, https:\/\/www.erweiterte-medizin.de\/wp-content\/uploads\/2018\/08\/Insulin-Potenzierte-Therapie-Titelbild-65x65.jpg 65w, https:\/\/www.erweiterte-medizin.de\/wp-content\/uploads\/2018\/08\/Insulin-Potenzierte-Therapie-Titelbild.jpg 400w\" sizes=\"(max-width: 300px) 100vw, 300px\" \/><\/p>\n<p>Insulin Potentiated Therapy, w skr\u00f3cie IPT, jest delikatn\u0105 metod\u0105 leczenia pacjent\u00f3w chorych na raka w po\u0142\u0105czeniu z konwencjonaln\u0105 chemioterapi\u0105. R\u00f3\u017cnica pomi\u0119dzy IPT a tradycyjnym leczeniem nowotworowym z chemioterapi\u0105 polega na minimalizacji efekt\u00f3w ubocznych przy jednoczesnej optymalizacji skuteczno\u015bci stosowanych lek\u00f3w cytostatycznych. Ponadto, IPT jest stosowany do skutecznego leczenia boreliozy, chor\u00f3b reumatycznych, jak r\u00f3wnie\u017c chor\u00f3b wirusowych i przewlek\u0142ych.<\/p>\n<p>G\u0142\u00f3wn\u0105 rol\u0119 w IPT odgrywa insulina. Ten endogenny hormon jest produkowany w trzustce i s\u0142u\u017cy do transportu sk\u0142adnik\u00f3w od\u017cywczych z krwi do kom\u00f3rek. Odpowiednio, insulina jest otwieraczem drzwi, kt\u00f3ry sprawia, \u017ce b\u0142ony kom\u00f3rkowe (zewn\u0119trzna pow\u0142oka kom\u00f3rek) s\u0105 przepuszczalne. Je\u015bli nie ma wystarczaj\u0105cej ilo\u015bci insuliny, nie mo\u017ce doj\u015b\u0107 do zaopatrzenia w sk\u0142adniki od\u017cywcze, a tym samym nawet zdrowe kom\u00f3rki szybko cierpi\u0105 na niedobory sk\u0142adnik\u00f3w od\u017cywczych, jak to ma miejsce np. w przypadku cukrzycy.<\/p>\n<p>Poniewa\u017c insulina jest og\u00f3lnym otwieraczem drzwi kom\u00f3rek, oznacza to, \u017ce hormon ten mo\u017ce by\u0107 stosowany do wprowadzania do kom\u00f3rek nie tylko sk\u0142adnik\u00f3w od\u017cywczych, ale tak\u017ce innych substancji, takich jak leki, w bardzo specyficzny i dobrze dozowany spos\u00f3b.<\/p>\n<h3>Hormonalna insulina i jej rola w raku<\/h3>\n<p>Dlaczego i jak rozwija si\u0119 rak wci\u0105\u017c nie jest w pe\u0142ni zrozumia\u0142y. Jednak faktem jest, \u017ce zdrowe kom\u00f3rki nagle mutuj\u0105 i nie podlegaj\u0105 ju\u017c normalnym zasadom zdrowych kom\u00f3rek z powodu autonomicznego, pozornie przypadkowego i destrukcyjnego wzrostu. Te zdegenerowane kom\u00f3rki zaczynaj\u0105 si\u0119 rozmna\u017ca\u0107 i tworz\u0105 guzy. W przeciwie\u0144stwie do kom\u00f3rek zdrowych, kom\u00f3rki nowotworowe \u017cywi\u0105 si\u0119 prawie wy\u0142\u0105cznie glukoz\u0105 (dekstroz\u0105) i w zwi\u0105zku z tym tworz\u0105 znacznie wi\u0119cej tak zwanych &#8222;receptor\u00f3w insulinowych&#8221; na swojej b\u0142onie kom\u00f3rkowej, tj. drzwi dla insuliny, ni\u017c zdrowe kom\u00f3rki. W zale\u017cno\u015bci od rodzaju raka, kom\u00f3rki nowotworowe mog\u0105 wch\u0142on\u0105\u0107 do 20 razy wi\u0119cej sk\u0142adnik\u00f3w od\u017cywczych ni\u017c zdrowe kom\u00f3rki &#8211; pchaj\u0105 si\u0119 do przodu, \u017ce tak powiem, podczas wch\u0142aniania sk\u0142adnik\u00f3w od\u017cywczych i &#8222;bior\u0105 wszystko, co mog\u0105 dosta\u0107&#8221;, m\u00f3wi\u0105c delikatnie. Ponadto, kom\u00f3rki nowotworowe dziel\u0105 si\u0119, w celu rozmna\u017cania, znacznie cz\u0119\u015bciej ni\u017c normalne kom\u00f3rki. W zale\u017cno\u015bci od agresywno\u015bci rodzaju nowotworu, fazy odpoczynku i podzia\u0142u nawet naprzemiennie kilka razy dziennie.<\/p>\n<h3>Chemioterapia konwencjonalna<\/h3>\n<p>R\u00f3\u017cne standardowe chemioterapie s\u0105 obecnie stosowane na ca\u0142ym \u015bwiecie w leczeniu nowotwor\u00f3w. Do tego celu u\u017cywa si\u0119 tak zwanych lek\u00f3w cytostatycznych. S\u0105 to naturalne lub syntetyczne substancje, kt\u00f3re s\u0105 niezwykle toksyczne dla organizmu i maj\u0105 za zadanie hamowa\u0107 wzrost i podzia\u0142 kom\u00f3rek. Problem polega na tym, \u017ce substancje stosowane w konwencjonalnej chemioterapii s\u0105 destrukcyjne nie tylko dla walcz\u0105cych z rakiem kom\u00f3rek, ale tak\u017ce dla zdrowych kom\u00f3rek. Powoduj\u0105 one r\u00f3wnie\u017c masywne uszkodzenia innych proces\u00f3w metabolicznych zwi\u0105zanych z szybko rosn\u0105cymi kom\u00f3rkami, takimi jak kom\u00f3rki cebulki w\u0142osa, b\u0142ona \u015bluzowa jamy ustnej, \u017co\u0142\u0105dka i jelit. W zwi\u0105zku z tym obci\u0105\u017cenie jednym przebiegiem chemioterapii jest dla pacjenta tak du\u017ce, \u017ce z regu\u0142y nale\u017cy przestrzega\u0107 oko\u0142o sze\u015bciotygodniowej przerwy do nast\u0119pnego podania &#8211; w przeciwnym razie organizm pacjenta skapitulowa\u0142by wy\u0142\u0105cznie z powodu skutk\u00f3w ubocznych chemioterapii (a nie z powodu samego raka). Jednak podczas tej sze\u015bciotygodniowej przerwy pozosta\u0142e kom\u00f3rki nowotworowe maj\u0105 mn\u00f3stwo czasu, aby podzieli\u0107 si\u0119 i ponownie si\u0119 rozmno\u017cy\u0107, rozmna\u017ca\u0107 i tworzy\u0107 kom\u00f3rki c\u00f3rki (tzw. przerzuty). Jest to wi\u0119c walka z czasem &#8211; z niepewnym wynikiem.<\/p>\n<h3>Terapia z zastosowaniem insuliny &#8211; delikatna alternatywa dla klasycznej chemioterapii<\/h3>\n<p><img decoding=\"async\" class=\"alignleft size-medium wp-image-14515\" src=\"https:\/\/www.erweiterte-medizin.de\/wp-content\/uploads\/2018\/08\/IPT-Chemo-300x300.jpg\" alt=\"Die Insulin-Potenzierte Therapie \u2013 eine sanfte Alternative zur klassischen Chemotherapie\" width=\"300\" height=\"300\" srcset=\"https:\/\/www.erweiterte-medizin.de\/wp-content\/uploads\/2018\/08\/IPT-Chemo-300x300.jpg 300w, https:\/\/www.erweiterte-medizin.de\/wp-content\/uploads\/2018\/08\/IPT-Chemo-150x150.jpg 150w, https:\/\/www.erweiterte-medizin.de\/wp-content\/uploads\/2018\/08\/IPT-Chemo-65x65.jpg 65w, https:\/\/www.erweiterte-medizin.de\/wp-content\/uploads\/2018\/08\/IPT-Chemo.jpg 400w\" sizes=\"(max-width: 300px) 100vw, 300px\" \/><\/p>\n<p>W przeciwie\u0144stwie do terapii z zastosowaniem insuliny, kt\u00f3ra wykorzystuje insulin\u0119 na b\u0142onach kom\u00f3rkowych kom\u00f3rek nowotworowych do otwarcia drzwi, leki cytostatyczne i inne substancje mog\u0105 by\u0107 wprowadzane do organizmu w znacznie mniejszych dawkach ni\u017c w konwencjonalnej chemioterapii.<\/p>\n<p>Zalety: Poniewa\u017c potrzebne jest tylko 10 &#8211; ok. 20% niezb\u0119dnych w innym przypadku lek\u00f3w cytostatycznych lub innych lek\u00f3w, efekty uboczne s\u0105 znacznie zmniejszone, a pacjent mo\u017ce otrzyma\u0107 leczenie w szybszej kolejno\u015bci (zazwyczaj raz lub nawet dwa razy w tygodniu). W ten spos\u00f3b kom\u00f3rki nowotworowe maj\u0105 znacznie mniej czasu na regeneracj\u0119 i dalsze rozmna\u017canie si\u0119.<\/p>\n<p>W ten spos\u00f3b lekarz lecz\u0105cy si\u0119 IPT, zamiast jak zwykle i koniecznie przy konwencjonalnej chemioterapii orientowa\u0107 si\u0119 na ci\u0119\u017car skutk\u00f3w ubocznych, mo\u017ce skoncentrowa\u0107 si\u0119 na samym zwalczaniu raka. Nale\u017cy przy tym zauwa\u017cy\u0107, \u017ce IPT mo\u017ce by\u0107 w stanie ca\u0142kowicie zniszczy\u0107 kolonie kom\u00f3rek nowotworowych, szczeg\u00f3lnie w przypadku mniejszych guz\u00f3w (np. raka piersi bez przerzut\u00f3w). Im bardziej zaawansowana jest choroba, tym trudniej i d\u0142ugotrwale jest zatrzyma\u0107 raka za pomoc\u0105 IPT.<\/p>\n<p>Tak jak w przypadku konwencjonalnej chemioterapii, tak i w przypadku chemioterapii konwencjonalnej konieczne jest zawsze wcze\u015bniejsze postawienie indywidualnej diagnozy i okre\u015blenie ex vivo odpowiedniej skuteczno\u015bci dost\u0119pnych dla pacjenta lek\u00f3w cytostatycznych.<\/p>\n<h3>Terapia z zastosowaniem insuliny na borelioz\u0119 i inne choroby<\/h3>\n<p>IPT jest stosowany przede wszystkim jako delikatna chemioterapia w leczeniu raka. Jednak\u017ce IPT mo\u017ce by\u0107 r\u00f3wnie\u017c bardzo korzystny dla innych trwa\u0142ych chor\u00f3b, kt\u00f3re s\u0105 trudne do wyleczenia.<\/p>\n<p>Borelioza z Lyme (znana r\u00f3wnie\u017c jako borelioza z Lyme, lub borelioza z Lyme, lub borelioza z Lyme w swoich podkategoriach) jest wielosystemow\u0105 chorob\u0105 zaka\u017an\u0105, kt\u00f3ra mo\u017ce mie\u0107 wp\u0142yw na ka\u017cdy narz\u0105d, uk\u0142ad nerwowy cz\u0142owieka, stawy i r\u00f3\u017cne tkanki. Przenoszenie tej delikatnej choroby, cz\u0119sto trudnej do zdiagnozowania, odbywa si\u0119 w naszej szczelinie r\u00f3wnole\u017cnikowej prawie wy\u0142\u0105cznie za po\u015brednictwem gatunku kleszcza zwanego kleszczem drzewnym (w rzadkich przypadkach r\u00f3wnie\u017c przez komary lub ko\u0144skie muchy). W przypadku choroby, poza infekcjami, istniej\u0105 zazwyczaj inne szczepy, kt\u00f3re musz\u0105 by\u0107 zarejestrowane. Tylko mnogo\u015b\u0107 mo\u017cliwych &#8222;szkodliwych czynnik\u00f3w&#8221; os\u0142abia indywidualny uk\u0142ad odporno\u015bciowy na tyle trwale, \u017ce choroba mo\u017ce wybuchn\u0105\u0107.<\/p>\n<p>Po wybuchu choroby z Lyme pacjent cierpi na liczne objawy i dolegliwo\u015bci, takie jak przewlek\u0142e b\u00f3le g\u0142owy, ci\u0105g\u0142e wyczerpanie, dolegliwo\u015bci sercowe i polineuropatia a\u017c do parali\u017cu.<\/p>\n<p>Powszechne leczenie boreliozy jest zwykle wykonywane przy u\u017cyciu antybiotyk\u00f3w. Jednak\u017ce, tak jak w przypadku klasycznej chemioterapii w leczeniu nowotwor\u00f3w, konwencjonalna antybiotykoterapia, kt\u00f3ra zazwyczaj podawana jest przez okres kilku miesi\u0119cy, prowadzi do r\u00f3\u017cnych dzia\u0142a\u0144 niepo\u017c\u0105danych, kt\u00f3re dodatkowo os\u0142abiaj\u0105 organizm pacjenta. Tak wi\u0119c w przypadku terapii konwencjonalnej efekty negatywne cz\u0119sto znacznie przewy\u017cszaj\u0105 po\u017c\u0105dane efekty pozytywne.<\/p>\n<p>R\u00f3wnie\u017c tutaj insulina pomaga wprowadzi\u0107 do kom\u00f3rek tylko u\u0142amek ilo\u015bci starannie dobranych antybiotyk\u00f3w. To w\u0142a\u015bnie tutaj &#8222;chowaj\u0105 si\u0119&#8221; bakterie Borrelia i nie mo\u017cna do nich dotrze\u0107 za pomoc\u0105 konwencjonalnej antybiotykoterapii.<\/p>\n<p>To samo odnosi si\u0119 do tych chor\u00f3b, kt\u00f3re opieraj\u0105 si\u0119 na przewlek\u0142ej infekcji. Nale\u017c\u0105 do nich choroby reumatyczne, takie jak chroniczna artroza i zapalenie staw\u00f3w. Do wielu bakterii i wirus\u00f3w nie mo\u017cna dotrze\u0107 przy pomocy znanych dzi\u015b metod terapii, a tym samym nie mo\u017cna ich wyeliminowa\u0107.<\/p>\n<p>Z kolei IPT zapewnia, \u017ce te patogeny mog\u0105 by\u0107 namierzone wewn\u0105trz kom\u00f3rek i zaatakowane lub unieszkodliwione z dok\u0142adno\u015bci\u0105 do punktu, dzi\u0119ki insulinie, kt\u00f3ra dzia\u0142a jak rodzaj &#8222;konia troja\u0144skiego&#8221;.<\/p>\n<p>Centrum Medycyny Zaawansowanej od lat z powodzeniem stosuje IPT. Zostali\u015bmy starannie i obszernie przeszkoleni na arenie mi\u0119dzynarodowej w zakresie stosowania IPT i w zwi\u0105zku z tym posiadamy niezb\u0119dne do\u015bwiadczenie i pewno\u015b\u0107 siebie, aby stosowa\u0107 IPT w najlepszy mo\u017cliwy i indywidualny spos\u00f3b.<\/p>\n<p><span style=\"font-weight: bold;\">Nast\u0119puj\u0105ce dolegliwo\u015bci i choroby mog\u0105 by\u0107 leczone za pomoc\u0105 terapii z u\u017cyciem insuliny:<\/span><\/p>\n<ul>\n<li>Lupus Erythematodes<\/li>\n<li>Wrzodziej\u0105ce zapalenie jelita grubego<\/li>\n<li>Skleroza mnoga<\/li>\n<li>Hashimoto (choroba tarczycy)<\/li>\n<li>Choroby nowotworowe<\/li>\n<li>Borelioza<\/li>\n<li>Choroby formy reumatycznej<\/li>\n<\/ul>\n<h3>Procedura leczenia terapii z zastosowaniem insuliny wzmocnionej<\/h3>\n<p>Po dok\u0142adnej anamnezie i wyborze lek\u00f3w chemioterapeutycznych lub innych lek\u00f3w, pacjent przychodzi do gabinetu na pusty \u017co\u0142\u0105dek po um\u00f3wionym spotkaniu. Poszczenie jest konieczne, poniewa\u017c we krwi nie powinno by\u0107 \u017cadnych lub tylko kilka sk\u0142adnik\u00f3w od\u017cywczych, a kom\u00f3rki, szczeg\u00f3lnie kom\u00f3rki nowotworowe, pilnie czekaj\u0105 na nowe sk\u0142adniki od\u017cywcze.<\/p>\n<p>Lekarz wstrzykuje pacjentowi wst\u0119pnie obliczon\u0105 ilo\u015b\u0107 insuliny. Daje to kom\u00f3rkom z\u0142udzenie, \u017ce nowe sk\u0142adniki od\u017cywcze s\u0105 obecne, a kom\u00f3rki zaczynaj\u0105 si\u0119 otwiera\u0107. Poniewa\u017c kom\u00f3rki nowotworowe maj\u0105 znacznie wi\u0119cej receptor\u00f3w insulinowych ni\u017c zdrowe kom\u00f3rki, mog\u0105 one wch\u0142on\u0105\u0107 od pi\u0119ciu do dwudziestu razy wi\u0119cej insuliny, w zale\u017cno\u015bci od rodzaju nowotworu. Po rozprowadzeniu insuliny we krwi, podawane s\u0105 odpowiednie leki cytostatyczne lub leki.<\/p>\n<p>Ko\u0144 troja\u0144ski&#8221; przenika w ten spos\u00f3b do \u015brodka terytorium wroga i walczy z kom\u00f3rkami rakowymi lub wirusami czy bakteriami ukrytymi wewn\u0105trz kom\u00f3rek z najwy\u017csz\u0105 precyzj\u0105 i moc\u0105.<\/p>\n<p>Na zako\u0144czenie sesji terapeutycznej pacjent otrzymuje nap\u00f3j cukrowy, a lekarz powoli wstrzykuje glukoz\u0119 (dekstroz\u0119). Jest to konieczne, poniewa\u017c poziom cukru we krwi zosta\u0142 obni\u017cony przy poprzednim podaniu insuliny i musi by\u0107 ponownie podniesiony do warto\u015bci normalnych. Ponadto, glukoza we krwi \u0142\u0105czy si\u0119 z pozosta\u0142o\u015bciami po wcze\u015bniej zastosowanych chemioterapii lub lekach, a tak\u017ce przenosi te pozosta\u0142o\u015bci do kom\u00f3rek.<\/p>\n<p>To ko\u0144czy sesj\u0119 terapeutyczn\u0105. Z regu\u0142y pacjent nie do\u015bwiadcza \u017cadnych skutk\u00f3w ubocznych; wielu pacjent\u00f3w po terapii czuje si\u0119 nawet lepiej ni\u017c wcze\u015bniej. Mimo to zaleca si\u0119, aby pacjent spo\u017cywa\u0142 tylko lekkie posi\u0142ki w tym samym dniu, odpoczywa\u0142 i nie wykonywa\u0142 \u017cadnych mozolnych czynno\u015bci.<\/p>\n<p>Po oko\u0142o tygodniu planowana jest nast\u0119pna wizyta na terapi\u0119. Liczba sesji i odst\u0119py czasowe terapii s\u0105 ustalane indywidualnie w zale\u017cno\u015bci od obrazu klinicznego i og\u00f3lnego stanu pacjenta.<\/p>\n<h3>Terapia z zastosowaniem insuliny w po\u0142\u0105czeniu z innymi formami terapii<\/h3>\n<p>Ze wzgl\u0119du na swoj\u0105 \u0142agodno\u015b\u0107 i brak dzia\u0142a\u0144 niepo\u017c\u0105danych, IPT mo\u017ce by\u0107 doskonale \u0142\u0105czony z innymi metodami, takimi jak miejscowa hipertermia (terapia gor\u0105czk\u0105) lub metodami z zakresu medycyny biologicznej, np. \u015brodki ortomolekularne i fitoterapeutyczne.<\/p>\n","protected":false},"excerpt":{"rendered":"<p>Terapia z wykorzystaniem insuliny (IPT) Dzi\u0119ki IPT leczymy raka i borelioz\u0119 delikatnie i bez typowych dla klasycznej chemioterapii skutk\u00f3w ubocznych Insulin Potentiated Therapy, w skr\u00f3cie IPT, jest delikatn\u0105 metod\u0105 leczenia pacjent\u00f3w chorych na raka w po\u0142\u0105czeniu z konwencjonaln\u0105 chemioterapi\u0105. R\u00f3\u017cnica pomi\u0119dzy IPT a tradycyjnym leczeniem nowotworowym z chemioterapi\u0105 polega na minimalizacji efekt\u00f3w ubocznych przy jednoczesnej&#8230;<\/p>\n","protected":false},"author":1,"featured_media":0,"parent":15381,"menu_order":0,"comment_status":"closed","ping_status":"closed","template":"","meta":{"content-type":"","footnotes":""},"class_list":["post-15384","page","type-page","status-publish","hentry"],"_links":{"self":[{"href":"https:\/\/www.erweiterte-medizin.de\/pl\/wp-json\/wp\/v2\/pages\/15384"}],"collection":[{"href":"https:\/\/www.erweiterte-medizin.de\/pl\/wp-json\/wp\/v2\/pages"}],"about":[{"href":"https:\/\/www.erweiterte-medizin.de\/pl\/wp-json\/wp\/v2\/types\/page"}],"author":[{"embeddable":true,"href":"https:\/\/www.erweiterte-medizin.de\/pl\/wp-json\/wp\/v2\/users\/1"}],"replies":[{"embeddable":true,"href":"https:\/\/www.erweiterte-medizin.de\/pl\/wp-json\/wp\/v2\/comments?post=15384"}],"version-history":[{"count":0,"href":"https:\/\/www.erweiterte-medizin.de\/pl\/wp-json\/wp\/v2\/pages\/15384\/revisions"}],"up":[{"embeddable":true,"href":"https:\/\/www.erweiterte-medizin.de\/pl\/wp-json\/wp\/v2\/pages\/15381"}],"wp:attachment":[{"href":"https:\/\/www.erweiterte-medizin.de\/pl\/wp-json\/wp\/v2\/media?parent=15384"}],"curies":[{"name":"wp","href":"https:\/\/api.w.org\/{rel}","templated":true}]}}