{"id":15387,"date":"2020-07-01T17:44:21","date_gmt":"2020-07-01T15:44:21","guid":{"rendered":"http:\/\/www.praxis-siebenhuener.com\/ermed\/?page_id=15387"},"modified":"2021-11-02T14:42:05","modified_gmt":"2021-11-02T13:42:05","slug":"galwanoterapia","status":"publish","type":"page","link":"https:\/\/www.erweiterte-medizin.de\/pl\/terapie\/alternatywne-terapie-onkologiczne\/galwanoterapia\/","title":{"rendered":"Galwanoterapia"},"content":{"rendered":"<h1>Galwanoterapia &#8211; ukierunkowane leczenie guz\u00f3w<\/h1>\n<h2>Leczy\u0107 i eliminowa\u0107 guzy przy u\u017cyciu niskiego pr\u0105du sta\u0142ego.<\/h2>\n<p><img decoding=\"async\" class=\"alignleft size-medium wp-image-17250\" src=\"https:\/\/www.erweiterte-medizin.de\/wp-content\/uploads\/2018\/08\/Galvano-Therapie-Titelbild-300x300.jpg\" alt=\"Galwanoterapia - ukierunkowane leczenie guz\u00f3w\" width=\"300\" height=\"300\" srcset=\"https:\/\/www.erweiterte-medizin.de\/wp-content\/uploads\/2018\/08\/Galvano-Therapie-Titelbild-300x300.jpg 300w, https:\/\/www.erweiterte-medizin.de\/wp-content\/uploads\/2018\/08\/Galvano-Therapie-Titelbild-150x150.jpg 150w, https:\/\/www.erweiterte-medizin.de\/wp-content\/uploads\/2018\/08\/Galvano-Therapie-Titelbild-65x65.jpg 65w, https:\/\/www.erweiterte-medizin.de\/wp-content\/uploads\/2018\/08\/Galvano-Therapie-Titelbild.jpg 400w\" sizes=\"(max-width: 300px) 100vw, 300px\" \/><\/p>\n<p>Galwanoterapia, znana r\u00f3wnie\u017c jako przezsk\u00f3rna elektroterapia nowotworowa (PET) lub elektroterapia nowotworowa (ECT), jest procedur\u0105, kt\u00f3rej pocz\u0105tki si\u0119gaj\u0105 odkrycia w\u0142oskiego biofizyka Luigiego Galvaniego (1737 &#8211; 1798) i zosta\u0142a rozwini\u0119ta przez dr med. Rudolfa Pekara (1912 &#8211; 2004).<\/p>\n<p>Ka\u017cda kom\u00f3rka naszego organizmu posiada b\u0142on\u0119 kom\u00f3rkow\u0105, kt\u00f3ra j\u0105 otacza i chroni oraz jest odporna na napi\u0119cie od 80 do 100 mV (miliwolt\u00f3w). Je\u015bli jednak zachoruje lub zwyrodnieje z powodu braku tlenu lub sk\u0142adnik\u00f3w od\u017cywczych, jego potencja\u0142 b\u0142onowy zmniejsza si\u0119, a potencja\u0142 kom\u00f3rki nowotworowej, na przyk\u0142ad, jest wtedy tylko poni\u017cej 20 mV. Tak wi\u0119c przewodno\u015b\u0107 elektryczna kom\u00f3rki nowotworowej jest znacznie wy\u017csza ni\u017c zdrowej kom\u00f3rki ze wzgl\u0119du na straty napi\u0119cia.<\/p>\n<p>W tym miejscu stosuje si\u0119 galwanoterapi\u0119, kt\u00f3ra dzia\u0142a przy niskim pr\u0105dzie sta\u0142ym, tj. nat\u0119\u017ceniu pr\u0105du pomi\u0119dzy 30 a 80 mA (miliamper\u00f3w): Specjalne elektrody s\u0105 nak\u0142adane bezpo\u015brednio na sk\u00f3r\u0119 nad guzem, a pr\u0105d sta\u0142y jest doprowadzany do tkanki guza w kontrolowanych warunkach.<\/p>\n<p>Czas trwania i si\u0142a pr\u0105du sta\u0142ego s\u0105 okre\u015blone w zale\u017cno\u015bci od wielko\u015bci guza. Zdefiniowanym celem terapii jest zniszczenie tylko guza jako takiego, a nie zdrowych kom\u00f3rek, a tym samym jego zredukowanie lub nawet wyeliminowanie. Skuteczno\u015b\u0107 terapii pr\u0105dem sta\u0142ym jest obecnie uznawana na ca\u0142ym \u015bwiecie, chocia\u017c galwanoterapia nie jest jeszcze powszechnie stosowana. Mo\u017ce to wynika\u0107 z por\u00f3wnywalnej prostoty i zwi\u0119z\u0142o\u015bci procedury, kt\u00f3ra nie jest zgodna z celami monetarnymi bran\u017cy.<\/p>\n<p>W Centrum Medycyny Zaawansowanej w nast\u0119puj\u0105cy spos\u00f3b komentujemy fizjologiczny proces galwanoterapii ukierunkowanej i \u0142agodnego leczenia nowotwor\u00f3w:<\/p>\n<p><em>\u201eZastosowane elektrody przezsk\u00f3rnej terapii elektrorotumorycznej (PET) prowadz\u0105 do przep\u0142ywu dodatnio na\u0142adowanych jon\u00f3w do katody i ujemnego przep\u0142ywu jon\u00f3w do anody. Zmiana warto\u015bci pH prowadzi w konsekwencji do depolaryzacji b\u0142on kom\u00f3rkowych. Wytworzone kwasy solne powoduj\u0105 chemiczne zaburzenia metabolizmu kom\u00f3rek nowotworowych, kt\u00f3re powoduj\u0105 zaprogramowan\u0105 \u015bmier\u0107 kom\u00f3rek, zwan\u0105 apoptoz\u0105 &#8211; guz po prostu umiera.\u201c<\/em><\/p>\n<p><span style=\"font-weight: bold;\">Ta specyficzna i delikatna galwanoterapia jest szczeg\u00f3lnie odpowiednia dla nast\u0119puj\u0105cych rodzaj\u00f3w nowotwor\u00f3w, a tak\u017ce \u0142agodnych guz\u00f3w, kt\u00f3re z trudem reaguj\u0105 na chemioterapi\u0119 lub radioterapi\u0119:<\/span><\/p>\n<ul>\n<li>Rak piersi<\/li>\n<li>Rakotw\u00f3rczo\u015b\u0107 gruczo\u0142u krokowego<\/li>\n<li>Przerzuty do limfy \/ rak gruczo\u0142u limfatycznego<\/li>\n<li>Pierwotne raki p\u0142uc i przerzuty do p\u0142uc<\/li>\n<li>Pierwotne raki w\u0105troby i przerzuty do w\u0105troby \/ rak w\u0105troby<\/li>\n<li>Pierwotne raki \u017co\u0142\u0105dka i przerzuty do \u017co\u0142\u0105dka \/ rak \u017co\u0142\u0105dka<\/li>\n<li>Wszystkie inne guzy i przerzuty w obszarze wewn\u0105trzbrzusznym<\/li>\n<li>Raki sk\u00f3ry \/ przerzuty do sk\u00f3ry \/ rak sk\u00f3ry \/ czarny rak \/ bia\u0142y rak<\/li>\n<\/ul>\n<h3>Przebieg terapii:<\/h3>\n<p>Po zdiagnozowaniu aktualnych bada\u0144 laboratoryjnych oraz danych z tomografu rezonansu magnetycznego (MRT) i tomografu komputerowego (TK), jeste\u015bmy w stanie precyzyjnie okre\u015bli\u0107 obszar i wielko\u015b\u0107 guza, kt\u00f3ry ma by\u0107 leczony. W zwi\u0105zku z tym wsp\u00f3\u0142rz\u0119dne terapii s\u0105 ustalane wsp\u00f3lnie z pacjentem.<\/p>\n<p>Galwanoterapia oferuje wysoki stopie\u0144 skuteczno\u015bci przy bardzo niewielu, je\u015bli w og\u00f3le, efektach ubocznych (np. kr\u00f3tkotrwa\u0142y wzrost ci\u015bnienia krwi, lekka gor\u0105czka) i mo\u017ce by\u0107 wykonywana ambulatoryjnie.<\/p>\n","protected":false},"excerpt":{"rendered":"<p>Galwanoterapia &#8211; ukierunkowane leczenie guz\u00f3w Leczy\u0107 i eliminowa\u0107 guzy przy u\u017cyciu niskiego pr\u0105du sta\u0142ego. Galwanoterapia, znana r\u00f3wnie\u017c jako przezsk\u00f3rna elektroterapia nowotworowa (PET) lub elektroterapia nowotworowa (ECT), jest procedur\u0105, kt\u00f3rej pocz\u0105tki si\u0119gaj\u0105 odkrycia w\u0142oskiego biofizyka Luigiego Galvaniego (1737 &#8211; 1798) i zosta\u0142a rozwini\u0119ta przez dr med. Rudolfa Pekara (1912 &#8211; 2004). Ka\u017cda kom\u00f3rka naszego organizmu posiada&#8230;<\/p>\n","protected":false},"author":1,"featured_media":0,"parent":15381,"menu_order":2,"comment_status":"closed","ping_status":"closed","template":"","meta":{"content-type":"","footnotes":""},"class_list":["post-15387","page","type-page","status-publish","hentry"],"_links":{"self":[{"href":"https:\/\/www.erweiterte-medizin.de\/pl\/wp-json\/wp\/v2\/pages\/15387"}],"collection":[{"href":"https:\/\/www.erweiterte-medizin.de\/pl\/wp-json\/wp\/v2\/pages"}],"about":[{"href":"https:\/\/www.erweiterte-medizin.de\/pl\/wp-json\/wp\/v2\/types\/page"}],"author":[{"embeddable":true,"href":"https:\/\/www.erweiterte-medizin.de\/pl\/wp-json\/wp\/v2\/users\/1"}],"replies":[{"embeddable":true,"href":"https:\/\/www.erweiterte-medizin.de\/pl\/wp-json\/wp\/v2\/comments?post=15387"}],"version-history":[{"count":0,"href":"https:\/\/www.erweiterte-medizin.de\/pl\/wp-json\/wp\/v2\/pages\/15387\/revisions"}],"up":[{"embeddable":true,"href":"https:\/\/www.erweiterte-medizin.de\/pl\/wp-json\/wp\/v2\/pages\/15381"}],"wp:attachment":[{"href":"https:\/\/www.erweiterte-medizin.de\/pl\/wp-json\/wp\/v2\/media?parent=15387"}],"curies":[{"name":"wp","href":"https:\/\/api.w.org\/{rel}","templated":true}]}}