{"id":15393,"date":"2020-07-01T17:52:15","date_gmt":"2020-07-01T15:52:15","guid":{"rendered":"http:\/\/www.praxis-siebenhuener.com\/ermed\/?page_id=15393"},"modified":"2020-07-07T17:31:19","modified_gmt":"2020-07-07T15:31:19","slug":"hipertermia","status":"publish","type":"page","link":"https:\/\/www.erweiterte-medizin.de\/pl\/terapie\/hipertermia\/","title":{"rendered":"Hipertermia"},"content":{"rendered":"<h1>Hipertermia &#8211; Trendy w biologicznej terapii nowotwor\u00f3w<\/h1>\n<h2>Z ciep\u0142em w walce z rakiem: Zabiegi hipertermii s\u0105 skuteczn\u0105 form\u0105 leczenia wielu nowotwor\u00f3w i boreliozy<\/h2>\n<p><img decoding=\"async\" class=\"alignleft size-medium wp-image-14424\" src=\"https:\/\/www.erweiterte-medizin.de\/wp-content\/uploads\/2018\/08\/Hyperthermie-Titelbild-300x300.jpg\" alt=\"Hyperthermie - Zukunftsweisend in der biologischen Krebstherapie\" width=\"300\" height=\"300\" srcset=\"https:\/\/www.erweiterte-medizin.de\/wp-content\/uploads\/2018\/08\/Hyperthermie-Titelbild-300x300.jpg 300w, https:\/\/www.erweiterte-medizin.de\/wp-content\/uploads\/2018\/08\/Hyperthermie-Titelbild-150x150.jpg 150w, https:\/\/www.erweiterte-medizin.de\/wp-content\/uploads\/2018\/08\/Hyperthermie-Titelbild-65x65.jpg 65w, https:\/\/www.erweiterte-medizin.de\/wp-content\/uploads\/2018\/08\/Hyperthermie-Titelbild.jpg 400w\" sizes=\"(max-width: 300px) 100vw, 300px\" \/><\/p>\n<p>Ju\u017c w czasach staro\u017cytnych uzdrowiciele wykorzystywali ciep\u0142o do leczenia r\u00f3\u017cnych dolegliwo\u015bci i chor\u00f3b. Wykorzystywali oni ro\u015bliny do wywo\u0142ywania u swoich pacjent\u00f3w sztucznej gor\u0105czki, aby organizm m\u00f3g\u0142 si\u0119 broni\u0107 przed wirusami i zarazkami.<\/p>\n<p>Nowoczesna, naukowa hipertermia &#8211; tak nazwana od greckiego s\u0142owa &#8222;ocieplenie&#8221; &#8211; zosta\u0142a opisana ju\u017c w 1910 roku jako metoda leczenia nowotwor\u00f3w, a w latach 60-tych XX wieku zosta\u0142a wprowadzona jako hipertermia ca\u0142ego cia\u0142a. Do dnia dzisiejszego, r\u00f3\u017cne procedury i zwi\u0105zane z nimi technologie sprz\u0119towe zosta\u0142y masowo rozwini\u0119te, tak \u017ce mo\u017cliwe sta\u0142y si\u0119 r\u00f3\u017cne ukierunkowane zastosowania w praktyce medycznej.<\/p>\n<h2>Czym w og\u00f3le jest hipertermia?<\/h2>\n<p>Hipertermia jest form\u0105 leczenia w terapii nowotwor\u00f3w, w kt\u00f3rej skuteczno\u015b\u0107 &#8222;klasycznych&#8221; form leczenia takich jak chemioterapia i radioterapia jest zwi\u0119kszona przez przegrzanie kom\u00f3rek nowotworowych i uzyskuje si\u0119 efekt synergii. Odbywa si\u0119 to za pomoc\u0105 fal radiowych lub elektromagnetycznych, kt\u00f3re w zale\u017cno\u015bci od wskazania podgrzewaj\u0105 obszary organizmu, kt\u00f3re maj\u0105 by\u0107 poddane obr\u00f3bce, do temperatury od 40\u00b0C do 44\u00b0C. Poj\u0119cie leczenia hipertermii podsumowuje wszystkie procedury, przy pomocy kt\u00f3rych obszary cia\u0142a s\u0105 ogrzewane w spos\u00f3b ukierunkowany i kontrolowany.<\/p>\n<h3>Jak dzia\u0142a hipertermia?<\/h3>\n<p>Kom\u00f3rki nowotworowe s\u0105 znacznie bardziej wra\u017cliwe na ciep\u0142o ni\u017c zdrowe kom\u00f3rki. Ponadto ciep\u0142o w guzach prowadzi do tworzenia si\u0119 tzw. bia\u0142ek szoku cieplnego. S\u0105 to bia\u0142ka, kt\u00f3re m\u00f3wi\u0105 systemowi odporno\u015bciowemu, \u017ce w organizmie ma miejsce rak. W ten spos\u00f3b uk\u0142ad odporno\u015bciowy mo\u017ce aktywowa\u0107 tzw. kom\u00f3rki zab\u00f3jcze, kt\u00f3re atakuj\u0105 tkank\u0119 nowotworow\u0105 w spos\u00f3b celowy.<\/p>\n<p>Ponadto niszczone s\u0105 nie tylko kom\u00f3rki nowotworowe, ale tak\u017ce tkanka nowotworowa zaopatrywana jest w wi\u0119ksz\u0105 ilo\u015b\u0107 krwi i tym samym uwra\u017cliwiona na lepsze wch\u0142anianie lek\u00f3w lub promieniowania. W zasadzie, hipertermia jest po\u0142\u0105czona z chemioterapi\u0105 i\/lub radioterapi\u0105. Dawka podawanych cytostatyk\u00f3w (lek\u00f3w chemicznych) mo\u017ce by\u0107 zmniejszona ze wzgl\u0119du na zwi\u0119kszon\u0105 skuteczno\u015b\u0107, a zdolno\u015b\u0107 termicznie uszkodzonych kom\u00f3rek nowotworowych do samodzielnej naprawy jest r\u00f3wnie\u017c zmniejszona. Dzi\u0119ki temu efekt radioterapii jest r\u00f3wnie\u017c znacznie silniejszy. Ponadto guzy, kt\u00f3re w innym przypadku wykazywa\u0142y oporno\u015b\u0107 na chemioterapi\u0119 lub radioterapi\u0119, mog\u0105 ponownie reagowa\u0107 na te terapie po leczeniu hipertermii. Ponadto efekty uboczne, takie jak wypadanie w\u0142os\u00f3w i md\u0142o\u015bci, a tak\u017ce zwi\u0105zany z tym stres fizyczny i psychiczny, s\u0105 znacznie zmniejszone.<\/p>\n<h3>Rodzaje i efekty leczenia hipertermii<\/h3>\n<p>Rdze\u0144 hipertermii polega na blokowaniu funkcji naprawczej guz\u00f3w. Chemioterapia lub radioterapia niszczy materia\u0142 genetyczny kom\u00f3rek nowotworowych, po czym enzymy naprawcze pr\u00f3buj\u0105 naprawi\u0107 to uszkodzenie genetyczne. Jednak od temperatury 40 \u00b0C enzymy naprawcze przestaj\u0105 funkcjonowa\u0107, co mo\u017ce prowadzi\u0107 do \u015bmierci uszkodzonych kom\u00f3rek nowotworowych (apoptoza &#8211; w\u0142asny program samob\u00f3jczy kom\u00f3rek nowotworowych). W naszym Centrum Terapii Zaawansowanej wyspecjalizowali\u015bmy si\u0119 dotychczas w nast\u0119puj\u0105cych punktach ogniskowych hipertermii, kt\u00f3re s\u0105 obecnie uzupe\u0142niane o kolejn\u0105, zupe\u0142nie now\u0105 metod\u0119:<\/p>\n<ul>\n<li>Nowo\u015b\u0107: Hipertermia EHP<\/li>\n<li>Lokalna hipertermia<\/li>\n<li>Hipertermia prostaty<\/li>\n<li>Hipertermia ca\u0142ego cia\u0142a<\/li>\n<\/ul>\n","protected":false},"excerpt":{"rendered":"<p>Hipertermia &#8211; Trendy w biologicznej terapii nowotwor\u00f3w Z ciep\u0142em w walce z rakiem: Zabiegi hipertermii s\u0105 skuteczn\u0105 form\u0105 leczenia wielu nowotwor\u00f3w i boreliozy Ju\u017c w czasach staro\u017cytnych uzdrowiciele wykorzystywali ciep\u0142o do leczenia r\u00f3\u017cnych dolegliwo\u015bci i chor\u00f3b. Wykorzystywali oni ro\u015bliny do wywo\u0142ywania u swoich pacjent\u00f3w sztucznej gor\u0105czki, aby organizm m\u00f3g\u0142 si\u0119 broni\u0107 przed wirusami i zarazkami&#8230;.<\/p>\n","protected":false},"author":1,"featured_media":0,"parent":15373,"menu_order":2,"comment_status":"closed","ping_status":"closed","template":"","meta":{"content-type":"","footnotes":""},"class_list":["post-15393","page","type-page","status-publish","hentry"],"_links":{"self":[{"href":"https:\/\/www.erweiterte-medizin.de\/pl\/wp-json\/wp\/v2\/pages\/15393"}],"collection":[{"href":"https:\/\/www.erweiterte-medizin.de\/pl\/wp-json\/wp\/v2\/pages"}],"about":[{"href":"https:\/\/www.erweiterte-medizin.de\/pl\/wp-json\/wp\/v2\/types\/page"}],"author":[{"embeddable":true,"href":"https:\/\/www.erweiterte-medizin.de\/pl\/wp-json\/wp\/v2\/users\/1"}],"replies":[{"embeddable":true,"href":"https:\/\/www.erweiterte-medizin.de\/pl\/wp-json\/wp\/v2\/comments?post=15393"}],"version-history":[{"count":0,"href":"https:\/\/www.erweiterte-medizin.de\/pl\/wp-json\/wp\/v2\/pages\/15393\/revisions"}],"up":[{"embeddable":true,"href":"https:\/\/www.erweiterte-medizin.de\/pl\/wp-json\/wp\/v2\/pages\/15373"}],"wp:attachment":[{"href":"https:\/\/www.erweiterte-medizin.de\/pl\/wp-json\/wp\/v2\/media?parent=15393"}],"curies":[{"name":"wp","href":"https:\/\/api.w.org\/{rel}","templated":true}]}}