{"id":15397,"date":"2020-07-01T17:55:45","date_gmt":"2020-07-01T15:55:45","guid":{"rendered":"http:\/\/www.praxis-siebenhuener.com\/ermed\/?page_id=15397"},"modified":"2020-07-07T17:32:18","modified_gmt":"2020-07-07T15:32:18","slug":"lokalna-hipertermia","status":"publish","type":"page","link":"https:\/\/www.erweiterte-medizin.de\/pl\/terapie\/hipertermia\/lokalna-hipertermia\/","title":{"rendered":"Lokalna hipertermia"},"content":{"rendered":"<h1>Lokalna hipertermia<\/h1>\n<h2>Lokalna hipertermia mo\u017ce znacznie zwi\u0119kszy\u0107 szanse na wyleczenie raka.<\/h2>\n<p><img decoding=\"async\" class=\"alignleft size-medium wp-image-14431\" src=\"https:\/\/www.erweiterte-medizin.de\/wp-content\/uploads\/2018\/08\/Lokale-Hyperthermie-Titelbild-300x300.jpg\" alt=\"\" width=\"300\" height=\"300\" srcset=\"https:\/\/www.erweiterte-medizin.de\/wp-content\/uploads\/2018\/08\/Lokale-Hyperthermie-Titelbild-300x300.jpg 300w, https:\/\/www.erweiterte-medizin.de\/wp-content\/uploads\/2018\/08\/Lokale-Hyperthermie-Titelbild-150x150.jpg 150w, https:\/\/www.erweiterte-medizin.de\/wp-content\/uploads\/2018\/08\/Lokale-Hyperthermie-Titelbild-65x65.jpg 65w, https:\/\/www.erweiterte-medizin.de\/wp-content\/uploads\/2018\/08\/Lokale-Hyperthermie-Titelbild.jpg 400w\" sizes=\"(max-width: 300px) 100vw, 300px\" \/><\/p>\n<p>Miejscowa hipertermia w po\u0142\u0105czeniu z radioterapi\u0105 lub chemioterapi\u0105 mo\u017ce znacznie zwi\u0119kszy\u0107 szanse na wyzdrowienie z raka &#8211; bez znacz\u0105cego dodatkowego ryzyka lub obci\u0105\u017cenia zwi\u0105zanego z leczeniem. Miejscow\u0105 hipertermi\u0119 stosujemy przede wszystkim w przypadku guz\u00f3w le\u017c\u0105cych tu\u017c pod sk\u00f3r\u0105, np. raka piersi, raka sk\u00f3ry, mi\u0119sak\u00f3w (guz\u00f3w tkanki mi\u0119kkiej), guz\u00f3w g\u0142owy i szyi oraz w przypadku dotkni\u0119tych w\u0119z\u0142\u00f3w ch\u0142onnych, kt\u00f3rych nie mo\u017cna leczy\u0107 chirurgicznie.<\/p>\n<p>W tym celu stosujemy specjalne aplikatory, kt\u00f3re s\u0105 umieszczane bezpo\u015brednio, tj. lokalnie, na obszarze sk\u00f3ry, pod kt\u00f3r\u0105 znajduje si\u0119 guz. Anteny spiralne w aplikatorach napromieniaj\u0105 guz falami elektromagnetycznymi, dzi\u0119ki czemu tkanka jest podgrzewana tylko w razie potrzeby. Otaczaj\u0105ca je zdrowa tkanka nie jest napromieniowywana.<\/p>\n<p>Lokalna hipertermia &#8211; znana r\u00f3wnie\u017c jako regionalne leczenie raka hipertermicznego &#8211; jest obecnie dobrze ugruntowana w badaniach. Jednym z przyk\u0142ad\u00f3w jest opracowanie z 2010 roku, kt\u00f3re zosta\u0142o opublikowane w renomowanym czasopi\u015bmie LANCET ONCOLOGY (t. 11, s. 561). Tutaj mi\u0119dzynarodowy zesp\u00f3\u0142 lekarzy leczy\u0142 341 pacjent\u00f3w z bardzo agresywnymi nowotworami tkanki mi\u0119kkiej (mi\u0119saki). 169 chorych leczono miejscow\u0105 hipertermi\u0105 i chemioterapi\u0105, 172 chorych leczono tylko chemioterapi\u0105. W obu grupach pacjent\u00f3w zastosowano towarzysz\u0105c\u0105 radioterapi\u0119 i interwencje chirurgiczne. Pacjenci dodatkowo leczeni hipertermi\u0105 pozostali bez nowotwor\u00f3w \u015brednio przez 30 miesi\u0119cy, podczas gdy w grupie bez hipertermii stan ten m\u00f3g\u0142 by\u0107 utrzymany \u015brednio tylko przez 18 miesi\u0119cy. Dalsze badania s\u0105 dost\u0119pne dla wielu innych rodzaj\u00f3w nowotwor\u00f3w.<\/p>\n<p>Nasze do\u015bwiadczenie w Centrum Medycyny Zaawansowanej z ponad 5.000 zabieg\u00f3w potwierdza dobr\u0105 skuteczno\u015b\u0107 i tolerancj\u0119 tej metody terapii. Kom\u00f3rki nowotworowe mog\u0105 umrze\u0107 z powodu celowego zwi\u0119kszenia absorpcji energii za pomoc\u0105 okre\u015blonej cz\u0119stotliwo\u015bci rezonansowej. Przy profesjonalnym u\u017cyciu, oparzenie jest praktycznie niemo\u017cliwe.<\/p>\n<h2>Lokalna hipertermia: Efekty terapeutyczne<\/h2>\n<ul>\n<li>Termiczne niszczenie kom\u00f3rek nowotworowych<\/li>\n<li>Zatrucie kwa\u015bne tkanki z\u0142o\u015bliwej<\/li>\n<li>Wstrzymanie mechanizmu naprawczego<\/li>\n<li>Wzmocnienie chemo- i radioterapii<\/li>\n<li>Stymulacja uk\u0142adu odporno\u015bciowego<\/li>\n<\/ul>\n<h2>Lokalna hipertermia: Zalety i w\u0142a\u015bciwo\u015bci<\/h2>\n<ul>\n<li>Metoda leczenia nieinwazyjnego<\/li>\n<li>Automatyczne ustawianie ostro\u015bci guza<\/li>\n<li>Bezbolesne i bez skutk\u00f3w ubocznych<\/li>\n<li>Poprawa jako\u015bci \u017cycia<\/li>\n<\/ul>\n<h2>Lokalna hipertermia: Wskazania<\/h2>\n<ul>\n<li>Z\u0142o\u015bliwe nowotwory ginekologiczne (piersi, macica, jajnik itp.)<\/li>\n<li>Guz\u00f3w urologicznych (prostata, p\u0119cherz)<\/li>\n<li>Z\u0142o\u015bliwe guzy w organach<\/li>\n<li>G\u0142\u0119boko osadzone zmiany nowotworowe (m\u00f3zg, w\u0105troba, p\u0142uca, nerki, trzustka, itp.)<\/li>\n<li>Przerzuty do w\u0119z\u0142\u00f3w ch\u0142onnych<\/li>\n<li>Brzuch &#8211; guzy jelit (prze\u0142yk, jelita itp.)<\/li>\n<li>Sarcomas, melanomas, basaliomas<\/li>\n<\/ul>\n","protected":false},"excerpt":{"rendered":"<p>Lokalna hipertermia Lokalna hipertermia mo\u017ce znacznie zwi\u0119kszy\u0107 szanse na wyleczenie raka. Miejscowa hipertermia w po\u0142\u0105czeniu z radioterapi\u0105 lub chemioterapi\u0105 mo\u017ce znacznie zwi\u0119kszy\u0107 szanse na wyzdrowienie z raka &#8211; bez znacz\u0105cego dodatkowego ryzyka lub obci\u0105\u017cenia zwi\u0105zanego z leczeniem. Miejscow\u0105 hipertermi\u0119 stosujemy przede wszystkim w przypadku guz\u00f3w le\u017c\u0105cych tu\u017c pod sk\u00f3r\u0105, np. raka piersi, raka sk\u00f3ry, mi\u0119sak\u00f3w&#8230;<\/p>\n","protected":false},"author":1,"featured_media":0,"parent":15393,"menu_order":1,"comment_status":"closed","ping_status":"closed","template":"","meta":{"content-type":"","footnotes":""},"class_list":["post-15397","page","type-page","status-publish","hentry"],"_links":{"self":[{"href":"https:\/\/www.erweiterte-medizin.de\/pl\/wp-json\/wp\/v2\/pages\/15397"}],"collection":[{"href":"https:\/\/www.erweiterte-medizin.de\/pl\/wp-json\/wp\/v2\/pages"}],"about":[{"href":"https:\/\/www.erweiterte-medizin.de\/pl\/wp-json\/wp\/v2\/types\/page"}],"author":[{"embeddable":true,"href":"https:\/\/www.erweiterte-medizin.de\/pl\/wp-json\/wp\/v2\/users\/1"}],"replies":[{"embeddable":true,"href":"https:\/\/www.erweiterte-medizin.de\/pl\/wp-json\/wp\/v2\/comments?post=15397"}],"version-history":[{"count":0,"href":"https:\/\/www.erweiterte-medizin.de\/pl\/wp-json\/wp\/v2\/pages\/15397\/revisions"}],"up":[{"embeddable":true,"href":"https:\/\/www.erweiterte-medizin.de\/pl\/wp-json\/wp\/v2\/pages\/15393"}],"wp:attachment":[{"href":"https:\/\/www.erweiterte-medizin.de\/pl\/wp-json\/wp\/v2\/media?parent=15397"}],"curies":[{"name":"wp","href":"https:\/\/api.w.org\/{rel}","templated":true}]}}