{"id":15401,"date":"2020-07-01T17:58:16","date_gmt":"2020-07-01T15:58:16","guid":{"rendered":"http:\/\/www.praxis-siebenhuener.com\/ermed\/?page_id=15401"},"modified":"2020-07-07T17:32:54","modified_gmt":"2020-07-07T15:32:54","slug":"hipertermia-prostaty","status":"publish","type":"page","link":"https:\/\/www.erweiterte-medizin.de\/pl\/terapie\/hipertermia\/hipertermia-prostaty\/","title":{"rendered":"Hipertermia prostaty"},"content":{"rendered":"<h1>Hipertermia prostaty<\/h1>\n<h2>Ten rodzaj hipertermii jest odpowiedni w leczeniu raka gruczo\u0142u krokowego oraz w leczeniu \u0142agodnego powi\u0119kszenia gruczo\u0142u krokowego.<\/h2>\n<p><img decoding=\"async\" class=\"alignleft size-medium wp-image-14438\" src=\"https:\/\/www.erweiterte-medizin.de\/wp-content\/uploads\/2018\/08\/Prostata-Hyperthermie-Titelbild-300x300.jpg\" alt=\"\" width=\"300\" height=\"300\" srcset=\"https:\/\/www.erweiterte-medizin.de\/wp-content\/uploads\/2018\/08\/Prostata-Hyperthermie-Titelbild-300x300.jpg 300w, https:\/\/www.erweiterte-medizin.de\/wp-content\/uploads\/2018\/08\/Prostata-Hyperthermie-Titelbild-150x150.jpg 150w, https:\/\/www.erweiterte-medizin.de\/wp-content\/uploads\/2018\/08\/Prostata-Hyperthermie-Titelbild-65x65.jpg 65w, https:\/\/www.erweiterte-medizin.de\/wp-content\/uploads\/2018\/08\/Prostata-Hyperthermie-Titelbild.jpg 400w\" sizes=\"(max-width: 300px) 100vw, 300px\" \/><\/p>\n<p>Przy miejscowej hipertermii prostaty, tylko ten obszar &#8211; lokalnie ograniczony &#8211; jest przegrzewany. Leczenie hipertermii prostaty jest odpowiednie w przypadku raka prostaty, a tak\u017ce w leczeniu \u0142agodnego jej powi\u0119kszenia. Pole energetyczne buduje si\u0119 w gruczole krokowym za pomoc\u0105 cewnika, kt\u00f3ry przechodzi przez cewk\u0119 moczow\u0105 do p\u0119cherza moczowego.<\/p>\n<p>Fale elektromagnetyczne s\u0105 wysy\u0142ane do tkanki prostaty przez wprowadzony cewnik, uwalniaj\u0105c ciep\u0142o i energi\u0119. Przegrzanie prowadzi do braku tlenu w kom\u00f3rkach nowotworowych, co prowadzi do nadkwasoty, a tym samym do zaburze\u0144 metabolicznych w kom\u00f3rkach. Prowadzi to do zaprogramowanej \u015bmierci kom\u00f3rek (apoptoza). Dostarczona energia prowadzi r\u00f3wnie\u017c do \u015bmierci kom\u00f3rek. Og\u00f3lnie rzecz bior\u0105c, hipertermia prostaty jest dobrze tolerowana. Nie ma potrzeby stosowania specjalnych lek\u00f3w ani znieczulenia.<\/p>\n<p>Wi\u0119cej informacji mo\u017cna znale\u017a\u0107 w naszych sekcjach &#8222;Hyperthermia&#8221; i &#8222;Hyperthermia lokalna&#8221;.<\/p>\n<h2>Hipertermia prostaty &#8211; Efekty terapeutyczne<\/h2>\n<ul>\n<li>Termiczne niszczenie kom\u00f3rek nowotworowych<\/li>\n<li>Zatrucie kwa\u015bne tkanki z\u0142o\u015bliwej<\/li>\n<li>Wstrzymanie mechanizmu naprawczego<\/li>\n<li>Wzmocnienie chemo- i radioterapii<\/li>\n<li>Stymulacja uk\u0142adu odporno\u015bciowego<\/li>\n<\/ul>\n","protected":false},"excerpt":{"rendered":"<p>Hipertermia prostaty Ten rodzaj hipertermii jest odpowiedni w leczeniu raka gruczo\u0142u krokowego oraz w leczeniu \u0142agodnego powi\u0119kszenia gruczo\u0142u krokowego. Przy miejscowej hipertermii prostaty, tylko ten obszar &#8211; lokalnie ograniczony &#8211; jest przegrzewany. Leczenie hipertermii prostaty jest odpowiednie w przypadku raka prostaty, a tak\u017ce w leczeniu \u0142agodnego jej powi\u0119kszenia. Pole energetyczne buduje si\u0119 w gruczole krokowym&#8230;<\/p>\n","protected":false},"author":1,"featured_media":0,"parent":15393,"menu_order":2,"comment_status":"closed","ping_status":"closed","template":"","meta":{"content-type":"","footnotes":""},"class_list":["post-15401","page","type-page","status-publish","hentry"],"_links":{"self":[{"href":"https:\/\/www.erweiterte-medizin.de\/pl\/wp-json\/wp\/v2\/pages\/15401"}],"collection":[{"href":"https:\/\/www.erweiterte-medizin.de\/pl\/wp-json\/wp\/v2\/pages"}],"about":[{"href":"https:\/\/www.erweiterte-medizin.de\/pl\/wp-json\/wp\/v2\/types\/page"}],"author":[{"embeddable":true,"href":"https:\/\/www.erweiterte-medizin.de\/pl\/wp-json\/wp\/v2\/users\/1"}],"replies":[{"embeddable":true,"href":"https:\/\/www.erweiterte-medizin.de\/pl\/wp-json\/wp\/v2\/comments?post=15401"}],"version-history":[{"count":0,"href":"https:\/\/www.erweiterte-medizin.de\/pl\/wp-json\/wp\/v2\/pages\/15401\/revisions"}],"up":[{"embeddable":true,"href":"https:\/\/www.erweiterte-medizin.de\/pl\/wp-json\/wp\/v2\/pages\/15393"}],"wp:attachment":[{"href":"https:\/\/www.erweiterte-medizin.de\/pl\/wp-json\/wp\/v2\/media?parent=15401"}],"curies":[{"name":"wp","href":"https:\/\/api.w.org\/{rel}","templated":true}]}}