{"id":15404,"date":"2020-07-01T18:01:34","date_gmt":"2020-07-01T16:01:34","guid":{"rendered":"http:\/\/www.praxis-siebenhuener.com\/ermed\/?page_id=15404"},"modified":"2020-07-07T17:33:31","modified_gmt":"2020-07-07T15:33:31","slug":"hipertermia-calego-ciala","status":"publish","type":"page","link":"https:\/\/www.erweiterte-medizin.de\/pl\/terapie\/hipertermia\/hipertermia-calego-ciala\/","title":{"rendered":"Hipertermia ca\u0142ego cia\u0142a"},"content":{"rendered":"<h1>Hipertermia ca\u0142ego cia\u0142a<\/h1>\n<p><img decoding=\"async\" class=\"alignleft size-medium wp-image-17267\" src=\"https:\/\/www.erweiterte-medizin.de\/wp-content\/uploads\/2018\/08\/Ganzkoerper-Hyperthermie-Titelbild-300x300.jpg\" alt=\"\" width=\"300\" height=\"300\" srcset=\"https:\/\/www.erweiterte-medizin.de\/wp-content\/uploads\/2018\/08\/Ganzkoerper-Hyperthermie-Titelbild-300x300.jpg 300w, https:\/\/www.erweiterte-medizin.de\/wp-content\/uploads\/2018\/08\/Ganzkoerper-Hyperthermie-Titelbild-150x150.jpg 150w, https:\/\/www.erweiterte-medizin.de\/wp-content\/uploads\/2018\/08\/Ganzkoerper-Hyperthermie-Titelbild-65x65.jpg 65w, https:\/\/www.erweiterte-medizin.de\/wp-content\/uploads\/2018\/08\/Ganzkoerper-Hyperthermie-Titelbild.jpg 400w\" sizes=\"(max-width: 300px) 100vw, 300px\" \/><\/p>\n<p>Hipertermia ca\u0142ego cia\u0142a opiera si\u0119 ostatecznie na jednym z najlepszych mechanizm\u00f3w obrony fizycznej i leczenia, kt\u00f3re my, ludzie, posiadamy: gor\u0105czce. Dzieje si\u0119 tak, poniewa\u017c gor\u0105czka nie jest chorob\u0105, ale naturaln\u0105 i po\u017c\u0105dan\u0105 reakcj\u0105 organizmu na usuwanie z naszego organizmu wirus\u00f3w, bakterii chorobotw\u00f3rczych, paso\u017cyt\u00f3w, zarazk\u00f3w i innych substancji wywo\u0142uj\u0105cych choroby. Podwy\u017cszona temperatura w organizmie podwa\u017ca aktywno\u015b\u0107 metaboliczn\u0105 naje\u017ad\u017ac\u00f3w i zmienia struktur\u0119 ich bia\u0142ek. Dzi\u0119ki temu uk\u0142ad odporno\u015bciowy ma mo\u017cliwo\u015b\u0107 zwalczania infekcji wirusowych i bakteryjnych.<\/p>\n<p>Hipertermia ca\u0142ego cia\u0142a wykorzystuje t\u0119 zasad\u0119 r\u00f3wnie\u017c w leczeniu nowotwor\u00f3w, w kt\u00f3rych ju\u017c wyst\u0119puj\u0105 przerzuty, tzn. w r\u00f3\u017cnych cz\u0119\u015bciach cia\u0142a. Poniewa\u017c nasz organizm zazwyczaj nie wytwarza gor\u0105czki w momencie wyst\u0105pienia raka, dlatego te\u017c ca\u0142y organizm pacjenta jest ogrzewany z zewn\u0105trz. Ogrzewanie ca\u0142ego organizmu jest umiarkowane, tzn. wytwarzane temperatury wynosz\u0105 38\u00b0C i 40\u00b0C, a fazy rozgrzewania i ch\u0142odzenia przebiegaj\u0105 powoli. Pacjent ostatecznie sam kontroluje czas trwania hipertermii ca\u0142ego cia\u0142a, poniewa\u017c ta forma hipertermii jest kontrolowana przez puls. T\u0119tno w\u0142asne organizmu okre\u015bla w ten spos\u00f3b g\u00f3rn\u0105 granic\u0119 temperatury, kt\u00f3ra jest tolerowana przez pacjenta.<\/p>\n<p>Dzi\u0119ki temu nawet dzieci i pacjenci os\u0142abieni mog\u0105 by\u0107 dobrze leczeni hipertermi\u0105 ca\u0142ego cia\u0142a bez konieczno\u015bci akceptowania niekorzystnych skutk\u00f3w ubocznych.<\/p>\n<p>Hipertermia ca\u0142ego cia\u0142a jest odpowiednia dla r\u00f3\u017cnych chor\u00f3b<strong>:<\/strong><\/p>\n<ul>\n<li>Choroby przewlek\u0142e<\/li>\n<li>Choroby nowotworowe<\/li>\n<li>Choroba z Lyme<\/li>\n<li>Fibromyalgia<\/li>\n<li>Zesp\u00f3\u0142 przewlek\u0142ego zm\u0119czenia (Chronic Fatigue Syndrome)<\/li>\n<li>Zesp\u00f3\u0142 b\u00f3lowy<\/li>\n<li>Wzrost obronno\u015bci<\/li>\n<li>i wiele innych dolegliwo\u015bci i chor\u00f3b<\/li>\n<\/ul>\n","protected":false},"excerpt":{"rendered":"<p>Hipertermia ca\u0142ego cia\u0142a Hipertermia ca\u0142ego cia\u0142a opiera si\u0119 ostatecznie na jednym z najlepszych mechanizm\u00f3w obrony fizycznej i leczenia, kt\u00f3re my, ludzie, posiadamy: gor\u0105czce. Dzieje si\u0119 tak, poniewa\u017c gor\u0105czka nie jest chorob\u0105, ale naturaln\u0105 i po\u017c\u0105dan\u0105 reakcj\u0105 organizmu na usuwanie z naszego organizmu wirus\u00f3w, bakterii chorobotw\u00f3rczych, paso\u017cyt\u00f3w, zarazk\u00f3w i innych substancji wywo\u0142uj\u0105cych choroby. Podwy\u017cszona temperatura w&#8230;<\/p>\n","protected":false},"author":1,"featured_media":0,"parent":15393,"menu_order":3,"comment_status":"closed","ping_status":"closed","template":"","meta":{"content-type":"","footnotes":""},"class_list":["post-15404","page","type-page","status-publish","hentry"],"_links":{"self":[{"href":"https:\/\/www.erweiterte-medizin.de\/pl\/wp-json\/wp\/v2\/pages\/15404"}],"collection":[{"href":"https:\/\/www.erweiterte-medizin.de\/pl\/wp-json\/wp\/v2\/pages"}],"about":[{"href":"https:\/\/www.erweiterte-medizin.de\/pl\/wp-json\/wp\/v2\/types\/page"}],"author":[{"embeddable":true,"href":"https:\/\/www.erweiterte-medizin.de\/pl\/wp-json\/wp\/v2\/users\/1"}],"replies":[{"embeddable":true,"href":"https:\/\/www.erweiterte-medizin.de\/pl\/wp-json\/wp\/v2\/comments?post=15404"}],"version-history":[{"count":0,"href":"https:\/\/www.erweiterte-medizin.de\/pl\/wp-json\/wp\/v2\/pages\/15404\/revisions"}],"up":[{"embeddable":true,"href":"https:\/\/www.erweiterte-medizin.de\/pl\/wp-json\/wp\/v2\/pages\/15393"}],"wp:attachment":[{"href":"https:\/\/www.erweiterte-medizin.de\/pl\/wp-json\/wp\/v2\/media?parent=15404"}],"curies":[{"name":"wp","href":"https:\/\/api.w.org\/{rel}","templated":true}]}}