{"id":15408,"date":"2020-07-06T12:03:16","date_gmt":"2020-07-06T10:03:16","guid":{"rendered":"http:\/\/www.praxis-siebenhuener.com\/ermed\/?page_id=15408"},"modified":"2021-11-02T14:44:23","modified_gmt":"2021-11-02T13:44:23","slug":"afereza","status":"publish","type":"page","link":"https:\/\/www.erweiterte-medizin.de\/pl\/terapie\/afereza\/","title":{"rendered":"Afereza"},"content":{"rendered":"<div id=\"cmsmasters_row_2u3uz75i1m\" class=\"cmsmasters_row cmsmasters_color_scheme_default cmsmasters_row_top_default cmsmasters_row_bot_default cmsmasters_row_boxed\">\n<div class=\"cmsmasters_row_outer_parent\">\n<div class=\"cmsmasters_row_outer\">\n<div class=\"cmsmasters_row_inner cmsmasters_row_no_margin\">\n<div class=\"cmsmasters_row_margin\">\n<div id=\"cmsmasters_column_sger41mlan\" class=\"cmsmasters_column one_first\">\n<div class=\"cmsmasters_column_inner\"><div id=\"cmsmasters_heading_aysjohxi\" class=\"cmsmasters_heading_wrap cmsmasters_heading_align_left\">\n\t<h1 class=\"cmsmasters_heading\">Afereza terapeutyczna &#8211; Innowacyjne oczyszczanie krwi<\/h1>\n<\/div>\n<\/div><\/div>\n<\/div>\n<\/div>\n<div class=\"cmsmasters_row_inner\">\n<div class=\"cmsmasters_row_margin\">\n<div id=\"cmsmasters_column_d1oae4wbmu\" class=\"cmsmasters_column one_first\">\n<div class=\"cmsmasters_column_inner\"><div class=\"cmsmasters_text\">\n<h2>Dzi\u0119ki aferezie krew mo\u017ce zosta\u0107 oczyszczona, a organizm mo\u017ce zosta\u0107 znacznie odci\u0105\u017cony.<\/h2>\n<p><img decoding=\"async\" class=\"alignleft size-medium wp-image-17253\" src=\"https:\/\/www.erweiterte-medizin.de\/wp-content\/uploads\/2018\/08\/Apherese-Titelbild-300x300.jpg\" alt=\"Afereza terapeutyczna \u2013 innowacyjne oczyszczanie krwi\" width=\"300\" height=\"300\" srcset=\"https:\/\/www.erweiterte-medizin.de\/wp-content\/uploads\/2018\/08\/Apherese-Titelbild-300x300.jpg 300w, https:\/\/www.erweiterte-medizin.de\/wp-content\/uploads\/2018\/08\/Apherese-Titelbild-150x150.jpg 150w, https:\/\/www.erweiterte-medizin.de\/wp-content\/uploads\/2018\/08\/Apherese-Titelbild-65x65.jpg 65w, https:\/\/www.erweiterte-medizin.de\/wp-content\/uploads\/2018\/08\/Apherese-Titelbild.jpg 400w\" sizes=\"(max-width: 300px) 100vw, 300px\" \/>Afereza lecznicza jest nowoczesnym zabiegiem, kt\u00f3ry delikatnie i skutecznie usuwa szkodliwe sk\u0142adniki we krwi, takie jak metale ci\u0119\u017ckie, cholesterol LDL, autoprzeciwcia\u0142a czy szkodliwe produkty przemiany materii. Afereza terapeutyczna nie wprowadza do krwioobiegu \u017cadnych substancji ani lek\u00f3w, ale zamiast tego odpowiednio wyp\u0142ukuje krew. Podobnie jak w przypadku dializy, kt\u00f3ra jest wykonywana w przypadku chor\u00f3b nerek, pacjent jest pod\u0142\u0105czony do obwodu pozaustrojowego, a krew jest oczyszczana za pomoc\u0105 specjalnych filtr\u00f3w lub absorber\u00f3w. W procesie tym szkodliwe substancje s\u0105 usuwane w bardzo ukierunkowany spos\u00f3b, bez wp\u0142ywu na uk\u0142ad odporno\u015bciowy. Krew lub osocze, kt\u00f3re zostanie uwolnione, jest zwracane do organizmu. Terapia aferezy, kt\u00f3ra mo\u017ce wykaza\u0107 imponuj\u0105ce wyniki kliniczne w wielu wskazaniach, charakteryzuje si\u0119 dobr\u0105 tolerancj\u0105 i dlatego mo\u017ce by\u0107 wykonywana ambulatoryjnie.<\/p>\n<\/div>\n<\/div><\/div>\n<div id=\"cmsmasters_column_z71m13h1hm\" class=\"cmsmasters_column one_first\">\n<div class=\"cmsmasters_column_inner\"><div class=\"cmsmasters_text\">\n<h3>Usuwanie szkodliwych substancji z krwi za pomoc\u0105 aferezy<\/h3>\n<p>Termin afereza pochodzi z j\u0119zyka greckiego i oznacza &#8222;zabra\u0107&#8221; lub &#8222;usun\u0105\u0107&#8221;. Dawcy krwi, kt\u00f3rzy ju\u017c oddali trombocyty lub osocze, powinni ju\u017c zna\u0107 procedur\u0119 aferezy.<\/p>\n<p>Krew pobierana jest przez dost\u0119p \u017cylny i dodawany jest antykoagulant. Teraz sk\u0142adniki krwi (osocze i sk\u0142adniki sta\u0142e) pacjenta s\u0105 odseparowane od siebie na zewn\u0105trz cia\u0142a w tzw. cyklu pozaustrojowym &#8211; jest to tzw. separacja osocza. Do tego celu stosuje si\u0119 specjalne separatory plazmowe z membran\u0105. \u017b\u0105dana cz\u0119\u015b\u0107 plazmy jest czyszczona. Oczyszczone osocze jest nast\u0119pnie rekombinowane ze sk\u0142adnikami sta\u0142ymi (czerwone + bia\u0142e krwinki i trombocyty), a nast\u0119pnie przep\u0142ywa z powrotem do cia\u0142a pacjenta poprzez drugi dost\u0119p.<\/p>\n<p>Leczenie jest jednak inne w przypadku niespecyficznej plazmaferezy. Tutaj uprzednio oddzielone osocze krwi jest wyrzucane i zast\u0119powane przez z\u0142o\u017cony roztw\u00f3r zast\u0119pczy. Og\u00f3lnie rzecz bior\u0105c, nie ma znacz\u0105cej redukcji elektrolit\u00f3w i wa\u017cnych przeciwcia\u0142 przez aferez\u0119.<\/p>\n<p>Efekt terapeutyczny aferezy wynika z selektywnego usuwania substancji toksycznych, jak r\u00f3wnie\u017c patogennych, tj. wywo\u0142uj\u0105cych choroby bia\u0142ek i metabolit\u00f3w. Po oczyszczeniu krwi przywr\u00f3cona zostaje zdrowa r\u00f3wnowaga r\u00f3\u017cnych proces\u00f3w w organizmie. Afereza w istotny spos\u00f3b przyczynia si\u0119 do podstawowego &#8211; zdrowia organizmu.<\/p>\n<\/div>\n<div class=\"cmsmasters_text\">\n<h3>Obszary zastosowania aferezy<\/h3>\n<p><span style=\"font-weight: bold;\">Afereza jest u\u017cywana do przyczynowego leczenia dolegliwo\u015bci i chor\u00f3b z r\u00f3\u017cnych obszar\u00f3w wskaza\u0144:<\/span><\/p>\n<\/div>\n<\/div><\/div>\n<\/div>\n<\/div>\n<\/div>\n<\/div>\n<\/div>\n<div id=\"cmsmasters_row_\" class=\"cmsmasters_row cmsmasters_color_scheme_default cmsmasters_row_top_default cmsmasters_row_bot_default cmsmasters_row_boxed\">\n<div class=\"cmsmasters_row_outer_parent\">\n<div class=\"cmsmasters_row_outer\">\n<div class=\"cmsmasters_row_inner\">\n<div class=\"cmsmasters_row_margin\">\n<div id=\"cmsmasters_column_\" class=\"cmsmasters_column one_half\">\n<div class=\"cmsmasters_column_inner\"><div class=\"cmsmasters_text\">\n<ul>\n<li>Choroby reumatyczne<\/li>\n<li>Zaburzenia lipometaboliczne<\/li>\n<li>Heterozygotyczna rodzinna hipercholesterolemia (genetycznie podwy\u017cszony poziom lipid\u00f3w we krwi)<\/li>\n<li>Przewlek\u0142e i ostre choroby uk\u0142adu odporno\u015bciowego<\/li>\n<li>Choroba z Lyme<\/li>\n<li>Choroby autoimmunologiczne<\/li>\n<li>Zanieczyszczenie metalami ci\u0119\u017ckimi \/ odrzucenie metali ci\u0119\u017ckich<\/li>\n<li>Skleroza mnoga<\/li>\n<\/ul>\n<\/div>\n<\/div><\/div>\n<div id=\"cmsmasters_column_y0le9qgdib\" class=\"cmsmasters_column one_half\">\n<div class=\"cmsmasters_column_inner\"><div class=\"cmsmasters_text\">\n<ul>\n<li>Miastenia gravis<\/li>\n<li>Syndrom Guillaina-Barr\u00e9go<\/li>\n<li>Wrzodziej\u0105ce zapalenie jelita grubego<\/li>\n<li>Choroba Le\u015bniowskiego-Crohna<\/li>\n<li>Kardiomiopatia rozstrzeniowa<\/li>\n<li>W przeciwnym razie zesp\u00f3\u0142 opornej na terapi\u0119 stopy cukrzycowej<\/li>\n<li>Zwi\u0105zane z wiekiem zwyrodnienie plamki \u017c\u00f3\u0142tej (sucha posta\u0107 AMD)<\/li>\n<li>Ubytek s\u0142uchu<\/li>\n<\/ul>\n<\/div>\n<\/div><\/div>\n<\/div>\n<\/div>\n<\/div>\n<\/div>\n<\/div>\n\n","protected":false},"excerpt":{"rendered":"","protected":false},"author":1,"featured_media":0,"parent":15373,"menu_order":3,"comment_status":"closed","ping_status":"closed","template":"","meta":{"content-type":"","footnotes":""},"class_list":["post-15408","page","type-page","status-publish","hentry"],"_links":{"self":[{"href":"https:\/\/www.erweiterte-medizin.de\/pl\/wp-json\/wp\/v2\/pages\/15408"}],"collection":[{"href":"https:\/\/www.erweiterte-medizin.de\/pl\/wp-json\/wp\/v2\/pages"}],"about":[{"href":"https:\/\/www.erweiterte-medizin.de\/pl\/wp-json\/wp\/v2\/types\/page"}],"author":[{"embeddable":true,"href":"https:\/\/www.erweiterte-medizin.de\/pl\/wp-json\/wp\/v2\/users\/1"}],"replies":[{"embeddable":true,"href":"https:\/\/www.erweiterte-medizin.de\/pl\/wp-json\/wp\/v2\/comments?post=15408"}],"version-history":[{"count":0,"href":"https:\/\/www.erweiterte-medizin.de\/pl\/wp-json\/wp\/v2\/pages\/15408\/revisions"}],"up":[{"embeddable":true,"href":"https:\/\/www.erweiterte-medizin.de\/pl\/wp-json\/wp\/v2\/pages\/15373"}],"wp:attachment":[{"href":"https:\/\/www.erweiterte-medizin.de\/pl\/wp-json\/wp\/v2\/media?parent=15408"}],"curies":[{"name":"wp","href":"https:\/\/api.w.org\/{rel}","templated":true}]}}