{"id":15411,"date":"2020-07-06T12:07:38","date_gmt":"2020-07-06T10:07:38","guid":{"rendered":"http:\/\/www.praxis-siebenhuener.com\/ermed\/?page_id=15411"},"modified":"2020-07-07T17:35:00","modified_gmt":"2020-07-07T15:35:00","slug":"borelioza","status":"publish","type":"page","link":"https:\/\/www.erweiterte-medizin.de\/pl\/terapie\/borelioza\/","title":{"rendered":"Borelioza"},"content":{"rendered":"<h1>Hipertermia ca\u0142ego cia\u0142a w przypadku przewlek\u0142ej choroby z Lyme<\/h1>\n<p>Hipertermia ca\u0142ego cia\u0142a na borelioz\u0119 &#8211; \u015bmiertelne ciep\u0142o dla bakterii Borrelia.<\/p>\n<p><img decoding=\"async\" class=\"alignleft size-medium wp-image-14077\" src=\"https:\/\/www.erweiterte-medizin.de\/wp-content\/uploads\/2018\/08\/Borreliose-300x225.jpg\" alt=\"\" width=\"300\" height=\"225\" srcset=\"https:\/\/www.erweiterte-medizin.de\/wp-content\/uploads\/2018\/08\/Borreliose-300x225.jpg 300w, https:\/\/www.erweiterte-medizin.de\/wp-content\/uploads\/2018\/08\/Borreliose-768x576.jpg 768w, https:\/\/www.erweiterte-medizin.de\/wp-content\/uploads\/2018\/08\/Borreliose-580x435.jpg 580w, https:\/\/www.erweiterte-medizin.de\/wp-content\/uploads\/2018\/08\/Borreliose-860x645.jpg 860w, https:\/\/www.erweiterte-medizin.de\/wp-content\/uploads\/2018\/08\/Borreliose.jpg 1000w\" sizes=\"(max-width: 300px) 100vw, 300px\" \/><\/p>\n<p>Borelioza jest chorob\u0105 zaka\u017an\u0105, kt\u00f3ra mo\u017ce by\u0107 spowodowana przez bakteri\u0119 Borrelia burgdorferi kleszczy, ko\u0144skich much lub komar\u00f3w poprzez ugryzienie lub u\u017c\u0105dlenie. Na naszych szeroko\u015bciach geograficznych przenoszenie tej delikatnej choroby, cz\u0119sto trudnej do zdiagnozowania, nast\u0119puje jednak niemal wy\u0142\u0105cznie za po\u015brednictwem gatunku kleszcza zwanego kleszczem drzewnym (w rzadkich przypadkach r\u00f3wnie\u017c za po\u015brednictwem komar\u00f3w lub ko\u0144skich much). Borelioza z Lyme (znana r\u00f3wnie\u017c jako borelioza z Lyme, lub borelioza z Lyme, lub borelioza z Lyme w swoich podkategoriach) jest wielosystemow\u0105 chorob\u0105 zaka\u017an\u0105, kt\u00f3ra mo\u017ce mie\u0107 wp\u0142yw na ka\u017cdy narz\u0105d, uk\u0142ad nerwowy cz\u0142owieka, stawy i r\u00f3\u017cne tkanki.<\/p>\n<p>Nie ma szczepionki przeciwko zaka\u017ceniu Borrelia &#8211; w przeciwie\u0144stwie do choroby wirusowej kleszczowego zapalenia m\u00f3zgu (wczesnoletnie zapalenie opon m\u00f3zgowych). W zale\u017cno\u015bci od pogody, wi\u0119kszo\u015b\u0107 zaka\u017ce\u0144 wyst\u0119puje mi\u0119dzy marcem a pa\u017adziernikiem. W Niemczech istnieje wyra\u017any gradient p\u00f3\u0142noc-po\u0142udnie w odniesieniu do ryzyka infekcji lub przenoszenia si\u0119 szczep\u00f3w bakterii Borrelia burgdorferi, Borrelia sensu strictu, Borrelia garnii, Borrelia afzelii i Borellia spielmanii przenoszonych przez kleszcza drzewnego. W p\u00f3\u0142nocnych krajach zwi\u0105zkowych Niemiec tylko 6% do 10% kleszczy jest zara\u017conych Borreli\u0105, ale w centrum i na po\u0142udniu odsetek ten wynosi do 50%. Niestety, cz\u0119sto zdarza si\u0119, \u017ce choroba z Lyme zostaje ostatecznie rozpoznana jako taka dopiero po latach od zaka\u017cenia kleszczem, po postawieniu wielu innych diagnoz, a tym samym po up\u0142ywie cennego czasu na skuteczn\u0105 terapi\u0119.<\/p>\n<h2>Przebieg zaka\u017cenia chorob\u0105 z Lyme<\/h2>\n<p><img decoding=\"async\" class=\"size-medium wp-image-14155 alignleft\" src=\"https:\/\/www.erweiterte-medizin.de\/wp-content\/uploads\/2018\/08\/Borreliose_Ring-300x205.jpg\" alt=\"\" width=\"300\" height=\"205\" srcset=\"https:\/\/www.erweiterte-medizin.de\/wp-content\/uploads\/2018\/08\/Borreliose_Ring-300x205.jpg 300w, https:\/\/www.erweiterte-medizin.de\/wp-content\/uploads\/2018\/08\/Borreliose_Ring.jpg 500w\" sizes=\"(max-width: 300px) 100vw, 300px\" \/><\/p>\n<p>W kilka dni po u\u017c\u0105dleniu na pierwotnej ranie kleszcza cz\u0119sto pojawia si\u0119 zaczerwienienie sk\u00f3ry w kszta\u0142cie pier\u015bcienia, tzw. rumie\u0144 w\u0119druj\u0105cy (erythema migrans). Zaka\u017cenie Borrelia mo\u017ce by\u0107 nadal leczone antybiotykami w pierwszej fazie, poniewa\u017c spirochety s\u0105 nadal we krwi i s\u0105 \u0142atwo dost\u0119pne dla antybiotyk\u00f3w.<\/p>\n<p>Poniewa\u017c jednak to migruj\u0105ce zaczerwienienie nie zawsze wyst\u0119puje, a wi\u0119c pierwszy etap jest cz\u0119sto pomijany, w dalszych etapach bakterie Borrelia, kt\u00f3re nie lubi\u0105 ciep\u0142a, cofaj\u0105 si\u0119 do tkanek obwodowych, takich jak torebki stawowe i wi\u0119zad\u0142a, gdzie mi\u0119dzy innymi mog\u0105 wyst\u0105pi\u0107 spontaniczne p\u0119kni\u0119cia. Zauwa\u017calne reakcje fizyczne, takie jak zm\u0119czenie, b\u00f3le g\u0142owy, arytmia serca i gor\u0105czka, s\u0105 cz\u0119sto interpretowane przez pacjent\u00f3w jako grypa. Prawid\u0142owa diagnoza choroby z Lyme nie jest wi\u0119c mo\u017cliwa.<\/p>\n<p>Kiedy choroba z Lyme przechodzi w to przewlek\u0142e stadium, pacjenci cz\u0119sto maj\u0105 przed sob\u0105 d\u0142ug\u0105 m\u0119k\u0119, a\u017c do momentu, kiedy b\u0119d\u0105 mogli otrzymad pomoc medyczn\u0105, poniewa\u017c cz\u0119sto nie ma ju\u017c dowod\u00f3w na ostr\u0105 infekcj\u0119 Borrelia we krwi, a Borrelia, kt\u00f3ra cofn\u0119\u0142a si\u0119 do kom\u00f3rek, jest trudna do uzyskania antybiotyk\u00f3w. Ponadto, bakterie Borrelia mog\u0105 na\u015bladowa\u0107 ka\u017cdy obraz kliniczny, co jeszcze bardziej utrudnia postawienie diagnozy.<\/p>\n<p>Infekcja Borrelia rozwija si\u0119 bardzo powoli w organizmie i cz\u0119sto dopiero po kilku miesi\u0105cach lub latach s\u0105 r\u00f3\u017cne objawy boreliozy odczuwalne. R\u00f3\u017cne organy, takie jak sk\u00f3ra, uk\u0142ad nerwowy i stawy, s\u0105 pod wp\u0142ywem bakterii Borrelia.<\/p>\n<h3>Choroba z Lyme dzieli si\u0119 na trzy etapy:<\/h3>\n<ul>\n<li>Etap I &#8211; lokalne zaka\u017cenie<\/li>\n<li>Etap II &#8211; infekcja rozsiana (rozprzestrzeniona w ca\u0142ym organizmie)<\/li>\n<li>Etap III &#8211; trwa\u0142e zaka\u017cenie (przewlek\u0142e i trwa\u0142e)<\/li>\n<\/ul>\n<h3>Cz\u0119stymi objawami s\u0105:<\/h3>\n<ul>\n<li>Zesp\u00f3\u0142 przewlek\u0142ego zm\u0119czenia<\/li>\n<li>B\u00f3l neuropatyczny w ca\u0142ym ciele<\/li>\n<li>Skurcze<\/li>\n<li>Skrajny pot nocny<\/li>\n<li>Arytmia serca<\/li>\n<li>Zaburzenia koncentracji<\/li>\n<li>Zapomnienie<\/li>\n<li>Zapalenie staw\u00f3w kolanowych lub skokowych, r\u0105k i ramion<\/li>\n<\/ul>\n<h2>Leczenie chor\u00f3b z Lyme &#8211; hipertermia ca\u0142ego cia\u0142a<\/h2>\n<p>Wed\u0142ug bada\u0144 Instytutu Maxa Plancka, bakterie Borrelia umieraj\u0105 powy\u017cej temperatury 41,6 \u00b0Celsiusa. Termolowalno\u015b\u0107 bakterii Borrelia zosta\u0142a udowodniona ju\u017c w 1996 roku w badaniu skandynawskim, kt\u00f3re wykaza\u0142o r\u00f3wnie\u017c, \u017ce wszystkie szczepy Borrelia obumar\u0142y w temperaturze 41,6 \u00b0C.<\/p>\n<p>Wiedz\u0119 t\u0119 wykorzystujemy przy hipertermii ca\u0142ego cia\u0142a, wystawiaj\u0105c pacjent\u00f3w na dzia\u0142anie temperatury od 41,6 do 41,8 \u00b0C przez dwie do trzech godzin, le\u017c\u0105c na kanapie i ca\u0142kowicie owini\u0119ci w namiocie, gdzie s\u0105 intensywnie monitorowani przez lekarzy. Jednocze\u015bnie podwy\u017cszona temperatura aktywuje w\u0142asne makrofagi (kom\u00f3rki od\u017cywcze i zab\u00f3jcze) organizmu, kt\u00f3re nast\u0119pnie mog\u0105 eliminowa\u0107 bakterie.<\/p>\n<p>Metoda ta musi by\u0107 stosowana raz lub dwa razy. W Centrum Medycyny Zaawansowanej oferujemy t\u0119 metod\u0119 jako g\u0142\u00f3wny sk\u0142adnik ca\u0142o\u015bciowego zabiegu, poniewa\u017c eliminujemy neurotoksyny produkowane przez bakterie Borrelia poprzez specjalny program detoksykacji.<\/p>\n<p>Ponadto hipertermia ca\u0142ego cia\u0142a mo\u017ce by\u0107 idealnie po\u0142\u0105czona z terapi\u0105 insulinozale\u017cn\u0105 (IPT).<\/p>\n","protected":false},"excerpt":{"rendered":"<p>Hipertermia ca\u0142ego cia\u0142a w przypadku przewlek\u0142ej choroby z Lyme Hipertermia ca\u0142ego cia\u0142a na borelioz\u0119 &#8211; \u015bmiertelne ciep\u0142o dla bakterii Borrelia. Borelioza jest chorob\u0105 zaka\u017an\u0105, kt\u00f3ra mo\u017ce by\u0107 spowodowana przez bakteri\u0119 Borrelia burgdorferi kleszczy, ko\u0144skich much lub komar\u00f3w poprzez ugryzienie lub u\u017c\u0105dlenie. Na naszych szeroko\u015bciach geograficznych przenoszenie tej delikatnej choroby, cz\u0119sto trudnej do zdiagnozowania, nast\u0119puje jednak&#8230;<\/p>\n","protected":false},"author":1,"featured_media":0,"parent":15373,"menu_order":4,"comment_status":"closed","ping_status":"closed","template":"","meta":{"content-type":"","footnotes":""},"class_list":["post-15411","page","type-page","status-publish","hentry"],"_links":{"self":[{"href":"https:\/\/www.erweiterte-medizin.de\/pl\/wp-json\/wp\/v2\/pages\/15411"}],"collection":[{"href":"https:\/\/www.erweiterte-medizin.de\/pl\/wp-json\/wp\/v2\/pages"}],"about":[{"href":"https:\/\/www.erweiterte-medizin.de\/pl\/wp-json\/wp\/v2\/types\/page"}],"author":[{"embeddable":true,"href":"https:\/\/www.erweiterte-medizin.de\/pl\/wp-json\/wp\/v2\/users\/1"}],"replies":[{"embeddable":true,"href":"https:\/\/www.erweiterte-medizin.de\/pl\/wp-json\/wp\/v2\/comments?post=15411"}],"version-history":[{"count":0,"href":"https:\/\/www.erweiterte-medizin.de\/pl\/wp-json\/wp\/v2\/pages\/15411\/revisions"}],"up":[{"embeddable":true,"href":"https:\/\/www.erweiterte-medizin.de\/pl\/wp-json\/wp\/v2\/pages\/15373"}],"wp:attachment":[{"href":"https:\/\/www.erweiterte-medizin.de\/pl\/wp-json\/wp\/v2\/media?parent=15411"}],"curies":[{"name":"wp","href":"https:\/\/api.w.org\/{rel}","templated":true}]}}