{"id":15413,"date":"2020-07-06T12:09:58","date_gmt":"2020-07-06T10:09:58","guid":{"rendered":"http:\/\/www.praxis-siebenhuener.com\/ermed\/?page_id=15413"},"modified":"2021-11-02T14:45:47","modified_gmt":"2021-11-02T13:45:47","slug":"choroby-przewlekle","status":"publish","type":"page","link":"https:\/\/www.erweiterte-medizin.de\/pl\/terapie\/choroby-przewlekle\/","title":{"rendered":"Choroby przewlek\u0142e"},"content":{"rendered":"<h1>Choroby przewlek\u0142e, rzadkie choroby, niejasne dolegliwo\u015bci<\/h1>\n<h2>Osoby z rzadkimi, chronicznymi lub niejasnymi chorobami cz\u0119sto nie mog\u0105 znale\u017a\u0107 lekarza, kt\u00f3ry m\u00f3g\u0142by im naprawd\u0119 pom\u00f3c<\/h2>\n<p><img decoding=\"async\" class=\"alignleft size-medium wp-image-17241\" src=\"https:\/\/www.erweiterte-medizin.de\/wp-content\/uploads\/2018\/08\/Chronische-Erkrankungen-Titelbild-300x300.jpg\" alt=\"Choroby przewlek\u0142e, rzadkie choroby, niejasne dolegliwo\u015bci\" width=\"300\" height=\"300\" srcset=\"https:\/\/www.erweiterte-medizin.de\/wp-content\/uploads\/2018\/08\/Chronische-Erkrankungen-Titelbild-300x300.jpg 300w, https:\/\/www.erweiterte-medizin.de\/wp-content\/uploads\/2018\/08\/Chronische-Erkrankungen-Titelbild-150x150.jpg 150w, https:\/\/www.erweiterte-medizin.de\/wp-content\/uploads\/2018\/08\/Chronische-Erkrankungen-Titelbild-65x65.jpg 65w, https:\/\/www.erweiterte-medizin.de\/wp-content\/uploads\/2018\/08\/Chronische-Erkrankungen-Titelbild.jpg 400w\" sizes=\"(max-width: 300px) 100vw, 300px\" \/><\/p>\n<p>Choroba jest uwa\u017cana za rzadk\u0105, je\u015bli cierpi na ni\u0105 mniej ni\u017c 5 na 10 000 os\u00f3b. Szacuje si\u0119, \u017ce w Niemczech oko\u0142o czterech milion\u00f3w os\u00f3b cierpi z powodu niejasnych, z\u0142o\u017conych obraz\u00f3w klinicznych. W 80 procentach przypadk\u00f3w maj\u0105 one pochodzenie genetyczne. Niekt\u00f3rzy pacjenci cz\u0119sto od urodzenia \u017cyj\u0105 z rzadk\u0105 chorob\u0105. W wielu przypadkach pierwsze oznaki rzadkiej choroby pojawiaj\u0105 si\u0119 dopiero w doros\u0142ym \u017cyciu. Prawid\u0142owa diagnoza niejasnej choroby jest cz\u0119sto d\u0142uga i trudna. Wi\u0119kszo\u015b\u0107 praktyk nie jest w stanie opanowa\u0107 z\u0142o\u017conych profili diagnostycznych przy pomocy niezb\u0119dnych procedur laboratoryjnych. Zm\u0119czeni i niespokojni, lekarze rodzinni kieruj\u0105 pacjent\u00f3w do specjalist\u00f3w i klinik. Te z kolei inicjuj\u0105 czasoch\u0142onne, cz\u0119sto niekompletne diagnozy, a nast\u0119pnie kieruj\u0105 pacjent\u00f3w na bezradnych. Oko\u0142o 40 % pacjent\u00f3w otrzymuje co najmniej jedn\u0105 fa\u0142szyw\u0105 diagnoz\u0119 w drodze do gabinetu. W rezultacie wielu pacjent\u00f3w otrzymuje nieodpowiednie lub nawet nieprawid\u0142owe leczenie.<\/p>\n<p>Z drugiej strony, w Centrum Medycyny Zaawansowanej rozwin\u0119li\u015bmy szerok\u0105 wiedz\u0119 fachow\u0105 w zakresie diagnostyki laboratoryjnej z nasz\u0105 analiz\u0105 s\u0142abych punkt\u00f3w i jej interpretacj\u0105 oraz po\u015bwi\u0119cili\u015bmy Pa\u0144stwu ca\u0142y niezb\u0119dny czas.<\/p>\n<p>Dzi\u0119ki naszym wypr\u00f3bowanym i sprawdzonym od dawna metodom otwieramy nowe mo\u017cliwo\u015bci holistycznego i alternatywnego leczenia chor\u00f3b przewlek\u0142ych w Centrum Medycyny Zaawansowanej. Rozwa\u017camy z\u0142o\u017cone mechanizmy dzia\u0142ania i zale\u017cno\u015bci choroby. W ten spos\u00f3b nie tylko leczymy objawy, ale tak\u017ce leczymy przyczyn\u0119 przewlek\u0142ej choroby.<\/p>\n<h3>Mo\u017cliwe choroby przewlek\u0142e obejmuj\u0105:<\/h3>\n<ul>\n<li>Choroba z Lyme<\/li>\n<li>Choroby sercowo-naczyniowe<\/li>\n<li>przewlek\u0142e zapalenie w\u0105troby<\/li>\n<li>Choroby uk\u0142adu oddechowego<\/li>\n<li>wrzodziej\u0105ce zapalenie jelita grubego<\/li>\n<li>Fibromyalgia<\/li>\n<li>Choroby autoimmunologiczne, np. choroba Crohna, wrzodziej\u0105ce zapalenie jelita grubego, tocze\u0144 rumieniowaty itp.<\/li>\n<li>skleroza mnoga<\/li>\n<li>Reumatyzm<\/li>\n<li>Artroza\/Zapalenie staw\u00f3w\/Wydzielina<\/li>\n<li>Utrata w\u0142os\u00f3w<\/li>\n<li>Zapalenie tarczycy Hashimoto<\/li>\n<li>Migrena<\/li>\n<li>Syndrom wypalenia<\/li>\n<li>i wiele innych z\u0142o\u017conych lub \u0142\u0105czonych obraz\u00f3w klinicznych<\/li>\n<\/ul>\n<h3>Nasze terapie w zakresie chor\u00f3b przewlek\u0142ych obejmuj\u0105:<\/h3>\n<ul>\n<li>Laserowe leczenie artrozy<\/li>\n<li>Hydroterapia pu\u0142kownika<\/li>\n<li>Leczenie tlenem<\/li>\n<li>Ozonowa obr\u00f3bka tlenu<\/li>\n<li>Akupunktura<\/li>\n<\/ul>\n","protected":false},"excerpt":{"rendered":"<p>Choroby przewlek\u0142e, rzadkie choroby, niejasne dolegliwo\u015bci Osoby z rzadkimi, chronicznymi lub niejasnymi chorobami cz\u0119sto nie mog\u0105 znale\u017a\u0107 lekarza, kt\u00f3ry m\u00f3g\u0142by im naprawd\u0119 pom\u00f3c Choroba jest uwa\u017cana za rzadk\u0105, je\u015bli cierpi na ni\u0105 mniej ni\u017c 5 na 10 000 os\u00f3b. Szacuje si\u0119, \u017ce w Niemczech oko\u0142o czterech milion\u00f3w os\u00f3b cierpi z powodu niejasnych, z\u0142o\u017conych obraz\u00f3w klinicznych&#8230;.<\/p>\n","protected":false},"author":1,"featured_media":0,"parent":15373,"menu_order":4,"comment_status":"closed","ping_status":"closed","template":"","meta":{"content-type":"","footnotes":""},"class_list":["post-15413","page","type-page","status-publish","hentry"],"_links":{"self":[{"href":"https:\/\/www.erweiterte-medizin.de\/pl\/wp-json\/wp\/v2\/pages\/15413"}],"collection":[{"href":"https:\/\/www.erweiterte-medizin.de\/pl\/wp-json\/wp\/v2\/pages"}],"about":[{"href":"https:\/\/www.erweiterte-medizin.de\/pl\/wp-json\/wp\/v2\/types\/page"}],"author":[{"embeddable":true,"href":"https:\/\/www.erweiterte-medizin.de\/pl\/wp-json\/wp\/v2\/users\/1"}],"replies":[{"embeddable":true,"href":"https:\/\/www.erweiterte-medizin.de\/pl\/wp-json\/wp\/v2\/comments?post=15413"}],"version-history":[{"count":0,"href":"https:\/\/www.erweiterte-medizin.de\/pl\/wp-json\/wp\/v2\/pages\/15413\/revisions"}],"up":[{"embeddable":true,"href":"https:\/\/www.erweiterte-medizin.de\/pl\/wp-json\/wp\/v2\/pages\/15373"}],"wp:attachment":[{"href":"https:\/\/www.erweiterte-medizin.de\/pl\/wp-json\/wp\/v2\/media?parent=15413"}],"curies":[{"name":"wp","href":"https:\/\/api.w.org\/{rel}","templated":true}]}}