{"id":15419,"date":"2020-07-06T12:17:03","date_gmt":"2020-07-06T10:17:03","guid":{"rendered":"http:\/\/www.praxis-siebenhuener.com\/ermed\/?page_id=15419"},"modified":"2021-11-02T14:47:14","modified_gmt":"2021-11-02T13:47:14","slug":"hydroterapia-pulkownika","status":"publish","type":"page","link":"https:\/\/www.erweiterte-medizin.de\/pl\/terapie\/choroby-przewlekle\/hydroterapia-pulkownika\/","title":{"rendered":"Hydroterapia pu\u0142kownika"},"content":{"rendered":"<h1>Hydroterapia Colon<\/h1>\n<h2>Regulacja jelita doprowadza uk\u0142ad odporno\u015bciowy do czysto\u015bci<\/h2>\n<p><img decoding=\"async\" class=\"alignleft size-medium wp-image-17307\" src=\"https:\/\/www.erweiterte-medizin.de\/wp-content\/uploads\/2018\/08\/Colon-Hydro-Therapie-Titelbild-300x300.jpg\" alt=\"Hydroterapia Colon\" width=\"300\" height=\"300\" srcset=\"https:\/\/www.erweiterte-medizin.de\/wp-content\/uploads\/2018\/08\/Colon-Hydro-Therapie-Titelbild-300x300.jpg 300w, https:\/\/www.erweiterte-medizin.de\/wp-content\/uploads\/2018\/08\/Colon-Hydro-Therapie-Titelbild-150x150.jpg 150w, https:\/\/www.erweiterte-medizin.de\/wp-content\/uploads\/2018\/08\/Colon-Hydro-Therapie-Titelbild-65x65.jpg 65w, https:\/\/www.erweiterte-medizin.de\/wp-content\/uploads\/2018\/08\/Colon-Hydro-Therapie-Titelbild.jpg 400w\" sizes=\"(max-width: 300px) 100vw, 300px\" \/><\/p>\n<p>Dla naszego zdrowia najwa\u017cniejsza jest zr\u00f3wnowa\u017cona, naturalna funkcja uk\u0142adu pokarmowego, a zw\u0142aszcza jelit. Ju\u017c 300 lat przed Chrystusem, grecki lekarz Hipokrates, &#8222;przodek zawodu lekarza&#8221;, drastycznie sformu\u0142owa\u0142: &#8222;\u015amier\u0107 siedzi w jelicie&#8221;! To, co brzmi dramatycznie, jest w rzeczywisto\u015bci prawd\u0105 i mo\u017ce by\u0107 r\u00f3wnie\u017c wyja\u015bnione naukowo: Nasze jelita maj\u0105 \u015bredni\u0105 d\u0142ugo\u015b\u0107 oko\u0142o 8,5 metra i ca\u0142kowit\u0105 powierzchni\u0119 oko\u0142o 500 metr\u00f3w kwadratowych. Ono nie tylko s\u0142uzy\u0107 absorpcj\u0119 i utylizacj\u0119 nasz jedzenie, ale woko\u0142o 80% nasz system odporno\u015bciowy lokalizuje w jelicie lub kontroluje od jelita.<\/p>\n<p>Nasz nowoczesny spos\u00f3b \u017cycia tak bardzo obci\u0105\u017ca nasze jelita, \u017ce staj\u0105 si\u0119 one coraz bardziej chore, a uk\u0142ad odporno\u015bciowy wymyka si\u0119 spod kontroli. Zr\u00f3wnowa\u017cona r\u00f3wnowaga kwasowo-zasadowa ma r\u00f3wnie\u017c zasadnicze znaczenie dla naszego organizmu i jego regulacji. Bez zdrowego \u015brodowiska kwasowo-zasadowego procesy fizyczne, takie jak kr\u0105\u017cenie, oddychanie, r\u00f3wnowaga hormonalna, wydalanie, a przede wszystkim funkcje jelita, s\u0105 znacznie zaburzone. Dieta kwa\u015bna (niezdrowe t\u0142uszcze, mi\u0119so, cukier itp.), stres, u\u017cywki i brak ruchu mog\u0105 prowadzi\u0107 do nadmiernego zakwaszenia tkanki, co jest podstawowym problemem naszych tzw. chor\u00f3b cywilizacyjnych.Obejmuj\u0105 one nie tylko \u0142agodne objawy (takie jak uczucie pe\u0142no\u015bci, wzd\u0119cia, zaparcia itp.) i powa\u017cniejsze problemy z trawieniem (zapalenie jelit, takie jak choroba Crohna, wrzodziej\u0105ce zapalenie jelita grubego itp.), ale tak\u017ce inne choroby poza jelitami, takie jak choroby sk\u00f3ry (alergie, egzemy, dermatozy, \u0142uszczyca itp.), problemy z p\u0142ucami (astma oskrzelowa), problemy ze stawami (artretyzm, artroza, reumatyzm itp.), stres psychologiczny i, co nie mniej wa\u017cne, zawa\u0142y serca, udary, demencja i rak.<\/p>\n<h3>Hydroterapia kolonkowa &#8211; klucz do zdrowia i dobrego samopoczucia<\/h3>\n<p>W hydroterapii jelita grubego wykonuje si\u0119 lewatyw\u0119 doodbytnicz\u0105 z wod\u0105 (czasami z r\u00f3\u017cnymi dodatkami). Pacjent le\u017cy wygodnie w pozycji le\u017c\u0105cej na le\u017cance zabiegowej. \u015awie\u017ca, przefiltrowana woda przep\u0142ywa przez plastikow\u0105 rurk\u0119 do jelita. Ta woda rozpuszcza wysuszone osady (w\u0142\u0105czaj\u0105c w to materi\u0119 ka\u0142ow\u0105 i grzybicze gniazda) wewn\u0105trz jelita, kt\u00f3re cz\u0119sto tworz\u0105 si\u0119 w jelicie przez lata i mog\u0105 masowo os\u0142abia\u0107 jego naturaln\u0105 funkcj\u0119. Podczas zabiegu przez jelito grube przepuszcza si\u0119 ok. 30 do 40 litr\u00f3w wody. Zasada leczenia opiera si\u0119 na odruchu perystaltycznym opr\u00f3\u017cniania jelit i jest &#8222;jakby sama w sobie&#8221;. Jest to zamkni\u0119ty system obiegu, nie ma uci\u0105\u017cliwych zapach\u00f3w!<\/p>\n<p>Hydroterapia jelita grubego dok\u0142adnie oczyszcza jelita i wyp\u0142ukuje toksyny. Skutkuje to rehabilitacj\u0105 ca\u0142ego \u015brodowiska, co pozwala na przywr\u00f3cenie symbiozy bakteryjnej w jelicie i odzyskanie optymalnego porz\u0105dku przez uk\u0142ad odporno\u015bciowy.<\/p>\n<p><span style=\"font-weight: bold;\">Obszary zastosowania hydroterapii okr\u0119\u017cnicy s\u0105 odpowiednio zr\u00f3\u017cnicowane:<\/span><\/p>\n<ul>\n<li>Alergie<\/li>\n<li>Choroby \u017co\u0142\u0105dka i jelita<\/li>\n<li>Choroby sk\u00f3ry<\/li>\n<li>Choroby p\u0142uc<\/li>\n<li>Cykl reumatyczny<\/li>\n<li>Choroby uk\u0142adu mi\u0119\u015bniowo-szkieletowego<\/li>\n<li>Choroby autoimmunologiczne<\/li>\n<li>Choroby sercowo-naczyniowe<\/li>\n<li>Depresje<\/li>\n<li>Zaburzenia metaboliczne<\/li>\n<li>i wiele wi\u0119cej.<\/li>\n<\/ul>\n","protected":false},"excerpt":{"rendered":"<p>Hydroterapia Colon Regulacja jelita doprowadza uk\u0142ad odporno\u015bciowy do czysto\u015bci Dla naszego zdrowia najwa\u017cniejsza jest zr\u00f3wnowa\u017cona, naturalna funkcja uk\u0142adu pokarmowego, a zw\u0142aszcza jelit. Ju\u017c 300 lat przed Chrystusem, grecki lekarz Hipokrates, &#8222;przodek zawodu lekarza&#8221;, drastycznie sformu\u0142owa\u0142: &#8222;\u015amier\u0107 siedzi w jelicie&#8221;! To, co brzmi dramatycznie, jest w rzeczywisto\u015bci prawd\u0105 i mo\u017ce by\u0107 r\u00f3wnie\u017c wyja\u015bnione naukowo: Nasze jelita&#8230;<\/p>\n","protected":false},"author":1,"featured_media":0,"parent":15413,"menu_order":3,"comment_status":"closed","ping_status":"closed","template":"","meta":{"content-type":"","footnotes":""},"class_list":["post-15419","page","type-page","status-publish","hentry"],"_links":{"self":[{"href":"https:\/\/www.erweiterte-medizin.de\/pl\/wp-json\/wp\/v2\/pages\/15419"}],"collection":[{"href":"https:\/\/www.erweiterte-medizin.de\/pl\/wp-json\/wp\/v2\/pages"}],"about":[{"href":"https:\/\/www.erweiterte-medizin.de\/pl\/wp-json\/wp\/v2\/types\/page"}],"author":[{"embeddable":true,"href":"https:\/\/www.erweiterte-medizin.de\/pl\/wp-json\/wp\/v2\/users\/1"}],"replies":[{"embeddable":true,"href":"https:\/\/www.erweiterte-medizin.de\/pl\/wp-json\/wp\/v2\/comments?post=15419"}],"version-history":[{"count":0,"href":"https:\/\/www.erweiterte-medizin.de\/pl\/wp-json\/wp\/v2\/pages\/15419\/revisions"}],"up":[{"embeddable":true,"href":"https:\/\/www.erweiterte-medizin.de\/pl\/wp-json\/wp\/v2\/pages\/15413"}],"wp:attachment":[{"href":"https:\/\/www.erweiterte-medizin.de\/pl\/wp-json\/wp\/v2\/media?parent=15419"}],"curies":[{"name":"wp","href":"https:\/\/api.w.org\/{rel}","templated":true}]}}