{"id":15422,"date":"2020-07-06T12:20:25","date_gmt":"2020-07-06T10:20:25","guid":{"rendered":"http:\/\/www.praxis-siebenhuener.com\/ermed\/?page_id=15422"},"modified":"2021-11-02T14:48:37","modified_gmt":"2021-11-02T13:48:37","slug":"oksywacja","status":"publish","type":"page","link":"https:\/\/www.erweiterte-medizin.de\/pl\/terapie\/choroby-przewlekle\/oksywacja\/","title":{"rendered":"Oksywacja"},"content":{"rendered":"<h1>Oksywacja &#8211; Zdrowe \u017cycie dzi\u0119ki tlenoterapi<\/h1>\n<h2>Stosujemy oksywacj\u0119, aby zwi\u0119kszy\u0107 skuteczno\u015b\u0107 naszych holistycznych metod leczenia raka.<\/h2>\n<p><img decoding=\"async\" class=\"alignleft size-medium wp-image-17310\" src=\"https:\/\/www.erweiterte-medizin.de\/wp-content\/uploads\/2018\/08\/Oxyvenierung-Titelbild-300x300.jpg\" alt=\"Oksywacja - Zdrowe \u017cycie dzi\u0119ki tlenoterapi\" width=\"300\" height=\"300\" srcset=\"https:\/\/www.erweiterte-medizin.de\/wp-content\/uploads\/2018\/08\/Oxyvenierung-Titelbild-300x300.jpg 300w, https:\/\/www.erweiterte-medizin.de\/wp-content\/uploads\/2018\/08\/Oxyvenierung-Titelbild-150x150.jpg 150w, https:\/\/www.erweiterte-medizin.de\/wp-content\/uploads\/2018\/08\/Oxyvenierung-Titelbild-65x65.jpg 65w, https:\/\/www.erweiterte-medizin.de\/wp-content\/uploads\/2018\/08\/Oxyvenierung-Titelbild.jpg 400w\" sizes=\"(max-width: 300px) 100vw, 300px\" \/><\/p>\n<p>Terapia oksyvenacyjna jest bardzo skuteczn\u0105 i efektywn\u0105 metod\u0105 dostarczania tlenu do ka\u017cdej kom\u00f3rki organizmu. Kom\u00f3rki naszego cia\u0142a musz\u0105 by\u0107 przez ca\u0142y czas zaopatrywane w wystarczaj\u0105c\u0105 ilo\u015b\u0107 tlenu, aby produkowa\u0107 lub reprodukowa\u0107 energi\u0119. Jednak wiele dolegliwo\u015bci i chor\u00f3b zasadniczo ogranicza wykorzystanie tlenu, przez co ludzki metabolizm nie mo\u017ce ju\u017c optymalnie funkcjonowa\u0107.<\/p>\n<p>W naszym Centrum Medycyny Zaawansowanej oferujemy Pa\u0144stwu oksywacj\u0119 wed\u0142ug neurologa dr. med. Regelsbergera, kt\u00f3ry przez wiele lat rozwija\u0142 i udoskonala\u0142 t\u0119 delikatn\u0105 terapi\u0119 tlenow\u0105. W oksyvenacji, czysty tlen medyczny w dok\u0142adnie okre\u015blonych dawkach jest dostarczany do organizmu bezpo\u015brednio przez \u017cy\u0142\u0119.<\/p>\n<p>Stosowana przez nas terapia oksyvencyjna polega na wytwarzaniu przez organizm w\u0142asnych substancji (prostaglandyn), kt\u00f3re s\u0105 skierowane przeciwko stanom zapalnym w organizmie i tym samym maj\u0105 dzia\u0142anie samolecznicze. Zapalenia w organizmie mog\u0105 by\u0107 leczone metod\u0105 oksywacyjn\u0105 bez skutk\u00f3w ubocznych lek\u00f3w. Jako dodatkowa terapia w biologicznym leczeniu nowotwor\u00f3w, tlenoterapia (oxyvenation) sprzyja otwieraniu ma\u0142ych naczy\u0144 w\u0142osowatych. W ten spos\u00f3b oksyvenacja zwi\u0119ksza efekt infuzji, u\u0142atwiaj\u0105c wch\u0142anianie substancji przez kom\u00f3rki. Wykorzystujemy efekt oksywacji do zwi\u0119kszenia skuteczno\u015bci holistycznego leczenia nowotwor\u00f3w.<\/p>\n<p><span style=\"font-weight: bold;\">Oksywacja \u0142agodzi wiele dolegliwo\u015bci i mo\u017ce by\u0107 stosowany do nast\u0119puj\u0105cych zdj\u0119\u0107 klinicznych:<\/span><\/p>\n<ul>\n<li>Regulacja wysokiego ci\u015bnienia krwi<\/li>\n<li>Migrena<\/li>\n<li>Alergie<\/li>\n<li>Chroniczne zapalenie zatok<\/li>\n<li>Astma<\/li>\n<li>Neurodermatitis<\/li>\n<li>Egzema chroniczna<\/li>\n<li>Sucha degeneracja plamki<\/li>\n<li>Tinnitus<\/li>\n<li>Pa\u0144stwa wyczerpania<\/li>\n<li>Bezsenno\u015b\u0107<\/li>\n<li>Choroby w\u0105troby<\/li>\n<li>Cukrzyca<\/li>\n<li>Artroza, artretyzm<\/li>\n<li>Choroby reumatyczne<\/li>\n<li>Zaburzenia przep\u0142ywu ch\u0142onki<\/li>\n<li>Zaburzenia kr\u0105\u017cenia t\u0119tniczego<\/li>\n<li>Choroby \u017cylne<\/li>\n<li>Kontynuacja leczenia udaru m\u00f3zgu lub zawa\u0142u serca<\/li>\n<li>w ramach holistycznej terapii nowotworowej<\/li>\n<\/ul>\n","protected":false},"excerpt":{"rendered":"<p>Oksywacja &#8211; Zdrowe \u017cycie dzi\u0119ki tlenoterapi Stosujemy oksywacj\u0119, aby zwi\u0119kszy\u0107 skuteczno\u015b\u0107 naszych holistycznych metod leczenia raka. Terapia oksyvenacyjna jest bardzo skuteczn\u0105 i efektywn\u0105 metod\u0105 dostarczania tlenu do ka\u017cdej kom\u00f3rki organizmu. Kom\u00f3rki naszego cia\u0142a musz\u0105 by\u0107 przez ca\u0142y czas zaopatrywane w wystarczaj\u0105c\u0105 ilo\u015b\u0107 tlenu, aby produkowa\u0107 lub reprodukowa\u0107 energi\u0119. Jednak wiele dolegliwo\u015bci i chor\u00f3b zasadniczo ogranicza&#8230;<\/p>\n","protected":false},"author":1,"featured_media":0,"parent":15413,"menu_order":4,"comment_status":"closed","ping_status":"closed","template":"","meta":{"content-type":"","footnotes":""},"class_list":["post-15422","page","type-page","status-publish","hentry"],"_links":{"self":[{"href":"https:\/\/www.erweiterte-medizin.de\/pl\/wp-json\/wp\/v2\/pages\/15422"}],"collection":[{"href":"https:\/\/www.erweiterte-medizin.de\/pl\/wp-json\/wp\/v2\/pages"}],"about":[{"href":"https:\/\/www.erweiterte-medizin.de\/pl\/wp-json\/wp\/v2\/types\/page"}],"author":[{"embeddable":true,"href":"https:\/\/www.erweiterte-medizin.de\/pl\/wp-json\/wp\/v2\/users\/1"}],"replies":[{"embeddable":true,"href":"https:\/\/www.erweiterte-medizin.de\/pl\/wp-json\/wp\/v2\/comments?post=15422"}],"version-history":[{"count":0,"href":"https:\/\/www.erweiterte-medizin.de\/pl\/wp-json\/wp\/v2\/pages\/15422\/revisions"}],"up":[{"embeddable":true,"href":"https:\/\/www.erweiterte-medizin.de\/pl\/wp-json\/wp\/v2\/pages\/15413"}],"wp:attachment":[{"href":"https:\/\/www.erweiterte-medizin.de\/pl\/wp-json\/wp\/v2\/media?parent=15422"}],"curies":[{"name":"wp","href":"https:\/\/api.w.org\/{rel}","templated":true}]}}