{"id":15426,"date":"2020-07-06T12:22:17","date_gmt":"2020-07-06T10:22:17","guid":{"rendered":"http:\/\/www.praxis-siebenhuener.com\/ermed\/?page_id=15426"},"modified":"2020-07-07T17:42:02","modified_gmt":"2020-07-07T15:42:02","slug":"terapia-ozonowa","status":"publish","type":"page","link":"https:\/\/www.erweiterte-medizin.de\/pl\/terapie\/choroby-przewlekle\/terapia-ozonowa\/","title":{"rendered":"Terapia ozonowa"},"content":{"rendered":"<h1>Terapia ozonowa<\/h1>\n<h2>Tlen to \u017cycie i paliwo dla uk\u0142adu odporno\u015bciowego<\/h2>\n<p><img decoding=\"async\" class=\"alignleft size-medium wp-image-17301\" src=\"https:\/\/www.erweiterte-medizin.de\/wp-content\/uploads\/2018\/08\/Ozontherapie-Titelbild-300x300.jpg\" alt=\"\" width=\"300\" height=\"300\" srcset=\"https:\/\/www.erweiterte-medizin.de\/wp-content\/uploads\/2018\/08\/Ozontherapie-Titelbild-300x300.jpg 300w, https:\/\/www.erweiterte-medizin.de\/wp-content\/uploads\/2018\/08\/Ozontherapie-Titelbild-150x150.jpg 150w, https:\/\/www.erweiterte-medizin.de\/wp-content\/uploads\/2018\/08\/Ozontherapie-Titelbild-65x65.jpg 65w, https:\/\/www.erweiterte-medizin.de\/wp-content\/uploads\/2018\/08\/Ozontherapie-Titelbild.jpg 400w\" sizes=\"(max-width: 300px) 100vw, 300px\" \/>\u017bycie organiczne nie jest mo\u017cliwe bez tlenu. Wiele chor\u00f3b mo\u017ce wynika\u0107 z zaburzonego metabolizmu tlenowego lub z niego wynika\u0107. Zw\u0142aszcza choroby przewlek\u0142e s\u0105 cz\u0119sto wynikiem trwa\u0142ych i d\u0142ugotrwa\u0142ych zaburze\u0144 wykorzystania tlenu, kt\u00f3re dotykaj\u0105 ca\u0142y organizm.<\/p>\n<p>Niedostateczne zaopatrzenie w tlen jest druzgoc\u0105ce dla realizacji zada\u0144 r\u00f3\u017cnych grup bia\u0142ych krwinek (leukocyt\u00f3w). Leukocyty oczyszczaj\u0105 organizm z niezgodnych substancji i patogen\u00f3w, takich jak bakterie, wirusy, kom\u00f3rki nowotworowe, toksyny, robaki, grzyby i wiele innych. R\u00f3\u017cne typy leukocyt\u00f3w wykonuj\u0105 wiele r\u00f3\u017cnych zada\u0144 w obr\u0119bie uk\u0142adu odporno\u015bciowego, w tym znakowanie antygen\u00f3w i zwalczanie chorych kom\u00f3rek endogennych i nowotworowych. Te granulocyty neutrofil\u00f3w, makrofagi i kom\u00f3rki dendrytyczne znane s\u0105 zatem r\u00f3wnie\u017c po prostu jako kom\u00f3rki padlino\u017cerc\u00f3w. Je\u015bli s\u0105 one os\u0142abione lub nawet niezdolne do dzia\u0142ania z powodu braku tlenu, mog\u0105 rozwin\u0105\u0107 si\u0119 niezliczone dolegliwo\u015bci i choroby.<\/p>\n<h3>Ozon &#8211; w odpowiedniej dawce paliwo energetyczne dla organizmu<\/h3>\n<p>Ozon jest aktywn\u0105 form\u0105 tlenu, kt\u00f3ra jest produkowana z czystego tlenu. W niekt\u00f3rych dawkach poprawia si\u0119 przep\u0142yw krwi i transport tlenu i mo\u017ce by\u0107 stosowany bardzo efektywnie, np. przy zaburzeniach kr\u0105\u017cenia.<\/p>\n<p>Terapia ozonowa mo\u017ce by\u0107 rozumiana jako terapia stymulacyjna, kt\u00f3ra stymuluje organizm do uzdrowienia i obrony w spos\u00f3b ca\u0142kowicie naturalny. Tak wi\u0119c terapia ozonowa mo\u017ce by\u0107 r\u00f3wnie\u017c opisana jako wewn\u0119trzne lekarstwo Kneippa, kt\u00f3re jest sprawdzone i ustanowione od ponad 100 lat.<\/p>\n<p>W centrum zaawansowanej medycyny ozon podaje si\u0119 domi\u0119\u015bniowo, podsk\u00f3rnie lub do\u017cylnie. Po wej\u015bciu do organizmu ozon wspomaga detoksykacj\u0119 w\u0105troby, rozk\u0142ada niezdrowy cholesterol i tr\u00f3jglicerydy, wspomaga metabolizm kom\u00f3rkowy, zmniejsza zaburzenia kr\u0105\u017cenia, dzia\u0142a przeciw zakrzepowo i chroni organizm przed szkodliwymi bakteriami, wirusami i grzybami.<\/p>\n<p>Zakres zastosowa\u0144 ozonoterapii jest bardzo szeroki. Opr\u00f3cz u\u015bmierzaj\u0105cego b\u00f3lu dzia\u0142ania ozonu, terapia ozonem ma udokumentowane do\u015bwiadczenie w leczeniu artrozy, polineuropatii, mia\u017cd\u017cycy t\u0119tnic, zatrzymywania wody w nogach, chor\u00f3b w\u0105troby, zaburze\u0144 kr\u0105\u017cenia, chor\u00f3b reumatycznych, chor\u00f3b sk\u00f3ry w okolicach tr\u0105dziku i egzemy, migreny, jak r\u00f3wnie\u017c objaw\u00f3w zm\u0119czenia, chor\u00f3b serca, skutk\u00f3w zawa\u0142\u00f3w i udar\u00f3w, a tak\u017ce nowotwor\u00f3w, jako od dawna stosowana terapia dodatkowa.<\/p>\n","protected":false},"excerpt":{"rendered":"<p>Terapia ozonowa Tlen to \u017cycie i paliwo dla uk\u0142adu odporno\u015bciowego \u017bycie organiczne nie jest mo\u017cliwe bez tlenu. Wiele chor\u00f3b mo\u017ce wynika\u0107 z zaburzonego metabolizmu tlenowego lub z niego wynika\u0107. Zw\u0142aszcza choroby przewlek\u0142e s\u0105 cz\u0119sto wynikiem trwa\u0142ych i d\u0142ugotrwa\u0142ych zaburze\u0144 wykorzystania tlenu, kt\u00f3re dotykaj\u0105 ca\u0142y organizm. Niedostateczne zaopatrzenie w tlen jest druzgoc\u0105ce dla realizacji zada\u0144 r\u00f3\u017cnych&#8230;<\/p>\n","protected":false},"author":1,"featured_media":0,"parent":15413,"menu_order":5,"comment_status":"closed","ping_status":"closed","template":"","meta":{"content-type":"","footnotes":""},"class_list":["post-15426","page","type-page","status-publish","hentry"],"_links":{"self":[{"href":"https:\/\/www.erweiterte-medizin.de\/pl\/wp-json\/wp\/v2\/pages\/15426"}],"collection":[{"href":"https:\/\/www.erweiterte-medizin.de\/pl\/wp-json\/wp\/v2\/pages"}],"about":[{"href":"https:\/\/www.erweiterte-medizin.de\/pl\/wp-json\/wp\/v2\/types\/page"}],"author":[{"embeddable":true,"href":"https:\/\/www.erweiterte-medizin.de\/pl\/wp-json\/wp\/v2\/users\/1"}],"replies":[{"embeddable":true,"href":"https:\/\/www.erweiterte-medizin.de\/pl\/wp-json\/wp\/v2\/comments?post=15426"}],"version-history":[{"count":0,"href":"https:\/\/www.erweiterte-medizin.de\/pl\/wp-json\/wp\/v2\/pages\/15426\/revisions"}],"up":[{"embeddable":true,"href":"https:\/\/www.erweiterte-medizin.de\/pl\/wp-json\/wp\/v2\/pages\/15413"}],"wp:attachment":[{"href":"https:\/\/www.erweiterte-medizin.de\/pl\/wp-json\/wp\/v2\/media?parent=15426"}],"curies":[{"name":"wp","href":"https:\/\/api.w.org\/{rel}","templated":true}]}}