{"id":15432,"date":"2020-07-06T12:26:21","date_gmt":"2020-07-06T10:26:21","guid":{"rendered":"http:\/\/www.praxis-siebenhuener.com\/ermed\/?page_id=15432"},"modified":"2020-07-07T17:46:29","modified_gmt":"2020-07-07T15:46:29","slug":"detoksykacja","status":"publish","type":"page","link":"https:\/\/www.erweiterte-medizin.de\/pl\/terapie\/terapie-regeneracyjne\/detoksykacja\/","title":{"rendered":"Detoksykacja"},"content":{"rendered":"<h1>Detoksykacja &#8211; podstawa ka\u017cdego uzdrowienia<\/h1>\n<h2>Zanieczyszczenie \u015brodowiska r\u00f3wnie\u017c blokuje nasz metabolizm i prowadzi do nadkwasoty organizmu<\/h2>\n<p><img decoding=\"async\" class=\"alignleft size-medium wp-image-17275\" src=\"https:\/\/www.erweiterte-medizin.de\/wp-content\/uploads\/2018\/08\/Entgiftung-Titelbild-300x300.jpg\" alt=\"\" width=\"300\" height=\"300\" srcset=\"https:\/\/www.erweiterte-medizin.de\/wp-content\/uploads\/2018\/08\/Entgiftung-Titelbild-300x300.jpg 300w, https:\/\/www.erweiterte-medizin.de\/wp-content\/uploads\/2018\/08\/Entgiftung-Titelbild-150x150.jpg 150w, https:\/\/www.erweiterte-medizin.de\/wp-content\/uploads\/2018\/08\/Entgiftung-Titelbild-65x65.jpg 65w, https:\/\/www.erweiterte-medizin.de\/wp-content\/uploads\/2018\/08\/Entgiftung-Titelbild.jpg 400w\" sizes=\"(max-width: 300px) 100vw, 300px\" \/>Detoksykacja to wewn\u0105trz- i zewn\u0105trzkom\u00f3rkowy metabolizm substancji toksycznych przez jelito, w\u0105trob\u0119 i nerki w trakcie przemiany biochemicznej. Je\u015bli te naturalne procesy fizjologiczne zostan\u0105 zak\u0142\u00f3cone, organizm mo\u017ce zosta\u0107 zatruty &#8211; z podobnymi konsekwencjami, symptomatycznie przypominaj\u0105cymi nadkwasot\u0119. Ze wzgl\u0119du na brak mo\u017cliwo\u015bci wydalania lub detoksykacji, organizm zmuszony jest do przechowywania toksyn i produkt\u00f3w ko\u0144cowych przemiany materii w odpowiednich sk\u0142adach tkankowych, kt\u00f3re mog\u0105 nast\u0119pnie blokowa\u0107 istotne procesy biochemiczne w przemianie materii.<\/p>\n<p>Zw\u0142aszcza jelito jako nasz najwi\u0119kszy organ detoksykacyjny i immunologiczny jest cz\u0119sto przeci\u0105\u017cone przez sta\u0142y \u0142adunek z\u0142ej jako\u015bci \u017cywno\u015bci, pestycyd\u00f3w, metali ci\u0119\u017ckich i innych r\u00f3\u017cnorodnych substancji. Konieczne jest zatem zwr\u00f3cenie uwagi na jelito &#8211; tak, aby opr\u00f3cz regeneracji uk\u0142adu pokarmowego, kt\u00f3ry mo\u017cna by nazwa\u0107 &#8222;korzeniem procesu immunologicznego u cz\u0142owieka&#8221;, nast\u0105pi\u0142a r\u00f3wnie\u017c regeneracja krwi, sok\u00f3w, kom\u00f3rek, organ\u00f3w i tkanek, a tak\u017ce poprawa samopoczucia psychicznego.<\/p>\n<p>Opr\u00f3cz wielu specjalnych wlew\u00f3w wspomagaj\u0105cych funkcje narz\u0105d\u00f3w w zakresie detoksykacji, podstaw\u0105 detoksykacji jest hydroterapia jelita grubego &#8211; delikatne oczyszczanie jelit.<\/p>\n<p>yterapia Colon-Hydro jest szczeg\u00f3lnie odpowiednia w przypadku infekcji, reumatyzmu, neurodermia, tr\u0105dziku, migreny, alergii, problem\u00f3w sk\u00f3rnych, wzd\u0119\u0107, jak r\u00f3wnie\u017c depresji i braku energii, ale tak\u017ce jako sprawdzona metoda uzupe\u0142niaj\u0105ca w leczeniu nowotwor\u00f3w w celu uwolnienia organizmu od stresu. Kuracja detoksykacyjna z hydroterapi\u0105 jelita grubego oraz towarzysz\u0105ce jej specjalne zabiegi mog\u0105 z\u0142agodzi\u0107 wiele przewlek\u0142ych dolegliwo\u015bci oraz zaoferowa\u0107 podstawow\u0105 &#8222;pomoc w samopomocy&#8221; organizmu w holistycznej terapii nowotworowej.<\/p>\n<p>Aby zachowa\u0107 lub przywr\u00f3ci\u0107 Twoje zdrowie &#8211; opr\u00f3cz odkwaszania &#8211; detoksykacja organizmu jest podstawow\u0105 podstaw\u0105 ka\u017cdego uzdrowienia! W centrum zaawansowanej medycyny od dawna specjalizujemy si\u0119 w kuracjach detoksykacyjnych.<\/p>\n","protected":false},"excerpt":{"rendered":"<p>Detoksykacja &#8211; podstawa ka\u017cdego uzdrowienia Zanieczyszczenie \u015brodowiska r\u00f3wnie\u017c blokuje nasz metabolizm i prowadzi do nadkwasoty organizmu Detoksykacja to wewn\u0105trz- i zewn\u0105trzkom\u00f3rkowy metabolizm substancji toksycznych przez jelito, w\u0105trob\u0119 i nerki w trakcie przemiany biochemicznej. Je\u015bli te naturalne procesy fizjologiczne zostan\u0105 zak\u0142\u00f3cone, organizm mo\u017ce zosta\u0107 zatruty &#8211; z podobnymi konsekwencjami, symptomatycznie przypominaj\u0105cymi nadkwasot\u0119. Ze wzgl\u0119du na brak&#8230;<\/p>\n","protected":false},"author":1,"featured_media":0,"parent":15429,"menu_order":1,"comment_status":"closed","ping_status":"closed","template":"","meta":{"content-type":"","footnotes":""},"class_list":["post-15432","page","type-page","status-publish","hentry"],"_links":{"self":[{"href":"https:\/\/www.erweiterte-medizin.de\/pl\/wp-json\/wp\/v2\/pages\/15432"}],"collection":[{"href":"https:\/\/www.erweiterte-medizin.de\/pl\/wp-json\/wp\/v2\/pages"}],"about":[{"href":"https:\/\/www.erweiterte-medizin.de\/pl\/wp-json\/wp\/v2\/types\/page"}],"author":[{"embeddable":true,"href":"https:\/\/www.erweiterte-medizin.de\/pl\/wp-json\/wp\/v2\/users\/1"}],"replies":[{"embeddable":true,"href":"https:\/\/www.erweiterte-medizin.de\/pl\/wp-json\/wp\/v2\/comments?post=15432"}],"version-history":[{"count":0,"href":"https:\/\/www.erweiterte-medizin.de\/pl\/wp-json\/wp\/v2\/pages\/15432\/revisions"}],"up":[{"embeddable":true,"href":"https:\/\/www.erweiterte-medizin.de\/pl\/wp-json\/wp\/v2\/pages\/15429"}],"wp:attachment":[{"href":"https:\/\/www.erweiterte-medizin.de\/pl\/wp-json\/wp\/v2\/media?parent=15432"}],"curies":[{"name":"wp","href":"https:\/\/api.w.org\/{rel}","templated":true}]}}