{"id":15435,"date":"2020-07-06T12:28:04","date_gmt":"2020-07-06T10:28:04","guid":{"rendered":"http:\/\/www.praxis-siebenhuener.com\/ermed\/?page_id=15435"},"modified":"2021-11-09T10:02:32","modified_gmt":"2021-11-09T09:02:32","slug":"odkwaszanie","status":"publish","type":"page","link":"https:\/\/www.erweiterte-medizin.de\/pl\/terapie\/terapie-regeneracyjne\/odkwaszanie\/","title":{"rendered":"Odkwaszanie"},"content":{"rendered":"<h1>Odkwaszanie<\/h1>\n<h2>Zr\u00f3wnowa\u017cona r\u00f3wnowaga kwasowo-zasadowa &#8211; wa\u017cna podstawa naszego zdrowia<\/h2>\n<p><img decoding=\"async\" class=\"alignleft size-medium wp-image-17298\" src=\"https:\/\/www.erweiterte-medizin.de\/wp-content\/uploads\/2018\/08\/Entsaeuerung-Titelbild-300x300.jpg\" alt=\"Odkwaszanie\" width=\"300\" height=\"300\" srcset=\"https:\/\/www.erweiterte-medizin.de\/wp-content\/uploads\/2018\/08\/Entsaeuerung-Titelbild-300x300.jpg 300w, https:\/\/www.erweiterte-medizin.de\/wp-content\/uploads\/2018\/08\/Entsaeuerung-Titelbild-150x150.jpg 150w, https:\/\/www.erweiterte-medizin.de\/wp-content\/uploads\/2018\/08\/Entsaeuerung-Titelbild-65x65.jpg 65w, https:\/\/www.erweiterte-medizin.de\/wp-content\/uploads\/2018\/08\/Entsaeuerung-Titelbild.jpg 400w\" sizes=\"(max-width: 300px) 100vw, 300px\" \/>Wszystkie procesy \u017cyciowe w organizmie cz\u0142owieka mog\u0105 przebiega\u0107 optymalnie tylko wtedy, gdy z\u0142o\u017cone procesy metaboliczne w \u015brodowisku wewn\u0119trznym znajduj\u0105 si\u0119 w tzw. homeostazie, czyli w r\u00f3wnowadze wszystkich fizjologicznych funkcji organizmu. R\u00f3\u017cnorodne mechanizmy kontroli i regulacji zapewniaj\u0105 zatem, \u017ce warunki niezb\u0119dne dla metabolizmu pozostaj\u0105 mo\u017cliwie sta\u0142e we wszystkich sytuacjach \u017cyciowych.<\/p>\n<p>Jednym z najwa\u017cniejszych system\u00f3w w organizmie, kt\u00f3ry tworzy podstawowy warunek wst\u0119pny dla tej biologicznej r\u00f3wnowagi p\u0142yn\u00f3w, a tym samym dla wszystkich proces\u00f3w metabolicznych, jest r\u00f3wnowaga kwasowo-zasadowa. Zapewnia, \u017ce stosunek kwas\u00f3w i zasad jest utrzymywany w korzystnych dla niego granicach. Innymi s\u0142owy, stale utrzymuje r\u00f3wnowag\u0119 pomi\u0119dzy kwasami i zasadami we krwi i tkankach.<\/p>\n<p>Mechanizmy reguluj\u0105ce prac\u0119 tego gospodarstwa domowego obejmuj\u0105 oddychanie, trawienie i kr\u0105\u017cenie &#8211; ich funkcje polegaj\u0105 na utrzymaniu odpowiedniego poziomu pH w organizmie. Warunkiem wst\u0119pnym jest jednak, aby osoba by\u0142a w stanie fizycznie i psychicznie pozwoli\u0107, aby jej fizjologiczny zestaw zasad r\u00f3wnowagi kwasowo-zasadowej dzia\u0142a\u0142 optymalnie. W przeciwnym razie nale\u017cy si\u0119 spodziewa\u0107 ogranicze\u0144 zdrowotnych &#8211; zw\u0142aszcza w perspektywie d\u0142ugoterminowej. Widzimy konsekwencje wykolejonej r\u00f3wnowagi kwasowo-zasadowej w postaci licznych przewlek\u0142ych chor\u00f3b cywilizacyjnych.<\/p>\n<p>Czujemy i do\u015bwiadczamy konsekwencji w postaci licznych chor\u00f3b: Alergie, ADHD, wszelkiego rodzaju przewlek\u0142e dolegliwo\u015bci, mia\u017cd\u017cyca t\u0119tnic, neurodermia, nadwra\u017cliwo\u015b\u0107 jelit, zaburzenia zachowania lub rozwoju u dzieci, choroby uk\u0142adu pokarmowego, migrena, wszelkiego rodzaju choroby sk\u00f3ry, depresja, nadwaga, cellulit, choroby naczy\u0144 krwiono\u015bnych, zapalenie staw\u00f3w, cukrzyca, fibromialgia, zaburzenia potencji i p\u0142odno\u015bci, a wreszcie choroby uk\u0142adu kr\u0105\u017cenia i nowotwory s\u0105 cz\u0119sto przyczyn\u0105 post\u0119puj\u0105cego zatrucia naszego organizmu.<\/p>\n<p>Zwi\u0105zek mi\u0119dzy nadkwasot\u0105 a rakiem zosta\u0142 udowodniony ju\u017c w ubieg\u0142ym stuleciu, w 1924 roku, przez niemieckiego noblist\u0119 fizjologii\/medycyny Otto Heinricha Warburga (1883-1970) (&#8222;Efekt Warburga&#8221;): Warburg udowodni\u0142 ju\u017c w ubieg\u0142ym stuleciu, \u017ce rak mo\u017ce rozwija\u0107 si\u0119 w kwa\u015bnym, nisko-tlenowym \u015brodowisku, poniewa\u017c zdegenerowane, tzn. kom\u00f3rki nowotworowe nie potrzebuj\u0105 prawie \u017cadnego tlenu do swojego wzrostu, podczas gdy zdrowe kom\u00f3rki potrzebuj\u0105 go.<\/p>\n<p>W naszym Centrum Medycyny Zaawansowanej doradzamy Pa\u0144stwu w zakresie nadkwa\u015bno\u015bci i w razie potrzeby przeprowadzamy specyficzne i indywidualne odkwaszanie za pomoc\u0105 r\u00f3\u017cnych \u015brodk\u00f3w. Wyj\u015bcie z kwasicy pomaga organizmowi fundamentalnie si\u0119 regulowa\u0107 i osi\u0105gn\u0105\u0107 stabilny, zdrowy stan metaboliczny.<\/p>\n","protected":false},"excerpt":{"rendered":"<p>Odkwaszanie Zr\u00f3wnowa\u017cona r\u00f3wnowaga kwasowo-zasadowa &#8211; wa\u017cna podstawa naszego zdrowia Wszystkie procesy \u017cyciowe w organizmie cz\u0142owieka mog\u0105 przebiega\u0107 optymalnie tylko wtedy, gdy z\u0142o\u017cone procesy metaboliczne w \u015brodowisku wewn\u0119trznym znajduj\u0105 si\u0119 w tzw. homeostazie, czyli w r\u00f3wnowadze wszystkich fizjologicznych funkcji organizmu. R\u00f3\u017cnorodne mechanizmy kontroli i regulacji zapewniaj\u0105 zatem, \u017ce warunki niezb\u0119dne dla metabolizmu pozostaj\u0105 mo\u017cliwie sta\u0142e we&#8230;<\/p>\n","protected":false},"author":1,"featured_media":0,"parent":15429,"menu_order":2,"comment_status":"closed","ping_status":"closed","template":"","meta":{"content-type":"","footnotes":""},"class_list":["post-15435","page","type-page","status-publish","hentry"],"_links":{"self":[{"href":"https:\/\/www.erweiterte-medizin.de\/pl\/wp-json\/wp\/v2\/pages\/15435"}],"collection":[{"href":"https:\/\/www.erweiterte-medizin.de\/pl\/wp-json\/wp\/v2\/pages"}],"about":[{"href":"https:\/\/www.erweiterte-medizin.de\/pl\/wp-json\/wp\/v2\/types\/page"}],"author":[{"embeddable":true,"href":"https:\/\/www.erweiterte-medizin.de\/pl\/wp-json\/wp\/v2\/users\/1"}],"replies":[{"embeddable":true,"href":"https:\/\/www.erweiterte-medizin.de\/pl\/wp-json\/wp\/v2\/comments?post=15435"}],"version-history":[{"count":0,"href":"https:\/\/www.erweiterte-medizin.de\/pl\/wp-json\/wp\/v2\/pages\/15435\/revisions"}],"up":[{"embeddable":true,"href":"https:\/\/www.erweiterte-medizin.de\/pl\/wp-json\/wp\/v2\/pages\/15429"}],"wp:attachment":[{"href":"https:\/\/www.erweiterte-medizin.de\/pl\/wp-json\/wp\/v2\/media?parent=15435"}],"curies":[{"name":"wp","href":"https:\/\/api.w.org\/{rel}","templated":true}]}}