{"id":15439,"date":"2020-07-06T12:29:28","date_gmt":"2020-07-06T10:29:28","guid":{"rendered":"http:\/\/www.praxis-siebenhuener.com\/ermed\/?page_id=15439"},"modified":"2021-11-09T10:03:31","modified_gmt":"2021-11-09T09:03:31","slug":"okreslona-dieta","status":"publish","type":"page","link":"https:\/\/www.erweiterte-medizin.de\/pl\/terapie\/terapie-regeneracyjne\/okreslona-dieta\/","title":{"rendered":"Okre\u015blona dieta"},"content":{"rendered":"<h1>Okre\u015blona dieta<\/h1>\n<h2>Indywidualnie okre\u015blone od\u017cywianie w celu samouzdrowienia<\/h2>\n<p><img decoding=\"async\" class=\"alignleft size-medium wp-image-17293\" src=\"https:\/\/www.erweiterte-medizin.de\/wp-content\/uploads\/2018\/08\/Spezifizierte-Ernaehrung-Titelbild-300x300.jpg\" alt=\"Okre\u015blona dieta\" width=\"300\" height=\"300\" srcset=\"https:\/\/www.erweiterte-medizin.de\/wp-content\/uploads\/2018\/08\/Spezifizierte-Ernaehrung-Titelbild-300x300.jpg 300w, https:\/\/www.erweiterte-medizin.de\/wp-content\/uploads\/2018\/08\/Spezifizierte-Ernaehrung-Titelbild-150x150.jpg 150w, https:\/\/www.erweiterte-medizin.de\/wp-content\/uploads\/2018\/08\/Spezifizierte-Ernaehrung-Titelbild-65x65.jpg 65w, https:\/\/www.erweiterte-medizin.de\/wp-content\/uploads\/2018\/08\/Spezifizierte-Ernaehrung-Titelbild.jpg 400w\" sizes=\"(max-width: 300px) 100vw, 300px\" \/><\/p>\n<p>Cz\u0119sto zadaje si\u0119 pytanie o &#8222;w\u0142a\u015bciw\u0105&#8221; i zdrow\u0105 diet\u0119 i r\u00f3wnie cz\u0119sto udziela r\u00f3\u017cnych odpowiedzi. W uproszczeniu mo\u017cna powiedzie\u0107, \u017ce zdrowe lub prawid\u0142owe od\u017cywianie to takie, kt\u00f3re daje cia\u0142u dok\u0142adnie to, czego potrzebuje. Jest to, \u017ce tak powiem, spos\u00f3b jedzenia, kt\u00f3ry &#8211; je\u015bli jeste\u015b zdrowy, pozostaje zdrowy i &#8211; je\u015bli jeste\u015b chory, staje si\u0119 zdrowy ponownie. Poniewa\u017c spos\u00f3b od\u017cywiania ma bezpo\u015bredni wp\u0142yw na genetyk\u0119 cz\u0142owieka, ma on ogromne znaczenie i niezwyk\u0142\u0105 warto\u015b\u0107, szczeg\u00f3lnie w przypadku chor\u00f3b przewlek\u0142ych. Od\u017cywianie odgrywa zatem istotn\u0105 rol\u0119 w procesie powrotu do zdrowia i jest zasadniczo podstaw\u0105 stabilnego i zr\u00f3wnowa\u017conego zdrowia.<\/p>\n<p>Wiedza i do\u015bwiadczenie zdobyte w r\u00f3\u017cnych wskazaniach i w ramach procedur diagnostycznych wyra\u017anie pokazuj\u0105, \u017ce niedo\u017cywienie nie tylko rzadko wyst\u0119puje w &#8222;dobrze od\u017cywionych&#8221; zachodnich krajach uprzemys\u0142owionych. Tak zwane niedo\u017cywienie wyst\u0119puje nawet stosunkowo cz\u0119sto i mo\u017ce dotyczy\u0107 wszystkich grup wiekowych. Ten jako\u015bciowy niedostatek wyst\u0119puje na poziomie mikrosk\u0142adnik\u00f3w od\u017cywczych, tj. witamin, minera\u0142\u00f3w i pierwiastk\u00f3w \u015bladowych oraz, w najszerszym znaczeniu, substancji bioaktywnych. To w\u0142a\u015bnie tutaj wchodzi w sk\u0142ad terapii ortomolekularnej, kt\u00f3ra wspiera i uzupe\u0142nia diet\u0119. Jest to nowoczesna forma terapii, w kt\u00f3rej prawid\u0142owe lub brakuj\u0105ce cz\u0105steczki lub mikroelementy s\u0105 systematycznie dostarczane do organizmu w odpowiednim st\u0119\u017ceniu. Dzi\u0119ki tymczasowym impulsom ortomolekularnym organizm otrzymuje pomoc w powrocie do stabilnej pozycji regulacyjnej, dzi\u0119ki czemu podstawowe funkcje fizyczne zostaj\u0105 przywr\u00f3cone do r\u00f3wnowagi biochemicznej.<\/p>\n<p>Zasadniczo mo\u017cna powiedzie\u0107, \u017ce okre\u015blona dieta &#8211; r\u00f3wnie\u017c po\u0142\u0105czona z dodatkowymi zabiegami &#8211; jest trwale satysfakcjonuj\u0105ca tylko wtedy, gdy uwzgl\u0119dni si\u0119 r\u00f3wnie\u017c w\u0142asne preferencje i uzna, \u017ce dieta jest przyjemna. Dlatego stosujemy harmonijn\u0105 diet\u0119, kt\u00f3ra z jednej strony uwzgl\u0119dnia wskazania medyczne, a z drugiej strony jest zr\u00f3wnowa\u017cona w sk\u0142adzie \u017cywno\u015bci i potraw i jest dok\u0142adnie dostosowana do Pa\u0144stwa indywidualnego typu.<\/p>\n<p>Opr\u00f3cz medyczno-technicznego planu terapii, indywidualna konsultacja \u017cywieniowa dla Pa\u0144stwa znacz\u0105co wspiera proces samoleczenia. W naszym Centrum Medycyny Zaawansowanej oferujemy holistyczne doradztwo w zakresie od\u017cywiania, r\u00f3\u017cnych suplement\u00f3w diety oraz ukierunkowanych, specyficznych kuracji \u017cywieniowych, takich jak dieta Budwiga i kuracja Breussa, aby leczenie chor\u00f3b przewlek\u0142ych i w alternatywnej terapii nowotworowej by\u0142o jeszcze bardziej skuteczne i efektywne.<\/p>\n","protected":false},"excerpt":{"rendered":"<p>Okre\u015blona dieta Indywidualnie okre\u015blone od\u017cywianie w celu samouzdrowienia Cz\u0119sto zadaje si\u0119 pytanie o &#8222;w\u0142a\u015bciw\u0105&#8221; i zdrow\u0105 diet\u0119 i r\u00f3wnie cz\u0119sto udziela r\u00f3\u017cnych odpowiedzi. W uproszczeniu mo\u017cna powiedzie\u0107, \u017ce zdrowe lub prawid\u0142owe od\u017cywianie to takie, kt\u00f3re daje cia\u0142u dok\u0142adnie to, czego potrzebuje. Jest to, \u017ce tak powiem, spos\u00f3b jedzenia, kt\u00f3ry &#8211; je\u015bli jeste\u015b zdrowy, pozostaje zdrowy&#8230;<\/p>\n","protected":false},"author":1,"featured_media":0,"parent":15429,"menu_order":3,"comment_status":"closed","ping_status":"closed","template":"","meta":{"content-type":"","footnotes":""},"class_list":["post-15439","page","type-page","status-publish","hentry"],"_links":{"self":[{"href":"https:\/\/www.erweiterte-medizin.de\/pl\/wp-json\/wp\/v2\/pages\/15439"}],"collection":[{"href":"https:\/\/www.erweiterte-medizin.de\/pl\/wp-json\/wp\/v2\/pages"}],"about":[{"href":"https:\/\/www.erweiterte-medizin.de\/pl\/wp-json\/wp\/v2\/types\/page"}],"author":[{"embeddable":true,"href":"https:\/\/www.erweiterte-medizin.de\/pl\/wp-json\/wp\/v2\/users\/1"}],"replies":[{"embeddable":true,"href":"https:\/\/www.erweiterte-medizin.de\/pl\/wp-json\/wp\/v2\/comments?post=15439"}],"version-history":[{"count":0,"href":"https:\/\/www.erweiterte-medizin.de\/pl\/wp-json\/wp\/v2\/pages\/15439\/revisions"}],"up":[{"embeddable":true,"href":"https:\/\/www.erweiterte-medizin.de\/pl\/wp-json\/wp\/v2\/pages\/15429"}],"wp:attachment":[{"href":"https:\/\/www.erweiterte-medizin.de\/pl\/wp-json\/wp\/v2\/media?parent=15439"}],"curies":[{"name":"wp","href":"https:\/\/api.w.org\/{rel}","templated":true}]}}