{"id":15442,"date":"2020-07-06T12:32:45","date_gmt":"2020-07-06T10:32:45","guid":{"rendered":"http:\/\/www.praxis-siebenhuener.com\/ermed\/?page_id=15442"},"modified":"2021-11-09T10:04:05","modified_gmt":"2021-11-09T09:04:05","slug":"terapie-regenerezy","status":"publish","type":"page","link":"https:\/\/www.erweiterte-medizin.de\/pl\/terapie\/terapie-regenerezy\/","title":{"rendered":"Terapie Regenerezy"},"content":{"rendered":"<h1>Regeneresen-Terapia<\/h1>\n<h2>Naturalne wsparcie dla naszych kom\u00f3rek<\/h2>\n<p><img decoding=\"async\" class=\"alignleft size-medium wp-image-16507\" src=\"https:\/\/www.erweiterte-medizin.de\/wp-content\/uploads\/2018\/08\/Regeneresen-Therapien-Titelbild-300x300.jpg\" alt=\"Regeneresen-Terapia\" width=\"300\" height=\"300\" srcset=\"https:\/\/www.erweiterte-medizin.de\/wp-content\/uploads\/2018\/08\/Regeneresen-Therapien-Titelbild-300x300.jpg 300w, https:\/\/www.erweiterte-medizin.de\/wp-content\/uploads\/2018\/08\/Regeneresen-Therapien-Titelbild-150x150.jpg 150w, https:\/\/www.erweiterte-medizin.de\/wp-content\/uploads\/2018\/08\/Regeneresen-Therapien-Titelbild-65x65.jpg 65w, https:\/\/www.erweiterte-medizin.de\/wp-content\/uploads\/2018\/08\/Regeneresen-Therapien-Titelbild.jpg 400w\" sizes=\"(max-width: 300px) 100vw, 300px\" \/><\/p>\n<p>Oko\u0142o 20.000 r\u00f3\u017cnych bia\u0142ek jest stale wytwarzanych przez nasze kom\u00f3rki, aby w ka\u017cdej sekundzie wykonywa\u0107 wszystkie niezb\u0119dne funkcje stottwechsel, kt\u00f3re s\u0105 nam potrzebne do zdrowego i \u017cyciowego \u017cycia. Ta produkcja bia\u0142ek odbywa si\u0119 w formie &#8222;syntezy bia\u0142ek&#8221;, jak nazywa si\u0119 tworzenie si\u0119 bia\u0142ek. Te bia\u0142ka s\u0105 si\u0142\u0105 nap\u0119dow\u0105 naszego metabolizmu i jako enzymy umo\u017cliwiaj\u0105 okre\u015blone reakcje chemiczne. W ten spos\u00f3b nadaj\u0105 one naszym kom\u00f3rkom kszta\u0142t i stabilno\u015b\u0107 oraz tworz\u0105 male\u0144kie w\u0142\u00f3kna, na kt\u00f3rych substancje niezb\u0119dne do metabolizmu kom\u00f3rkowego mog\u0105 by\u0107 transportowane do i z kom\u00f3rek. Nasze mi\u0119\u015bnie funkcjonuj\u0105 tylko dzi\u0119ki proteinom aktynie i miozynie we krwi i innych p\u0142ynach. W ca\u0142ym organizmie bia\u0142ka te produkuj\u0105 te przeciwcia\u0142a, kt\u00f3re s\u0105 istotn\u0105 cz\u0119\u015bci\u0105 naszego systemu odporno\u015bciowego. Je\u015bli synteza bia\u0142ek jest zaburzona, staje si\u0119 to widoczne w postaci proces\u00f3w starzenia oraz chor\u00f3b i zaburze\u0144 degeneracyjnych.<\/p>\n<p>Nasze geny stanowi\u0105 wz\u00f3r dla bia\u0142ek. Projekty niezb\u0119dne do budowy bia\u0142ek znajduj\u0105 si\u0119 w j\u0105drze ka\u017cdej kom\u00f3rki na DNA (kwas dezoksyrybonukleinowy), a informacja genetyczna jest dobrze chroniona w j\u0105drze kom\u00f3rki. Kopie tych schemat\u00f3w mog\u0105 dotrze\u0107 do ka\u017cdej cz\u0119\u015bci kom\u00f3rki w postaci kwas\u00f3w rybonukleinowych (RNA) i tym samym rozpocz\u0105\u0107 budow\u0119 potrzebnych bia\u0142ek. Ka\u017cde zaburzenie metabolizmu tych kom\u00f3rek prowadzi do przedwczesnego starzenia si\u0119 i proces\u00f3w zu\u017cycia, kt\u00f3re cz\u0119sto powoduj\u0105 utrat\u0119 w\u0142asnych kwas\u00f3w nukleinowych i bia\u0142ek.<\/p>\n<h3>Regeneresen-Terapia: odwr\u00f3cenie proces\u00f3w degeneracji, zatrzymanie przedwczesnego starzenia si\u0119<\/h3>\n<p>Tak zwane &#8222;regeneratory&#8221; to preparaty iniekcyjne zawieraj\u0105ce biologiczne kwasy nukleinowe. Ca\u0142o\u015bciowa i naturalna terapia regeneracyjna wed\u0142ug prof. dr Dyckerhoffa sk\u0142ada si\u0119 wy\u0142\u0105cznie z biologicznie aktywnych zwierz\u0119cych kwas\u00f3w rybonukleinowych (RNA) oraz kwas\u00f3w rybonukleinowych z dro\u017cd\u017cy. Zawarte w nich preparaty regeneracyjne z kwasami nukleinowymi wspomagaj\u0105 procesy metaboliczne uk\u0142adu odporno\u015bciowego i hormonalnego, a tak\u017ce zwi\u0119kszaj\u0105 tworzenie si\u0119 w\u0142asnych kwas\u00f3w nukleinowych w organizmie. Zastrzyki kwasu rybonukleinowego (regeneraty) od dziesi\u0119cioleci sprawdzaj\u0105 si\u0119 na poziomie kom\u00f3rkowym poprzez podawanie RNA wo\u0142owego i dro\u017cd\u017cowego. W najszerszym tego s\u0142owa znaczeniu regeneracja mo\u017ce by\u0107 por\u00f3wnywana z &#8222;\u015bwie\u017cymi kuracjami kom\u00f3rkowymi&#8221;, kt\u00f3re by\u0142y powszechne w przesz\u0142o\u015bci.<\/p>\n<h3>Czym s\u0105 Regeneresen<sup>\u00ae<\/sup>?<\/h3>\n<p>Regeneresen\u00ae sk\u0142ada si\u0119 wy\u0142\u0105cznie z biologicznie aktywnych kwas\u00f3w rybonukleinowych (RNA). Sk\u0142adnik aktywny jest pozyskiwany z organ\u00f3w bydl\u0119cych i dro\u017cd\u017cy. Rezultatem jest oczyszczona s\u00f3l sodowa kwas\u00f3w rybonukleinowych (RNA-Na). Ca\u0142a koncepcja leczenia opiera si\u0119 na kwasach nukleinowych z r\u00f3\u017cnych organ\u00f3w, kt\u00f3re s\u0105 po\u0142\u0105czone z substancjami ortomolekularnymi. W formie regeneracji mo\u017cliwe jest teraz dostarczanie organizmowi ukierunkowanego RNA z substancjami specyficznymi dla kom\u00f3rek oraz informacji z dotkni\u0119tych organ\u00f3w lub uk\u0142ad\u00f3w narz\u0105dowych. Specjalne wyci\u0105gi organowe zawieraj\u0105ce kwasy nukleinowe pomagaj\u0105 w regeneracji zaburzonych proces\u00f3w metabolizmu kom\u00f3rkowego oraz w holistycznym leczeniu chor\u00f3b przewlek\u0142ych i zwyrodnieniowych. Efektem towarzysz\u0105cym terapii regeneracyjnej jest minimalizacja alergii i podatno\u015bci na infekcje, dzi\u0119ki wzmocnieniu w\u0142asnej obronno\u015bci organizmu. Poniewa\u017c stosowane s\u0105 tu preparaty w\u0142a\u015bciwe dla danego organu, obszary zastosowania \u015brodk\u00f3w regeneruj\u0105cych s\u0105 wszechstronne.<\/p>\n<p><strong>Obszary zastosowania terapii Regeneresen<sup>\u00ae<\/sup>:<\/strong><\/p>\n<ul>\n<li>Choroby degeneracyjne<\/li>\n<li>Choroby przewlek\u0142e<\/li>\n<li>Artroza<\/li>\n<li>Choroby sercowo-naczyniowe<\/li>\n<li>Zaburzenia uk\u0142adu kr\u0105\u017cenia<\/li>\n<li>Immunodeficiencies<\/li>\n<li>Choroby w\u0105troby<\/li>\n<li>Schorzenia neurologiczne<\/li>\n<li>Choroby sk\u00f3ry<\/li>\n<li>Choroby demencyjne<\/li>\n<li>Uszkodzenia dysk\u00f3w mi\u0119dzykr\u0119gowych<\/li>\n<li>Tinnitus<\/li>\n<li>Choroby oczu<\/li>\n<\/ul>\n","protected":false},"excerpt":{"rendered":"<p>Regeneresen-Terapia Naturalne wsparcie dla naszych kom\u00f3rek Oko\u0142o 20.000 r\u00f3\u017cnych bia\u0142ek jest stale wytwarzanych przez nasze kom\u00f3rki, aby w ka\u017cdej sekundzie wykonywa\u0107 wszystkie niezb\u0119dne funkcje stottwechsel, kt\u00f3re s\u0105 nam potrzebne do zdrowego i \u017cyciowego \u017cycia. Ta produkcja bia\u0142ek odbywa si\u0119 w formie &#8222;syntezy bia\u0142ek&#8221;, jak nazywa si\u0119 tworzenie si\u0119 bia\u0142ek. Te bia\u0142ka s\u0105 si\u0142\u0105 nap\u0119dow\u0105 naszego&#8230;<\/p>\n","protected":false},"author":1,"featured_media":0,"parent":15373,"menu_order":7,"comment_status":"closed","ping_status":"closed","template":"","meta":{"content-type":"","footnotes":""},"class_list":["post-15442","page","type-page","status-publish","hentry"],"_links":{"self":[{"href":"https:\/\/www.erweiterte-medizin.de\/pl\/wp-json\/wp\/v2\/pages\/15442"}],"collection":[{"href":"https:\/\/www.erweiterte-medizin.de\/pl\/wp-json\/wp\/v2\/pages"}],"about":[{"href":"https:\/\/www.erweiterte-medizin.de\/pl\/wp-json\/wp\/v2\/types\/page"}],"author":[{"embeddable":true,"href":"https:\/\/www.erweiterte-medizin.de\/pl\/wp-json\/wp\/v2\/users\/1"}],"replies":[{"embeddable":true,"href":"https:\/\/www.erweiterte-medizin.de\/pl\/wp-json\/wp\/v2\/comments?post=15442"}],"version-history":[{"count":0,"href":"https:\/\/www.erweiterte-medizin.de\/pl\/wp-json\/wp\/v2\/pages\/15442\/revisions"}],"up":[{"embeddable":true,"href":"https:\/\/www.erweiterte-medizin.de\/pl\/wp-json\/wp\/v2\/pages\/15373"}],"wp:attachment":[{"href":"https:\/\/www.erweiterte-medizin.de\/pl\/wp-json\/wp\/v2\/media?parent=15442"}],"curies":[{"name":"wp","href":"https:\/\/api.w.org\/{rel}","templated":true}]}}