{"id":15450,"date":"2020-07-06T12:36:17","date_gmt":"2020-07-06T10:36:17","guid":{"rendered":"http:\/\/www.praxis-siebenhuener.com\/ermed\/?page_id=15450"},"modified":"2021-11-09T10:06:10","modified_gmt":"2021-11-09T09:06:10","slug":"artesunat","status":"publish","type":"page","link":"https:\/\/www.erweiterte-medizin.de\/pl\/terapie\/alternatywne-terapie-onkologiczne\/infuzje\/artesunat\/","title":{"rendered":"Artesunat"},"content":{"rendered":"<div id=\"cmsmasters_row_\" class=\"cmsmasters_row cmsmasters_color_scheme_default cmsmasters_row_top_default cmsmasters_row_bot_default cmsmasters_row_boxed\">\n<div class=\"cmsmasters_row_outer_parent\">\n<div class=\"cmsmasters_row_outer\">\n<div class=\"cmsmasters_row_inner\">\n<div class=\"cmsmasters_row_margin\">\n<div id=\"cmsmasters_column_\" class=\"cmsmasters_column one_first\">\n<div class=\"cmsmasters_column_inner\"><div class=\"cmsmasters_text\">\n<h1>Artesunat<\/h1>\n<p><img decoding=\"async\" class=\"alignleft size-medium wp-image-17270\" src=\"https:\/\/www.erweiterte-medizin.de\/wp-content\/uploads\/2018\/08\/Artesunat-Titelbild-300x300.jpg\" alt=\"Artesunat\" width=\"300\" height=\"300\" srcset=\"https:\/\/www.erweiterte-medizin.de\/wp-content\/uploads\/2018\/08\/Artesunat-Titelbild-300x300.jpg 300w, https:\/\/www.erweiterte-medizin.de\/wp-content\/uploads\/2018\/08\/Artesunat-Titelbild-150x150.jpg 150w, https:\/\/www.erweiterte-medizin.de\/wp-content\/uploads\/2018\/08\/Artesunat-Titelbild-65x65.jpg 65w, https:\/\/www.erweiterte-medizin.de\/wp-content\/uploads\/2018\/08\/Artesunat-Titelbild.jpg 400w\" sizes=\"(max-width: 300px) 100vw, 300px\" \/>Artesunat uzyskany z li\u015bci i kwiat\u00f3w bylicy lub robaka (p\u00f3\u017ana Artemisiaannua) ma kontrolowane i mo\u017cliwe do opanowania skutki uboczne, ale nie s\u0105 one nieprzyjemne. Artesunat jest skuteczny przeciwko wszystkim rodzajom nowotwor\u00f3w. [1]<\/p>\n<p>Aktualne badania na Uniwersytecie w Heidelbergu wykaza\u0142y, \u017ce w dziedzinie leczenia nowotwor\u00f3w artesunsatem na linii kom\u00f3rek raka piersi [2] potwierdzono pozytywne wyniki redukcji guza. W por\u00f3wnaniu ze zdrowymi, nieuszkodzonymi kom\u00f3rkami, w kom\u00f3rkach nowotworowych wykazano celowe dzia\u0142anie artesunatu. Zwi\u0119kszona zawarto\u015b\u0107 \u017celaza w kom\u00f3rkach nowotworowych jest odpowiedzialna za mechanizm dzia\u0142ania artesunatu w zdegenerowanych kom\u00f3rkach nowotworowych. Kom\u00f3rki nowotworowe potrzebuj\u0105 \u017celaza do swojego sta\u0142ego podzia\u0142u kom\u00f3rkowego i maj\u0105 odpowiednio du\u017c\u0105 liczb\u0119 receptor\u00f3w do zwi\u0119kszonego wch\u0142aniania \u017celaza. Dlatego za wszelk\u0105 cen\u0119 nale\u017cy unika\u0107 przyjmowania \u017celaza, a nawet wlew\u00f3w \u017celaza, poniewa\u017c \u017celazo mo\u017ce silnie stymulowa\u0107 wzrost nowotworu. Rzekomy niedob\u00f3r \u017celaza we krwi jest cz\u0119sto zaburzeniem dystrybucji, poniewa\u017c \u017celazo jest zwykle zlokalizowane w kom\u00f3rkach nowotworowych lub w miejscu zapalenia. Mo\u017cemy odczyta\u0107 ten mechanizm z innych warto\u015bci krwi i w ten spos\u00f3b zdecydowa\u0107, czy artesunat jest odpowiedni\u0105 terapi\u0105 dla naszych pacjent\u00f3w.<\/p>\n<p>Artesunat rozk\u0142ada \u017celazo na toksyczne rodniki tlenowe, kt\u00f3re zatruwaj\u0105 i tym samym niszcz\u0105 kom\u00f3rki nowotworowe. Artesunat ma dalszy wp\u0142yw na wzrost guz\u00f3w nowotworowych. Zapobiega powstawaniu nowych naczy\u0144 krwiono\u015bnych, a tym samym zak\u0142\u00f3ca dop\u0142yw energii do kom\u00f3rek nowotworowych i ewentualnie zapobiega tworzeniu si\u0119 nowych przerzut\u00f3w.<\/p>\n<\/div>\n<\/div><\/div>\n<\/div>\n<\/div>\n<\/div>\n<\/div>\n<\/div>\n<div id=\"cmsmasters_row_pe0afopdbk\" class=\"cmsmasters_row cmsmasters_color_scheme_default cmsmasters_row_top_default cmsmasters_row_bot_default cmsmasters_row_boxed\">\n<div class=\"cmsmasters_row_outer_parent\">\n<div class=\"cmsmasters_row_outer\">\n<div class=\"cmsmasters_row_inner\">\n<div class=\"cmsmasters_row_margin\">\n<div id=\"cmsmasters_column_ll0mqf9m1v\" class=\"cmsmasters_column one_first\">\n<div class=\"cmsmasters_column_inner\"><div class=\"cmsmasters_text\">\n<p><img decoding=\"async\" class=\"wp-image-14008 size-medium alignnone\" src=\"https:\/\/www.erweiterte-medizin.de\/wp-content\/uploads\/2018\/08\/Artesunat_2-300x208.jpg\" alt=\"Artesunat-Infusion\" width=\"300\" height=\"208\" srcset=\"https:\/\/www.erweiterte-medizin.de\/wp-content\/uploads\/2018\/08\/Artesunat_2-300x208.jpg 300w, https:\/\/www.erweiterte-medizin.de\/wp-content\/uploads\/2018\/08\/Artesunat_2.jpg 490w\" sizes=\"(max-width: 300px) 100vw, 300px\" \/><\/p>\n<p style=\"font-size: 13px; font-weight: bold;\">[1]\u00a0Wewn\u0119trzny. J. Onkologia 18: 767 -773, 2001 Effert i inni<\/p>\n<p style=\"font-size: 13px; font-weight: bold;\">[2]\u00a0Artesunat aktywuje mitochondrialn\u0105 apoptoz\u0119 w kom\u00f3rkach raka piersi poprzez lizosomaln\u0105, lizosomaln\u0105 produkcj\u0119 reaktywnych form tlenu.A. Hamacher-Brady i in.; J Biol Chem. 2011 Feb 25; 286(8): 6587-6601, DOI: 10.1074\/jbc.M110.210047<\/p>\n<\/div>\n<\/div><\/div>\n<\/div>\n<\/div>\n<\/div>\n<\/div>\n<\/div>\n\n","protected":false},"excerpt":{"rendered":"","protected":false},"author":1,"featured_media":0,"parent":15447,"menu_order":1,"comment_status":"closed","ping_status":"closed","template":"","meta":{"content-type":"","footnotes":""},"class_list":["post-15450","page","type-page","status-publish","hentry"],"_links":{"self":[{"href":"https:\/\/www.erweiterte-medizin.de\/pl\/wp-json\/wp\/v2\/pages\/15450"}],"collection":[{"href":"https:\/\/www.erweiterte-medizin.de\/pl\/wp-json\/wp\/v2\/pages"}],"about":[{"href":"https:\/\/www.erweiterte-medizin.de\/pl\/wp-json\/wp\/v2\/types\/page"}],"author":[{"embeddable":true,"href":"https:\/\/www.erweiterte-medizin.de\/pl\/wp-json\/wp\/v2\/users\/1"}],"replies":[{"embeddable":true,"href":"https:\/\/www.erweiterte-medizin.de\/pl\/wp-json\/wp\/v2\/comments?post=15450"}],"version-history":[{"count":0,"href":"https:\/\/www.erweiterte-medizin.de\/pl\/wp-json\/wp\/v2\/pages\/15450\/revisions"}],"up":[{"embeddable":true,"href":"https:\/\/www.erweiterte-medizin.de\/pl\/wp-json\/wp\/v2\/pages\/15447"}],"wp:attachment":[{"href":"https:\/\/www.erweiterte-medizin.de\/pl\/wp-json\/wp\/v2\/media?parent=15450"}],"curies":[{"name":"wp","href":"https:\/\/api.w.org\/{rel}","templated":true}]}}