{"id":15454,"date":"2020-07-06T12:38:15","date_gmt":"2020-07-06T10:38:15","guid":{"rendered":"http:\/\/www.praxis-siebenhuener.com\/ermed\/?page_id=15454"},"modified":"2021-11-08T15:34:52","modified_gmt":"2021-11-08T14:34:52","slug":"chloryn-e6","status":"publish","type":"page","link":"https:\/\/www.erweiterte-medizin.de\/pl\/terapie\/alternatywne-terapie-onkologiczne\/infuzje\/chloryn-e6\/","title":{"rendered":"Chloryn E6"},"content":{"rendered":"<div id=\"cmsmasters_row_\" class=\"cmsmasters_row cmsmasters_color_scheme_default cmsmasters_row_top_default cmsmasters_row_bot_default cmsmasters_row_boxed\">\n<div class=\"cmsmasters_row_outer_parent\">\n<div class=\"cmsmasters_row_outer\">\n<div class=\"cmsmasters_row_inner\">\n<div class=\"cmsmasters_row_margin\">\n<div id=\"cmsmasters_column_\" class=\"cmsmasters_column one_first\">\n<div class=\"cmsmasters_column_inner\"><div class=\"cmsmasters_text\">\n<h1 class=\"uk-article-title uk-h3\">Chloryn E6<\/h1>\n<p><img decoding=\"async\" class=\"alignleft wp-image-17296 size-medium\" src=\"https:\/\/www.erweiterte-medizin.de\/wp-content\/uploads\/2018\/08\/Chlorin-E6-Titelbild-300x300.jpg\" alt=\"Chlorin E6\" width=\"300\" height=\"300\" srcset=\"https:\/\/www.erweiterte-medizin.de\/wp-content\/uploads\/2018\/08\/Chlorin-E6-Titelbild-300x300.jpg 300w, https:\/\/www.erweiterte-medizin.de\/wp-content\/uploads\/2018\/08\/Chlorin-E6-Titelbild-150x150.jpg 150w, https:\/\/www.erweiterte-medizin.de\/wp-content\/uploads\/2018\/08\/Chlorin-E6-Titelbild-65x65.jpg 65w, https:\/\/www.erweiterte-medizin.de\/wp-content\/uploads\/2018\/08\/Chlorin-E6-Titelbild.jpg 400w\" sizes=\"(max-width: 300px) 100vw, 300px\" \/>Fotouczulaj\u0105cy chlor E6, kt\u00f3ry jest pozyskiwany z zielonych glon\u00f3w Chlorella ellipsoidea, jest stosowany w ramach terapii fotodynamicznej (PDT) w zakresie alternatywnego leczenia nowotwor\u00f3w z\u0142o\u015bliwych. Cechami szczeg\u00f3lnymi fotouczulacza Chlorin E6 s\u0105 wysoka absorpcja w czerwonym zakresie widmowym, jak r\u00f3wnie\u017c ukierunkowane przechowywanie lub akumulacja wstrzykni\u0119tego leku Chlorin E6 w odpowiedniej tkance nowotworowej ze wzgl\u0119du na jego szczeg\u00f3lne w\u0142a\u015bciwo\u015bci molekularne.<\/p>\n<\/div>\n<div id=\"cmsmasters_divider_20il10king\" class=\"cmsmasters_divider cmsmasters_divider_width_long cmsmasters_divider_pos_center\"><\/div>\n<\/div><\/div>\n<\/div>\n<\/div>\n<\/div>\n<\/div>\n<\/div>\n<div id=\"cmsmasters_row_z06dngj1g\" class=\"cmsmasters_row cmsmasters_color_scheme_default cmsmasters_row_top_default cmsmasters_row_bot_default cmsmasters_row_boxed\">\n<div class=\"cmsmasters_row_outer_parent\">\n<div class=\"cmsmasters_row_outer\">\n<div class=\"cmsmasters_row_inner\">\n<div class=\"cmsmasters_row_margin\">\n<div id=\"cmsmasters_column_e3a0cbep0q\" class=\"cmsmasters_column one_fourth\">\n<div class=\"cmsmasters_column_inner\"><div class=\"cmsmasters_img  cmsmasters_image_r\"><img decoding=\"async\" src=\"https:\/\/www.erweiterte-medizin.de\/wp-content\/uploads\/2018\/08\/pdt4-176x300.jpg\" \/><\/div>\n<\/div><\/div>\n<div id=\"cmsmasters_column_h408r5xau\" class=\"cmsmasters_column one_fourth\">\n<div class=\"cmsmasters_column_inner\"><div class=\"cmsmasters_img  cmsmasters_image_r\"><img decoding=\"async\" src=\"https:\/\/www.erweiterte-medizin.de\/wp-content\/uploads\/2018\/08\/pdt5-176x300.jpg\" \/><\/div>\n<\/div><\/div>\n<div id=\"cmsmasters_column_w915fzntdh\" class=\"cmsmasters_column one_fourth\">\n<div class=\"cmsmasters_column_inner\"><div class=\"cmsmasters_img  cmsmasters_image_r\"><img decoding=\"async\" src=\"https:\/\/www.erweiterte-medizin.de\/wp-content\/uploads\/2018\/08\/pdt6-176x300.jpg\" \/><\/div>\n<\/div><\/div>\n<div id=\"cmsmasters_column_oew5zl4dd8\" class=\"cmsmasters_column one_fourth\">\n<div class=\"cmsmasters_column_inner\"><div class=\"cmsmasters_img  cmsmasters_image_r\"><img decoding=\"async\" src=\"https:\/\/www.erweiterte-medizin.de\/wp-content\/uploads\/2018\/08\/pdt7-176x300.jpg\" \/><\/div>\n<\/div><\/div>\n<\/div>\n<\/div>\n<\/div>\n<\/div>\n<\/div>\n<div id=\"cmsmasters_row_ca6x4rxpta\" class=\"cmsmasters_row cmsmasters_color_scheme_default cmsmasters_row_top_default cmsmasters_row_bot_default cmsmasters_row_boxed\">\n<div class=\"cmsmasters_row_outer_parent\">\n<div class=\"cmsmasters_row_outer\">\n<div class=\"cmsmasters_row_inner\">\n<div class=\"cmsmasters_row_margin\">\n<div id=\"cmsmasters_column_ra7fztdl8c\" class=\"cmsmasters_column one_first\">\n<div class=\"cmsmasters_column_inner\"><div class=\"cmsmasters_text\">\n<p><span style=\"font-weight: bold; font-size: 12px;\">\u0179r\u00f3d\u0142o obrazu: ISLA &#8211; International Society for Medical Laser Applications (Mi\u0119dzynarodowe Stowarzyszenie Zastosowa\u0144 Laser\u00f3w Medycznych)<\/span><\/p>\n<\/div>\n<\/div><\/div>\n<\/div>\n<\/div>\n<\/div>\n<\/div>\n<\/div>\n<div id=\"cmsmasters_row_platnd9z4p\" class=\"cmsmasters_row cmsmasters_color_scheme_default cmsmasters_row_top_default cmsmasters_row_bot_default cmsmasters_row_boxed\">\n<div class=\"cmsmasters_row_outer_parent\">\n<div class=\"cmsmasters_row_outer\">\n<div class=\"cmsmasters_row_inner\">\n<div class=\"cmsmasters_row_margin\">\n<div id=\"cmsmasters_column_ndudnwqbvd\" class=\"cmsmasters_column one_first\">\n<div class=\"cmsmasters_column_inner\"><div class=\"cmsmasters_text\">\n<p>W por\u00f3wnaniu z wcze\u015bniejszymi fotouczulaczami, kt\u00f3re wykazywa\u0142y dramatyczne efekty uboczne, Chlor E6 nie ma tak nieprzyjemnych efekt\u00f3w ubocznych. Nasi specjali\u015bci przywi\u0105zuj\u0105 du\u017c\u0105 wag\u0119 do dok\u0142adnej koordynacji d\u0142ugo\u015bci fali czerwonego lasera z chloryn\u0105 E6. D\u0142ugo\u015b\u0107 fali musi wynosi\u0107 665nm (nanometr\u00f3w), czyli dok\u0142adnie tyle ile emituj\u0105 (wytwarzaj\u0105) nasze lasery.<\/p>\n<p>Jednak zwyk\u0142e urz\u0105dzenia laserowe maj\u0105 d\u0142ugo\u015b\u0107 658nm, co ju\u017c teraz prowadzi do utraty efektu o 20%. Opr\u00f3cz aspektu, \u017ce terapia fotodynamiczna jest bardzo delikatna dla pacjenta w por\u00f3wnaniu z innymi metodami leczenia, tkanka nowotworowa mo\u017ce by\u0107 leczona i atakowana bardzo konkretnie. Z tego powodu chlor E6 jest szczeg\u00f3lnie atrakcyjny do stosowania w terapii fotodynamicznej w leczeniu nowotwor\u00f3w z\u0142o\u015bliwych.<\/p>\n<p>Badania z Korei 2009 wykaza\u0142y w do\u015bwiadczeniu na zwierz\u0119tach, \u017ce zastosowany fotouczulacz chlor E6 w terapii fotodynamicznej (PDT) doprowadzi\u0142 do zahamowania wzrostu guza. Zastosowanie lasera czerwonego wywo\u0142a\u0142o procesy wewn\u0105trzkom\u00f3rkowe, kt\u00f3re doprowadzi\u0142y do apoptozy &#8211; czyli zaprogramowanej \u015bmierci kom\u00f3rek &#8211; kom\u00f3rek nowotworowych. [1]<\/p>\n<p>[1] Raporty onkologiczne, 2009, 22(5). 1085-1091. Doi: 10.3892\/lub_00000540. Efficient preparation of highly pure chlorin e6 and its photodynamic anti-cancer activity in a rat tumor model. Autorzy: Yeon-Hee Moon, Seong-Min Kwon, Hyo-Jun Kim, Kwan-Young Jung, Jong-Hwan Park, Soo-A Kim, Yong-Chul Kim, Sang-Gun Ahn, Jung-Hoon Yoon. Przynale\u017cno\u015bci: Department of Pathology, School of Dentistry, Chosun University, Gwangju 500-759, Korea<\/p>\n<\/div>\n<\/div><\/div>\n<\/div>\n<\/div>\n<\/div>\n<\/div>\n<\/div>\n\n","protected":false},"excerpt":{"rendered":"","protected":false},"author":1,"featured_media":0,"parent":15447,"menu_order":2,"comment_status":"closed","ping_status":"closed","template":"","meta":{"content-type":"","footnotes":""},"class_list":["post-15454","page","type-page","status-publish","hentry"],"_links":{"self":[{"href":"https:\/\/www.erweiterte-medizin.de\/pl\/wp-json\/wp\/v2\/pages\/15454"}],"collection":[{"href":"https:\/\/www.erweiterte-medizin.de\/pl\/wp-json\/wp\/v2\/pages"}],"about":[{"href":"https:\/\/www.erweiterte-medizin.de\/pl\/wp-json\/wp\/v2\/types\/page"}],"author":[{"embeddable":true,"href":"https:\/\/www.erweiterte-medizin.de\/pl\/wp-json\/wp\/v2\/users\/1"}],"replies":[{"embeddable":true,"href":"https:\/\/www.erweiterte-medizin.de\/pl\/wp-json\/wp\/v2\/comments?post=15454"}],"version-history":[{"count":0,"href":"https:\/\/www.erweiterte-medizin.de\/pl\/wp-json\/wp\/v2\/pages\/15454\/revisions"}],"up":[{"embeddable":true,"href":"https:\/\/www.erweiterte-medizin.de\/pl\/wp-json\/wp\/v2\/pages\/15447"}],"wp:attachment":[{"href":"https:\/\/www.erweiterte-medizin.de\/pl\/wp-json\/wp\/v2\/media?parent=15454"}],"curies":[{"name":"wp","href":"https:\/\/api.w.org\/{rel}","templated":true}]}}