{"id":15457,"date":"2020-07-06T12:41:13","date_gmt":"2020-07-06T10:41:13","guid":{"rendered":"http:\/\/www.praxis-siebenhuener.com\/ermed\/?page_id=15457"},"modified":"2021-11-09T10:07:20","modified_gmt":"2021-11-09T09:07:20","slug":"kurkumina","status":"publish","type":"page","link":"https:\/\/www.erweiterte-medizin.de\/pl\/terapie\/alternatywne-terapie-onkologiczne\/infuzje\/kurkumina\/","title":{"rendered":"Kurkumina"},"content":{"rendered":"<div id=\"cmsmasters_row_\" class=\"cmsmasters_row cmsmasters_color_scheme_default cmsmasters_row_top_default cmsmasters_row_bot_default cmsmasters_row_boxed\">\n<div class=\"cmsmasters_row_outer_parent\">\n<div class=\"cmsmasters_row_outer\">\n<div class=\"cmsmasters_row_inner\">\n<div class=\"cmsmasters_row_margin\">\n<div id=\"cmsmasters_column_\" class=\"cmsmasters_column one_first\">\n<div class=\"cmsmasters_column_inner\"><div class=\"cmsmasters_text\">\n<h1 class=\"uk-article-title uk-h3\">Kurkumina<\/h1>\n<h2>Kurkumina jest wt\u00f3rn\u0105 substancj\u0105 ro\u015blinn\u0105, kt\u00f3ra jest pozyskiwana z k\u0142\u0105cza kurkumy (Curcuma longa)<\/h2>\n<div class=\"entry-content\">\n<p><img decoding=\"async\" class=\"alignleft size-medium wp-image-17256\" src=\"https:\/\/www.erweiterte-medizin.de\/wp-content\/uploads\/2018\/08\/Curcumin-Titelbild-300x300.jpg\" alt=\"Kurkumina\" width=\"300\" height=\"300\" srcset=\"https:\/\/www.erweiterte-medizin.de\/wp-content\/uploads\/2018\/08\/Curcumin-Titelbild-300x300.jpg 300w, https:\/\/www.erweiterte-medizin.de\/wp-content\/uploads\/2018\/08\/Curcumin-Titelbild-150x150.jpg 150w, https:\/\/www.erweiterte-medizin.de\/wp-content\/uploads\/2018\/08\/Curcumin-Titelbild-65x65.jpg 65w, https:\/\/www.erweiterte-medizin.de\/wp-content\/uploads\/2018\/08\/Curcumin-Titelbild.jpg 400w\" sizes=\"(max-width: 300px) 100vw, 300px\" \/>Jest on jednym z g\u0142\u00f3wnych sk\u0142adnik\u00f3w indyjskiej mieszanki przyprawowej curry i jest zatwierdzony jako \u017c\u00f3\u0142ty barwnik w Unii Europejskiej pod numerem E 100.<\/p>\n<h3>Kurkumina jako \u015brodek zaradczy<\/h3>\n<p>Curcuma longa, pierwotnie z Azji, ro\u015bnie obecnie w wielu regionach tropikalnych i subtropikalnych. Jako lek w medycynie ajurwedyjskiej kurkumina jest stosowana g\u0142\u00f3wnie ze wzgl\u0119du na swoje w\u0142a\u015bciwo\u015bci przeciwutleniaj\u0105ce, przeciwzapalne, antyseptyczne, przeciwb\u00f3lowe i przeciwnowotworowe w zapaleniu oskrzeli i astmie, alergiach, chorobach w\u0105troby, reumatyzmie, infekcjach g\u00f3rnego gard\u0142a i s\u0142abo goj\u0105cych si\u0119 ranach u chorych na cukrzyc\u0119 i raka. W Indiach, gdzie kurkuma jest tradycyjnie cz\u0119\u015bci\u0105 diety, cz\u0119sto\u015b\u0107 wyst\u0119powania raka piersi, prostaty, okr\u0119\u017cnicy i p\u0142uc jest dziesi\u0119\u0107 razy mniejsza ni\u017c w Stanach Zjednoczonych. Wielu ekspert\u00f3w przypisuje ten fakt kurkuminie.<\/p>\n<\/div>\n<\/div>\n<\/div><\/div>\n<\/div>\n<\/div>\n<\/div>\n<\/div>\n<\/div>\n<div id=\"cmsmasters_row_r1ah3lzmf3\" class=\"cmsmasters_row cmsmasters_color_scheme_default cmsmasters_row_top_default cmsmasters_row_bot_default cmsmasters_row_boxed\">\n<div class=\"cmsmasters_row_outer_parent\">\n<div class=\"cmsmasters_row_outer\">\n<div class=\"cmsmasters_row_inner\">\n<div class=\"cmsmasters_row_margin\">\n<div id=\"cmsmasters_column_42fq817po\" class=\"cmsmasters_column one_first\">\n<div class=\"cmsmasters_column_inner\"><div class=\"cmsmasters_text\">\n<h3>Wp\u0142yw kurkuminy<\/h3>\n<p>W mi\u0119dzyczasie udowodniono w wielu przypadkach, \u017ce kurkumina mo\u017ce hamowa\u0107 prawie wszystkie szlaki sygnalizacyjne nowotwor\u00f3w, hamowa\u0107 proliferacj\u0119 kom\u00f3rek (proliferacj\u0119 kom\u00f3rek), a tak\u017ce inwazj\u0119 nowotwor\u00f3w, przerzuty i unaczynienie. Dzia\u0142anie chemoprotekcyjne kurkuminy mo\u017ce wynika\u0107 z faktu, \u017ce indukuje ona apoptoz\u0119 kom\u00f3rek nowotworowych kilkoma drogami sygnalizacyjnymi (upregowanie genu supresorowego guza p53 i indukcja apoptozy mitochondrialnej poprzez zwi\u0119kszenie produkcji Baxa).<\/p>\n<p>Poniewa\u017c apoptoza jest g\u0142\u00f3wn\u0105 przyczyn\u0105 \u015bmierci kom\u00f3rek, substancje takie jak kurkumina, kt\u00f3re mog\u0105 powodowa\u0107 apoptoz\u0119\/\u015bmier\u0107 kom\u00f3rek, s\u0105 najbardziej obiecuj\u0105cymi kandydatami do leczenia raka. Ponadto kurkumina spowalnia tzw. NFkB (czynnik j\u0105drowy kappa B), kt\u00f3ry podobnie jak g\u0142\u00f3wny wy\u0142\u0105cznik w j\u0105drze kom\u00f3rki wyzwala ca\u0142\u0105 kaskad\u0119 cytokin zapalnych. S\u0105 one m.in. odpowiedzialne za rozw\u00f3j kom\u00f3rek nowotworowych i ich przetrwanie.<\/p>\n<p>Podobnie jak niekt\u00f3re \u015brodki chemioterapeutyczne, kurkumina zapobiega tworzeniu si\u0119 w\u0142asnego uk\u0142adu krwiotw\u00f3rczego poprzez unaczynienie: Kurkumina, podobnie jak Bevazizumab, hamuje VEGF, czynnik wzrostu \u015br\u00f3db\u0142onka naczyniowego, kt\u00f3ry jest za to odpowiedzialny. Kurkumina dzia\u0142a r\u00f3wnie\u017c jako inhibitor kinazy tyrozynowej w por\u00f3wnaniu z erlotynibem i gefitynibem, kt\u00f3re blokuj\u0105 nab\u0142onkowe czynniki wzrostu (EGF) i tym samym zapobiegaj\u0105 podzia\u0142owi kom\u00f3rek nowotworowych. Kurkumina jest wbudowana w b\u0142ony kom\u00f3rkowe kom\u00f3rek nowotworowych i czyni je bardziej przepuszczalnymi, a tym samym bardziej podatnymi na atak uk\u0142adu odporno\u015bciowego, biologiczne terapie nowotworowe, chemioterapi\u0119 lub radioterapi\u0119.<\/p>\n<h3>Dane kliniczne<\/h3>\n<p>W badaniu opublikowanym w 2006 roku w czasopi\u015bmie &#8222;Clinical Gastroenterology Hepatology&#8221; po\u0142\u0105czenie 480 mg kurkuminy i 20 mg kwercetyny trzy razy dziennie znacznie zmniejszy\u0142o liczb\u0119 i wielko\u015b\u0107 gruczolak\u00f3w jelita grubego w rodzinnej adenopolipozie bez \u017cadnych oznak toksyczno\u015bci. Na podstawie poziom\u00f3w dawek prof. Francis M. Giardelli uwa\u017ca, \u017ce kurkumina by\u0142a substancj\u0105 decyduj\u0105c\u0105.<\/p>\n<h3>Terapeutyczne zastosowanie kurkuminy<\/h3>\n<p>W samej ro\u015blinie kurkumina wynosi tylko 2 &#8211; 9 %. Dlatego badania naukowe pracuj\u0105 z jego wyci\u0105gami. Problem z dostaw\u0105 kurkuminy jest spowodowany jej s\u0142abym wch\u0142anianiem z jelita, kt\u00f3re mo\u017ce by\u0107 zwi\u0119kszone przez dodanie piperyny, ale nie prowadzi do wystarczaj\u0105cego poziomu sk\u0142adnika aktywnego we krwi i innych tkankach.<\/p>\n<p>W Centrum Medycyny Zaawansowanej omijamy ten problem poprzez podawanie pacjentowi kurkuminy do\u017cylnie w wodnym roztworze 150 mg w postaci wlewu, co pozwala na osi\u0105gni\u0119cie wysokiego poziomu tkanki. Do\u017cylne podanie kurkuminy zapewnia nam skuteczny lek przeciwnowotworowy bez \u017cadnych skutk\u00f3w ubocznych. W ramach holistycznej koncepcji indywidualnie dopasowanej terapii onkologicznej zawsze stosujemy kurkumin\u0119 w po\u0142\u0105czeniu z innymi substancjami.<\/p>\n<h3>Interakcje<\/h3>\n<p>Kurkumina zwi\u0119ksza wra\u017cliwo\u015b\u0107 chemiczn\u0105 leczonych kom\u00f3rek nowotworowych na winkrystyn\u0119, melphalan, cisplatyn\u0119 i 5-FU oraz nasila apoptoz\u0119 wywo\u0142an\u0105 paklitakselami. Hamuje ona jednak apoptoz\u0119 kom\u00f3rek mammakarcyny pod irinotecanem i doksorubicyn\u0105. W badaniach na zwierz\u0119tach mo\u017cna r\u00f3wnie\u017c zapobiec regresji guz\u00f3w pod wp\u0142ywem cyklophosphamidu.<\/p>\n<p>Ze wzgl\u0119du na swoje dzia\u0142anie syntagonistyczne i antagonistyczne kurkumina powinna by\u0107 zatem stosowana jako adiuwant tylko w przypadku pozytywnej interakcji z nast\u0119puj\u0105cymi \u015brodkami chemioterapeutycznymi:<\/p>\n<p>5-FU. Bortezumib, ma\u015blany, celekoksyb, cisplatyna, doksorubicyna, etopozyd, gemcytabina, melfalan, szczawian, paklitaksel, sulfinozyna, talidomid, taksol, winkrystyna i winorelbina.<\/p>\n<\/div>\n<\/div><\/div>\n<\/div>\n<\/div>\n<\/div>\n<\/div>\n<\/div>\n\n","protected":false},"excerpt":{"rendered":"","protected":false},"author":1,"featured_media":0,"parent":15447,"menu_order":3,"comment_status":"closed","ping_status":"closed","template":"","meta":{"content-type":"","footnotes":""},"class_list":["post-15457","page","type-page","status-publish","hentry"],"_links":{"self":[{"href":"https:\/\/www.erweiterte-medizin.de\/pl\/wp-json\/wp\/v2\/pages\/15457"}],"collection":[{"href":"https:\/\/www.erweiterte-medizin.de\/pl\/wp-json\/wp\/v2\/pages"}],"about":[{"href":"https:\/\/www.erweiterte-medizin.de\/pl\/wp-json\/wp\/v2\/types\/page"}],"author":[{"embeddable":true,"href":"https:\/\/www.erweiterte-medizin.de\/pl\/wp-json\/wp\/v2\/users\/1"}],"replies":[{"embeddable":true,"href":"https:\/\/www.erweiterte-medizin.de\/pl\/wp-json\/wp\/v2\/comments?post=15457"}],"version-history":[{"count":0,"href":"https:\/\/www.erweiterte-medizin.de\/pl\/wp-json\/wp\/v2\/pages\/15457\/revisions"}],"up":[{"embeddable":true,"href":"https:\/\/www.erweiterte-medizin.de\/pl\/wp-json\/wp\/v2\/pages\/15447"}],"wp:attachment":[{"href":"https:\/\/www.erweiterte-medizin.de\/pl\/wp-json\/wp\/v2\/media?parent=15457"}],"curies":[{"name":"wp","href":"https:\/\/api.w.org\/{rel}","templated":true}]}}