{"id":15461,"date":"2020-07-06T12:42:40","date_gmt":"2020-07-06T10:42:40","guid":{"rendered":"http:\/\/www.praxis-siebenhuener.com\/ermed\/?page_id=15461"},"modified":"2021-11-02T14:52:25","modified_gmt":"2021-11-02T13:52:25","slug":"dca","status":"publish","type":"page","link":"https:\/\/www.erweiterte-medizin.de\/pl\/terapie\/alternatywne-terapie-onkologiczne\/infuzje\/dca\/","title":{"rendered":"DCA"},"content":{"rendered":"<h1>DCA<\/h1>\n<p><img decoding=\"async\" class=\"alignleft size-medium wp-image-14352\" src=\"https:\/\/www.erweiterte-medizin.de\/wp-content\/uploads\/2018\/08\/DCA-Titelbild-300x300.jpg\" alt=\"DCA (dwuchlorooctan, kwas dichlorooctowy)\" width=\"300\" height=\"300\" srcset=\"https:\/\/www.erweiterte-medizin.de\/wp-content\/uploads\/2018\/08\/DCA-Titelbild-300x300.jpg 300w, https:\/\/www.erweiterte-medizin.de\/wp-content\/uploads\/2018\/08\/DCA-Titelbild-150x150.jpg 150w, https:\/\/www.erweiterte-medizin.de\/wp-content\/uploads\/2018\/08\/DCA-Titelbild-65x65.jpg 65w, https:\/\/www.erweiterte-medizin.de\/wp-content\/uploads\/2018\/08\/DCA-Titelbild.jpg 400w\" sizes=\"(max-width: 300px) 100vw, 300px\" \/><strong>DCA<\/strong> (dwuchlorooctan, <strong>kwas dichlorooctowy<\/strong>) jest lekiem, kt\u00f3ry by\u0142 stosowany od wielu lat w leczeniu choroby metabolicznej kwasicy mlekowej, ale nie zosta\u0142 zatwierdzony jako lek.<\/p>\n<p>W badaniach przeprowadzonych na Uniwersytecie Alberta w Edmonton w Kanadzie, hodowle kom\u00f3rkowe wykaza\u0142y zabijanie kom\u00f3rek rakowych, ale nie zdrowych.<\/p>\n<p>Eksperymenty wykaza\u0142y r\u00f3wnie\u017c, \u017ce mitochondria (struktury kom\u00f3rkowe do produkcji energii w kom\u00f3rce), kt\u00f3re zosta\u0142y uznane za nieodwracalnie uszkodzone, sta\u0142y si\u0119 ponownie funkcjonalne poprzez DCA. Poniewa\u017c mitochondria s\u0105 odpowiedzialne nie tylko za produkcj\u0119 energii w kom\u00f3rkach, ale tak\u017ce za wywo\u0142anie tzw. apoptozy, czyli naturalnej \u015bmierci kom\u00f3rkowej, prowadzi to oczywi\u015bcie do \u015bmierci kom\u00f3rek nowotworowych.<\/p>\n<p>W do\u015bwiadczeniach na zwierz\u0119tach doprowadzi\u0142o to do zmniejszenia si\u0119 liczby nowotwor\u00f3w z\u0142o\u015bliwych. Poniewa\u017c DCA zak\u0142\u00f3ca specyficzny dla guza metabolizm fermentacji i powoduje zaprogramowan\u0105 \u015bmier\u0107 kom\u00f3rki nowotworowej, od pewnego czasu jest on stosowany w terapii nowotwor\u00f3w. Niestety, jak dot\u0105d nie ma oficjalnych bada\u0144 nad DCA.<\/p>\n<p>Wykrywamy, czy nasi pacjenci maj\u0105 metabolizm fermentacyjny za pomoc\u0105 specjalnych, indywidualnych bada\u0144 krwi przed leczeniem. W przypadku pozytywnego wyniku DCA jest bezwzgl\u0119dnie wskazane do blokowania tego metabolizmu fermentacyjnego kom\u00f3rek nowotworowych, a tym samym do blokowania wzrostu kom\u00f3rek nowotworowych.<\/p>\n<p><span style=\"font-weight: bold;\">Okazjonalne dzia\u0142ania niepo\u017c\u0105dane, takie jak zaburzenia na zako\u0144czeniach nerw\u00f3w, powoli ust\u0119puj\u0105 po zaprzestaniu stosowania leku. Nasze Centrum Medycyny Zaawansowanej specjalizuje si\u0119 w rozpoznawaniu i unikaniu tych skutk\u00f3w ubocznych.<\/span><\/p>\n","protected":false},"excerpt":{"rendered":"<p>DCA DCA (dwuchlorooctan, kwas dichlorooctowy) jest lekiem, kt\u00f3ry by\u0142 stosowany od wielu lat w leczeniu choroby metabolicznej kwasicy mlekowej, ale nie zosta\u0142 zatwierdzony jako lek. W badaniach przeprowadzonych na Uniwersytecie Alberta w Edmonton w Kanadzie, hodowle kom\u00f3rkowe wykaza\u0142y zabijanie kom\u00f3rek rakowych, ale nie zdrowych. Eksperymenty wykaza\u0142y r\u00f3wnie\u017c, \u017ce mitochondria (struktury kom\u00f3rkowe do produkcji energii w&#8230;<\/p>\n","protected":false},"author":1,"featured_media":0,"parent":15447,"menu_order":4,"comment_status":"closed","ping_status":"closed","template":"","meta":{"content-type":"","footnotes":""},"class_list":["post-15461","page","type-page","status-publish","hentry"],"_links":{"self":[{"href":"https:\/\/www.erweiterte-medizin.de\/pl\/wp-json\/wp\/v2\/pages\/15461"}],"collection":[{"href":"https:\/\/www.erweiterte-medizin.de\/pl\/wp-json\/wp\/v2\/pages"}],"about":[{"href":"https:\/\/www.erweiterte-medizin.de\/pl\/wp-json\/wp\/v2\/types\/page"}],"author":[{"embeddable":true,"href":"https:\/\/www.erweiterte-medizin.de\/pl\/wp-json\/wp\/v2\/users\/1"}],"replies":[{"embeddable":true,"href":"https:\/\/www.erweiterte-medizin.de\/pl\/wp-json\/wp\/v2\/comments?post=15461"}],"version-history":[{"count":0,"href":"https:\/\/www.erweiterte-medizin.de\/pl\/wp-json\/wp\/v2\/pages\/15461\/revisions"}],"up":[{"embeddable":true,"href":"https:\/\/www.erweiterte-medizin.de\/pl\/wp-json\/wp\/v2\/pages\/15447"}],"wp:attachment":[{"href":"https:\/\/www.erweiterte-medizin.de\/pl\/wp-json\/wp\/v2\/media?parent=15461"}],"curies":[{"name":"wp","href":"https:\/\/api.w.org\/{rel}","templated":true}]}}