{"id":15464,"date":"2020-07-06T12:43:51","date_gmt":"2020-07-06T10:43:51","guid":{"rendered":"http:\/\/www.praxis-siebenhuener.com\/ermed\/?page_id=15464"},"modified":"2020-07-30T15:45:22","modified_gmt":"2020-07-30T13:45:22","slug":"dmso","status":"publish","type":"page","link":"https:\/\/www.erweiterte-medizin.de\/pl\/terapie\/alternatywne-terapie-onkologiczne\/infuzje\/dmso\/","title":{"rendered":"DMSO"},"content":{"rendered":"<div class=\"entry-content\">\n<h1>DMSO w leczeniu nowotwor\u00f3w<\/h1>\n<p><img decoding=\"async\" class=\"alignleft size-medium wp-image-14354\" src=\"https:\/\/www.erweiterte-medizin.de\/wp-content\/uploads\/2018\/08\/DMSO-Titelbild-300x300.jpg\" alt=\"\" width=\"300\" height=\"300\" srcset=\"https:\/\/www.erweiterte-medizin.de\/wp-content\/uploads\/2018\/08\/DMSO-Titelbild-300x300.jpg 300w, https:\/\/www.erweiterte-medizin.de\/wp-content\/uploads\/2018\/08\/DMSO-Titelbild-150x150.jpg 150w, https:\/\/www.erweiterte-medizin.de\/wp-content\/uploads\/2018\/08\/DMSO-Titelbild-65x65.jpg 65w, https:\/\/www.erweiterte-medizin.de\/wp-content\/uploads\/2018\/08\/DMSO-Titelbild.jpg 400w\" sizes=\"(max-width: 300px) 100vw, 300px\" \/>Najwa\u017cniejsz\u0105 w\u0142a\u015bciwo\u015bci\u0105 DMSO (tlenek dimetylosulfonu) jest jego tzw. bipolarne zachowanie, kt\u00f3re umo\u017cliwia aktywnemu sk\u0142adnikowi DMSO penetracj\u0119 barier w organizmie i dotarcie do j\u0105dra kom\u00f3rki. Przemys\u0142 farmaceutyczny wykorzystuje fizyczn\u0105 przewag\u0119 DMSO do wi\u0105zania rozpuszczonych w nim substancji i transportowania ich do docelowego miejsca zastosowania.<\/p>\n<p>Co wi\u0119cej, DMSO wi\u0105\u017ce wolne rodniki i neutralizuje je tak, \u017ce mo\u017cna je wyeliminowa\u0107 przez nerki. Na poziomie kom\u00f3rkowym DMSO przyczynia si\u0119 do detoksykacji kom\u00f3rki, DMSO dzia\u0142a przeciwzapalnie, wzmacnia uk\u0142ad odporno\u015bciowy i hamuje wzrost bakterii. Podobnie jak w przypadku DCA, DMSO ma pozytywny wp\u0142yw na mitochondria, czyli elektrownie naszych kom\u00f3rek. Ponadto, DMSO zwi\u0119ksza przepuszczalno\u015b\u0107 b\u0142on kom\u00f3rkowych i tym samym u\u0142atwia kom\u00f3rce pozbycie si\u0119 toksyn. Nawet reakcje alergiczne mog\u0105 by\u0107 \u0142agodzone przez DMSO, co z kolei \u0142agodzi uk\u0142ad odporno\u015bciowy. DMSO jest r\u00f3wnie\u017c skuteczne w twardzinie, oparzeniach, zapaleniu i b\u00f3lu, zapaleniu staw\u00f3w i reumatoidalnym zapaleniu staw\u00f3w, infekcjach zatok, \u015br\u00f3dmi\u0105\u017cszowym zapaleniu p\u0119cherza moczowego, opryszczce i gongu, stwardnieniu rozsianym, toczniu rumieniowatym uk\u0142adowym, sarkoidozie, zapaleniu tarczycy, wrzodziej\u0105cym zapaleniu jelita grubego, tr\u0105dziku, nowotworze i innych stanach.Obecnie o DMSO napisano liczne badania i publikacje (ponad 11 000), potwierdzaj\u0105ce m.in. jego skuteczno\u015b\u0107 w leczeniu nowotwor\u00f3w.<\/p>\n<\/div>\n","protected":false},"excerpt":{"rendered":"<p>DMSO w leczeniu nowotwor\u00f3w Najwa\u017cniejsz\u0105 w\u0142a\u015bciwo\u015bci\u0105 DMSO (tlenek dimetylosulfonu) jest jego tzw. bipolarne zachowanie, kt\u00f3re umo\u017cliwia aktywnemu sk\u0142adnikowi DMSO penetracj\u0119 barier w organizmie i dotarcie do j\u0105dra kom\u00f3rki. Przemys\u0142 farmaceutyczny wykorzystuje fizyczn\u0105 przewag\u0119 DMSO do wi\u0105zania rozpuszczonych w nim substancji i transportowania ich do docelowego miejsca zastosowania. Co wi\u0119cej, DMSO wi\u0105\u017ce wolne rodniki i neutralizuje&#8230;<\/p>\n","protected":false},"author":1,"featured_media":0,"parent":15447,"menu_order":5,"comment_status":"closed","ping_status":"closed","template":"","meta":{"content-type":"","footnotes":""},"class_list":["post-15464","page","type-page","status-publish","hentry"],"_links":{"self":[{"href":"https:\/\/www.erweiterte-medizin.de\/pl\/wp-json\/wp\/v2\/pages\/15464"}],"collection":[{"href":"https:\/\/www.erweiterte-medizin.de\/pl\/wp-json\/wp\/v2\/pages"}],"about":[{"href":"https:\/\/www.erweiterte-medizin.de\/pl\/wp-json\/wp\/v2\/types\/page"}],"author":[{"embeddable":true,"href":"https:\/\/www.erweiterte-medizin.de\/pl\/wp-json\/wp\/v2\/users\/1"}],"replies":[{"embeddable":true,"href":"https:\/\/www.erweiterte-medizin.de\/pl\/wp-json\/wp\/v2\/comments?post=15464"}],"version-history":[{"count":0,"href":"https:\/\/www.erweiterte-medizin.de\/pl\/wp-json\/wp\/v2\/pages\/15464\/revisions"}],"up":[{"embeddable":true,"href":"https:\/\/www.erweiterte-medizin.de\/pl\/wp-json\/wp\/v2\/pages\/15447"}],"wp:attachment":[{"href":"https:\/\/www.erweiterte-medizin.de\/pl\/wp-json\/wp\/v2\/media?parent=15464"}],"curies":[{"name":"wp","href":"https:\/\/api.w.org\/{rel}","templated":true}]}}