{"id":15467,"date":"2020-07-06T12:45:11","date_gmt":"2020-07-06T10:45:11","guid":{"rendered":"http:\/\/www.praxis-siebenhuener.com\/ermed\/?page_id=15467"},"modified":"2021-11-08T16:50:53","modified_gmt":"2021-11-08T15:50:53","slug":"hyperycyna","status":"publish","type":"page","link":"https:\/\/www.erweiterte-medizin.de\/pl\/terapie\/alternatywne-terapie-onkologiczne\/infuzje\/hyperycyna\/","title":{"rendered":"Hyperycyna"},"content":{"rendered":"<h1>Hyperycyna<\/h1>\n<p><img decoding=\"async\" class=\"alignleft size-medium wp-image-17262\" src=\"https:\/\/www.erweiterte-medizin.de\/wp-content\/uploads\/2018\/08\/Hypericin-Titelbild-300x300.jpg\" alt=\"Hyperycyna\" width=\"300\" height=\"300\" srcset=\"https:\/\/www.erweiterte-medizin.de\/wp-content\/uploads\/2018\/08\/Hypericin-Titelbild-300x300.jpg 300w, https:\/\/www.erweiterte-medizin.de\/wp-content\/uploads\/2018\/08\/Hypericin-Titelbild-150x150.jpg 150w, https:\/\/www.erweiterte-medizin.de\/wp-content\/uploads\/2018\/08\/Hypericin-Titelbild-65x65.jpg 65w, https:\/\/www.erweiterte-medizin.de\/wp-content\/uploads\/2018\/08\/Hypericin-Titelbild.jpg 400w\" sizes=\"(max-width: 300px) 100vw, 300px\" \/><\/p>\n<p>Hyperycyna pochodzi z dziurawca zwyczajnego (\u0142ac. Hypericum perforatum) i jest silnym, naturalnie wyst\u0119puj\u0105cym fotouczulaczem stosowanym w terapii fotodynamicznej (PDT) w leczeniu nowotwor\u00f3w. Hyperycyna jest czerwonym fluorescencyjnym fotouczulaczem o maksymalnych warto\u015bciach absorpcji przy 550-558 nm i 330 nm.<\/p>\n<p>Ju\u017c w czasach staro\u017cytnych czerwony olejek z hiperycyny stosowano zewn\u0119trznie w celu u\u0142atwienia gojenia si\u0119 ran. Obecnie Hyperycyna jest stosowana g\u0142\u00f3wnie w dziedzinie zaburze\u0144 psychovegetycznych.<\/p>\n<p>Efektem ubocznym przyjmowania hiperycyny jest zwi\u0119kszenie wra\u017cliwo\u015bci organizmu na \u015bwiat\u0142o. Efekt ten jest stosowany we wsp\u00f3\u0142czesnym leczeniu w walce z rakiem w onkologii. Hiperycyna fluorescencyjna gromadzi si\u0119 coraz wi\u0119cej w kom\u00f3rkach nowotworowych. Przyczyny wysokiego nagromadzenia hiperycyny w tkance nowotworowej znajduj\u0105 si\u0119 zar\u00f3wno w cechach strukturalnych, jak i fizjologicznych kom\u00f3rki nowotworowej.<\/p>\n<p>W dziedzinie mechanizm\u00f3w molekularnych w kom\u00f3rkach nowotworowych badania wykaza\u0142y, \u017ce terapia fotodynamiczna (PDT) prowadzi do fotocytotoksyczno\u015bci w tkance nowotworowej poprzez stymulacj\u0119 laserem o d\u0142ugo\u015bci fali charakterystycznej dla hiperycyny. Toksyczno\u015b\u0107 dla kom\u00f3rek nowotworowych jest spowodowana reakcj\u0105 fotouczulacza hiperycyny z tlenem. Produktami reakcji chemicznej s\u0105 toksyczne rodniki tlenowe, kt\u00f3re powoduj\u0105 apoptoz\u0119 i martwic\u0119 kom\u00f3rek nowotworowych.<\/p>\n","protected":false},"excerpt":{"rendered":"<p>Hyperycyna Hyperycyna pochodzi z dziurawca zwyczajnego (\u0142ac. Hypericum perforatum) i jest silnym, naturalnie wyst\u0119puj\u0105cym fotouczulaczem stosowanym w terapii fotodynamicznej (PDT) w leczeniu nowotwor\u00f3w. Hyperycyna jest czerwonym fluorescencyjnym fotouczulaczem o maksymalnych warto\u015bciach absorpcji przy 550-558 nm i 330 nm. Ju\u017c w czasach staro\u017cytnych czerwony olejek z hiperycyny stosowano zewn\u0119trznie w celu u\u0142atwienia gojenia si\u0119 ran. Obecnie&#8230;<\/p>\n","protected":false},"author":1,"featured_media":0,"parent":15447,"menu_order":7,"comment_status":"closed","ping_status":"closed","template":"","meta":{"content-type":"","footnotes":""},"class_list":["post-15467","page","type-page","status-publish","hentry"],"_links":{"self":[{"href":"https:\/\/www.erweiterte-medizin.de\/pl\/wp-json\/wp\/v2\/pages\/15467"}],"collection":[{"href":"https:\/\/www.erweiterte-medizin.de\/pl\/wp-json\/wp\/v2\/pages"}],"about":[{"href":"https:\/\/www.erweiterte-medizin.de\/pl\/wp-json\/wp\/v2\/types\/page"}],"author":[{"embeddable":true,"href":"https:\/\/www.erweiterte-medizin.de\/pl\/wp-json\/wp\/v2\/users\/1"}],"replies":[{"embeddable":true,"href":"https:\/\/www.erweiterte-medizin.de\/pl\/wp-json\/wp\/v2\/comments?post=15467"}],"version-history":[{"count":0,"href":"https:\/\/www.erweiterte-medizin.de\/pl\/wp-json\/wp\/v2\/pages\/15467\/revisions"}],"up":[{"embeddable":true,"href":"https:\/\/www.erweiterte-medizin.de\/pl\/wp-json\/wp\/v2\/pages\/15447"}],"wp:attachment":[{"href":"https:\/\/www.erweiterte-medizin.de\/pl\/wp-json\/wp\/v2\/media?parent=15467"}],"curies":[{"name":"wp","href":"https:\/\/api.w.org\/{rel}","templated":true}]}}