{"id":15470,"date":"2020-07-06T12:46:27","date_gmt":"2020-07-06T10:46:27","guid":{"rendered":"http:\/\/www.praxis-siebenhuener.com\/ermed\/?page_id=15470"},"modified":"2020-07-30T15:12:53","modified_gmt":"2020-07-30T13:12:53","slug":"ketamina","status":"publish","type":"page","link":"https:\/\/www.erweiterte-medizin.de\/pl\/terapie\/alternatywne-terapie-onkologiczne\/infuzje\/ketamina\/","title":{"rendered":"Ketamina"},"content":{"rendered":"<h1>Ketamina<\/h1>\n<p><img decoding=\"async\" class=\"alignleft size-full wp-image-15472\" src=\"https:\/\/www.erweiterte-medizin.de\/wp-content\/uploads\/2019\/07\/Ketamin.jpg\" alt=\"Ketamin\" width=\"300\" height=\"300\" srcset=\"https:\/\/www.erweiterte-medizin.de\/wp-content\/uploads\/2019\/07\/Ketamin.jpg 300w, https:\/\/www.erweiterte-medizin.de\/wp-content\/uploads\/2019\/07\/Ketamin-150x150.jpg 150w, https:\/\/www.erweiterte-medizin.de\/wp-content\/uploads\/2019\/07\/Ketamin-65x65.jpg 65w\" sizes=\"(max-width: 300px) 100vw, 300px\" \/>Ketamina jest lekiem, kt\u00f3ry od kilkudziesi\u0119ciu lat stosowany jest jako \u015brodek znieczulaj\u0105cy w medycynie i weterynarii. Jest to tzw. &#8222;chiralna pochodna cykloheksanonu&#8221;, produkowana syntetycznie i klasyfikowana przez \u015awiatow\u0105 Organizacj\u0119 Zdrowia (WHO) jako niezast\u0105piony lek. W marcu 2019 roku Ameryka\u0144ski Urz\u0105d ds. \u017bywno\u015bci i Lek\u00f3w (FDA) ostatecznie zatwierdzi\u0142 j\u0105 dla innych wskaza\u0144. Dzieje si\u0119 tak dlatego, \u017ce ketamina jest nie tylko \u015brodkiem znieczulaj\u0105cym, ale ma r\u00f3wnie\u017c wyj\u0105tkowe w\u0142a\u015bciwo\u015bci: ketamina jest najszybszym i najskuteczniejszym lekiem na wszystkie rodzaje depresji, zaburzenia stresu pourazowego (PTSD) i zaburzenia obsesyjno-kompulsywne (OCD) &#8211; szczeg\u00f3lnie u tych wielu pacjent\u00f3w, u kt\u00f3rych zawodzi psychoterapia i leki psychotropowe z wcze\u015bniej konwencjonalnych grup lek\u00f3w. Szybkie dzia\u0142anie wlewu ketaminy jest szczeg\u00f3lnie godne uwagi u pacjent\u00f3w z my\u015blami samob\u00f3jczymi, poniewa\u017c ketamina zaczyna dzia\u0142a\u0107 ju\u017c po kilku godzinach. Dzia\u0142a to, poniewa\u017c ketamina dokuje do receptor\u00f3w NMDA i tym samym po\u015brednio zwi\u0119ksza st\u0119\u017cenie glutaminianu substancji komunikatora w punktach prze\u0142\u0105czania si\u0119 kom\u00f3rek m\u00f3zgowych. Ketamina aktywuje r\u00f3wnie\u017c powstawanie nowych bia\u0142ek w synapsach kom\u00f3rek. Oznacza to, \u017ce komunikacja sieci neuronowej, kt\u00f3ra jest zaburzona lub przerwana u pacjent\u00f3w z depresj\u0105, zostaje przywr\u00f3cona i funkcjonuje normalnie.<\/p>\n<p>R\u00f3wnie\u017c w terapii przewlek\u0142ych chor\u00f3b b\u00f3lowych, takich jak fibromialgia, neuropatia, artroza, choroby reumatyczne czy migrena, liczne badania dowiod\u0142y wyj\u0105tkowego dzia\u0142ania ketaminy. Ponadto wytyczne dotycz\u0105ce opieki paliatywnej Europejskiego Towarzystwa Onkologii Medycznej (ESMO) zalecaj\u0105 stosowanie ketaminy u chorych na raka cierpi\u0105cych na b\u00f3l neuropatyczny oraz u chorych onkologicznych, kt\u00f3rzy nie odpowiadaj\u0105 lub przestali odpowiada\u0107 na opiodi\u0119.<\/p>\n<p>Podawanie wlew\u00f3w ketaminowych odbywa si\u0119 w Centrum Medycyny Zaawansowanej zgodnie z najnowszymi odkryciami naukowymi i w taki spos\u00f3b, aby nie wyst\u0119powa\u0142 efekt uzale\u017cnienia ani dzia\u0142ania niepo\u017c\u0105dane.<\/p>\n","protected":false},"excerpt":{"rendered":"<p>Ketamina Ketamina jest lekiem, kt\u00f3ry od kilkudziesi\u0119ciu lat stosowany jest jako \u015brodek znieczulaj\u0105cy w medycynie i weterynarii. Jest to tzw. &#8222;chiralna pochodna cykloheksanonu&#8221;, produkowana syntetycznie i klasyfikowana przez \u015awiatow\u0105 Organizacj\u0119 Zdrowia (WHO) jako niezast\u0105piony lek. W marcu 2019 roku Ameryka\u0144ski Urz\u0105d ds. \u017bywno\u015bci i Lek\u00f3w (FDA) ostatecznie zatwierdzi\u0142 j\u0105 dla innych wskaza\u0144. Dzieje si\u0119 tak&#8230;<\/p>\n","protected":false},"author":1,"featured_media":15472,"parent":15447,"menu_order":8,"comment_status":"closed","ping_status":"closed","template":"","meta":{"content-type":"","footnotes":""},"class_list":["post-15470","page","type-page","status-publish","has-post-thumbnail","hentry"],"_links":{"self":[{"href":"https:\/\/www.erweiterte-medizin.de\/pl\/wp-json\/wp\/v2\/pages\/15470"}],"collection":[{"href":"https:\/\/www.erweiterte-medizin.de\/pl\/wp-json\/wp\/v2\/pages"}],"about":[{"href":"https:\/\/www.erweiterte-medizin.de\/pl\/wp-json\/wp\/v2\/types\/page"}],"author":[{"embeddable":true,"href":"https:\/\/www.erweiterte-medizin.de\/pl\/wp-json\/wp\/v2\/users\/1"}],"replies":[{"embeddable":true,"href":"https:\/\/www.erweiterte-medizin.de\/pl\/wp-json\/wp\/v2\/comments?post=15470"}],"version-history":[{"count":0,"href":"https:\/\/www.erweiterte-medizin.de\/pl\/wp-json\/wp\/v2\/pages\/15470\/revisions"}],"up":[{"embeddable":true,"href":"https:\/\/www.erweiterte-medizin.de\/pl\/wp-json\/wp\/v2\/pages\/15447"}],"wp:featuredmedia":[{"embeddable":true,"href":"https:\/\/www.erweiterte-medizin.de\/pl\/wp-json\/wp\/v2\/media\/15472"}],"wp:attachment":[{"href":"https:\/\/www.erweiterte-medizin.de\/pl\/wp-json\/wp\/v2\/media?parent=15470"}],"curies":[{"name":"wp","href":"https:\/\/api.w.org\/{rel}","templated":true}]}}