{"id":15474,"date":"2020-07-06T12:48:27","date_gmt":"2020-07-06T10:48:27","guid":{"rendered":"http:\/\/www.praxis-siebenhuener.com\/ermed\/?page_id=15474"},"modified":"2021-11-09T10:07:58","modified_gmt":"2021-11-09T09:07:58","slug":"witamina-b17","status":"publish","type":"page","link":"https:\/\/www.erweiterte-medizin.de\/pl\/terapie\/alternatywne-terapie-onkologiczne\/infuzje\/witamina-b17\/","title":{"rendered":"Witamina B17"},"content":{"rendered":"<h1>Witamina B17 w terapii nowotwor\u00f3w<\/h1>\n<p class=\"p1\"><span class=\"s1\"><img decoding=\"async\" class=\"alignleft size-medium wp-image-17278\" src=\"https:\/\/www.erweiterte-medizin.de\/wp-content\/uploads\/2018\/08\/Vitamin-B17-Titelbild-300x300.jpg\" alt=\"Witamina B17 w terapii nowotwor\u00f3w\" width=\"300\" height=\"300\" srcset=\"https:\/\/www.erweiterte-medizin.de\/wp-content\/uploads\/2018\/08\/Vitamin-B17-Titelbild-300x300.jpg 300w, https:\/\/www.erweiterte-medizin.de\/wp-content\/uploads\/2018\/08\/Vitamin-B17-Titelbild-150x150.jpg 150w, https:\/\/www.erweiterte-medizin.de\/wp-content\/uploads\/2018\/08\/Vitamin-B17-Titelbild-65x65.jpg 65w, https:\/\/www.erweiterte-medizin.de\/wp-content\/uploads\/2018\/08\/Vitamin-B17-Titelbild.jpg 400w\" sizes=\"(max-width: 300px) 100vw, 300px\" \/>Tzw. witamina B17 &#8211; znana r\u00f3wnie\u017c jako amygdalina &#8211; by\u0142a ju\u017c cz\u0119sto stosowana w terapii nowotworowej i ze wzgl\u0119du na spos\u00f3b dzia\u0142ania mo\u017ce by\u0107 r\u00f3wnie\u017c opisana jako &#8222;naturalny \u015brodek chemioterapeutyczny&#8221;. Kolejnym efektem dzia\u0142ania amygdaliny jest jej dzia\u0142anie przeciwb\u00f3lowe. W przyrodzie substancja ta wyst\u0119puje w ponad 1200 ro\u015blinach, z kt\u00f3rych najwi\u0119ksz\u0105 cz\u0119\u015b\u0107 stanowi\u0105 migda\u0142y gorzkie i pestki moreli.<\/span><\/p>\n<p>&nbsp;<\/p>\n<h2 class=\"p1\" style=\"clear: both;\"><span class=\"s1\">Witamina B17 &#8211; znana r\u00f3wnie\u017c jako Amygdalin<\/span><\/h2>\n<p>Alternatywny termin dla witaminy B17 &#8211; amygdalina &#8211; pochodzi z greckiego &#8222;amygdalis&#8221; dla ziaren migda\u0142\u00f3w. Witamina B17 jest uwa\u017cana za alternatywny lub naturalny \u015brodek, za pomoc\u0105 kt\u00f3rego mo\u017cna leczy\u0107 choroby nowotworowe lub ich objawy.<\/p>\n<p>W latach 50-tych XX wieku substancja ta zosta\u0142a odkryta przez ameryka\u0144skiego biochemika dr Ernsta T. Krebsa Jr. i wyizolowana z gorzkich pestek moreli. Maj\u0105 one naturalnie do 8% zawarto\u015bci amygdaliny. Witamina B17 jest przekszta\u0142cana w siln\u0105 toksyn\u0119 pod wp\u0142ywem enzymu beta-glukozydazy. Enzym ten wyst\u0119puje w du\u017cych ilo\u015bciach w kom\u00f3rkach nowotworowych lub na ich powierzchni. Inny enzym, rodanaza, z drugiej strony, wyst\u0119puje prawie wy\u0142\u0105cznie w zdrowych kom\u00f3rkach, gdzie zapobiega wytwarzaniu si\u0119 toksyny. Witamina B17 ma zatem silne dzia\u0142anie hamuj\u0105ce wzrost kom\u00f3rek nowotworowych, a jednocze\u015bnie nie szkodzi zdrowym kom\u00f3rkom.<\/p>\n<p>W badaniu przeprowadzonym przez Szpital Uniwersytecki Goethego we Frankfurcie w Niemczech zaobserwowano i potwierdzono zahamowanie wzrostu nowotwor\u00f3w przez amygdalin\u0119 w kom\u00f3rkach raka p\u0119cherza moczowego. Ponadto w wyroku OVG Hannover ustalono r\u00f3wnie\u017c nieszkodliwo\u015b\u0107 czystej amygdaliny.<\/p>\n<h3 class=\"p1\"><span class=\"s1\">Struktura i spos\u00f3b dzia\u0142ania witaminy B17<\/span><\/h3>\n<p>Je\u015bli spojrze\u0107 na struktur\u0119 molekularn\u0105 witaminy B17, mo\u017cna znale\u017a\u0107 zwi\u0105zek jednej cz\u0105steczki cyjanowodoru &#8211; znany r\u00f3wnie\u017c jako kwas owocowy &#8211; i benzaldehydu, jak r\u00f3wnie\u017c dw\u00f3ch cz\u0105steczek glukozy.<\/p>\n<p>Ten stabilny zwi\u0105zek jest dzielony tylko przez dzia\u0142anie enzymu beta-glukozydazy. W zdrowych kom\u00f3rkach ten enzym rozszczepiaj\u0105cy prawie nie wyst\u0119puje w \u017cadnej odczuwalnej formie. W kom\u00f3rkach nowotworowych wyst\u0119puje jednak w du\u017cych ilo\u015bciach beta-glukozydaza. Je\u015bli amygdalina wejdzie w kontakt z enzymem w obecno\u015bci wody, rozpoczyna si\u0119 uwalnianie cyjanku i benzaldehydu, kt\u00f3re s\u0105 zdolne do niszczenia kom\u00f3rek nowotworowych.<\/p>\n<p>Ochronny enzym zwany rodanaz\u0105 &#8211; znany r\u00f3wnie\u017c jako tiosiarczanowa translaza siarkowa &#8211; mo\u017ce r\u00f3wnie\u017c zapobiega\u0107 zatruciu zdrowych kom\u00f3rek poprzez przekszta\u0142cenie cyjanku w stosunkowo nietoksyczny rodanid. Kom\u00f3rki nowotworowe mog\u0105 by\u0107 zatem niszczone przy naturalnym wsparciu dzi\u0119ki witaminie B17 i synergicznemu efektowi ich enzymatycznego rozk\u0142adu.<\/p>\n<p>Wa\u017cne jest, aby znale\u017a\u0107 w\u0142a\u015bciw\u0105 kombinacj\u0119 \u015brodk\u00f3w w ramach holistycznej terapii nowotworowej w celu zwi\u0119kszenia szans na powodzenie leczenia.<\/p>\n","protected":false},"excerpt":{"rendered":"<p>Witamina B17 w terapii nowotwor\u00f3w Tzw. witamina B17 &#8211; znana r\u00f3wnie\u017c jako amygdalina &#8211; by\u0142a ju\u017c cz\u0119sto stosowana w terapii nowotworowej i ze wzgl\u0119du na spos\u00f3b dzia\u0142ania mo\u017ce by\u0107 r\u00f3wnie\u017c opisana jako &#8222;naturalny \u015brodek chemioterapeutyczny&#8221;. Kolejnym efektem dzia\u0142ania amygdaliny jest jej dzia\u0142anie przeciwb\u00f3lowe. W przyrodzie substancja ta wyst\u0119puje w ponad 1200 ro\u015blinach, z kt\u00f3rych najwi\u0119ksz\u0105&#8230;<\/p>\n","protected":false},"author":1,"featured_media":0,"parent":15447,"menu_order":9,"comment_status":"closed","ping_status":"closed","template":"","meta":{"content-type":"","footnotes":""},"class_list":["post-15474","page","type-page","status-publish","hentry"],"_links":{"self":[{"href":"https:\/\/www.erweiterte-medizin.de\/pl\/wp-json\/wp\/v2\/pages\/15474"}],"collection":[{"href":"https:\/\/www.erweiterte-medizin.de\/pl\/wp-json\/wp\/v2\/pages"}],"about":[{"href":"https:\/\/www.erweiterte-medizin.de\/pl\/wp-json\/wp\/v2\/types\/page"}],"author":[{"embeddable":true,"href":"https:\/\/www.erweiterte-medizin.de\/pl\/wp-json\/wp\/v2\/users\/1"}],"replies":[{"embeddable":true,"href":"https:\/\/www.erweiterte-medizin.de\/pl\/wp-json\/wp\/v2\/comments?post=15474"}],"version-history":[{"count":0,"href":"https:\/\/www.erweiterte-medizin.de\/pl\/wp-json\/wp\/v2\/pages\/15474\/revisions"}],"up":[{"embeddable":true,"href":"https:\/\/www.erweiterte-medizin.de\/pl\/wp-json\/wp\/v2\/pages\/15447"}],"wp:attachment":[{"href":"https:\/\/www.erweiterte-medizin.de\/pl\/wp-json\/wp\/v2\/media?parent=15474"}],"curies":[{"name":"wp","href":"https:\/\/api.w.org\/{rel}","templated":true}]}}