{"id":15483,"date":"2020-07-06T12:51:35","date_gmt":"2020-07-06T10:51:35","guid":{"rendered":"http:\/\/www.praxis-siebenhuener.com\/ermed\/?page_id=15483"},"modified":"2020-07-30T15:19:39","modified_gmt":"2020-07-30T13:19:39","slug":"diagnostyka","status":"publish","type":"page","link":"https:\/\/www.erweiterte-medizin.de\/pl\/diagnostyka\/","title":{"rendered":"Diagnostyka"},"content":{"rendered":"<h1>Diagnostyka<\/h1>\n<h2>Oferujemy Pa\u0144stwu najwy\u017csze kompetencje i szerokie spektrum diagnostyczne<\/h2>\n<p><img decoding=\"async\" class=\"alignleft size-medium wp-image-14370\" src=\"https:\/\/www.erweiterte-medizin.de\/wp-content\/uploads\/2018\/08\/Diagnostik-Titelbild-300x300.jpg\" alt=\"\" width=\"300\" height=\"300\" \/>W naszym centrum medycyny zaawansowanej przywi\u0105zujemy du\u017c\u0105 wag\u0119 do kompleksowej i bardzo dok\u0142adnej diagnostyki. Poniewa\u017c tylko po dok\u0142adnym zbadaniu organizmu wed\u0142ug wszystkich parametr\u00f3w sztuki diagnostycznej przy u\u017cyciu najnowocze\u015bniejszej medycyny laboratoryjnej i procedur obrazowania, mo\u017cemy zaoferowa\u0107 naszym pacjentom najlepsze z mo\u017cliwych i szczeg\u00f3lnie indywidualnie najlepiej tolerowane i najbardziej obiecuj\u0105ce metody terapii.<\/p>\n<p>W tym kontek\u015bcie nasza wewn\u0119trzna analiza s\u0142abych punkt\u00f3w, kt\u00f3r\u0105 sami zaprojektowali\u015bmy, jest r\u00f3wnie\u017c wykorzystywana w procesie diagnostycznym, kt\u00f3ry r\u00f3wnowa\u017cy nasze ca\u0142o\u015bciowe podej\u015bcie do leczenia pod wzgl\u0119dem jako\u015bci i ilo\u015bci z maksymaln\u0105 wydajno\u015bci\u0105.<\/p>\n","protected":false},"excerpt":{"rendered":"<p>Diagnostyka Oferujemy Pa\u0144stwu najwy\u017csze kompetencje i szerokie spektrum diagnostyczne W naszym centrum medycyny zaawansowanej przywi\u0105zujemy du\u017c\u0105 wag\u0119 do kompleksowej i bardzo dok\u0142adnej diagnostyki. Poniewa\u017c tylko po dok\u0142adnym zbadaniu organizmu wed\u0142ug wszystkich parametr\u00f3w sztuki diagnostycznej przy u\u017cyciu najnowocze\u015bniejszej medycyny laboratoryjnej i procedur obrazowania, mo\u017cemy zaoferowa\u0107 naszym pacjentom najlepsze z mo\u017cliwych i szczeg\u00f3lnie indywidualnie najlepiej tolerowane i&#8230;<\/p>\n","protected":false},"author":1,"featured_media":0,"parent":0,"menu_order":5,"comment_status":"closed","ping_status":"closed","template":"","meta":{"content-type":"","footnotes":""},"class_list":["post-15483","page","type-page","status-publish","hentry"],"_links":{"self":[{"href":"https:\/\/www.erweiterte-medizin.de\/pl\/wp-json\/wp\/v2\/pages\/15483"}],"collection":[{"href":"https:\/\/www.erweiterte-medizin.de\/pl\/wp-json\/wp\/v2\/pages"}],"about":[{"href":"https:\/\/www.erweiterte-medizin.de\/pl\/wp-json\/wp\/v2\/types\/page"}],"author":[{"embeddable":true,"href":"https:\/\/www.erweiterte-medizin.de\/pl\/wp-json\/wp\/v2\/users\/1"}],"replies":[{"embeddable":true,"href":"https:\/\/www.erweiterte-medizin.de\/pl\/wp-json\/wp\/v2\/comments?post=15483"}],"version-history":[{"count":0,"href":"https:\/\/www.erweiterte-medizin.de\/pl\/wp-json\/wp\/v2\/pages\/15483\/revisions"}],"wp:attachment":[{"href":"https:\/\/www.erweiterte-medizin.de\/pl\/wp-json\/wp\/v2\/media?parent=15483"}],"curies":[{"name":"wp","href":"https:\/\/api.w.org\/{rel}","templated":true}]}}