{"id":15486,"date":"2020-07-06T12:55:17","date_gmt":"2020-07-06T10:55:17","guid":{"rendered":"http:\/\/www.praxis-siebenhuener.com\/ermed\/?page_id=15486"},"modified":"2020-07-30T15:29:35","modified_gmt":"2020-07-30T13:29:35","slug":"testowanie-lekow-cytostatycznych","status":"publish","type":"page","link":"https:\/\/www.erweiterte-medizin.de\/pl\/diagnostyka\/testowanie-lekow-cytostatycznych\/","title":{"rendered":"Testowanie lek\u00f3w cytostatycznych"},"content":{"rendered":"<h1 class=\"uk-article-title uk-h3\">Testowanie lek\u00f3w cytostatycznych<\/h1>\n<h2>Test na chemosensybilno\u015b\u0107 m\u00f3wi nam, kt\u00f3ra terapia jest dla Ciebie najlepsza.<\/h2>\n<div class=\"entry-content\">\n<p><img decoding=\"async\" class=\"alignleft size-medium wp-image-17291\" src=\"https:\/\/www.erweiterte-medizin.de\/wp-content\/uploads\/2018\/08\/Austestung-Zytostatika-Titelbild-300x300.jpg\" alt=\"\" width=\"300\" height=\"300\" srcset=\"https:\/\/www.erweiterte-medizin.de\/wp-content\/uploads\/2018\/08\/Austestung-Zytostatika-Titelbild-300x300.jpg 300w, https:\/\/www.erweiterte-medizin.de\/wp-content\/uploads\/2018\/08\/Austestung-Zytostatika-Titelbild-150x150.jpg 150w, https:\/\/www.erweiterte-medizin.de\/wp-content\/uploads\/2018\/08\/Austestung-Zytostatika-Titelbild-65x65.jpg 65w, https:\/\/www.erweiterte-medizin.de\/wp-content\/uploads\/2018\/08\/Austestung-Zytostatika-Titelbild.jpg 400w\" sizes=\"(max-width: 300px) 100vw, 300px\" \/>Szukasz optymalnego leku do ukierunkowanego, spersonalizowanego leczenia swojej choroby nowotworowej? Test na chemosensybilno\u015b\u0107 poka\u017ce ci, kt\u00f3ry lek dzia\u0142a najlepiej!<\/p>\n<p><strong>T\u0142o:<\/strong><\/p>\n<p>Chemioterapia, kt\u00f3rej wkr\u00f3tce si\u0119 poddasz, wi\u0105\u017ce si\u0119 z du\u017cym stresem psychicznym i fizycznym. Cz\u0119sto chemioterapia nie jest w stanie wyleczy\u0107 raka, a analiza ryzyka i korzy\u015bci takiej stresuj\u0105cej terapii musi by\u0107 starannie przygotowana. W celu zoptymalizowania reakcji na leczenie ogromne znaczenie ma zatem testowanie lek\u00f3w cytostatycznych.<\/p>\n<p><strong>Rozw\u00f3j:<\/strong><\/p>\n<p>Dr Fritz Wosegien po\u015bwi\u0119ci\u0142 wiele lat na badania nad metod\u0105, kt\u00f3ra umo\u017cliwia wiarygodne badanie wra\u017cliwo\u015bci chemicznej kom\u00f3rek nowotworowych z ma\u0142ej pr\u00f3bki tkankowej na r\u00f3\u017cne leki chemioterapeutyczne i substancje naturalne. Metoda ta jest dojrza\u0142a od 2004 roku i jest stosowana z powodzeniem od tego czasu. Poniewa\u017c dr Wosegien zrezygnowa\u0142 z laboratorium z powodu wieku, przyj\u0119li\u015bmy jego metodologi\u0119 w Centrum Medycyny Zaawansowanej. Dzi\u0119ki wynikom uzyskanym w tym badaniu chemosensywno\u015bci, jeste\u015bmy w stanie zaoferowa\u0107 pacjentowi znacznie wi\u0119ksze szanse na sukces dzi\u0119ki ukierunkowanej, indywidualnie testowanej terapii.<\/p>\n<h3>Anti-Chemogram, podsumowanie wielu zalet bada\u0144 chemometrycznych:<\/h3>\n<ul>\n<li>Jeszcze przed rozpocz\u0119ciem chemioterapii ustalimy, kt\u00f3ry \u015brodek chemioterapeutyczny lub substancja naturalna najlepiej zabije kom\u00f3rki nowotworowe w Twoim przypadku.<\/li>\n<li>Badane s\u0105 nie tylko substancje zalecane przez og\u00f3lne wytyczne, ale r\u00f3wnie\u017c te z medycyny komplementarnej, takie jak kwas askorbinowy (witamina C), selen i artemizyna.<\/li>\n<li>Stosowanie badanych substancji w medycynie komplementarnej nie prowadzi do \u017cadnych lub bardzo nielicznych skutk\u00f3w ubocznych.<\/li>\n<li>Dzia\u0142anie poszczeg\u00f3lnych substancji mo\u017ce by\u0107 znacznie wzmocnione, gdy s\u0105 one podawane w po\u0142\u0105czeniu.<\/li>\n<li>Wszystkie te substancje mog\u0105 by\u0107 wykorzystywane do leczenia w tzw. indywidualnych badaniach leczniczych.<\/li>\n<\/ul>\n<h3>Procedura:<\/h3>\n<p>In vitro (w prob\u00f3wce testowej) \u017cywe kom\u00f3rki nowotworowe s\u0105 nara\u017cone na dzia\u0142anie r\u00f3\u017cnych \u015brodk\u00f3w chemioterapeutycznych i biologicznych lek\u00f3w przeciwnowotworowych. Po kilku dniach mo\u017cemy u\u017cy\u0107 \u017cywej liczby kom\u00f3rek, aby okre\u015bli\u0107, kt\u00f3ry lek jest najbardziej skuteczny w hamowaniu i zabijaniu kom\u00f3rek nowotworowych. Badanie lek\u00f3w cytostatycznych pomaga nam i Tobie w podj\u0119ciu decyzji o wyborze w\u0142a\u015bciwego \u015brodka leczniczego. W ten spos\u00f3b mo\u017cna wykluczy\u0107 oporne i nieskuteczne leki przeciwko nowotworowi. Testowanie lek\u00f3w cytostatycznych jest ustalon\u0105 i sprawdzon\u0105 procedur\u0105 dla wielu r\u00f3\u017cnych typ\u00f3w nowotwor\u00f3w.<\/p>\n<p>Na pierwszym planie znajduje si\u0119 optymalizacja nadchodz\u0105cej chemioterapii. Dzi\u0119ki temu unika si\u0119 niepotrzebnych skutk\u00f3w ubocznych chemioterapii, a oporno\u015b\u0107 na nowotwory mo\u017cna przewidzie\u0107 z prawie 100% pewno\u015bci\u0105. Analityczne badania nowotwor\u00f3w dowiod\u0142y swojej warto\u015bci przez wiele lat w nowotworach takich jak rak piersi, rak jajnika, rak jelita grubego, rak p\u0142uc i inne rodzaje nowotwor\u00f3w.<\/p>\n<p>Prosz\u0119 pami\u0119ta\u0107, \u017ce do badania lek\u00f3w cytostatycznych potrzebne s\u0105 \u017cywe kom\u00f3rki nowotworowe. Przed operacj\u0105 nale\u017cy w odpowiednim czasie zdecydowa\u0107, czy chce si\u0119 podda\u0107 tej procedurze. Mo\u017cemy r\u00f3wnie\u017c przeprowadza\u0107 badania z u\u017cyciem tkanki przerzutowej. W sprzyjaj\u0105cych przypadkach mo\u017cliwe jest pobranie tkanek za pomoc\u0105 biopsji cienkoig\u0142owej.<\/p>\n<\/div>\n","protected":false},"excerpt":{"rendered":"<p>Testowanie lek\u00f3w cytostatycznych Test na chemosensybilno\u015b\u0107 m\u00f3wi nam, kt\u00f3ra terapia jest dla Ciebie najlepsza. Szukasz optymalnego leku do ukierunkowanego, spersonalizowanego leczenia swojej choroby nowotworowej? Test na chemosensybilno\u015b\u0107 poka\u017ce ci, kt\u00f3ry lek dzia\u0142a najlepiej! T\u0142o: Chemioterapia, kt\u00f3rej wkr\u00f3tce si\u0119 poddasz, wi\u0105\u017ce si\u0119 z du\u017cym stresem psychicznym i fizycznym. Cz\u0119sto chemioterapia nie jest w stanie wyleczy\u0107 raka,&#8230;<\/p>\n","protected":false},"author":1,"featured_media":0,"parent":15483,"menu_order":1,"comment_status":"closed","ping_status":"closed","template":"","meta":{"content-type":"","footnotes":""},"class_list":["post-15486","page","type-page","status-publish","hentry"],"_links":{"self":[{"href":"https:\/\/www.erweiterte-medizin.de\/pl\/wp-json\/wp\/v2\/pages\/15486"}],"collection":[{"href":"https:\/\/www.erweiterte-medizin.de\/pl\/wp-json\/wp\/v2\/pages"}],"about":[{"href":"https:\/\/www.erweiterte-medizin.de\/pl\/wp-json\/wp\/v2\/types\/page"}],"author":[{"embeddable":true,"href":"https:\/\/www.erweiterte-medizin.de\/pl\/wp-json\/wp\/v2\/users\/1"}],"replies":[{"embeddable":true,"href":"https:\/\/www.erweiterte-medizin.de\/pl\/wp-json\/wp\/v2\/comments?post=15486"}],"version-history":[{"count":0,"href":"https:\/\/www.erweiterte-medizin.de\/pl\/wp-json\/wp\/v2\/pages\/15486\/revisions"}],"up":[{"embeddable":true,"href":"https:\/\/www.erweiterte-medizin.de\/pl\/wp-json\/wp\/v2\/pages\/15483"}],"wp:attachment":[{"href":"https:\/\/www.erweiterte-medizin.de\/pl\/wp-json\/wp\/v2\/media?parent=15486"}],"curies":[{"name":"wp","href":"https:\/\/api.w.org\/{rel}","templated":true}]}}