{"id":15490,"date":"2020-07-06T12:57:10","date_gmt":"2020-07-06T10:57:10","guid":{"rendered":"http:\/\/www.praxis-siebenhuener.com\/ermed\/?page_id=15490"},"modified":"2021-11-09T10:09:05","modified_gmt":"2021-11-09T09:09:05","slug":"mikroskopia-darkfield","status":"publish","type":"page","link":"https:\/\/www.erweiterte-medizin.de\/pl\/diagnostyka\/mikroskopia-darkfield\/","title":{"rendered":"Mikroskopia Darkfield"},"content":{"rendered":"<h1>Mikroskopia Darkfielda<\/h1>\n<h2>Mikroskopia Darkfield oferuje wczesn\u0105 i kompleksow\u0105 diagnostyk\u0119<\/h2>\n<p><img decoding=\"async\" class=\"alignleft size-medium wp-image-17273\" src=\"https:\/\/www.erweiterte-medizin.de\/wp-content\/uploads\/2018\/08\/Dunkelfeld-Mikroskopie-Titelbild-300x300.jpg\" alt=\"Mikroskopia Darkfield oferuje wczesn\u0105 i kompleksow\u0105 diagnostyk\u0119\" width=\"300\" height=\"300\" srcset=\"https:\/\/www.erweiterte-medizin.de\/wp-content\/uploads\/2018\/08\/Dunkelfeld-Mikroskopie-Titelbild-300x300.jpg 300w, https:\/\/www.erweiterte-medizin.de\/wp-content\/uploads\/2018\/08\/Dunkelfeld-Mikroskopie-Titelbild-150x150.jpg 150w, https:\/\/www.erweiterte-medizin.de\/wp-content\/uploads\/2018\/08\/Dunkelfeld-Mikroskopie-Titelbild-65x65.jpg 65w, https:\/\/www.erweiterte-medizin.de\/wp-content\/uploads\/2018\/08\/Dunkelfeld-Mikroskopie-Titelbild.jpg 400w\" sizes=\"(max-width: 300px) 100vw, 300px\" \/>U ludzi, krew przejmuje wiele wa\u017cnych zada\u0144 i zapewnia funkcjonalno\u015b\u0107 r\u00f3\u017cnych tkanek cia\u0142a poprzez r\u00f3\u017cne rodzaje transportu i \u0142\u0105czenia funkcji w organizmie. Opr\u00f3cz bia\u0142ych krwinek, kt\u00f3re przejmuj\u0105 zadanie obrony immunologicznej, czerwone krwinki s\u0105 odpowiedzialne za transport tlenu. Ze wzgl\u0119du na te istotne funkcje, diagnostyka mikroskopem ciemnego pola m\u00f3wi do\u015bwiadczonemu lekarzowi wiele o stanie zdrowia pacjenta i dostarcza informacji ujawniaj\u0105cych we wczesnym stadium diagnozy ewentualnie istniej\u0105cej choroby.<\/p>\n<p>Diagnostyka Darkfielda jest szczeg\u00f3ln\u0105 form\u0105 diagnostyki, w kt\u00f3rej z palca pacjenta pobierana jest ma\u0142a kropla krwi kapilarnej. Nast\u0119pnie krew mo\u017ce by\u0107 ogl\u0105dana pod mikroskopem o ciemnym polu widzenia przy powi\u0119kszeniu do 1200x w d\u0142u\u017cszym okresie czasu. Mikroskop ten posiada specjalny kondensator, kt\u00f3ry sprawia, \u017ce wszystko, co jest obecne we krwi, jest optycznie widoczne &#8211; i to bez o\u015blepiaj\u0105cych cz\u0105steczek, substancji, grzyb\u00f3w, wirus\u00f3w, itp. lub wymagaj\u0105cych barwienia kom\u00f3rek. Mikroskopem Darkfielda zagl\u0105damy w mikrokosmos krwi. W ten spos\u00f3b mo\u017cna zaobserwowa\u0107 inaczej niewidoczne zjawiska, kt\u00f3re pozwalaj\u0105 na wyci\u0105gni\u0119cie wniosk\u00f3w o istniej\u0105cych chorobach, ale tak\u017ce o tendencjach chorobowych, kt\u00f3re pojawi\u0105 si\u0119 dopiero w przysz\u0142o\u015bci.<\/p>\n<p>Mikroskopia Darkfield jest cenn\u0105 pomoc\u0105 w ocenie i monitorowaniu post\u0119pu choroby. S\u0142u\u017cy jako wa\u017cna diagnoza orientacyjna, poniewa\u017c mo\u017cna zaobserwowa\u0107 zmiany w \u015brodowisku, przekwaszenie, zaburzenia krzepni\u0119cia, niedob\u00f3r tlenu, s\u0142abo\u015b\u0107 narz\u0105d\u00f3w, obci\u0105\u017cenie bakteryjne i paso\u017cytnicze itp. Jest to wi\u0119c dzisiaj cenna dodatkowa diagnoza do zwyk\u0142ych bada\u0144 laboratoryjnych: Bo widzi si\u0119 rzeczy, kt\u00f3rych inaczej by si\u0119 nie widzia\u0142o i z kt\u00f3rych mo\u017cna wyci\u0105ga\u0107 terapeutyczne wnioski.<\/p>\n<p>Celem diagnozy jest wykrycie obecno\u015bci mikroorganizm\u00f3w we krwi, ale tak\u017ce okre\u015blenie stanu poszczeg\u00f3lnych narz\u0105d\u00f3w, uk\u0142ad\u00f3w narz\u0105dowych i region\u00f3w cia\u0142a. Przebieg terapii mo\u017cna r\u00f3wnie\u017c dobrze oceni\u0107.<\/p>\n","protected":false},"excerpt":{"rendered":"<p>Mikroskopia Darkfielda Mikroskopia Darkfield oferuje wczesn\u0105 i kompleksow\u0105 diagnostyk\u0119 U ludzi, krew przejmuje wiele wa\u017cnych zada\u0144 i zapewnia funkcjonalno\u015b\u0107 r\u00f3\u017cnych tkanek cia\u0142a poprzez r\u00f3\u017cne rodzaje transportu i \u0142\u0105czenia funkcji w organizmie. Opr\u00f3cz bia\u0142ych krwinek, kt\u00f3re przejmuj\u0105 zadanie obrony immunologicznej, czerwone krwinki s\u0105 odpowiedzialne za transport tlenu. Ze wzgl\u0119du na te istotne funkcje, diagnostyka mikroskopem ciemnego&#8230;<\/p>\n","protected":false},"author":1,"featured_media":0,"parent":15483,"menu_order":2,"comment_status":"closed","ping_status":"closed","template":"","meta":{"content-type":"","footnotes":""},"class_list":["post-15490","page","type-page","status-publish","hentry"],"_links":{"self":[{"href":"https:\/\/www.erweiterte-medizin.de\/pl\/wp-json\/wp\/v2\/pages\/15490"}],"collection":[{"href":"https:\/\/www.erweiterte-medizin.de\/pl\/wp-json\/wp\/v2\/pages"}],"about":[{"href":"https:\/\/www.erweiterte-medizin.de\/pl\/wp-json\/wp\/v2\/types\/page"}],"author":[{"embeddable":true,"href":"https:\/\/www.erweiterte-medizin.de\/pl\/wp-json\/wp\/v2\/users\/1"}],"replies":[{"embeddable":true,"href":"https:\/\/www.erweiterte-medizin.de\/pl\/wp-json\/wp\/v2\/comments?post=15490"}],"version-history":[{"count":0,"href":"https:\/\/www.erweiterte-medizin.de\/pl\/wp-json\/wp\/v2\/pages\/15490\/revisions"}],"up":[{"embeddable":true,"href":"https:\/\/www.erweiterte-medizin.de\/pl\/wp-json\/wp\/v2\/pages\/15483"}],"wp:attachment":[{"href":"https:\/\/www.erweiterte-medizin.de\/pl\/wp-json\/wp\/v2\/media?parent=15490"}],"curies":[{"name":"wp","href":"https:\/\/api.w.org\/{rel}","templated":true}]}}