{"id":15493,"date":"2020-07-06T12:58:48","date_gmt":"2020-07-06T10:58:48","guid":{"rendered":"http:\/\/www.praxis-siebenhuener.com\/ermed\/?page_id=15493"},"modified":"2021-11-09T10:09:44","modified_gmt":"2021-11-09T09:09:44","slug":"analiza-krwi-edim","status":"publish","type":"page","link":"https:\/\/www.erweiterte-medizin.de\/pl\/diagnostyka\/analiza-krwi-edim\/","title":{"rendered":"Analiza krwi EDIM"},"content":{"rendered":"<h1 class=\"uk-article-title uk-h3\">Analiza krwi EDIM<\/h1>\n<h2>EDIM &#8211; Kamie\u0144 milowy w diagnostyce nowotwor\u00f3w<\/h2>\n<p><img decoding=\"async\" class=\"alignleft size-medium wp-image-17304\" src=\"https:\/\/www.erweiterte-medizin.de\/wp-content\/uploads\/2018\/08\/EDIM-Titelbild-300x300.jpg\" alt=\"EDIM - Kamie\u0144 milowy w diagnostyce nowotwor\u00f3w\" width=\"300\" height=\"300\" srcset=\"https:\/\/www.erweiterte-medizin.de\/wp-content\/uploads\/2018\/08\/EDIM-Titelbild-300x300.jpg 300w, https:\/\/www.erweiterte-medizin.de\/wp-content\/uploads\/2018\/08\/EDIM-Titelbild-150x150.jpg 150w, https:\/\/www.erweiterte-medizin.de\/wp-content\/uploads\/2018\/08\/EDIM-Titelbild-65x65.jpg 65w, https:\/\/www.erweiterte-medizin.de\/wp-content\/uploads\/2018\/08\/EDIM-Titelbild.jpg 400w\" sizes=\"(max-width: 300px) 100vw, 300px\" \/>W przypadku raka, szanse na wyzdrowienie zale\u017c\u0105 w du\u017cej mierze od wczesnej diagnozy. Niekt\u00f3re ustalone badania statusu nowotworu wykrywaj\u0105 chorob\u0119 zbyt p\u00f3\u017ano lub niewystarczaj\u0105co wiarygodnie; pacjenci s\u0105 niepewni.<\/p>\n<p>Oznaczanie krwi metod\u0105 EDIM (epitope &#8211; wykrywanie &#8211; in &#8211; monocyty &#8211; oznaczanie krwi) s\u0142u\u017cy do wczesnego wykrywania nowotwor\u00f3w. Ponadto procedura testu EDIM do monitorowania terapii wskazuje na prawdopodobie\u0144stwo wyst\u0105pienia reakcji podczas chemioterapii i\/lub radioterapii, a tak\u017ce do kontroli badania EDIM jest wiarygodn\u0105 analiz\u0105 krwi. Zgodnie z najnowszymi wynikami bada\u0144 naukowych, badanie krwi EDIM jest bardzo czu\u0142e i swoiste z 90% precyzj\u0105 i pozwala na stwierdzenie statusu nowotworu 21 miesi\u0119cy przed wszystkimi innymi konwencjonalnymi procedurami diagnostycznymi. Badanie krwi metod\u0105 EDIM ma wiele zalet: Z jednej strony jest to wiarygodna wczesna diagnoza r\u00f3\u017cnych rodzaj\u00f3w nowotwor\u00f3w i wykrywanie nawrot\u00f3w, a z drugiej strony nie trzeba ju\u017c pobiera\u0107 pr\u00f3bek tkanek. Do badania potrzebna jest tylko niewielka pr\u00f3bka krwi.<\/p>\n<p>Oznaczenie EDIM &#8211; TKTL1 przeprowadza si\u0119 za pomoc\u0105 badania immunohistochemicznego, tzw. technologii EDIM, na kr\u0105\u017c\u0105cych makrofagach obecnych we krwi. TKTL1 jest enzymem, kt\u00f3ry mo\u017ce by\u0107 regulowany w kom\u00f3rkach nowotworowych, gdy guz zmienia si\u0119 w metabolizm zale\u017cny od glukozy. Jednak nie wszystkie kom\u00f3rki nowotworowe wchodz\u0105 w zale\u017cny od glukozy metabolizm, wi\u0119c nie wszystkie kom\u00f3rki nowotworowe wyra\u017caj\u0105 TKTL1. To, czy procesy metaboliczne wymagaj\u0105ce glukozy s\u0105 bardziej agresywne w rozwoju raka, nie zosta\u0142o jeszcze naukowo wyja\u015bnione.<\/p>\n","protected":false},"excerpt":{"rendered":"<p>Analiza krwi EDIM EDIM &#8211; Kamie\u0144 milowy w diagnostyce nowotwor\u00f3w W przypadku raka, szanse na wyzdrowienie zale\u017c\u0105 w du\u017cej mierze od wczesnej diagnozy. Niekt\u00f3re ustalone badania statusu nowotworu wykrywaj\u0105 chorob\u0119 zbyt p\u00f3\u017ano lub niewystarczaj\u0105co wiarygodnie; pacjenci s\u0105 niepewni. Oznaczanie krwi metod\u0105 EDIM (epitope &#8211; wykrywanie &#8211; in &#8211; monocyty &#8211; oznaczanie krwi) s\u0142u\u017cy do wczesnego&#8230;<\/p>\n","protected":false},"author":1,"featured_media":0,"parent":15483,"menu_order":3,"comment_status":"closed","ping_status":"closed","template":"","meta":{"content-type":"","footnotes":""},"class_list":["post-15493","page","type-page","status-publish","hentry"],"_links":{"self":[{"href":"https:\/\/www.erweiterte-medizin.de\/pl\/wp-json\/wp\/v2\/pages\/15493"}],"collection":[{"href":"https:\/\/www.erweiterte-medizin.de\/pl\/wp-json\/wp\/v2\/pages"}],"about":[{"href":"https:\/\/www.erweiterte-medizin.de\/pl\/wp-json\/wp\/v2\/types\/page"}],"author":[{"embeddable":true,"href":"https:\/\/www.erweiterte-medizin.de\/pl\/wp-json\/wp\/v2\/users\/1"}],"replies":[{"embeddable":true,"href":"https:\/\/www.erweiterte-medizin.de\/pl\/wp-json\/wp\/v2\/comments?post=15493"}],"version-history":[{"count":0,"href":"https:\/\/www.erweiterte-medizin.de\/pl\/wp-json\/wp\/v2\/pages\/15493\/revisions"}],"up":[{"embeddable":true,"href":"https:\/\/www.erweiterte-medizin.de\/pl\/wp-json\/wp\/v2\/pages\/15483"}],"wp:attachment":[{"href":"https:\/\/www.erweiterte-medizin.de\/pl\/wp-json\/wp\/v2\/media?parent=15493"}],"curies":[{"name":"wp","href":"https:\/\/api.w.org\/{rel}","templated":true}]}}