{"id":15496,"date":"2020-07-06T13:09:44","date_gmt":"2020-07-06T11:09:44","guid":{"rendered":"http:\/\/www.praxis-siebenhuener.com\/ermed\/?page_id=15496"},"modified":"2021-11-09T10:10:35","modified_gmt":"2021-11-09T09:10:35","slug":"rgcc","status":"publish","type":"page","link":"https:\/\/www.erweiterte-medizin.de\/pl\/diagnostyka\/rgcc\/","title":{"rendered":"RGCC"},"content":{"rendered":"<h1 class=\"uk-article-title uk-h3\">RGCC<\/h1>\n<h2>Test RGCC &#8211; leczenie raka<\/h2>\n<p><img decoding=\"async\" class=\"alignleft size-medium wp-image-17247\" src=\"https:\/\/www.erweiterte-medizin.de\/wp-content\/uploads\/2018\/08\/RGCC-Titelbild-300x300.jpg\" alt=\"Test RGCC - leczenie raka\" width=\"300\" height=\"300\" srcset=\"https:\/\/www.erweiterte-medizin.de\/wp-content\/uploads\/2018\/08\/RGCC-Titelbild-300x300.jpg 300w, https:\/\/www.erweiterte-medizin.de\/wp-content\/uploads\/2018\/08\/RGCC-Titelbild-150x150.jpg 150w, https:\/\/www.erweiterte-medizin.de\/wp-content\/uploads\/2018\/08\/RGCC-Titelbild-65x65.jpg 65w, https:\/\/www.erweiterte-medizin.de\/wp-content\/uploads\/2018\/08\/RGCC-Titelbild.jpg 400w\" sizes=\"(max-width: 300px) 100vw, 300px\" \/>W naszym centrum medycyny zaawansowanej oferujemy Pa\u0144stwu znane badania RGCC. Test analizy krwi RGCC jest dobrze uzasadnionym krokiem w kierunku spersonalizowanej terapii nowotworowej, w kt\u00f3rej badane s\u0105 kr\u0105\u017c\u0105ce kom\u00f3rki nowotworowe i kom\u00f3rki macierzyste nowotwor\u00f3w. Na podstawie uzyskanych wynik\u00f3w analizy jeste\u015bmy w stanie wsp\u00f3lnie z Pa\u0144stwem ustali\u0107 indywidualn\u0105 \u015bcie\u017ck\u0119 leczenia nowotwor\u00f3w w celu poprawy wynik\u00f3w leczenia. Na ca\u0142ym \u015bwiecie RGCC zapewni\u0142 ogromny post\u0119p w zakresie prze\u017cywalno\u015bci nowotwor\u00f3w dzi\u0119ki specjalnej analizie spersonalizowanego leczenia nowotwor\u00f3w.<\/p>\n<p>Badanie RGCC ma na celu okre\u015blenie, jaki rodzaj leczenia nowotworu mo\u017ce pom\u00f3c pacjentowi z chorob\u0105 nowotworow\u0105. Stosuj\u0105c najbardziej zaawansowane i innowacyjne technologie w biologii molekularnej i kom\u00f3rkowej, RGCC jest w stanie przezwyci\u0119\u017cy\u0107 problemy, jakie dotychczas stwarza\u0142y analizy CTC (Circulating Tumor Cells) i CSC (Circulating Stem Cells).<\/p>\n<p>Obszerne dane i informacje uzyskane na tej podstawie s\u0105 szczeg\u00f3lnie cenne dla identyfikacji nowych, istotnych dla choroby cz\u0105steczek docelowych. Mog\u0105 one jednak by\u0107 r\u00f3wnie\u017c wykorzystywane w praktyce klinicznej do nowych i precyzyjnych procedur badawczych, np. do oceny ryzyka lub klasyfikacji pacjent\u00f3w chorych na raka.<\/p>\n<p>Test laboratoryjny RGCC oferuje badanie konwencjonalnych i alternatywnych mo\u017cliwo\u015bci medycznych. Na przyk\u0142ad, w laboratorium RGCC mo\u017cna przetestowa\u0107 nast\u0119puj\u0105ce mo\u017cliwo\u015bci terapii.<\/p>\n<h3>1. Leki chemioterapeutyczne:<\/h3>\n<p>Cisplatyna, Karbonplatyna, Cyklofosfamid, Ifosfamie, Dakarbazyna, Oksaliplatyna, Mitomycyna, Melphalan, Treosulfan, Temozolomid, Prokarbazyna, BCNU, ACNU, CCNU, Bleomycyna, Trofosfamid, Estramustyna, Bendamustyna, Doksorubicyna, Liposomal, Epirubicyna, Daunorbicyna, Daktonomycyna, Ironetekan, Topotecan, Idarubicyna, Paclitaksel, Docetaxel, Vinblastie, Vinorelbin, %FU, Methatrexat, Gemcitabine, Capecitabine, Etoposide, Mitaxantrone, Floxuridine, Uracil-Tegafur, Ralitrexed, Pemetrexed.<\/p>\n<h3>2. Substancje docelowe<\/h3>\n<p>(z tendencj\u0105 wzrostow\u0105) \u0142\u0105cznie z przeciwcia\u0142ami monoklonalnymi i niskocz\u0105steczkowymi inhibitorami:<\/p>\n<p>Cetuximab, rytuksymab, transtuzumab, imatynib, mezylat, koksyb, monteleucast, tamoksyfen, raloksifen, tr\u0105d, anastrozol, bewacizumab, siarczan suraminy, inhibitory mTOR, sorafenib i sunitynib, bortezomib i talidomid (antyangiogenny, indukuj\u0105cy apoptoz\u0119) Badanie szlak\u00f3w sygna\u0142owych dla mutacji w d\u00f3\u0142 rzeki.<\/p>\n<h3>3. Immunomodyfuzory<\/h3>\n<p>IL-2, IFN, kortyzol<\/p>\n<h3>4. Biomodifikuj\u0105cych<\/h3>\n<p>Mechanizm oporowy Inhibitory: disulfiram, werapamil, ketakonazol, 5-azacytydyna. Ustanowiony zostanie profil genetyczny CTC z kolejnymi mo\u017cliwymi istotnymi celami, takimi jak NFk\u03b2, a tak\u017ce stan receptor\u00f3w hormonalnych i bia\u0142ek szoku cieplnego (HSP 27, HSP 90 i HSP 72).<\/p>\n<h3>5. Substancje naturalne \/ suplementy \u017cywno\u015bciowe:<\/h3>\n<p>Du\u017ca dawka witaminy C, Poly MVA, Carnivora, Quercetin, Indol 3 Carbinol, Jemio\u0142a, C Statin, Ukraina, H2O2, Koenzym Q10, Herbata Essiac, zmodyfikowana pektyna cytrusowa, IP6, Enzymy trzustkowe, Salvestrole, Uncaria Tomentosa, Chlorek Cawsium, Carctol, Sok z noni, Annonaceae Acetogenine, Reolysin, B17, Maitake, Curcumin, Lycopene, Green Tea Extract, Artsunate, Melatonin, Ellagic acid, L-Methionine, N-acetyl Cysteine, Niacin, L-Carnitine, Vitamin E, Superoxide Dismutase, Aloe Vera, Selenium, IFNa2, Propolis, CV247, Avemar Powder.<\/p>\n","protected":false},"excerpt":{"rendered":"<p>RGCC Test RGCC &#8211; leczenie raka W naszym centrum medycyny zaawansowanej oferujemy Pa\u0144stwu znane badania RGCC. Test analizy krwi RGCC jest dobrze uzasadnionym krokiem w kierunku spersonalizowanej terapii nowotworowej, w kt\u00f3rej badane s\u0105 kr\u0105\u017c\u0105ce kom\u00f3rki nowotworowe i kom\u00f3rki macierzyste nowotwor\u00f3w. Na podstawie uzyskanych wynik\u00f3w analizy jeste\u015bmy w stanie wsp\u00f3lnie z Pa\u0144stwem ustali\u0107 indywidualn\u0105 \u015bcie\u017ck\u0119 leczenia&#8230;<\/p>\n","protected":false},"author":1,"featured_media":0,"parent":15483,"menu_order":4,"comment_status":"closed","ping_status":"closed","template":"","meta":{"content-type":"","footnotes":""},"class_list":["post-15496","page","type-page","status-publish","hentry"],"_links":{"self":[{"href":"https:\/\/www.erweiterte-medizin.de\/pl\/wp-json\/wp\/v2\/pages\/15496"}],"collection":[{"href":"https:\/\/www.erweiterte-medizin.de\/pl\/wp-json\/wp\/v2\/pages"}],"about":[{"href":"https:\/\/www.erweiterte-medizin.de\/pl\/wp-json\/wp\/v2\/types\/page"}],"author":[{"embeddable":true,"href":"https:\/\/www.erweiterte-medizin.de\/pl\/wp-json\/wp\/v2\/users\/1"}],"replies":[{"embeddable":true,"href":"https:\/\/www.erweiterte-medizin.de\/pl\/wp-json\/wp\/v2\/comments?post=15496"}],"version-history":[{"count":0,"href":"https:\/\/www.erweiterte-medizin.de\/pl\/wp-json\/wp\/v2\/pages\/15496\/revisions"}],"up":[{"embeddable":true,"href":"https:\/\/www.erweiterte-medizin.de\/pl\/wp-json\/wp\/v2\/pages\/15483"}],"wp:attachment":[{"href":"https:\/\/www.erweiterte-medizin.de\/pl\/wp-json\/wp\/v2\/media?parent=15496"}],"curies":[{"name":"wp","href":"https:\/\/api.w.org\/{rel}","templated":true}]}}