{"id":15500,"date":"2020-07-06T13:11:14","date_gmt":"2020-07-06T11:11:14","guid":{"rendered":"http:\/\/www.praxis-siebenhuener.com\/ermed\/?page_id=15500"},"modified":"2020-08-23T13:03:38","modified_gmt":"2020-08-23T11:03:38","slug":"raporty","status":"publish","type":"page","link":"https:\/\/www.erweiterte-medizin.de\/pl\/raporty\/","title":{"rendered":"Raporty"},"content":{"rendered":"<h1>Raporty<\/h1>\n<p><img decoding=\"async\" class=\"alignleft size-medium wp-image-14419\" src=\"https:\/\/www.erweiterte-medizin.de\/wp-content\/uploads\/2018\/08\/Berichte-Titelbild-300x300.jpg\" alt=\"\" width=\"300\" height=\"300\" srcset=\"https:\/\/www.erweiterte-medizin.de\/wp-content\/uploads\/2018\/08\/Berichte-Titelbild-300x300.jpg 300w, https:\/\/www.erweiterte-medizin.de\/wp-content\/uploads\/2018\/08\/Berichte-Titelbild-150x150.jpg 150w, https:\/\/www.erweiterte-medizin.de\/wp-content\/uploads\/2018\/08\/Berichte-Titelbild-65x65.jpg 65w, https:\/\/www.erweiterte-medizin.de\/wp-content\/uploads\/2018\/08\/Berichte-Titelbild.jpg 400w\" sizes=\"(max-width: 300px) 100vw, 300px\" \/>W Centrum Medycyny Zaawansowanej od ponad 40 lat zajmujemy si\u0119 leczeniem nowotwor\u00f3w, chor\u00f3b przewlek\u0142ych i rzadkich oraz boreliozy. Wielu pacjent\u00f3w dokumentuje swoj\u0105 terapi\u0119 u nas lub ma zapisany przez nas jej post\u0119p. Kr\u00f3tki wyb\u00f3r tych studi\u00f3w przypadku znajduje si\u0119 w tej sekcji.<\/p>\n<p>Prosz\u0119 zrozumie\u0107, \u017ce ze wzgl\u0119d\u00f3w prawnych i ochrony danych osobowych nie jeste\u015bmy oczywi\u015bcie w stanie poda\u0107 nazwisk i adres\u00f3w tych pacjent\u00f3w, poniewa\u017c opr\u00f3cz sytuacji prawnej, nieograniczona ochrona prywatno\u015bci naszych pacjent\u00f3w i ich rodzin jest naszym najwy\u017cszym priorytetem.<\/p>\n<p>Je\u015bli maj\u0105 Pa\u0144stwo jakiekolwiek pytania dotycz\u0105ce opublikowanych tutaj studi\u00f3w przypadku, prosimy o bezpo\u015bredni kontakt.<\/p>\n<p><div id=\"cmsmasters_button_fa7nupu8pe\" class=\"button_wrap\"><a href=\"https:\/\/www.erweiterte-medizin.de\/pl\/raporty\/przypadek-1\/\" class=\"cmsmasters_button cmsmasters_but_clear_styles cmsmasters_but_bg_hover\"><span>Przypadek 1<\/span><\/a><\/div>\n\u00a0\u00a0\u00a0<div id=\"cmsmasters_button_6jwnvdvfap\" class=\"button_wrap\"><a href=\"https:\/\/www.erweiterte-medizin.de\/pl\/raporty\/przypadek-2\/\" class=\"cmsmasters_button cmsmasters_but_clear_styles cmsmasters_but_bg_hover\"><span>Przypadek 2<\/span><\/a><\/div>\n\u00a0\u00a0\u00a0<div id=\"cmsmasters_button_m6d0ilu9t9\" class=\"button_wrap\"><a href=\"https:\/\/www.erweiterte-medizin.de\/pl\/raporty\/przypadek-3\/\" class=\"cmsmasters_button cmsmasters_but_clear_styles cmsmasters_but_bg_hover\"><span>Przypadek 3<\/span><\/a><\/div>\n\u00a0\u00a0\u00a0<div id=\"cmsmasters_button_wztppnivlp\" class=\"button_wrap\"><a href=\"https:\/\/www.erweiterte-medizin.de\/pl\/raporty\/przypadek-4\/\" class=\"cmsmasters_button cmsmasters_but_clear_styles cmsmasters_but_bg_hover\"><span>Przypadek 4<\/span><\/a><\/div>\n<\/p>\n","protected":false},"excerpt":{"rendered":"<p>Raporty W Centrum Medycyny Zaawansowanej od ponad 40 lat zajmujemy si\u0119 leczeniem nowotwor\u00f3w, chor\u00f3b przewlek\u0142ych i rzadkich oraz boreliozy. Wielu pacjent\u00f3w dokumentuje swoj\u0105 terapi\u0119 u nas lub ma zapisany przez nas jej post\u0119p. Kr\u00f3tki wyb\u00f3r tych studi\u00f3w przypadku znajduje si\u0119 w tej sekcji. Prosz\u0119 zrozumie\u0107, \u017ce ze wzgl\u0119d\u00f3w prawnych i ochrony danych osobowych nie jeste\u015bmy&#8230;<\/p>\n","protected":false},"author":1,"featured_media":0,"parent":0,"menu_order":6,"comment_status":"closed","ping_status":"closed","template":"","meta":{"content-type":"","footnotes":""},"class_list":["post-15500","page","type-page","status-publish","hentry"],"_links":{"self":[{"href":"https:\/\/www.erweiterte-medizin.de\/pl\/wp-json\/wp\/v2\/pages\/15500"}],"collection":[{"href":"https:\/\/www.erweiterte-medizin.de\/pl\/wp-json\/wp\/v2\/pages"}],"about":[{"href":"https:\/\/www.erweiterte-medizin.de\/pl\/wp-json\/wp\/v2\/types\/page"}],"author":[{"embeddable":true,"href":"https:\/\/www.erweiterte-medizin.de\/pl\/wp-json\/wp\/v2\/users\/1"}],"replies":[{"embeddable":true,"href":"https:\/\/www.erweiterte-medizin.de\/pl\/wp-json\/wp\/v2\/comments?post=15500"}],"version-history":[{"count":0,"href":"https:\/\/www.erweiterte-medizin.de\/pl\/wp-json\/wp\/v2\/pages\/15500\/revisions"}],"wp:attachment":[{"href":"https:\/\/www.erweiterte-medizin.de\/pl\/wp-json\/wp\/v2\/media?parent=15500"}],"curies":[{"name":"wp","href":"https:\/\/api.w.org\/{rel}","templated":true}]}}