{"id":15503,"date":"2020-07-06T13:13:22","date_gmt":"2020-07-06T11:13:22","guid":{"rendered":"http:\/\/www.praxis-siebenhuener.com\/ermed\/?page_id=15503"},"modified":"2020-07-15T17:36:17","modified_gmt":"2020-07-15T15:36:17","slug":"przypadek-1","status":"publish","type":"page","link":"https:\/\/www.erweiterte-medizin.de\/pl\/raporty\/przypadek-1\/","title":{"rendered":"Przypadek 1"},"content":{"rendered":"<h1>Przypadek 1<\/h1>\n<h2>Diagnoza: Mb. Hodgkin (rak gruczo\u0142u limfatycznego)<\/h2>\n<h3>G\u0142\u00f3wne leczenie: IPT<\/h3>\n<p><strong>Pacjentka: kobieta, 37 lat<\/strong><\/p>\n<p>W maju pacjentka przedstawia si\u0119 po raz pierwszy swojemu lekarzowi rodzinnemu, aby usun\u0105\u0107 obrz\u0119k nad prawym obojczykiem. Czuje si\u0119 absolutnie zdrowa, regularnie \u0107wiczy, stosuje zr\u00f3wnowa\u017con\u0105 diet\u0119 i nie pami\u0119ta \u017cadnych powa\u017cnych chor\u00f3b ani infekcji w ostatnich latach.<\/p>\n<p>Diagnoza, \u0142\u0105cznie z usuni\u0119ciem tkanki, zlecona przez lekarza rodzinnego, prowadzi w ko\u0144cu do wiarygodnego rozpoznania: raka gruczo\u0142u ch\u0142onnego (Mb. Hodgkin Stad. II) z zara\u017ceniem kilku stanowisk w\u0119z\u0142\u00f3w ch\u0142onnych w szyi, klatce piersiowej i brzuchu oraz zaj\u0119ciem w\u0105troby i \u015bledziony. Najbardziej imponuj\u0105cy jest guz w klatce piersiowej o wielko\u015bci 13*10*7cm.<\/p>\n<p>Po dok\u0142adnej i szczeg\u00f3\u0142owej konsultacji z kilkoma lekarzami, pacjentka decyduje si\u0119 na skrajn\u0105 drog\u0119: mimo obiecuj\u0105cych perspektyw powodzenia klasycznej konwencjonalnej chemioterapii dla tego typu nowotwor\u00f3w, odrzuca takie leczenie. Nawet perspektywa z\u0142agodzenia ewentualnych skutk\u00f3w ubocznych z towarzysz\u0105cym wsparciem naturopatycznym nie mo\u017ce przekona\u0107 jej do poddania si\u0119 normalnej chemioterapii.<\/p>\n<p>Pacjent ca\u0142kowicie polega na leczeniu IPT, czyli &#8222;insulinozale\u017cnej chemioterapii niskich dawek&#8221;, w kt\u00f3rej stosowane s\u0105 tylko u\u0142amki zwyk\u0142ych dawek lek\u00f3w cytostatycznych.<\/p>\n<p>Zabieg rozpoczyna si\u0119 w listopadzie tego samego roku i trwa w kilku sesjach do kwietnia nast\u0119pnego roku. IPT jest zintegrowany w ca\u0142o\u015bciowym kontek\u015bcie leczenia z terapiami wzmacniaj\u0105cymi odporno\u015b\u0107, detoksykacj\u0105, fazami narastania i regulacj\u0105. Do czerwca nast\u0105pi kilka zabieg\u00f3w IPT z wykorzystaniem biologicznych lek\u00f3w onkologicznych (bez cytostatyk\u00f3w).<\/p>\n<p>Badania kontrolne w po\u0142owie czerwca wykaza\u0142y skrajn\u0105 popraw\u0119 wynik\u00f3w: guz w klatce piersiowej i wszystkie grudki w brzuchu ca\u0142kowicie znikn\u0119\u0142y, w\u0105troba i \u015bledziona pozostaj\u0105 nienaruszone.<\/p>\n<p><strong>Okres monitorowania: 3 lata<\/strong><\/p>\n","protected":false},"excerpt":{"rendered":"<p>Przypadek 1 Diagnoza: Mb. Hodgkin (rak gruczo\u0142u limfatycznego) G\u0142\u00f3wne leczenie: IPT Pacjentka: kobieta, 37 lat W maju pacjentka przedstawia si\u0119 po raz pierwszy swojemu lekarzowi rodzinnemu, aby usun\u0105\u0107 obrz\u0119k nad prawym obojczykiem. Czuje si\u0119 absolutnie zdrowa, regularnie \u0107wiczy, stosuje zr\u00f3wnowa\u017con\u0105 diet\u0119 i nie pami\u0119ta \u017cadnych powa\u017cnych chor\u00f3b ani infekcji w ostatnich latach. Diagnoza, \u0142\u0105cznie z&#8230;<\/p>\n","protected":false},"author":1,"featured_media":0,"parent":15500,"menu_order":2,"comment_status":"closed","ping_status":"closed","template":"","meta":{"content-type":"","footnotes":""},"class_list":["post-15503","page","type-page","status-publish","hentry"],"_links":{"self":[{"href":"https:\/\/www.erweiterte-medizin.de\/pl\/wp-json\/wp\/v2\/pages\/15503"}],"collection":[{"href":"https:\/\/www.erweiterte-medizin.de\/pl\/wp-json\/wp\/v2\/pages"}],"about":[{"href":"https:\/\/www.erweiterte-medizin.de\/pl\/wp-json\/wp\/v2\/types\/page"}],"author":[{"embeddable":true,"href":"https:\/\/www.erweiterte-medizin.de\/pl\/wp-json\/wp\/v2\/users\/1"}],"replies":[{"embeddable":true,"href":"https:\/\/www.erweiterte-medizin.de\/pl\/wp-json\/wp\/v2\/comments?post=15503"}],"version-history":[{"count":0,"href":"https:\/\/www.erweiterte-medizin.de\/pl\/wp-json\/wp\/v2\/pages\/15503\/revisions"}],"up":[{"embeddable":true,"href":"https:\/\/www.erweiterte-medizin.de\/pl\/wp-json\/wp\/v2\/pages\/15500"}],"wp:attachment":[{"href":"https:\/\/www.erweiterte-medizin.de\/pl\/wp-json\/wp\/v2\/media?parent=15503"}],"curies":[{"name":"wp","href":"https:\/\/api.w.org\/{rel}","templated":true}]}}