{"id":15506,"date":"2020-07-06T13:14:38","date_gmt":"2020-07-06T11:14:38","guid":{"rendered":"http:\/\/www.praxis-siebenhuener.com\/ermed\/?page_id=15506"},"modified":"2020-07-15T17:36:37","modified_gmt":"2020-07-15T15:36:37","slug":"przypadek-2","status":"publish","type":"page","link":"https:\/\/www.erweiterte-medizin.de\/pl\/raporty\/przypadek-2\/","title":{"rendered":"Przypadek 2"},"content":{"rendered":"<h1>Przypadek 2<\/h1>\n<h2>Rak piersi z przerzutami<\/h2>\n<p><strong>Pacjentka, 30 lat<\/strong><\/p>\n<p>Uderzy\u0142 on m\u0142od\u0105 holendersk\u0105 pacjentk\u0119 jak cios, gdy w lutym 2007 roku zdiagnozowano u niej raka piersi. Natychmiast podda\u0142a si\u0119 terapii, kt\u00f3r\u0105 zalecono jej: operacji piersi, a nast\u0119pnie chemioterapii.<\/p>\n<p>Wyniki bada\u0144 przeprowadzonych przed i po operacji by\u0142y druzgoc\u0105ce: Chocia\u017c sam guz m\u00f3g\u0142 by\u0107 usuni\u0119ty w zdrowej tkance, wszystkie 17 usuni\u0119tych w\u0119z\u0142\u00f3w ch\u0142onnych by\u0142o ju\u017c dotkni\u0119tych przez kom\u00f3rki nowotworowe. Podobno rak bardzo szybko rozprzestrzeni\u0142 si\u0119 w organizmie. Leczenie uzupe\u0142niaj\u0105ce z chemioterapi\u0105, a od czerwca 2007 roku r\u00f3wnie\u017c z u\u017cyciem Herceptyny przebiega\u0142o zgodnie z planem.<\/p>\n<p>Podczas bada\u0144 kontrolnych pod koniec ortodoksyjnego leczenia w czerwcu 2008 roku po raz pierwszy wykryto przerzuty kostne w kr\u0119gos\u0142upie. Lecz\u0105cy onkolodzy w Holandii mogli teraz zaleci\u0107 pacjentowi jedynie paliatywne promieniowanie ognisk kostnych. Niestety, nie by\u0142o ju\u017c \u017cadnych perspektyw na uzdrowienie czy stagnacj\u0119.<\/p>\n<p>\u00d3wczesny 30-latek nie by\u0142 z tego zadowolony. Wraz z ca\u0142\u0105 rodzin\u0105 i krewnymi zacz\u0119li szuka\u0107 dalszych metod leczenia. W ko\u0144cu znalaz\u0142a drog\u0119 do Centrum Medycyny Zaawansowanej. Tutaj chory zosta\u0142 szczeg\u00f3\u0142owo poinformowany o r\u00f3\u017cnych mo\u017cliwo\u015bciach integracyjnej terapii nowotworowej. Wsp\u00f3lnie z lekarzami zdecydowa\u0142a si\u0119 na terapi\u0119 skojarzon\u0105 z hipertermi\u0105 i terapi\u0105 wzmo\u017con\u0105 insulin\u0105 (IPT).<\/p>\n<p>Leczenie by\u0142o bardzo dobrze tolerowane, a do wyra\u017anej poprawy nastroju dzi\u0119ki mo\u017cliwo\u015bci dalszej walki z chorob\u0105 szybko do\u0142\u0105czy\u0142a znacznie lepsza kondycja fizyczna.<\/p>\n<p>W kwietniu 2009 roku w Niemczech przeprowadzono kontrolne badanie PET, kt\u00f3re da\u0142o wynik r\u00f3wnie zdumiewaj\u0105cy, co pozytywny: wszystkie wcze\u015bniej opisane ogniska w kr\u0119gach nie by\u0142y ju\u017c wykrywalne, a co wi\u0119cej, nie by\u0142o ju\u017c dowod\u00f3w na aktywno\u015b\u0107 guza w ca\u0142ym organizmie.<\/p>\n","protected":false},"excerpt":{"rendered":"<p>Przypadek 2 Rak piersi z przerzutami Pacjentka, 30 lat Uderzy\u0142 on m\u0142od\u0105 holendersk\u0105 pacjentk\u0119 jak cios, gdy w lutym 2007 roku zdiagnozowano u niej raka piersi. Natychmiast podda\u0142a si\u0119 terapii, kt\u00f3r\u0105 zalecono jej: operacji piersi, a nast\u0119pnie chemioterapii. Wyniki bada\u0144 przeprowadzonych przed i po operacji by\u0142y druzgoc\u0105ce: Chocia\u017c sam guz m\u00f3g\u0142 by\u0107 usuni\u0119ty w zdrowej&#8230;<\/p>\n","protected":false},"author":1,"featured_media":0,"parent":15500,"menu_order":3,"comment_status":"closed","ping_status":"closed","template":"","meta":{"content-type":"","footnotes":""},"class_list":["post-15506","page","type-page","status-publish","hentry"],"_links":{"self":[{"href":"https:\/\/www.erweiterte-medizin.de\/pl\/wp-json\/wp\/v2\/pages\/15506"}],"collection":[{"href":"https:\/\/www.erweiterte-medizin.de\/pl\/wp-json\/wp\/v2\/pages"}],"about":[{"href":"https:\/\/www.erweiterte-medizin.de\/pl\/wp-json\/wp\/v2\/types\/page"}],"author":[{"embeddable":true,"href":"https:\/\/www.erweiterte-medizin.de\/pl\/wp-json\/wp\/v2\/users\/1"}],"replies":[{"embeddable":true,"href":"https:\/\/www.erweiterte-medizin.de\/pl\/wp-json\/wp\/v2\/comments?post=15506"}],"version-history":[{"count":0,"href":"https:\/\/www.erweiterte-medizin.de\/pl\/wp-json\/wp\/v2\/pages\/15506\/revisions"}],"up":[{"embeddable":true,"href":"https:\/\/www.erweiterte-medizin.de\/pl\/wp-json\/wp\/v2\/pages\/15500"}],"wp:attachment":[{"href":"https:\/\/www.erweiterte-medizin.de\/pl\/wp-json\/wp\/v2\/media?parent=15506"}],"curies":[{"name":"wp","href":"https:\/\/api.w.org\/{rel}","templated":true}]}}