{"id":15509,"date":"2020-07-06T13:15:52","date_gmt":"2020-07-06T11:15:52","guid":{"rendered":"http:\/\/www.praxis-siebenhuener.com\/ermed\/?page_id=15509"},"modified":"2020-07-15T17:37:31","modified_gmt":"2020-07-15T15:37:31","slug":"przypadek-3","status":"publish","type":"page","link":"https:\/\/www.erweiterte-medizin.de\/pl\/raporty\/przypadek-3\/","title":{"rendered":"Przypadek 3"},"content":{"rendered":"<h1 class=\"uk-article-title uk-h3\">Przypadek 3<\/h1>\n<h2>Rak piersi z przerzutami<\/h2>\n<p><strong>Pacjentka, 49 lat<\/strong><\/p>\n<p>Jestem kobiet\u0105 z 49 lat. Jestem \u017conaty i mam tr\u00f3jk\u0119 dzieci w wieku od 8 do 19 lat. Z zawodu jestem nauczycielem dramatu.<\/p>\n<p>Od maja 2014 roku mam raka piersi i wkr\u00f3tce potem stwierdzono przerzuty w ko\u015bciach. Po powa\u017cnej chemioterapii zastosowano terapi\u0119 antyhormonaln\u0105. Na pocz\u0105tku 2015 roku guz w piersi zosta\u0142 usuni\u0119ty.<\/p>\n<p>W sierpniu 2015 roku us\u0142ysza\u0142em o praktyce w zakresie medycyny zaawansowanej. W tym czasie mia\u0142em og\u00f3lne z\u0142e samopoczucie. By\u0142em bardzo zm\u0119czony i bola\u0142y mnie ko\u015bci. R\u00f3wnie\u017c moje przerzuty sta\u0142y si\u0119 czym\u015b wi\u0119cej. Moje p\u0142uca, w\u0105troba i w\u0119z\u0142y ch\u0142onne r\u00f3wnie\u017c zosta\u0142y dotkni\u0119te. Mia\u0142am te\u017c silny b\u00f3l w lewym kolanie, do tego stopnia, \u017ce nie by\u0142o ono wytrzyma\u0142e. Jak r\u00f3wnie\u017c b\u00f3l w lewym ramieniu. Ca\u0142e rami\u0119 ledwo si\u0119 rusza\u0142o. Poza usuni\u0119ciem guza w mojej piersi, nie mia\u0142am dotychczas \u017cadnej poprawy sytuacji. Terapeutycznie zosta\u0142em dostosowany do antyhormonalnego Exemestana.<\/p>\n<p>Podda\u0142em si\u0119 teraz leczeniu w Centrum Medycyny Zaawansowanej we Frankfurcie nad Menem. Przez trzy miesi\u0105ce otrzymywa\u0142am r\u00f3\u017cne wlewy trzy dni w tygodniu, a tak\u017ce miejscow\u0105 hipertermi\u0119 raz lub dwa razy w tygodniu. Napary mia\u0142y dzia\u0142anie systemowe. Miejscowa hipertermia koncentrowa\u0142a si\u0119 na plecach, czyli kr\u0119gos\u0142upie. By\u0142o kilka przerzut\u00f3w, kilka kostnych.<\/p>\n<p>Na pocz\u0105tku grudnia ponownie wykonano kolejn\u0105 tomografi\u0119 komputerow\u0105. Wykaza\u0142 on, \u017ce przerzuty w kr\u0119gos\u0142upie by\u0142y cz\u0119\u015bciowo skostnia\u0142e. Przerzuty w p\u0142ucach znikn\u0119\u0142y, a te w w\u0105trobie by\u0142y stabilne lub lekko powi\u0119kszone. Ponadto stwierdzono nowe ogniska w lewym kolanie i barku oraz w g\u0142owie. Chocia\u017c te mog\u0142y by\u0107 tam wcze\u015bniej.<\/p>\n<p>Og\u00f3lnie rzecz bior\u0105c, radzi\u0142em sobie bardzo dobrze przez te prawie trzy miesi\u0105ce. By\u0142em w stanie utrzyma\u0107 moje \u017cycie rodzinne. By\u0142em o wiele bardziej \u017cywotny, a moje ko\u015bci mniej bola\u0142y. Przypisuj\u0119 skostnienie w kr\u0119gos\u0142upie do lokalnej hipertermii. Zmniejszenie p\u0142uc i w\u0105troby jest r\u00f3wnie\u017c spowodowane leczeniem w Centrum Medycyny Zaawansowanej.<\/p>\n<p>Ponadto jestem tam teraz raz w tygodniu na infuzj\u0119 i miejscow\u0105 hipertermi\u0119. Chcia\u0142bym by\u0107 tam traktowany o wiele bardziej.<\/p>\n","protected":false},"excerpt":{"rendered":"<p>Przypadek 3 Rak piersi z przerzutami Pacjentka, 49 lat Jestem kobiet\u0105 z 49 lat. Jestem \u017conaty i mam tr\u00f3jk\u0119 dzieci w wieku od 8 do 19 lat. Z zawodu jestem nauczycielem dramatu. Od maja 2014 roku mam raka piersi i wkr\u00f3tce potem stwierdzono przerzuty w ko\u015bciach. Po powa\u017cnej chemioterapii zastosowano terapi\u0119 antyhormonaln\u0105. Na pocz\u0105tku 2015&#8230;<\/p>\n","protected":false},"author":1,"featured_media":0,"parent":15500,"menu_order":4,"comment_status":"closed","ping_status":"closed","template":"","meta":{"content-type":"","footnotes":""},"class_list":["post-15509","page","type-page","status-publish","hentry"],"_links":{"self":[{"href":"https:\/\/www.erweiterte-medizin.de\/pl\/wp-json\/wp\/v2\/pages\/15509"}],"collection":[{"href":"https:\/\/www.erweiterte-medizin.de\/pl\/wp-json\/wp\/v2\/pages"}],"about":[{"href":"https:\/\/www.erweiterte-medizin.de\/pl\/wp-json\/wp\/v2\/types\/page"}],"author":[{"embeddable":true,"href":"https:\/\/www.erweiterte-medizin.de\/pl\/wp-json\/wp\/v2\/users\/1"}],"replies":[{"embeddable":true,"href":"https:\/\/www.erweiterte-medizin.de\/pl\/wp-json\/wp\/v2\/comments?post=15509"}],"version-history":[{"count":0,"href":"https:\/\/www.erweiterte-medizin.de\/pl\/wp-json\/wp\/v2\/pages\/15509\/revisions"}],"up":[{"embeddable":true,"href":"https:\/\/www.erweiterte-medizin.de\/pl\/wp-json\/wp\/v2\/pages\/15500"}],"wp:attachment":[{"href":"https:\/\/www.erweiterte-medizin.de\/pl\/wp-json\/wp\/v2\/media?parent=15509"}],"curies":[{"name":"wp","href":"https:\/\/api.w.org\/{rel}","templated":true}]}}