{"id":15512,"date":"2020-07-06T13:19:02","date_gmt":"2020-07-06T11:19:02","guid":{"rendered":"http:\/\/www.praxis-siebenhuener.com\/ermed\/?page_id=15512"},"modified":"2020-07-15T17:37:51","modified_gmt":"2020-07-15T15:37:51","slug":"przypadek-4","status":"publish","type":"page","link":"https:\/\/www.erweiterte-medizin.de\/pl\/raporty\/przypadek-4\/","title":{"rendered":"Przypadek 4"},"content":{"rendered":"<h1 class=\"uk-article-title uk-h3\">Przypadek 4<\/h1>\n<h2>Sprawozdanie z ustale\u0144 i leczenia<\/h2>\n<p><strong>Pacjent m\u0119\u017cczyzna, 46 lat<\/strong><\/p>\n<h3>Diagnoza:<\/h3>\n<ul>\n<li>Stwardnienie rozsiane mnogie [Encephalomyelitis disseminata], nawracaj\u0105ce post\u0119puj\u0105co.<\/li>\n<li>Polineuropatia, nieokre\u015blona<\/li>\n<li>Zaburzenia w metabolizmie zapalnym z genetycznym stanem zapalnym na poziomie 3<\/li>\n<li>Niedob\u00f3r odporno\u015bci z przewa\u017caj\u0105cym niedoborem przeciwcia\u0142, nieokre\u015blony<\/li>\n<li>Borelioza z Lyme stadium III, Neuroborelioza z Lyme stadium III<\/li>\n<li>Przekr\u00f3j poprzeczny silnika z czujnikiem (TH4)<\/li>\n<li>Znaczne parapareza<\/li>\n<\/ul>\n<h3>Terapia:<\/h3>\n<p>Afereza, hipertermia ca\u0142ego cia\u0142a, kurkuma do\u017cylnie<\/p>\n<h3>U\u017cywane urz\u0105dzenie i koncepcja leczenia:<\/h3>\n<p>Umiarkowana hipertermia ca\u0142ego cia\u0142a z heckel-HT 3000 \/ urz\u0105dzenie do hipertermii ca\u0142ego cia\u0142a &#8211; Producent: Hydrosun Medizintechnik GmbH). Czas trwania zabiegu ok. 3-4 godzin, w zale\u017cno\u015bci od indywidualnego przebiegu leczenia, z uwzgl\u0119dnieniem cz\u0119sto\u015bci akcji serca, nasycenia tlenem i stanu zdrowia.<\/p>\n<p><strong>Zasada metodyczna:<\/strong><\/p>\n<ul>\n<li>Wprowadzanie ciep\u0142a przez przyjazne dla sk\u00f3ry i g\u0142\u0119boko dzia\u0142aj\u0105ce promieniowanie podczerwone (wIRA), filtrowane wod\u0105, bezpo\u015brednio do tkanek z kr\u0105\u017ceniem krwi.<\/li>\n<li>Szybki, dobrze tolerowany wzrost temperatury rdzenia cia\u0142a. Dobra zgodno\u015b\u0107 nawet w przypadku stosowania przez kilka godzin.<\/li>\n<li>Wysoki komfort le\u017cenia na regulowanym \u0142\u00f3\u017cku pacjenta.<\/li>\n<li>Natychmiastowa zmiana na akumulacj\u0119 ciep\u0142a (ewentualnie trwaj\u0105ca kilka godzin), w kt\u00f3rej pozycja pacjenta mo\u017ce by\u0107 stale zmieniana mi\u0119dzy le\u017ceniem a siedzeniem.<\/li>\n<li>Mobilne urz\u0105dzenie oczyszczaj\u0105ce bez wody i zasilania.<\/li>\n<li>Ci\u0105g\u0142y pomiar i monitorowanie temperatury rdzenia, cz\u0119sto\u015bci akcji serca, nasycenia tlenem, ci\u015bnienia krwi, EKG, cz\u0119sto\u015bci oddechu<\/li>\n<\/ul>\n<h3>Uzasadnienie:<\/h3>\n<p>Pacjent cierpi na powa\u017cne zaburzenia ruchowe i b\u00f3l. Widoczne jest (poza wy\u017cej wymienionymi diagnozami) sta\u0142e, okresowe pogorszenie stanu zapalnego. Objawiaj\u0105 si\u0119 one zwi\u0119kszonym b\u00f3lem, dolegliwo\u015bciami stawowymi i silnym pogorszeniem i tak ju\u017c bardzo ograniczonej mobilno\u015bci. Testy laboratoryjne (test hamowania TNF-alfa w IMD-Berlin) oraz reakcja kliniczna wykaza\u0142y, \u017ce kurkuma ma silne w\u0142a\u015bciwo\u015bci przeciwzapalne u pacjent\u00f3w. Dlatego te\u017c infuzja mo\u017ce bezpo\u015brednio i skutecznie przeciwdzia\u0142a\u0107 pogorszeniu jako\u015bci i zwi\u0105zanym z tym ograniczeniom. Dlatego zosta\u0142 on zastosowany w po\u0142\u0105czeniu z hipertermi\u0105.<\/p>\n<p>Po zapoznaniu si\u0119 z istniej\u0105cymi ustaleniami i badaniu fizykalnym pacjenta, mo\u017cna zauwa\u017cy\u0107, \u017ce wyst\u0119puj\u0105 r\u00f3\u017cne przewlek\u0142e infekcje, s\u0142aby uk\u0142ad odporno\u015bciowy i stale stosunkowo niska temperatura cia\u0142a (temperatura rdzenia 35,7 &#8211; 36,3\u00b0C) z niezdolno\u015bci\u0105 do pocenia si\u0119. Widoczne s\u0105 r\u00f3wnie\u017c silne zaburzenia kr\u0105\u017cenia w stale zimnych ko\u0144czynach.<\/p>\n<p>W naszym o\u015brodku wykonujemy plazmaferez\u0119 w celu leczenia zaburze\u0144 immunologicznych, co jest bardzo skuteczne. Celem jest zmniejszenie cz\u0119stotliwo\u015bci wymaganej plazmaferezy &#8211; przy jednoczesnym ustabilizowaniu stanu zdrowia &#8211; w spos\u00f3b trwa\u0142y i zr\u00f3wnowa\u017cony. Leczenie hipertermii mo\u017ce si\u0119 do tego przyczyni\u0107.<\/p>\n<p>Hipertermia jest klinicznie skuteczna w przewlek\u0142ych chorobach zapalnych, przewlek\u0142ych zmianach w stawach (np. artroza), zaburzeniach kr\u0105\u017cenia i sprawdzi\u0142a si\u0119 w przewlek\u0142ych infekcjach i os\u0142abieniu uk\u0142adu odporno\u015bciowego. Nie ma \u017cadnych przeciwwskaza\u0144 dla pacjenta.<\/p>\n","protected":false},"excerpt":{"rendered":"<p>Przypadek 4 Sprawozdanie z ustale\u0144 i leczenia Pacjent m\u0119\u017cczyzna, 46 lat Diagnoza: Stwardnienie rozsiane mnogie [Encephalomyelitis disseminata], nawracaj\u0105ce post\u0119puj\u0105co. Polineuropatia, nieokre\u015blona Zaburzenia w metabolizmie zapalnym z genetycznym stanem zapalnym na poziomie 3 Niedob\u00f3r odporno\u015bci z przewa\u017caj\u0105cym niedoborem przeciwcia\u0142, nieokre\u015blony Borelioza z Lyme stadium III, Neuroborelioza z Lyme stadium III Przekr\u00f3j poprzeczny silnika z czujnikiem (TH4)&#8230;<\/p>\n","protected":false},"author":1,"featured_media":0,"parent":15500,"menu_order":5,"comment_status":"closed","ping_status":"closed","template":"","meta":{"content-type":"","footnotes":""},"class_list":["post-15512","page","type-page","status-publish","hentry"],"_links":{"self":[{"href":"https:\/\/www.erweiterte-medizin.de\/pl\/wp-json\/wp\/v2\/pages\/15512"}],"collection":[{"href":"https:\/\/www.erweiterte-medizin.de\/pl\/wp-json\/wp\/v2\/pages"}],"about":[{"href":"https:\/\/www.erweiterte-medizin.de\/pl\/wp-json\/wp\/v2\/types\/page"}],"author":[{"embeddable":true,"href":"https:\/\/www.erweiterte-medizin.de\/pl\/wp-json\/wp\/v2\/users\/1"}],"replies":[{"embeddable":true,"href":"https:\/\/www.erweiterte-medizin.de\/pl\/wp-json\/wp\/v2\/comments?post=15512"}],"version-history":[{"count":0,"href":"https:\/\/www.erweiterte-medizin.de\/pl\/wp-json\/wp\/v2\/pages\/15512\/revisions"}],"up":[{"embeddable":true,"href":"https:\/\/www.erweiterte-medizin.de\/pl\/wp-json\/wp\/v2\/pages\/15500"}],"wp:attachment":[{"href":"https:\/\/www.erweiterte-medizin.de\/pl\/wp-json\/wp\/v2\/media?parent=15512"}],"curies":[{"name":"wp","href":"https:\/\/api.w.org\/{rel}","templated":true}]}}