{"id":15515,"date":"2020-07-06T13:26:32","date_gmt":"2020-07-06T11:26:32","guid":{"rendered":"http:\/\/www.praxis-siebenhuener.com\/ermed\/?page_id=15515"},"modified":"2020-08-23T13:09:43","modified_gmt":"2020-08-23T11:09:43","slug":"wskazania","status":"publish","type":"page","link":"https:\/\/www.erweiterte-medizin.de\/pl\/wskazania\/","title":{"rendered":"Wskazania"},"content":{"rendered":"<div id=\"cmsmasters_row_\" class=\"cmsmasters_row cmsmasters_color_scheme_default cmsmasters_row_top_default cmsmasters_row_bot_default cmsmasters_row_boxed\">\n<div class=\"cmsmasters_row_outer_parent\">\n<div class=\"cmsmasters_row_outer\">\n<div class=\"cmsmasters_row_inner\">\n<div class=\"cmsmasters_row_margin\">\n<div id=\"cmsmasters_column_\" class=\"cmsmasters_column one_first\">\n<div class=\"cmsmasters_column_inner\"><div class=\"cmsmasters_text\">\n<h1>Wskazania<\/h1>\n<p>W centrum medycyny zaawansowanej leczymy nast\u0119puj\u0105ce dolegliwo\u015bci i choroby:<\/p>\n<\/div>\n<\/div><\/div>\n<\/div>\n<\/div>\n<\/div>\n<\/div>\n<\/div>\n<div id=\"cmsmasters_row_trsk97nfzf\" class=\"cmsmasters_row cmsmasters_color_scheme_default cmsmasters_row_top_default cmsmasters_row_bot_default cmsmasters_row_boxed\">\n<div class=\"cmsmasters_row_outer_parent\">\n<div class=\"cmsmasters_row_outer\">\n<div class=\"cmsmasters_row_inner\">\n<div class=\"cmsmasters_row_margin\">\n<div id=\"cmsmasters_column_w6zk7tpssg\" class=\"cmsmasters_column one_first\">\n<div class=\"cmsmasters_column_inner\"><div class=\"cmsmasters_text\">\n<h2>Rak:<\/h2>\n<\/div>\n<\/div><\/div>\n<\/div>\n<\/div>\n<div class=\"cmsmasters_row_inner\">\n<div class=\"cmsmasters_row_margin\">\n<div id=\"cmsmasters_column_c9dq9ij7r\" class=\"cmsmasters_column one_third\">\n<div class=\"cmsmasters_column_inner\"><div class=\"cmsmasters_text\">\n<ul>\n<li>Astrocytoma<\/li>\n<li>Basalioma<\/li>\n<li>Rak trzustki (rak trzustki)<\/li>\n<li>Rak p\u0119cherza moczowego<\/li>\n<li>Rak oskrzeli<\/li>\n<li>Rak piersi<\/li>\n<li>Rak pu\u0142kownika (Colon Cancer)<\/li>\n<li>Rak jajnika (rak jajnika)<\/li>\n<li>Rak endometrium<\/li>\n<li>Rak szyjki macicy<\/li>\n<li>Rak macicy<\/li>\n<li>Glioblastoma<\/li>\n<li>Rak p\u0119cherza moczowego<\/li>\n<li>Rak sk\u00f3ry<\/li>\n<li>Przerzuty do m\u00f3zgu<\/li>\n<li>Rak j\u0105der<\/li>\n<\/ul>\n<\/div>\n<\/div><\/div>\n<div id=\"cmsmasters_column_1bb521uo7s\" class=\"cmsmasters_column one_third\">\n<div class=\"cmsmasters_column_inner\"><div class=\"cmsmasters_text\">\n<ul>\n<li>Rak szcz\u0119ki<\/li>\n<li>Ma\u0142okom\u00f3rkowy rak p\u0142uc<\/li>\n<li>Rak ko\u015bci<\/li>\n<li>Rak szpiku kostnego<\/li>\n<li>Rakotw\u00f3r cia\u0142ka<\/li>\n<li>Rak w\u0105troby (rak w\u0105trobowokom\u00f3rkowy)<\/li>\n<li>Leukaemia<\/li>\n<li>Rak p\u0142uc<\/li>\n<li>Rak w\u0119z\u0142a ch\u0142onnego<\/li>\n<li>Przerzuty do w\u0119z\u0142\u00f3w ch\u0142onnych<\/li>\n<li>Lymphoma<\/li>\n<li>Rak \u017co\u0142\u0105dka<\/li>\n<li>Rak piersi<\/li>\n<li>Czerniak<\/li>\n<li>Choroba Hodgkina<\/li>\n<\/ul>\n<\/div>\n<\/div><\/div>\n<div id=\"cmsmasters_column_f71xzdzfda\" class=\"cmsmasters_column one_third\">\n<div class=\"cmsmasters_column_inner\"><div class=\"cmsmasters_text\">\n<ul>\n<li>Niedrobnokom\u00f3rkowy rak p\u0142uc<\/li>\n<li>Rak nerek<\/li>\n<li>Ch\u0142oniak nieziarniczy (Non-Hodgkin&#8217;s lymphoma)<\/li>\n<li>Plasmocytoma<\/li>\n<li>Rak gruczo\u0142u krokowego<\/li>\n<li>Rak gard\u0142a<\/li>\n<li>Rak jelita grubego<\/li>\n<li>Sarcomas<\/li>\n<li>Czerniak z\u0142o\u015bliwy<\/li>\n<li>Rak gruczo\u0142u \u015bliniankowego<\/li>\n<li>Rak prze\u0142yku<\/li>\n<li>Rak wrzecionowatokom\u00f3rkowy<\/li>\n<li>Obecne guzy<\/li>\n<li>Rak Vulvara<\/li>\n<li>Rak szyjki macicy<\/li>\n<\/ul>\n<\/div>\n<\/div><\/div>\n<\/div>\n<\/div>\n<\/div>\n<\/div>\n<\/div>\n<div id=\"cmsmasters_row_5qq4bczvwc\" class=\"cmsmasters_row cmsmasters_color_scheme_default cmsmasters_row_top_default cmsmasters_row_bot_default cmsmasters_row_boxed\">\n<div class=\"cmsmasters_row_outer_parent\">\n<div class=\"cmsmasters_row_outer\">\n<div class=\"cmsmasters_row_inner\">\n<div class=\"cmsmasters_row_margin\">\n<div id=\"cmsmasters_column_uhj6029amh\" class=\"cmsmasters_column one_first\">\n<div class=\"cmsmasters_column_inner\"><div class=\"cmsmasters_text\">\n<h2>Choroby przewlek\u0142e:<\/h2>\n<\/div>\n<\/div><\/div>\n<\/div>\n<\/div>\n<div class=\"cmsmasters_row_inner\">\n<div class=\"cmsmasters_row_margin\">\n<div id=\"cmsmasters_column_ap27ltlnqq\" class=\"cmsmasters_column one_third\">\n<div class=\"cmsmasters_column_inner\"><div class=\"cmsmasters_text\">\n<ul>\n<li>Alergie, nietolerancje<\/li>\n<li>AIDS<\/li>\n<li>ALS (stwardnienie amyotroficzne boczne)<\/li>\n<li>Choroby wieku starczego<\/li>\n<li>Choroby mia\u017cd\u017cycowe naczy\u0144 krwiono\u015bnych<\/li>\n<li>Artroza, artretyzm<\/li>\n<li>Astma<\/li>\n<li>Zesp\u00f3\u0142 deficytu uwagi (ADS)<\/li>\n<li>Choroby autoimmunologiczne<\/li>\n<li>Wysokie ci\u015bnienie krwi<\/li>\n<li>Choroba z Lyme<\/li>\n<li>Syndrom wypalenia<\/li>\n<li>Wrzodziej\u0105ce zapalenie jelita grubego<\/li>\n<li>Egzema chroniczna<\/li>\n<li>Przewlek\u0142e zapalenie<\/li>\n<li>Przewlek\u0142e zapalenie zatok przynosowych<\/li>\n<li>Demencja<\/li>\n<li>Depresje<\/li>\n<li>Cukrzyca<\/li>\n<li>Kardiomiopatia rozstrzeniowa<\/li>\n<\/ul>\n<\/div>\n<\/div><\/div>\n<div id=\"cmsmasters_column_cxmwea5ckj\" class=\"cmsmasters_column one_third\">\n<div class=\"cmsmasters_column_inner\"><div class=\"cmsmasters_text\">\n<ul>\n<li>Zaburzenia kr\u0105\u017cenia narz\u0105d\u00f3w i ko\u0144czyn<\/li>\n<li>Zaburzenia lipometaboliczne<\/li>\n<li>Fibromyalgia<\/li>\n<li>Jaskra\/Zielona Gwiazda<\/li>\n<li>Shingles<\/li>\n<li>Syndrom Guillaina-Barr\u00e9go<\/li>\n<li>Hashimoto (choroba tarczycy)<\/li>\n<li>Zapalenie w\u0105troby typu A, B, C<\/li>\n<li>Herpes Zoster<\/li>\n<li>Choroby sercowo-naczyniowe<\/li>\n<li>Heterozygotyczna rodzinna hipercholesterolemia (genetycznie podwy\u017cszony poziom lipid\u00f3w we krwi)<\/li>\n<li>Choroby kr\u0119gos\u0142upa szyjnego<\/li>\n<li>Zaburzenia hormonalne<\/li>\n<li>Marsko\u015b\u0107 w\u0105troby<\/li>\n<li>Degeneracja plamki \u017c\u00f3\u0142tej<\/li>\n<li>Migrena<\/li>\n<li>Choroba Alzheimera<\/li>\n<li>Choroba Le\u015bniowskiego-Crohna<\/li>\n<\/ul>\n<\/div>\n<\/div><\/div>\n<div id=\"cmsmasters_column_fjoztekttm\" class=\"cmsmasters_column one_third\">\n<div class=\"cmsmasters_column_inner\"><div class=\"cmsmasters_text\">\n<ul>\n<li>Choroba Parkinsona<\/li>\n<li>Cystic fibrosis<\/li>\n<li>Skleroza mnoga<\/li>\n<li>Miastenia gravis<\/li>\n<li>Kontynuacja leczenia udaru m\u00f3zgu lub zawa\u0142u serca<\/li>\n<li>Neurodermatitis<\/li>\n<li>Neuropatia<\/li>\n<li>Polineuropatia<\/li>\n<li>Zaburzenia potencji i p\u0142odno\u015bci<\/li>\n<li>Problemy z prostat\u0105<\/li>\n<li>\u0141uszczyca<\/li>\n<li>Choroby reumatyczne<\/li>\n<li>Rosacea (gonty)<\/li>\n<li>Sarkoidoza<\/li>\n<li>Choroby b\u00f3lowe &#8211; kr\u0119gos\u0142up, uk\u0142ad ruchowy<\/li>\n<li>Zanieczyszczenie metalami ci\u0119\u017ckimi \/ odrzucenie metali ci\u0119\u017ckich<\/li>\n<li>Nagromadzenie wody w nogach<\/li>\n<li>Tinnitus<\/li>\n<\/ul>\n<\/div>\n<\/div><\/div>\n<\/div>\n<\/div>\n<\/div>\n<\/div>\n<\/div>\n\n","protected":false},"excerpt":{"rendered":"","protected":false},"author":1,"featured_media":0,"parent":0,"menu_order":20,"comment_status":"closed","ping_status":"closed","template":"","meta":{"content-type":"","footnotes":""},"class_list":["post-15515","page","type-page","status-publish","hentry"],"_links":{"self":[{"href":"https:\/\/www.erweiterte-medizin.de\/pl\/wp-json\/wp\/v2\/pages\/15515"}],"collection":[{"href":"https:\/\/www.erweiterte-medizin.de\/pl\/wp-json\/wp\/v2\/pages"}],"about":[{"href":"https:\/\/www.erweiterte-medizin.de\/pl\/wp-json\/wp\/v2\/types\/page"}],"author":[{"embeddable":true,"href":"https:\/\/www.erweiterte-medizin.de\/pl\/wp-json\/wp\/v2\/users\/1"}],"replies":[{"embeddable":true,"href":"https:\/\/www.erweiterte-medizin.de\/pl\/wp-json\/wp\/v2\/comments?post=15515"}],"version-history":[{"count":0,"href":"https:\/\/www.erweiterte-medizin.de\/pl\/wp-json\/wp\/v2\/pages\/15515\/revisions"}],"wp:attachment":[{"href":"https:\/\/www.erweiterte-medizin.de\/pl\/wp-json\/wp\/v2\/media?parent=15515"}],"curies":[{"name":"wp","href":"https:\/\/api.w.org\/{rel}","templated":true}]}}