{"id":15663,"date":"2020-07-07T15:09:25","date_gmt":"2020-07-07T13:09:25","guid":{"rendered":"http:\/\/www.praxis-siebenhuener.com\/ermed\/?page_id=15663"},"modified":"2020-07-30T16:29:49","modified_gmt":"2020-07-30T14:29:49","slug":"kontakt","status":"publish","type":"page","link":"https:\/\/www.erweiterte-medizin.de\/pl\/kontakt\/","title":{"rendered":"Kontakt"},"content":{"rendered":"<h1>Kontakt<\/h1>\n\n<div class=\"wpcf7 no-js\" id=\"wpcf7-f15662-o1\" lang=\"de-DE\" dir=\"ltr\" data-wpcf7-id=\"15662\">\n<div class=\"screen-reader-response\"><p role=\"status\" aria-live=\"polite\" aria-atomic=\"true\"><\/p> <ul><\/ul><\/div>\n<form action=\"\/pl\/wp-json\/wp\/v2\/pages\/15663#wpcf7-f15662-o1\" method=\"post\" class=\"wpcf7-form init\" aria-label=\"Kontaktformular\" novalidate=\"novalidate\" data-status=\"init\">\n<div style=\"display: none;\">\n<input type=\"hidden\" name=\"_wpcf7\" value=\"15662\" \/>\n<input type=\"hidden\" name=\"_wpcf7_version\" value=\"6.0.6\" \/>\n<input type=\"hidden\" name=\"_wpcf7_locale\" value=\"de_DE\" \/>\n<input type=\"hidden\" name=\"_wpcf7_unit_tag\" value=\"wpcf7-f15662-o1\" \/>\n<input type=\"hidden\" name=\"_wpcf7_container_post\" value=\"0\" \/>\n<input type=\"hidden\" name=\"_wpcf7_posted_data_hash\" value=\"\" \/>\n<input type=\"hidden\" name=\"_wpcf7_recaptcha_response\" value=\"\" \/>\n<\/div>\n<p>Jeste\u015bmy do Pa\u0144stwa dyspozycji w przypadku wszelkich pyta\u0144. Nasi pracownicy szybko i kompetentnie odpowiedz\u0105 na Pa\u0144stwa pro\u015bb\u0119. Ch\u0119tnie oddzwonimy do Pa\u0144stwa r\u00f3wnie\u017c telefonicznie, aby udzieli\u0107 Pa\u0144stwu indywidualnej porady.\n<\/p>\n<p><label> Twoje imi\u0119 i nazwisko (*)<br \/>\n<span class=\"wpcf7-form-control-wrap\" data-name=\"your-name\"><input size=\"40\" maxlength=\"400\" class=\"wpcf7-form-control wpcf7-text wpcf7-validates-as-required\" aria-required=\"true\" aria-invalid=\"false\" value=\"\" type=\"text\" name=\"your-name\" \/><\/span> <\/label>\n<\/p>\n<p><label> Tw\u00f3j numer telefonu (*)<br \/>\n<span class=\"wpcf7-form-control-wrap\" data-name=\"tel-989\"><input size=\"40\" maxlength=\"400\" class=\"wpcf7-form-control wpcf7-tel wpcf7-validates-as-required wpcf7-text wpcf7-validates-as-tel\" aria-required=\"true\" aria-invalid=\"false\" value=\"\" type=\"tel\" name=\"tel-989\" \/><\/span> <\/label>\n<\/p>\n<p><label> Tw\u00f3j adres e-mail (*)<br \/>\n<span class=\"wpcf7-form-control-wrap\" data-name=\"your-email\"><input size=\"40\" maxlength=\"400\" class=\"wpcf7-form-control wpcf7-email wpcf7-validates-as-required wpcf7-text wpcf7-validates-as-email\" aria-required=\"true\" aria-invalid=\"false\" value=\"\" type=\"email\" name=\"your-email\" \/><\/span> <\/label>\n<\/p>\n<p><label> Tw\u00f3j temat (*)<br \/>\n<span class=\"wpcf7-form-control-wrap\" data-name=\"your-subject\"><input size=\"40\" maxlength=\"400\" class=\"wpcf7-form-control wpcf7-text wpcf7-validates-as-required\" aria-required=\"true\" aria-invalid=\"false\" value=\"\" type=\"text\" name=\"your-subject\" \/><\/span> <\/label>\n<\/p>\n<p><label> Twoja wiadomo\u015b\u0107 (*)<br \/>\n<span class=\"wpcf7-form-control-wrap\" data-name=\"your-message\"><textarea cols=\"40\" rows=\"10\" maxlength=\"2000\" class=\"wpcf7-form-control wpcf7-textarea wpcf7-validates-as-required\" aria-required=\"true\" aria-invalid=\"false\" name=\"your-message\"><\/textarea><\/span> <\/label>\n<\/p>\n<p><span id=\"wpcf7-69de5b09e2448-wrapper\" class=\"wpcf7-form-control-wrap website-675-wrap\" ><input type=\"hidden\" name=\"website-675-time-start\" value=\"1776179977\"><input type=\"hidden\" name=\"website-675-time-check\" value=\"8\"><label for=\"wpcf7-69de5b09e2448-field\" class=\"hp-message\">Bitte lasse dieses Feld leer.<\/label><input id=\"wpcf7-69de5b09e2448-field\"  class=\"wpcf7-form-control wpcf7-text\" type=\"text\" name=\"website-675\" value=\"\" size=\"40\" tabindex=\"-1\" autocomplete=\"new-password\" \/><\/span>\n<\/p>\n<p><span class=\"wpcf7-form-control-wrap\" data-name=\"acceptance-436\"><span class=\"wpcf7-form-control wpcf7-acceptance\"><span class=\"wpcf7-list-item\"><label><input type=\"checkbox\" name=\"acceptance-436\" value=\"1\" aria-invalid=\"false\" \/><span class=\"wpcf7-list-item-label\">(*) Tak, wyra\u017cam zgod\u0119 na przetwarzanie moich danych osobowych - zgodnie z rozporz\u0105dzeniem o ochronie danych osobowych (DSGVO) - w celu przetwarzania i odpowiedzi na niniejsze zapytanie. (Twoje dane b\u0119d\u0105 traktowane jako \u015bci\u015ble poufne).<\/span><\/label><\/span><\/span><\/span>\n<\/p>\n<p>* Prosz\u0119 wype\u0142ni\u0107 wymagane pola\n<\/p>\n<p><input class=\"wpcf7-form-control wpcf7-submit has-spinner\" type=\"submit\" value=\"Wy\u015blij zapytanie\" \/>\n<\/p><div class=\"wpcf7-response-output\" aria-hidden=\"true\"><\/div>\n<\/form>\n<\/div>\n\n","protected":false},"excerpt":{"rendered":"<p>Kontakt<\/p>\n","protected":false},"author":1,"featured_media":0,"parent":0,"menu_order":13,"comment_status":"closed","ping_status":"closed","template":"","meta":{"content-type":"","footnotes":""},"class_list":["post-15663","page","type-page","status-publish","hentry"],"_links":{"self":[{"href":"https:\/\/www.erweiterte-medizin.de\/pl\/wp-json\/wp\/v2\/pages\/15663"}],"collection":[{"href":"https:\/\/www.erweiterte-medizin.de\/pl\/wp-json\/wp\/v2\/pages"}],"about":[{"href":"https:\/\/www.erweiterte-medizin.de\/pl\/wp-json\/wp\/v2\/types\/page"}],"author":[{"embeddable":true,"href":"https:\/\/www.erweiterte-medizin.de\/pl\/wp-json\/wp\/v2\/users\/1"}],"replies":[{"embeddable":true,"href":"https:\/\/www.erweiterte-medizin.de\/pl\/wp-json\/wp\/v2\/comments?post=15663"}],"version-history":[{"count":0,"href":"https:\/\/www.erweiterte-medizin.de\/pl\/wp-json\/wp\/v2\/pages\/15663\/revisions"}],"wp:attachment":[{"href":"https:\/\/www.erweiterte-medizin.de\/pl\/wp-json\/wp\/v2\/media?parent=15663"}],"curies":[{"name":"wp","href":"https:\/\/api.w.org\/{rel}","templated":true}]}}