{"id":15900,"date":"2020-07-15T14:40:10","date_gmt":"2020-07-15T12:40:10","guid":{"rendered":"http:\/\/www.praxis-siebenhuener.com\/ermed\/?page_id=15900"},"modified":"2020-08-23T13:16:32","modified_gmt":"2020-08-23T11:16:32","slug":"znak-firmowy-wydawcy","status":"publish","type":"page","link":"https:\/\/www.erweiterte-medizin.de\/pl\/znak-firmowy-wydawcy\/","title":{"rendered":"Znak firmowy wydawcy"},"content":{"rendered":"<h1 class=\"uk-article-title uk-h3\">Znak firmowy wydawcy<\/h1>\n<p><strong>Zgodnie z \u00a7 5 TMG:<\/strong><\/p>\n<p>Dr. med. Gerhard Siebenh\u00fcner<br \/>\nZentrum der Erweiterten Medizin<br \/>\nVilbeler Landstrasse 45 B<br \/>\n60388 Frankfurt am Main<\/p>\n<p><strong>Kontakt:<\/strong><\/p>\n<p>Telefon: +49 (0) 69 63 20 00<br \/>\nTelefax: +49 (0) 69 63 70 77<br \/>\nE-Mail: <a href=\"mailto:info@erweiterte-medizin.de\">info@erweiterte-medizin.de<\/a><\/p>\n<p><strong>W\u0142a\u015bciwe stowarzyszenie medyczne:<\/strong><\/p>\n<p>Landes\u00e4rztekammer Hessen: <a href=\"https:\/\/www.laekh.de\/\" target=\"_blank\" rel=\"noopener noreferrer\">www.laekh.de<\/a><\/p>\n<p><strong>Stanowisko:<\/strong><\/p>\n<p>Lekarz (przyznany w Niemczech)<\/p>\n<p><strong>Obrazy i grafiki:<\/strong><\/p>\n<p>shutterstock.de, pixabay.com, stock.adobe.com\/de\/ (Adobe Stock), Zentrum der Erweiterten Medizin<\/p>\n<p><strong>Wy\u0142\u0105czenie odpowiedzialno\u015bci (wy\u0142\u0105czenie odpowiedzialno\u015bci)<\/strong><\/p>\n<p><strong>Odpowiedzialno\u015b\u0107 za tre\u015b\u0107<\/strong><\/p>\n<p>Jako us\u0142ugodawca odpowiadamy za w\u0142asne tre\u015bci na tych stronach zgodnie z og\u00f3lnymi przepisami zgodnie z \u00a7 7 ust. 1 niemieckiej ustawy o mediach elektronicznych. Zgodnie z sekcjami od 8 do 10 TMG, jako us\u0142ugodawca, nie jeste\u015bmy zobowi\u0105zani do monitorowania przekazywanych lub przechowywanych informacji stron trzecich ani do badania okoliczno\u015bci wskazuj\u0105cych na nielegaln\u0105 dzia\u0142alno\u015b\u0107. Zobowi\u0105zania do usuni\u0119cia lub zablokowania korzystania z informacji zgodnie z og\u00f3lnym prawem pozostaj\u0105 nienaruszone. Odpowiedzialno\u015b\u0107 w tym zakresie jest mo\u017cliwa dopiero od momentu, w kt\u00f3rym dowiemy si\u0119 o konkretnym naruszeniu prawa. Gdy tylko dowiemy si\u0119 o takich naruszeniach prawa, natychmiast usuniemy te tre\u015bci.<\/p>\n<p><strong>Odpowiedzialno\u015b\u0107 za linki<\/strong><\/p>\n<p>Nasza oferta zawiera linki do zewn\u0119trznych stron internetowych os\u00f3b trzecich, na kt\u00f3rych tre\u015b\u0107 nie mamy wp\u0142ywu. Dlatego nie mo\u017cemy ponosi\u0107 \u017cadnej odpowiedzialno\u015bci za te tre\u015bci zewn\u0119trzne. Za tre\u015b\u0107 stron, do kt\u00f3rych prowadz\u0105 linki, odpowiedzialny jest zawsze dostawca lub operator stron. Po\u0142\u0105czone strony zosta\u0142y sprawdzone pod k\u0105tem mo\u017cliwych narusze\u0144 prawa w momencie, gdy zosta\u0142y po\u0142\u0105czone. W momencie tworzenia linku nie znaleziono \u017cadnych nielegalnych tre\u015bci. Sta\u0142e monitorowanie tre\u015bci powi\u0105zanych stron nie jest uzasadnione bez konkretnych dowod\u00f3w naruszenia prawa. Je\u015bli dowiemy si\u0119 o naruszeniach prawa, natychmiast usuniemy takie linki.<\/p>\n<p><strong>Prawa autorskie<\/strong><\/p>\n<p>Tre\u015bci i dzie\u0142a na tych stronach stworzone przez operatora strony podlegaj\u0105 niemieckiemu prawu autorskiemu. Powielanie, przetwarzanie, rozpowszechnianie i wszelkiego rodzaju wykorzystywanie poza granicami prawa autorskiego wymaga pisemnej zgody odpowiedniego autora lub tw\u00f3rcy. Pliki do pobrania i kopie tej witryny s\u0105 dozwolone wy\u0142\u0105cznie do prywatnego, niekomercyjnego u\u017cytku. O ile tre\u015bci na tej stronie nie zosta\u0142y stworzone przez operatora, przestrzegane s\u0105 prawa autorskie os\u00f3b trzecich. W szczeg\u00f3lno\u015bci tre\u015bci os\u00f3b trzecich s\u0105 jako takie oznaczone. Je\u015bli mimo wszystko dowiesz si\u0119 o naruszeniu praw autorskich, prosimy o poinformowanie nas o tym. Gdy tylko dowiemy si\u0119 o naruszeniach prawa, natychmiast usuniemy takie tre\u015bci.<\/p>\n","protected":false},"excerpt":{"rendered":"<p>Znak firmowy wydawcy Zgodnie z \u00a7 5 TMG: Dr. med. Gerhard Siebenh\u00fcner Zentrum der Erweiterten Medizin Vilbeler Landstrasse 45 B 60388 Frankfurt am Main Kontakt: Telefon: +49 (0) 69 63 20 00 Telefax: +49 (0) 69 63 70 77 E-Mail: info@erweiterte-medizin.de W\u0142a\u015bciwe stowarzyszenie medyczne: Landes\u00e4rztekammer Hessen: www.laekh.de Stanowisko: Lekarz (przyznany w Niemczech) Obrazy i grafiki:&#8230;<\/p>\n","protected":false},"author":1,"featured_media":0,"parent":0,"menu_order":9,"comment_status":"closed","ping_status":"closed","template":"","meta":{"content-type":"","footnotes":""},"class_list":["post-15900","page","type-page","status-publish","hentry"],"_links":{"self":[{"href":"https:\/\/www.erweiterte-medizin.de\/pl\/wp-json\/wp\/v2\/pages\/15900"}],"collection":[{"href":"https:\/\/www.erweiterte-medizin.de\/pl\/wp-json\/wp\/v2\/pages"}],"about":[{"href":"https:\/\/www.erweiterte-medizin.de\/pl\/wp-json\/wp\/v2\/types\/page"}],"author":[{"embeddable":true,"href":"https:\/\/www.erweiterte-medizin.de\/pl\/wp-json\/wp\/v2\/users\/1"}],"replies":[{"embeddable":true,"href":"https:\/\/www.erweiterte-medizin.de\/pl\/wp-json\/wp\/v2\/comments?post=15900"}],"version-history":[{"count":0,"href":"https:\/\/www.erweiterte-medizin.de\/pl\/wp-json\/wp\/v2\/pages\/15900\/revisions"}],"wp:attachment":[{"href":"https:\/\/www.erweiterte-medizin.de\/pl\/wp-json\/wp\/v2\/media?parent=15900"}],"curies":[{"name":"wp","href":"https:\/\/api.w.org\/{rel}","templated":true}]}}