{"id":15903,"date":"2020-07-15T14:51:27","date_gmt":"2020-07-15T12:51:27","guid":{"rendered":"http:\/\/www.praxis-siebenhuener.com\/ermed\/?page_id=15903"},"modified":"2020-08-23T20:42:57","modified_gmt":"2020-08-23T18:42:57","slug":"polityka-prywatnosci","status":"publish","type":"page","link":"https:\/\/www.erweiterte-medizin.de\/pl\/polityka-prywatnosci\/","title":{"rendered":"Polityka Prywatno\u015bci"},"content":{"rendered":"<h1>Polityka Prywatno\u015bci<\/h1>\n<p>Operatorzy tych stron bardzo powa\u017cnie traktuj\u0105 ochron\u0119 Pa\u0144stwa danych osobowych. Pa\u0144stwa dane osobowe traktowane s\u0105 przez nas poufnie i zgodnie z ustawowymi przepisami o ochronie danych osobowych oraz niniejszym o\u015bwiadczeniem o ochronie danych.<\/p>\n<p>Podczas korzystania z tej strony internetowej gromadzone s\u0105 r\u00f3\u017cne dane osobowe. Dane osobowe to dane, z kt\u00f3rymi mo\u017cna si\u0119 osobi\u015bcie zidentyfikowa\u0107. Niniejsza polityka prywatno\u015bci wyja\u015bnia, jakie dane zbieramy i do czego je wykorzystujemy. Wyja\u015bnia r\u00f3wnie\u017c, jak i w jakim celu jest to robione.<\/p>\n<p>Chcieliby\u015bmy zwr\u00f3ci\u0107 uwag\u0119, \u017ce transmisja danych w Internecie (np. komunikacja za pomoc\u0105 poczty elektronicznej) mo\u017ce mie\u0107 luki w zabezpieczeniach. Pe\u0142na ochrona danych przed dost\u0119pem os\u00f3b trzecich nie jest mo\u017cliwa.<\/p>\n<h3>Cofni\u0119cie Pa\u0144stwa zgody na przetwarzanie danych<\/h3>\n<p>Wiele operacji przetwarzania danych jest mo\u017cliwych tylko za Pa\u0144stwa wyra\u017an\u0105 zgod\u0105. W ka\u017cdej chwili mo\u017cna cofn\u0105\u0107 ka\u017cd\u0105 udzielon\u0105 ju\u017c zgod\u0119. W tym celu wystarczy nieformalne powiadomienie nas poczt\u0105 elektroniczn\u0105. Cofni\u0119cie nie ma wp\u0142ywu na legalno\u015b\u0107 przetwarzania danych prowadzonego do momentu cofni\u0119cia.<\/p>\n<h3>Prawo do odwo\u0142ania si\u0119 do w\u0142a\u015bciwego organu nadzorczego<\/h3>\n<p>W przypadku naruszenia prawa o ochronie danych osoba zainteresowana ma prawo do odwo\u0142ania si\u0119 do w\u0142a\u015bciwego organu nadzorczego. W\u0142a\u015bciwym organem nadzorczym w sprawach dotycz\u0105cych prawa ochrony danych osobowych jest pa\u0144stwowy komisarz ds. ochrony danych osobowych kraju zwi\u0105zkowego, w kt\u00f3rym nasza firma ma swoj\u0105 siedzib\u0119. Lista inspektor\u00f3w ochrony danych i ich dane kontaktowe znajduj\u0105 si\u0119 pod nast\u0119puj\u0105cym linkiem: <a href=\"https:\/\/www.bfdi.bund.de\/DE\/Infothek\/Anschriften_Links\/anschriften_links-node.html\" target=\"_blank\" rel=\"noopener noreferrer\">https:\/\/www.bfdi.bund.de\/DE\/Infothek\/Anschriften_Links\/anschriften_links-node.html<\/a>.<\/p>\n<h3>Prawo do przenoszenia danych<\/h3>\n<p>Maj\u0105 Pa\u0144stwo prawo do tego, aby dane, kt\u00f3re przetwarzamy automatycznie na podstawie Pa\u0144stwa zgody lub w ramach realizacji umowy, zosta\u0142y przekazane Pa\u0144stwu lub osobie trzeciej we wsp\u00f3lnym, maszynowym formacie. Je\u017celi za\u017c\u0105daj\u0105 Pa\u0144stwo bezpo\u015bredniego przekazania danych innej odpowiedzialnej stronie, b\u0119dzie to mia\u0142o miejsce tylko w takim zakresie, w jakim jest to technicznie mo\u017cliwe.<\/p>\n<h3>Szyfrowanie SSL<\/h3>\n<p>Ta strona korzysta z szyfrowania SSL ze wzgl\u0119d\u00f3w bezpiecze\u0144stwa oraz w celu ochrony transmisji poufnych tre\u015bci, takich jak wnioski wysy\u0142ane do nas jako operatora strony. Po\u0142\u0105czenie szyfrowane mo\u017cna rozpozna\u0107 po tym, \u017ce linia adresowa przegl\u0105darki zmienia si\u0119 z &#8222;http:\/\/&#8221; na &#8222;https:\/\/&#8221; oraz po symbolu blokady w linii przegl\u0105darki. W przypadku aktywacji szyfrowania SSL dane, kt\u00f3re nam Pa\u0144stwo wysy\u0142aj\u0105, nie mog\u0105 by\u0107 odczytywane przez osoby trzecie.<\/p>\n<h3>Informacje, blokowanie, usuwanie<\/h3>\n<p>W ramach obowi\u0105zuj\u0105cych przepis\u00f3w prawnych maj\u0105 Pa\u0144stwo prawo do bezp\u0142atnego uzyskania w ka\u017cdej chwili informacji na temat przechowywanych przez Pa\u0144stwa danych osobowych, ich pochodzenia i odbiorc\u00f3w oraz celu przetwarzania danych, a tak\u017ce, w stosownych przypadkach, prawo do ich korekty, zablokowania lub usuni\u0119cia. W tym celu, jak r\u00f3wnie\u017c w przypadku dalszych pyta\u0144 dotycz\u0105cych danych osobowych, mog\u0105 Pa\u0144stwo w ka\u017cdej chwili skontaktowa\u0107 si\u0119 z nami pod adresem podanym w stopce redakcyjnej.<\/p>\n<h3>Sprzeciw wobec list\u00f3w reklamowych<\/h3>\n<p>Niniejszym sprzeciwiamy si\u0119 wykorzystywaniu danych kontaktowych opublikowanych w ramach obowi\u0105zku nadruku do przesy\u0142ania materia\u0142\u00f3w reklamowych i informacyjnych, kt\u00f3re nie zosta\u0142y wyra\u017anie zam\u00f3wione. Operatorzy tej strony internetowej wyra\u017anie zastrzegaj\u0105 sobie prawo do podj\u0119cia krok\u00f3w prawnych w przypadku przes\u0142ania niezam\u00f3wionych informacji reklamowych, na przyk\u0142ad w formie spamu.<\/p>\n<h2>Gromadzenie danych na mojej stronie internetowej<\/h2>\n<h3>Cookies<\/h3>\n<p>Strony internetowe cz\u0119\u015bciowo korzystaj\u0105 z tzw. cookies. Pliki cookie nie niszcz\u0105 komputera i nie zawieraj\u0105 wirus\u00f3w. Pliki cookies s\u0142u\u017c\u0105 do tego, aby nasza oferta by\u0142a bardziej przyjazna dla u\u017cytkownika, efektywna i bezpieczna. Cookies to ma\u0142e pliki tekstowe, kt\u00f3re s\u0105 zapisywane na Twoim komputerze i przechowywane przez Twoj\u0105 przegl\u0105dark\u0119.<\/p>\n<p>Wi\u0119kszo\u015b\u0107 u\u017cywanych przez nas plik\u00f3w cookie to tak zwane &#8222;cookies sesyjne&#8221;. S\u0105 one automatycznie usuwane pod koniec wizyty. Inne pliki cookie s\u0105 zapisywane w urz\u0105dzeniu ko\u0144cowym do momentu ich usuni\u0119cia. Te pliki cookie umo\u017cliwiaj\u0105 nam rozpoznanie przegl\u0105darki u\u017cytkownika przy kolejnej wizycie u nas.<\/p>\n<p>U\u017cytkownik mo\u017ce ustawi\u0107 swoj\u0105 przegl\u0105dark\u0119 w taki spos\u00f3b, aby informowa\u0142a go o ustawieniach plik\u00f3w cookie i zezwala\u0142a na pliki cookie tylko w indywidualnych przypadkach, aby wykluczy\u0107 akceptacj\u0119 plik\u00f3w cookie w niekt\u00f3rych przypadkach lub og\u00f3lnie oraz aby aktywowa\u0107 automatyczne usuwanie plik\u00f3w cookie przy zamykaniu przegl\u0105darki. Je\u015bli wy\u0142\u0105czysz obs\u0142ug\u0119 plik\u00f3w cookie, funkcjonalno\u015b\u0107 tej strony mo\u017ce by\u0107 ograniczona.<\/p>\n<p>Ciasteczka, kt\u00f3re s\u0105 niezb\u0119dne w procesie komunikacji elektronicznej lub do zapewnienia okre\u015blonych funkcji, kt\u00f3rych Pa\u0144stwo potrzebuj\u0105 (np. funkcja koszyka na zakupy), s\u0105 przechowywane na podstawie art. 6 ust. 1 lit. f DSGVO. Operator strony internetowej ma uzasadniony interes w przechowywaniu plik\u00f3w cookie w celu technicznie bezb\u0142\u0119dnego i zoptymalizowanego \u015bwiadczenia swoich us\u0142ug. O ile w niniejszym o\u015bwiadczeniu o ochronie danych osobowych zostan\u0105 zapisane inne pliki cookie (np. pliki s\u0142u\u017c\u0105ce do analizy zachowa\u0144 u\u017cytkownik\u00f3w podczas surfowania), s\u0105 one traktowane oddzielnie.<\/p>\n<h3>Pliki log\u00f3w serwera<\/h3>\n<p>Dostawca stron automatycznie gromadzi i przechowuje informacje w tzw. plikach log\u00f3w serwera, kt\u00f3re przegl\u0105darka u\u017cytkownika automatycznie przesy\u0142a do nas. Te s\u0105:<\/p>\n<ul>\n<li>Typ i wersja przegl\u0105darki<\/li>\n<li>Zastosowany system operacyjny<\/li>\n<li>URL odsy\u0142acza<\/li>\n<li>Nazwa hosta komputera dost\u0119powego<\/li>\n<li>Czas \u017c\u0105dania serwera<\/li>\n<li>Adres IP<\/li>\n<\/ul>\n<p>Dane te nie s\u0105 \u0142\u0105czone z innymi \u017ar\u00f3d\u0142ami danych.<\/p>\n<p>Podstaw\u0105 przetwarzania danych jest art. 6 ust. 1 lit. b DSGVO, kt\u00f3ry zezwala na przetwarzanie danych w celu realizacji umowy lub \u015brodk\u00f3w przedumownych.<\/p>\n<h3>Formularze kontaktowe<\/h3>\n<p>W przypadku wys\u0142ania do nas zapytania za po\u015brednictwem formularza kontaktowego, Pa\u0144stwa dane z formularza zapytania, w tym dane kontaktowe, kt\u00f3re tam Pa\u0144stwo podaj\u0105, b\u0119d\u0105 przez nas przechowywane w celu przetworzenia zapytania oraz w przypadku pyta\u0144 uzupe\u0142niaj\u0105cych. Nie b\u0119dziemy przekazywa\u0107 tych danych bez Pa\u0144stwa zgody.<\/p>\n<p>Przetwarzanie danych podanych w formularzu kontaktowym odbywa si\u0119 wi\u0119c wy\u0142\u0105cznie na podstawie Pa\u0144stwa zgody (art. 6 ust. 1 lit. a DSGVO). Mo\u017cesz odwo\u0142a\u0107 t\u0119 zgod\u0119 w ka\u017cdej chwili. W tym celu wystarczy nieformalne powiadomienie nas poczt\u0105 elektroniczn\u0105. Cofni\u0119cie nie ma wp\u0142ywu na legalno\u015b\u0107 operacji przetwarzania danych przeprowadzonych do momentu cofni\u0119cia.<\/p>\n<p>Dane wpisane przez Pa\u0144stwa w formularzu kontaktowym pozostan\u0105 u nas do czasu, gdy poprosz\u0105 nas Pa\u0144stwo o ich usuni\u0119cie, cofni\u0119cie zgody na ich przechowywanie lub do czasu, gdy cel, dla kt\u00f3rego by\u0142y przechowywane, przestanie obowi\u0105zywa\u0107 (np. po przetworzeniu Pa\u0144stwa wniosku). Obowi\u0105zkowe przepisy prawne &#8211; w szczeg\u00f3lno\u015bci okresy zatrzymania &#8211; pozostaj\u0105 nienaruszone.<\/p>\n<h3>Google Analytics<\/h3>\n<p>Korzystamy z Google Analytics, us\u0142ugi analizy internetowej Google Inc. (&#8222;Google&#8221;). Google Analytics u\u017cywa &#8222;cookies&#8221;, czyli plik\u00f3w tekstowych umieszczanych na komputerze u\u017cytkownika w celu umo\u017cliwienia witrynie przeanalizowania sposobu, w jaki u\u017cytkownicy z niej korzystaj\u0105. Informacje generowane przez cookie na temat korzystania ze strony internetowej przez odwiedzaj\u0105cego s\u0105 zazwyczaj przekazywane do serwera Google w USA i tam przechowywane.<\/p>\n<p>Jest to r\u00f3wnie\u017c nasz uzasadniony interes zgodnie z art. 6 ust. 1 zdanie 1 f) DSGVO.<\/p>\n<p>Google podda\u0142 si\u0119 umowie o ochronie prywatno\u015bci mi\u0119dzy Uni\u0105 Europejsk\u0105 a USA i posiada certyfikat. Oznacza to, \u017ce Google jest zobowi\u0105zany do przestrzegania standard\u00f3w i przepis\u00f3w europejskiego prawa ochrony danych osobowych. Wi\u0119cej informacji mo\u017cna znale\u017a\u0107 w poni\u017cszym wpisie: \u00a0<a href=\"https:\/\/www.privacyshield.gov\/participant?id=a2zt000000001L5AAI&amp;status=Active.\" target=\"_blank\" rel=\"noopener noreferrer\">https:\/\/www.privacyshield.gov\/participant?id=a2zt000000001L5AAI&amp;status=Active.<\/a><\/p>\n<p>Aktywowali\u015bmy anonimizacj\u0119 IP na tej stronie (anonymizeIp). Spowoduje to jednak skr\u00f3cenie przez Google Pa\u0144stwa adresu IP w pa\u0144stwach cz\u0142onkowskich Unii Europejskiej lub w innych pa\u0144stwach b\u0119d\u0105cych stronami Porozumienia o Europejskim Obszarze Gospodarczym. Tylko w wyj\u0105tkowych przypadkach pe\u0142ny adres IP zostanie przeniesiony na serwer Google w USA i tam skr\u00f3cony.<\/p>\n<p>W naszym imieniu Google b\u0119dzie wykorzystywa\u0142 te informacje do oceny korzystania z witryny przez u\u017cytkownika, tworzenia raport\u00f3w dotycz\u0105cych aktywno\u015bci na stronie internetowej oraz \u015bwiadczenia dalszych us\u0142ug zwi\u0105zanych z korzystaniem z witryny i Internetu. by zapewni\u0107. Adres IP przekazywany przez Pa\u0144stwa przegl\u0105dark\u0119 w ramach Google Analytics nie jest \u0142\u0105czony z innymi danymi Google. U\u017cytkownik mo\u017ce zrezygnowa\u0107 z cookies wybieraj\u0105c odpowiednie ustawienia w swojej przegl\u0105darce, jednak nale\u017cy pami\u0119ta\u0107, \u017ce w takim przypadku mo\u017ce nie by\u0107 mo\u017cliwe korzystanie z pe\u0142nej funkcjonalno\u015bci tej strony.<\/p>\n<p>Mog\u0105 Pa\u0144stwo r\u00f3wnie\u017c zapobiec przekazywaniu do Google danych wygenerowanych przez cookie i zwi\u0105zanych z korzystaniem przez Pa\u0144stwa ze strony internetowej (w\u0142\u0105cznie z Pa\u0144stwa adresem IP) oraz przetwarzaniu tych danych przez Google, pobieraj\u0105c i instaluj\u0105c wtyczk\u0119 do przegl\u0105darki dost\u0119pn\u0105 pod nast\u0119puj\u0105cym linkiem: <a href=\"https:\/\/tools.google.com\/dlpage\/gaoptout?hl=de\" target=\"_blank\" rel=\"noopener noreferrer\">https:\/\/tools.google.com\/dlpage\/gaoptout?hl=de.<\/a><\/p>\n<p>Alternatywnie do wtyczki do przegl\u0105darki lub w przegl\u0105darkach na urz\u0105dzeniach przeno\u015bnych, mo\u017cna klikn\u0105\u0107 na poni\u017cszy link, aby ustawi\u0107 opt-out cookie, kt\u00f3ry uniemo\u017cliwi Google Analytics zbieranie danych na tej stronie w przysz\u0142o\u015bci (opt-out cookie dzia\u0142a tylko w tej przegl\u0105darce i tylko dla tej domeny. Je\u015bli usuniesz pliki cookie w swojej przegl\u0105darce, b\u0119dziesz musia\u0142 ponownie klikn\u0105\u0107 ten link): <a onclick=\"alert('Us\u0142uga Google Analytics zosta\u0142a dezaktywowana');\"href=\"javascript:gaOptout()\">Wy\u0142\u0105czy\u0107 Google Analytics<\/a><\/p>\n","protected":false},"excerpt":{"rendered":"<p>Polityka Prywatno\u015bci Operatorzy tych stron bardzo powa\u017cnie traktuj\u0105 ochron\u0119 Pa\u0144stwa danych osobowych. Pa\u0144stwa dane osobowe traktowane s\u0105 przez nas poufnie i zgodnie z ustawowymi przepisami o ochronie danych osobowych oraz niniejszym o\u015bwiadczeniem o ochronie danych. Podczas korzystania z tej strony internetowej gromadzone s\u0105 r\u00f3\u017cne dane osobowe. Dane osobowe to dane, z kt\u00f3rymi mo\u017cna si\u0119 osobi\u015bcie&#8230;<\/p>\n","protected":false},"author":1,"featured_media":0,"parent":0,"menu_order":10,"comment_status":"closed","ping_status":"closed","template":"","meta":{"content-type":"","footnotes":""},"class_list":["post-15903","page","type-page","status-publish","hentry"],"_links":{"self":[{"href":"https:\/\/www.erweiterte-medizin.de\/pl\/wp-json\/wp\/v2\/pages\/15903"}],"collection":[{"href":"https:\/\/www.erweiterte-medizin.de\/pl\/wp-json\/wp\/v2\/pages"}],"about":[{"href":"https:\/\/www.erweiterte-medizin.de\/pl\/wp-json\/wp\/v2\/types\/page"}],"author":[{"embeddable":true,"href":"https:\/\/www.erweiterte-medizin.de\/pl\/wp-json\/wp\/v2\/users\/1"}],"replies":[{"embeddable":true,"href":"https:\/\/www.erweiterte-medizin.de\/pl\/wp-json\/wp\/v2\/comments?post=15903"}],"version-history":[{"count":0,"href":"https:\/\/www.erweiterte-medizin.de\/pl\/wp-json\/wp\/v2\/pages\/15903\/revisions"}],"wp:attachment":[{"href":"https:\/\/www.erweiterte-medizin.de\/pl\/wp-json\/wp\/v2\/media?parent=15903"}],"curies":[{"name":"wp","href":"https:\/\/api.w.org\/{rel}","templated":true}]}}