{"id":15905,"date":"2020-07-15T14:54:42","date_gmt":"2020-07-15T12:54:42","guid":{"rendered":"http:\/\/www.praxis-siebenhuener.com\/ermed\/?page_id=15905"},"modified":"2020-07-30T16:29:03","modified_gmt":"2020-07-30T14:29:03","slug":"aktualnosci","status":"publish","type":"page","link":"https:\/\/www.erweiterte-medizin.de\/pl\/zaawansowana-medycyna\/aktualnosci\/","title":{"rendered":"Aktualno\u015bci"},"content":{"rendered":"<div id=\"cmsmasters_row_2n5sax0dra\" class=\"cmsmasters_row cmsmasters_color_scheme_default cmsmasters_row_top_default cmsmasters_row_bot_default cmsmasters_row_boxed\">\n<div class=\"cmsmasters_row_outer_parent\">\n<div class=\"cmsmasters_row_outer\">\n<div class=\"cmsmasters_row_inner\">\n<div class=\"cmsmasters_row_margin\">\n<div id=\"cmsmasters_column_wepxwat0cu\" class=\"cmsmasters_column one_first\">\n<div class=\"cmsmasters_column_inner\"><div class=\"cmsmasters_text\">\n<h1><span class=\"tlid-translation translation\" lang=\"en\"><span class=\"\" title=\"\">Centrum Medycyny Zaawansowanej informuje:<\/span><\/span><\/h1>\n<\/div>\n<\/div><\/div>\n<\/div>\n<\/div>\n<\/div>\n<\/div>\n<\/div>\n<div id=\"cmsmasters_row_gu453tv4js\" class=\"cmsmasters_row cmsmasters_color_scheme_default cmsmasters_row_top_default cmsmasters_row_bot_default cmsmasters_row_boxed\">\n<div class=\"cmsmasters_row_outer_parent\">\n<div class=\"cmsmasters_row_outer\">\n<div class=\"cmsmasters_row_inner\">\n<div class=\"cmsmasters_row_margin\">\n<div id=\"cmsmasters_column_9dn75y0um8\" class=\"cmsmasters_column one_first\">\n<div class=\"cmsmasters_column_inner\">\n<div id=\"blog_50x34j0vd\" class=\"cmsmasters_wrap_blog entry-summary\" data-layout=\"standard\" data-layout-mode=\"\" data-url=\"https:\/\/www.erweiterte-medizin.de\/wp-content\/plugins\/cmsmasters-content-composer\/\" data-orderby=\"date\" data-order=\"DESC\" data-count=\"12\" data-categories=\"\" data-metadata=\"date,more\" data-pagination=\"pagination\"><div class=\"blog standard\"><!-- Start Post Default Article -->\r\n<article id=\"post-17000\" class=\"cmsmasters_post_default post-17000 post type-post status-publish format-standard has-post-thumbnail hentry category-aktualnosci\">\r\n\t<div class=\"cmsmasters_post_cont\">\r\n\t\t<figure class=\"cmsmasters_img_wrap\"><a href=\"https:\/\/www.erweiterte-medizin.de\/pl\/aktualnosci\/przelom-w-chorobie-alzheimera-i-demencji\/\" title=\"Prze\u0142om w chorobie Alzheimera i demencji\" class=\"cmsmasters_img_link\"><img decoding=\"async\" width=\"860\" height=\"430\" src=\"https:\/\/www.erweiterte-medizin.de\/wp-content\/uploads\/2020\/11\/TPS-Alzheimer-Demenz.jpg\" class=\" wp-post-image\" alt=\"Prze\u0142om w chorobie Alzheimera i demencji\" title=\"Prze\u0142om w chorobie Alzheimera i demencji\" srcset=\"https:\/\/www.erweiterte-medizin.de\/wp-content\/uploads\/2020\/11\/TPS-Alzheimer-Demenz.jpg 860w, https:\/\/www.erweiterte-medizin.de\/wp-content\/uploads\/2020\/11\/TPS-Alzheimer-Demenz-300x150.jpg 300w, https:\/\/www.erweiterte-medizin.de\/wp-content\/uploads\/2020\/11\/TPS-Alzheimer-Demenz-768x384.jpg 768w, https:\/\/www.erweiterte-medizin.de\/wp-content\/uploads\/2020\/11\/TPS-Alzheimer-Demenz-580x290.jpg 580w\" sizes=\"(max-width: 860px) 100vw, 860px\" \/><\/a><\/figure><span class=\"cmsmasters_post_date cmsmasters-icon-calendar-3\"><abbr class=\"published\" title=\"2020-11-18\"><span class=\"cmsmasters_day_mon\">18 listopada<\/span><span class=\"cmsmasters_year\">, 2020<\/span><\/abbr><abbr class=\"dn date updated\" title=\"2021-11-08\">2021-11-08<\/abbr><\/span><header class=\"cmsmasters_post_header entry-header\"><h2 class=\"cmsmasters_post_title entry-title\"><a href=\"https:\/\/www.erweiterte-medizin.de\/pl\/aktualnosci\/przelom-w-chorobie-alzheimera-i-demencji\/\">Prze\u0142om w chorobie Alzheimera i demencji<\/a><\/h2><\/header><div class=\"cmsmasters_post_content entry-content\">\n<p>Pierwsza terapia jest wreszcie stosowana w Niemczech.<\/p>\n<\/div>\n<a class=\"cmsmasters_post_read_more\" href=\"https:\/\/www.erweiterte-medizin.de\/pl\/aktualnosci\/przelom-w-chorobie-alzheimera-i-demencji\/\">Czytaj dalej (Przezczaszkowa stymulacja t\u0119tna...)<\/a>\t<\/div>\r\n<\/article>\r\n<!-- Finish Post Default Article -->\r\n\r\n<!-- Start Post Default Article -->\r\n<article id=\"post-16529\" class=\"cmsmasters_post_default post-16529 post type-post status-publish format-standard has-post-thumbnail hentry category-aktualnosci\">\r\n\t<div class=\"cmsmasters_post_cont\">\r\n\t\t<figure class=\"cmsmasters_img_wrap\"><a href=\"https:\/\/www.erweiterte-medizin.de\/pl\/aktualnosci\/terapia-wysokimi-dawkami-witaminy-c\/\" title=\"Terapia wysokimi dawkami witaminy C masowo chroni i wzmacnia uk\u0142ad odporno\u015bciowy\" class=\"cmsmasters_img_link\"><img decoding=\"async\" width=\"860\" height=\"430\" src=\"https:\/\/www.erweiterte-medizin.de\/wp-content\/uploads\/2020\/04\/Vitamin-C-Hochdosis-Immusystem-Infusion-860x430.jpg\" class=\" wp-post-image\" alt=\"Terapia wysokimi dawkami witaminy C masowo chroni i wzmacnia uk\u0142ad odporno\u015bciowy\" title=\"Terapia wysokimi dawkami witaminy C masowo chroni i wzmacnia uk\u0142ad odporno\u015bciowy\" srcset=\"https:\/\/www.erweiterte-medizin.de\/wp-content\/uploads\/2020\/04\/Vitamin-C-Hochdosis-Immusystem-Infusion.jpg 860w, https:\/\/www.erweiterte-medizin.de\/wp-content\/uploads\/2020\/04\/Vitamin-C-Hochdosis-Immusystem-Infusion-300x150.jpg 300w, https:\/\/www.erweiterte-medizin.de\/wp-content\/uploads\/2020\/04\/Vitamin-C-Hochdosis-Immusystem-Infusion-768x384.jpg 768w, https:\/\/www.erweiterte-medizin.de\/wp-content\/uploads\/2020\/04\/Vitamin-C-Hochdosis-Immusystem-Infusion-580x290.jpg 580w\" sizes=\"(max-width: 860px) 100vw, 860px\" \/><\/a><\/figure><span class=\"cmsmasters_post_date cmsmasters-icon-calendar-3\"><abbr class=\"published\" title=\"2020-04-01\"><span class=\"cmsmasters_day_mon\">01 kwietnia<\/span><span class=\"cmsmasters_year\">, 2020<\/span><\/abbr><abbr class=\"dn date updated\" title=\"2021-11-08\">2021-11-08<\/abbr><\/span><header class=\"cmsmasters_post_header entry-header\"><h2 class=\"cmsmasters_post_title entry-title\"><a href=\"https:\/\/www.erweiterte-medizin.de\/pl\/aktualnosci\/terapia-wysokimi-dawkami-witaminy-c\/\">Terapia wysokimi dawkami witaminy C masowo chroni i wzmacnia uk\u0142ad odporno\u015bciowy<\/a><\/h2><\/header><div class=\"cmsmasters_post_content entry-content\">\n<p>Centrum Medycyny Zaawansowanej udziela informacji na temat mo\u017cliwo\u015bci zastosowania w praktyce wlewu wysokiej dawki witaminy C.<\/p>\n<\/div>\n<a class=\"cmsmasters_post_read_more\" href=\"https:\/\/www.erweiterte-medizin.de\/pl\/aktualnosci\/terapia-wysokimi-dawkami-witaminy-c\/\">Czytaj dalej (Przezi\u0119bienia, infekcje wirusowe...)<\/a>\t<\/div>\r\n<\/article>\r\n<!-- Finish Post Default Article -->\r\n\r\n<!-- Start Post Default Article -->\r\n<article id=\"post-16525\" class=\"cmsmasters_post_default post-16525 post type-post status-publish format-standard has-post-thumbnail hentry category-aktualnosci\">\r\n\t<div class=\"cmsmasters_post_cont\">\r\n\t\t<figure class=\"cmsmasters_img_wrap\"><a href=\"https:\/\/www.erweiterte-medizin.de\/pl\/aktualnosci\/perfuzja-hipertermii-pozaustrojowej-w-leczeniu-choroby-z-lyme\/\" title=\"Perfuzja hipertermii pozaustrojowej w leczeniu choroby z Lyme\" class=\"cmsmasters_img_link\"><img decoding=\"async\" width=\"860\" height=\"430\" src=\"https:\/\/www.erweiterte-medizin.de\/wp-content\/uploads\/2020\/04\/EHP-Lyme-Borreliosis-860x430.jpg\" class=\" wp-post-image\" alt=\"Perfuzja hipertermii pozaustrojowej w leczeniu choroby z Lyme\" title=\"Perfuzja hipertermii pozaustrojowej w leczeniu choroby z Lyme\" srcset=\"https:\/\/www.erweiterte-medizin.de\/wp-content\/uploads\/2020\/04\/EHP-Lyme-Borreliosis.jpg 860w, https:\/\/www.erweiterte-medizin.de\/wp-content\/uploads\/2020\/04\/EHP-Lyme-Borreliosis-300x150.jpg 300w, https:\/\/www.erweiterte-medizin.de\/wp-content\/uploads\/2020\/04\/EHP-Lyme-Borreliosis-768x384.jpg 768w, https:\/\/www.erweiterte-medizin.de\/wp-content\/uploads\/2020\/04\/EHP-Lyme-Borreliosis-580x290.jpg 580w\" sizes=\"(max-width: 860px) 100vw, 860px\" \/><\/a><\/figure><span class=\"cmsmasters_post_date cmsmasters-icon-calendar-3\"><abbr class=\"published\" title=\"2020-03-29\"><span class=\"cmsmasters_day_mon\">29 marca<\/span><span class=\"cmsmasters_year\">, 2020<\/span><\/abbr><abbr class=\"dn date updated\" title=\"2021-11-08\">2021-11-08<\/abbr><\/span><header class=\"cmsmasters_post_header entry-header\"><h2 class=\"cmsmasters_post_title entry-title\"><a href=\"https:\/\/www.erweiterte-medizin.de\/pl\/aktualnosci\/perfuzja-hipertermii-pozaustrojowej-w-leczeniu-choroby-z-lyme\/\">Perfuzja hipertermii pozaustrojowej w leczeniu choroby z Lyme<\/a><\/h2><\/header><div class=\"cmsmasters_post_content entry-content\">\n<p>Metoda terapii skojarzonej &#8222;EHP&#8221; pokazuje now\u0105 opcj\u0119 leczenia pacjent\u00f3w z borelioz\u0105.<\/p>\n<\/div>\n<a class=\"cmsmasters_post_read_more\" href=\"https:\/\/www.erweiterte-medizin.de\/pl\/aktualnosci\/perfuzja-hipertermii-pozaustrojowej-w-leczeniu-choroby-z-lyme\/\">Czytaj dalej (Liczba przypadk\u00f3w boreliozy...)<\/a>\t<\/div>\r\n<\/article>\r\n<!-- Finish Post Default Article -->\r\n\r\n<!-- Start Post Default Article -->\r\n<article id=\"post-16520\" class=\"cmsmasters_post_default post-16520 post type-post status-publish format-standard has-post-thumbnail hentry category-aktualnosci\">\r\n\t<div class=\"cmsmasters_post_cont\">\r\n\t\t<figure class=\"cmsmasters_img_wrap\"><a href=\"https:\/\/www.erweiterte-medizin.de\/pl\/aktualnosci\/oksyvenacja-i-tlenoterapia-ozonem\/\" title=\"Oksyvenacja i tlenoterapia ozonem chroni\u0105 i wzmacniaj\u0105 nasz system odporno\u015bciowy\" class=\"cmsmasters_img_link\"><img decoding=\"async\" width=\"860\" height=\"430\" src=\"https:\/\/www.erweiterte-medizin.de\/wp-content\/uploads\/2020\/04\/Sauerstoff-Ozon-Therapie-Immunsystem-860x430.jpg\" class=\" wp-post-image\" alt=\"Oksyvenacja i tlenoterapia ozonem chroni\u0105 i wzmacniaj\u0105 nasz system odporno\u015bciowy\" title=\"Oksyvenacja i tlenoterapia ozonem chroni\u0105 i wzmacniaj\u0105 nasz system odporno\u015bciowy\" srcset=\"https:\/\/www.erweiterte-medizin.de\/wp-content\/uploads\/2020\/04\/Sauerstoff-Ozon-Therapie-Immunsystem.jpg 860w, https:\/\/www.erweiterte-medizin.de\/wp-content\/uploads\/2020\/04\/Sauerstoff-Ozon-Therapie-Immunsystem-300x150.jpg 300w, https:\/\/www.erweiterte-medizin.de\/wp-content\/uploads\/2020\/04\/Sauerstoff-Ozon-Therapie-Immunsystem-768x384.jpg 768w, https:\/\/www.erweiterte-medizin.de\/wp-content\/uploads\/2020\/04\/Sauerstoff-Ozon-Therapie-Immunsystem-580x290.jpg 580w\" sizes=\"(max-width: 860px) 100vw, 860px\" \/><\/a><\/figure><span class=\"cmsmasters_post_date cmsmasters-icon-calendar-3\"><abbr class=\"published\" title=\"2020-03-25\"><span class=\"cmsmasters_day_mon\">25 marca<\/span><span class=\"cmsmasters_year\">, 2020<\/span><\/abbr><abbr class=\"dn date updated\" title=\"2021-11-08\">2021-11-08<\/abbr><\/span><header class=\"cmsmasters_post_header entry-header\"><h2 class=\"cmsmasters_post_title entry-title\"><a href=\"https:\/\/www.erweiterte-medizin.de\/pl\/aktualnosci\/oksyvenacja-i-tlenoterapia-ozonem\/\">Oksyvenacja i tlenoterapia ozonem chroni\u0105 i wzmacniaj\u0105 nasz system odporno\u015bciowy<\/a><\/h2><\/header><div class=\"cmsmasters_post_content entry-content\">\n<p>Centrum Medycyny Zaawansowanej dostarcza aktualnych informacji na temat korzy\u015bci p\u0142yn\u0105cych z terapii tlenowych w czasach zwi\u0119kszonego zapotrzebowania na nasz uk\u0142ad odporno\u015bciowy.<\/p>\n<\/div>\n<a class=\"cmsmasters_post_read_more\" href=\"https:\/\/www.erweiterte-medizin.de\/pl\/aktualnosci\/oksyvenacja-i-tlenoterapia-ozonem\/\">Czytaj dalej (Tlen jest \u017cyciem, a raczej bez tlenu...)<\/a>\t<\/div>\r\n<\/article>\r\n<!-- Finish Post Default Article -->\r\n\r\n<!-- Start Post Default Article -->\r\n<article id=\"post-16516\" class=\"cmsmasters_post_default post-16516 post type-post status-publish format-standard has-post-thumbnail hentry category-aktualnosci\">\r\n\t<div class=\"cmsmasters_post_cont\">\r\n\t\t<figure class=\"cmsmasters_img_wrap\"><a href=\"https:\/\/www.erweiterte-medizin.de\/pl\/aktualnosci\/nowa-przelomowa-terapia-ehp\/\" title=\"Nowa, prze\u0142omowa terapia dla pacjent\u00f3w chorych na raka: Perfuzja hipertermii pozaustrojowej (EHP\u00ae)\" class=\"cmsmasters_img_link\"><img decoding=\"async\" width=\"860\" height=\"430\" src=\"https:\/\/www.erweiterte-medizin.de\/wp-content\/uploads\/2020\/04\/EHP-Hyperthermie-Therapie-860x430.jpg\" class=\" wp-post-image\" alt=\"Nowa, prze\u0142omowa terapia dla pacjent\u00f3w chorych na raka: Perfuzja hipertermii pozaustrojowej (EHP\u00ae)\" title=\"Nowa, prze\u0142omowa terapia dla pacjent\u00f3w chorych na raka: Perfuzja hipertermii pozaustrojowej (EHP\u00ae)\" srcset=\"https:\/\/www.erweiterte-medizin.de\/wp-content\/uploads\/2020\/04\/EHP-Hyperthermie-Therapie.jpg 860w, https:\/\/www.erweiterte-medizin.de\/wp-content\/uploads\/2020\/04\/EHP-Hyperthermie-Therapie-300x150.jpg 300w, https:\/\/www.erweiterte-medizin.de\/wp-content\/uploads\/2020\/04\/EHP-Hyperthermie-Therapie-768x384.jpg 768w, https:\/\/www.erweiterte-medizin.de\/wp-content\/uploads\/2020\/04\/EHP-Hyperthermie-Therapie-580x290.jpg 580w\" sizes=\"(max-width: 860px) 100vw, 860px\" \/><\/a><\/figure><span class=\"cmsmasters_post_date cmsmasters-icon-calendar-3\"><abbr class=\"published\" title=\"2020-03-22\"><span class=\"cmsmasters_day_mon\">22 marca<\/span><span class=\"cmsmasters_year\">, 2020<\/span><\/abbr><abbr class=\"dn date updated\" title=\"2021-11-08\">2021-11-08<\/abbr><\/span><header class=\"cmsmasters_post_header entry-header\"><h2 class=\"cmsmasters_post_title entry-title\"><a href=\"https:\/\/www.erweiterte-medizin.de\/pl\/aktualnosci\/nowa-przelomowa-terapia-ehp\/\">Nowa, prze\u0142omowa terapia dla pacjent\u00f3w chorych na raka: Perfuzja hipertermii pozaustrojowej (EHP\u00ae)<\/a><\/h2><\/header><div class=\"cmsmasters_post_content entry-content\">\n<p>Zabieg EHP wspiera i odci\u0105\u017ca pacjent\u00f3w podczas i po chemioterapii, redukuje stres fizyczny i masowo wzmacnia uk\u0142ad odporno\u015bciowy.<\/p>\n<\/div>\n<a class=\"cmsmasters_post_read_more\" href=\"https:\/\/www.erweiterte-medizin.de\/pl\/aktualnosci\/nowa-przelomowa-terapia-ehp\/\">Czytaj dalej<\/a>\t<\/div>\r\n<\/article>\r\n<!-- Finish Post Default Article -->\r\n\r\n<\/div><div class=\"cmsmasters_wrap_more_posts cmsmasters_wrap_more_items\"><\/div><\/div>\n<\/div><\/div>\n<\/div>\n<\/div>\n<\/div>\n<\/div>\n<\/div>\n<div id=\"cmsmasters_row_\" class=\"cmsmasters_row cmsmasters_color_scheme_default cmsmasters_row_top_default cmsmasters_row_bot_default cmsmasters_row_boxed\">\n<div class=\"cmsmasters_row_outer_parent\">\n<div class=\"cmsmasters_row_outer\">\n<div class=\"cmsmasters_row_inner\">\n<div class=\"cmsmasters_row_margin\">\n<div id=\"cmsmasters_column_\" class=\"cmsmasters_column one_first\">\n<div class=\"cmsmasters_column_inner\"><div class=\"cmsmasters_text\">\n<p>&nbsp;<\/p>\n<\/div>\n<\/div><\/div>\n<\/div>\n<\/div>\n<\/div>\n<\/div>\n<\/div>\n\n","protected":false},"excerpt":{"rendered":"","protected":false},"author":1,"featured_media":0,"parent":15351,"menu_order":22,"comment_status":"closed","ping_status":"closed","template":"","meta":{"content-type":"","footnotes":""},"class_list":["post-15905","page","type-page","status-publish","hentry"],"_links":{"self":[{"href":"https:\/\/www.erweiterte-medizin.de\/pl\/wp-json\/wp\/v2\/pages\/15905"}],"collection":[{"href":"https:\/\/www.erweiterte-medizin.de\/pl\/wp-json\/wp\/v2\/pages"}],"about":[{"href":"https:\/\/www.erweiterte-medizin.de\/pl\/wp-json\/wp\/v2\/types\/page"}],"author":[{"embeddable":true,"href":"https:\/\/www.erweiterte-medizin.de\/pl\/wp-json\/wp\/v2\/users\/1"}],"replies":[{"embeddable":true,"href":"https:\/\/www.erweiterte-medizin.de\/pl\/wp-json\/wp\/v2\/comments?post=15905"}],"version-history":[{"count":0,"href":"https:\/\/www.erweiterte-medizin.de\/pl\/wp-json\/wp\/v2\/pages\/15905\/revisions"}],"up":[{"embeddable":true,"href":"https:\/\/www.erweiterte-medizin.de\/pl\/wp-json\/wp\/v2\/pages\/15351"}],"wp:attachment":[{"href":"https:\/\/www.erweiterte-medizin.de\/pl\/wp-json\/wp\/v2\/media?parent=15905"}],"curies":[{"name":"wp","href":"https:\/\/api.w.org\/{rel}","templated":true}]}}